{"id":835,"date":"2022-05-15T00:07:17","date_gmt":"2022-05-14T22:07:17","guid":{"rendered":"https:\/\/site.educa.madrid.org\/ies.laarboleda.alcorcon\/?page_id=835"},"modified":"2026-04-19T21:57:10","modified_gmt":"2026-04-19T19:57:10","slug":"departamento-de-biologia","status":"publish","type":"page","link":"https:\/\/site.educa.madrid.org\/ies.laarboleda.alcorcon\/index.php\/departamento-de-biologia\/","title":{"rendered":"Biolog\u00eda y Geolog\u00eda"},"content":{"rendered":"<div id=\"pl-gb835-6a03992fd2451\"  class=\"panel-layout panel-layout\" ><div id=\"pg-gb835-6a03992fd2451-0\"  class=\"panel-grid panel-no-style\"  data-style=\"{&quot;background_image_attachment&quot;:false,&quot;background_display&quot;:&quot;tile&quot;,&quot;full_height&quot;:&quot;&quot;,&quot;cell_alignment&quot;:&quot;flex-start&quot;,&quot;link_overlay_new_window&quot;:&quot;&quot;}\" ><div id=\"pgc-gb835-6a03992fd2451-0-0\"  class=\"panel-grid-cell\"  data-style=\"{&quot;background_image_attachment&quot;:false,&quot;background_display&quot;:&quot;tile&quot;,&quot;vertical_alignment&quot;:&quot;auto&quot;,&quot;link_overlay_new_window&quot;:&quot;&quot;}\"  data-weight=\"0.3\" ><div id=\"panel-gb835-6a03992fd2451-0-0-0\" class=\"so-panel widget widget_media_image panel-first-child panel-last-child\" data-index=\"0\" data-style=\"{&quot;background_image_attachment&quot;:false,&quot;background_display&quot;:&quot;tile&quot;,&quot;margin&quot;:&quot;0px 0px 0px 60px&quot;,&quot;link_overlay_new_window&quot;:&quot;&quot;}\" ><img loading=\"lazy\" decoding=\"async\" width=\"150\" height=\"150\" src=\"https:\/\/site.educa.madrid.org\/ies.laarboleda.alcorcon\/\/wp-content\/uploads\/ies.laarboleda.alcorcon\/2022\/05\/Copia-de-la-2-copia-150x150.jpg\" class=\"image wp-image-840  attachment-thumbnail size-thumbnail\" alt=\"\" style=\"max-width: 100%; height: auto;\" srcset=\"https:\/\/site.educa.madrid.org\/ies.laarboleda.alcorcon\/\/wp-content\/uploads\/ies.laarboleda.alcorcon\/2022\/05\/Copia-de-la-2-copia-150x150.jpg 150w, https:\/\/site.educa.madrid.org\/ies.laarboleda.alcorcon\/\/wp-content\/uploads\/ies.laarboleda.alcorcon\/2022\/05\/Copia-de-la-2-copia-300x300.jpg 300w, https:\/\/site.educa.madrid.org\/ies.laarboleda.alcorcon\/\/wp-content\/uploads\/ies.laarboleda.alcorcon\/2022\/05\/Copia-de-la-2-copia.jpg 662w\" sizes=\"auto, (max-width: 150px) 100vw, 150px\" \/><\/div><\/div><div id=\"pgc-gb835-6a03992fd2451-0-1\"  class=\"panel-grid-cell\"  data-weight=\"0.7\" ><div id=\"panel-gb835-6a03992fd2451-0-1-0\" class=\"so-panel widget widget_text panel-first-child panel-last-child\" data-index=\"1\" data-style=\"{&quot;background_image_attachment&quot;:false,&quot;background_display&quot;:&quot;tile&quot;,&quot;link_overlay_new_window&quot;:&quot;&quot;}\" ><h3 class=\"widget-title\">Departamento de Biolog\u00eda y Geolog\u00eda<\/h3>\t\t\t<div class=\"textwidget\"><\/div>\n\t\t<\/div><\/div><\/div><\/div>\n\n\n<p><\/p>\n\n\n\n<p>La materias de nuestro Departamento se orientan a la consecuci\u00f3n y mejora de las competencias espec\u00edficas propias de las ciencias. Favorecen el compromiso responsable con la sociedad a nivel global al promover los esfuerzos para lograr un modelo de desarrollo sostenible, la mejora de la salud y la calidad de vida y la preservaci\u00f3n del patrimonio natural y cultural. Tambi\u00e9n buscan estimular la vocaci\u00f3n cient\u00edfica.<\/p>\n\n\n\n<p>El Departamento de Biolog\u00eda y Geolog\u00eda del IES ARBOLEDA se compone de los siguientes miembros:<\/p>\n\n\n\n<p><\/p>\n\n\n\n<p>D\u00aa  Alba Cristina Ortega Rodr\u00edguez. Imparte Biolog\u00eda y Geolog\u00eda de 1\u00ba y 3\u00ba de ESO, Proyecto en Convivencia y Derechos Humanos en 3\u00ba de ESO y Atenci\u00f3n Educativa  en 1\u00ba de Bachillerato. <\/p>\n\n\n\n<p>D. Orlando Hern\u00e1ndez L\u00f3pez. Imparte Biolog\u00eda y Geolog\u00eda de 1\u00ba y 4\u00ba de ESO, Biopr\u00e1cticas en 2\u00ba de ESO, Biolog\u00eda y Geolog\u00eda y Ciencias ambientales en 1\u00ba de Bachillerato y Biolog\u00eda de 2\u00ba de Bachillerato. Adem\u00e1s, atiende al alumnado con materias pendientes y ocupa el cargo de Jefe del Departamento.<\/p>\n\n\n\n<p><\/p>\n\n\n\n<p><\/p>\n\n\n<div id=\"pl-gb835-6a03992fd2c8f\"  class=\"panel-layout panel-layout\" ><div id=\"pg-gb835-6a03992fd2c8f-0\"  class=\"panel-grid panel-has-style\"  data-style=\"{&quot;background&quot;:&quot;#cceecc&quot;,&quot;background_image_attachment&quot;:false,&quot;background_display&quot;:&quot;tile&quot;,&quot;background_image_size&quot;:&quot;full&quot;,&quot;border_thickness&quot;:&quot;1px&quot;,&quot;full_height&quot;:&quot;&quot;,&quot;cell_alignment&quot;:&quot;flex-start&quot;,&quot;link_overlay_new_window&quot;:&quot;&quot;}\" ><div class=\"panel-row-style panel-row-style-for-gb835-6a03992fd2c8f-0\" ><div id=\"pgc-gb835-6a03992fd2c8f-0-0\"  class=\"panel-grid-cell\"  data-weight=\"1\" ><div id=\"panel-gb835-6a03992fd2c8f-0-0-0\" class=\"so-panel widget widget_text panel-first-child panel-last-child\" data-index=\"0\" data-style=\"{&quot;background_image_attachment&quot;:false,&quot;background_display&quot;:&quot;tile&quot;,&quot;background_image_size&quot;:&quot;full&quot;,&quot;background_image_opacity&quot;:&quot;100&quot;,&quot;border_thickness&quot;:&quot;1px&quot;,&quot;margin&quot;:&quot;0px 60px 0px 60px&quot;,&quot;link_overlay_new_window&quot;:&quot;&quot;}\" ><h3 class=\"widget-title\">NOTICIAS Y AVISOS<\/h3>\t\t\t<div class=\"textwidget\"><p align=\"justify\"><span style=\"font-size: large;\">RECUPERACI\u00d3N DE MATERIAS PENDIENTES (Biolog\u00eda y Geolog\u00eda de 1\u00ba de ESO y 3\u00ba de ESO).<\/span><\/p>\n<p align=\"justify\"><span style=\"font-size: large;\">Para recuperar la materia pendiente hay que realizar dos ex\u00e1menes parciales y entregar un cuaderno de actividades al Jefe de Departamento de Biolog\u00eda y Geolog\u00eda. La nota de los ex\u00e1menes (media de los dos parciales) contar\u00e1 un 60 % de la nota final. El cuaderno contar\u00e1 un 40 %. Para aprobar se requiere una nota igual o superior a 5 puntos.<\/span><\/p>\n<p align=\"justify\"><span style=\"font-size: large;\">En el cuaderno figurar\u00e1 en la primera p\u00e1gina el nombre y apellido del alumno y grupo al que pertenece. A continuaci\u00f3n, deben aparecer copiadas y resueltas a mano, correctamente y por s\u00ed mismo, las cuestiones que aparecen en un archivo colgado a tal efecto en la siguiente aula virtual del Departamento de Biolog\u00eda: PENDIENTES 2025\/2026 (es el aula que figura en \u00falltimo lugar y \u00a0puedes acceder a ella desde aqu\u00ed, en el siguiente enlace):<\/span><\/p>\n<p><a href=\"https:\/\/aulavirtual33.educa.madrid.org\/ies.laarboleda.alcorcon\/course\/index.php?categoryid=68\"><span style=\"font-size: large;\">https:\/\/aulavirtual33.educa.madrid.org\/ies.laarboleda.alcorcon\/course\/index.php?categoryid=68<\/span><\/a><\/p>\n<p align=\"justify\"><span style=\"font-size: large;\">Para resolver las cuestiones puede utilizarse el libro de texto usado durante el curso, cualquier otro libro de texto del mismo curso o Internet. En ning\u00fan caso se admitir\u00e1n respuestas escritas por ordenador.<\/span><\/p>\n<p align=\"justify\"><span style=\"font-size: large;\">Las cuestiones de los temas 1 a 6 deben entregarse antes del 22 de enero de 2026, jueves. El primer parcial, referido a tales cuestiones, se realizar\u00e1 el 5 de febrero, jueves, a s\u00e9ptima hora, en el aula A02.<\/span><\/p>\n<p align=\"justify\"><span style=\"font-size: large;\">Las cuestiones de los temas 7 a 12 deben entregarse antes del 19 de febrero. El segundo parcial, referido a tales cuestiones, se realizar\u00e1 el 5 de marzo, jueves, a s\u00e9ptima hora, en el aula A02.<\/span><\/p>\n<p align=\"justify\"><span style=\"font-size: large;\">El Jefe de Departamento aclarar\u00e1 cualquier duda respecto al modo de recuperar la materia los jueves a 7\u00aa hora, en el aula A02 Esta hora no es de clase, no siendo obligatoria la asistencia.<\/span><\/p>\n<p align=\"justify\">\n<\/div>\n\t\t<\/div><\/div><\/div><\/div><\/div>\n\n\n<div style=\"height:10px\" aria-hidden=\"true\" class=\"wp-block-spacer\"><\/div>\n\n\n<div id=\"pl-gb835-6a03992fd3330\"  class=\"panel-layout panel-layout\" ><div id=\"pg-gb835-6a03992fd3330-0\"  class=\"panel-grid panel-has-style\"  data-style=\"{&quot;background&quot;:&quot;#cceecc&quot;,&quot;background_image_attachment&quot;:false,&quot;background_display&quot;:&quot;tile&quot;,&quot;full_height&quot;:&quot;&quot;,&quot;cell_alignment&quot;:&quot;flex-start&quot;,&quot;link_overlay_new_window&quot;:&quot;&quot;}\" ><div class=\"panel-row-style panel-row-style-for-gb835-6a03992fd3330-0\" ><div id=\"pgc-gb835-6a03992fd3330-0-0\"  class=\"panel-grid-cell\"  data-weight=\"1\" ><div id=\"panel-gb835-6a03992fd3330-0-0-0\" class=\"so-panel widget widget_sow-editor panel-first-child panel-last-child\" data-index=\"0\" data-style=\"{&quot;background_image_attachment&quot;:false,&quot;background_display&quot;:&quot;tile&quot;,&quot;background_image_size&quot;:&quot;full&quot;,&quot;background_image_opacity&quot;:&quot;100&quot;,&quot;border_thickness&quot;:&quot;1px&quot;,&quot;margin&quot;:&quot;0px 60px 0px 60px&quot;,&quot;link_overlay_new_window&quot;:&quot;&quot;}\" ><div\n\t\t\t\n\t\t\tclass=\"so-widget-sow-editor so-widget-sow-editor-base\"\n\t\t\t\n\t\t><h3 class=\"widget-title\">Proyectos Educativos<\/h3>\n<div class=\"siteorigin-widget-tinymce textwidget\">\n\t<ul>\n<li><strong><em>HUERTO ESCOLAR<\/em><\/strong>, coordinado por la profesora Alba Cristina Ortega Rodr\u00edguez. Implementado con los alumnos de la materia optativa Proyecto en convivencia y derechos humanos de 3\u00ba ESO, y abierta al resto de la comunidad educativa.<img loading=\"lazy\" decoding=\"async\" class=\"aligncenter wp-image-843\" src=\"https:\/\/site.educa.madrid.org\/ies.laarboleda.alcorcon\/\/wp-content\/uploads\/ies.laarboleda.alcorcon\/2022\/05\/Untitled.jpg\" alt=\"\" width=\"802\" height=\"238\" srcset=\"https:\/\/site.educa.madrid.org\/ies.laarboleda.alcorcon\/\/wp-content\/uploads\/ies.laarboleda.alcorcon\/2022\/05\/Untitled.jpg 1280w, https:\/\/site.educa.madrid.org\/ies.laarboleda.alcorcon\/\/wp-content\/uploads\/ies.laarboleda.alcorcon\/2022\/05\/Untitled-300x89.jpg 300w, https:\/\/site.educa.madrid.org\/ies.laarboleda.alcorcon\/\/wp-content\/uploads\/ies.laarboleda.alcorcon\/2022\/05\/Untitled-1024x304.jpg 1024w, https:\/\/site.educa.madrid.org\/ies.laarboleda.alcorcon\/\/wp-content\/uploads\/ies.laarboleda.alcorcon\/2022\/05\/Untitled-768x228.jpg 768w\" sizes=\"auto, (max-width: 802px) 100vw, 802px\" \/><\/li>\n<li><em><strong>PROYECTO RECICLA<\/strong><\/em>, Se desarrolla con la participaci\u00f3n de toda la comunidad educativa.<br \/>\n<img loading=\"lazy\" decoding=\"async\" class=\"aligncenter wp-image-844\" src=\"https:\/\/site.educa.madrid.org\/ies.laarboleda.alcorcon\/\/wp-content\/uploads\/ies.laarboleda.alcorcon\/2022\/05\/Untitled.png\" alt=\"\" width=\"800\" height=\"296\" srcset=\"https:\/\/site.educa.madrid.org\/ies.laarboleda.alcorcon\/\/wp-content\/uploads\/ies.laarboleda.alcorcon\/2022\/05\/Untitled.png 546w, https:\/\/site.educa.madrid.org\/ies.laarboleda.alcorcon\/\/wp-content\/uploads\/ies.laarboleda.alcorcon\/2022\/05\/Untitled-300x111.png 300w\" sizes=\"auto, (max-width: 800px) 100vw, 800px\" \/><\/li>\n<\/ul>\n<\/div>\n<\/div><\/div><\/div><\/div><\/div><div id=\"pg-gb835-6a03992fd3330-1\"  class=\"panel-grid panel-has-style\"  data-style=\"{&quot;background&quot;:&quot;#cceecc&quot;,&quot;background_image_attachment&quot;:false,&quot;background_display&quot;:&quot;tile&quot;,&quot;full_height&quot;:&quot;&quot;,&quot;cell_alignment&quot;:&quot;flex-start&quot;,&quot;link_overlay_new_window&quot;:&quot;&quot;}\" ><div class=\"panel-row-style panel-row-style-for-gb835-6a03992fd3330-1\" ><div id=\"pgc-gb835-6a03992fd3330-1-0\"  class=\"panel-grid-cell\"  data-weight=\"1\" ><div id=\"panel-gb835-6a03992fd3330-1-0-0\" class=\"so-panel widget widget_text panel-first-child panel-last-child\" data-index=\"1\" data-style=\"{&quot;background_image_attachment&quot;:false,&quot;background_display&quot;:&quot;tile&quot;,&quot;background_image_size&quot;:&quot;full&quot;,&quot;background_image_opacity&quot;:&quot;100&quot;,&quot;border_thickness&quot;:&quot;1px&quot;,&quot;margin&quot;:&quot;0px 60px 0px 60px&quot;,&quot;link_overlay_new_window&quot;:&quot;&quot;}\" ><h3 class=\"widget-title\">CRITERIOS DE EVALUACI\u00d3N Y CALIFICACI\u00d3N DE LAS DISTINTAS MATERIAS<\/h3>\t\t\t<div class=\"textwidget\"><p>A continuaci\u00f3n se muestra toda la informaci\u00f3n correspondiente a los criterios de evaluaci\u00f3n y calificaci\u00f3n de las distintas materias que imparte el departamento de Biolog\u00eda y Geolog\u00eda en los distintos cursos de ESO y Bachillerato.<\/p>\n<p>1\u00ba de ESO Biolog\u00eda y Geolog\u00eda<\/p>\n<p><a href=\"https:\/\/cloud.educa.madrid.org\/s\/HFFnrbS4XYqpHXk\">https:\/\/cloud.educa.madrid.org\/s\/HFFnrbS4XYqpHXk<\/a><\/p>\n<p>2\u00ba de ESO Biopr\u00e1cticas<\/p>\n<p><a href=\"https:\/\/cloud.educa.madrid.org\/s\/MzJ4jDQifMwsHwn\">https:\/\/cloud.educa.madrid.org\/s\/MzJ4jDQifMwsHwn<\/a><\/p>\n<p>3\u00ba de ESO Biolog\u00eda y Geolog\u00eda<\/p>\n<p><a href=\"https:\/\/cloud.educa.madrid.org\/s\/YZSRdGxrp5YQnbA\">https:\/\/cloud.educa.madrid.org\/s\/YZSRdGxrp5YQnbA<\/a><\/p>\n<p>3\u00ba de ESO Proyecto en convivencia y derechos humanos<\/p>\n<p><a href=\"https:\/\/cloud.educa.madrid.org\/s\/bB9KRga6MmgfHrn\">https:\/\/cloud.educa.madrid.org\/s\/bB9KRga6MmgfHrn<\/a><\/p>\n<p>4\u00ba de ESO Biolog\u00eda y Geolog\u00eda<\/p>\n<p><a href=\"https:\/\/cloud.educa.madrid.org\/s\/FYJ3jqJT6z32SyA\">https:\/\/cloud.educa.madrid.org\/s\/FYJ3jqJT6z32SyA<\/a><\/p>\n<p>1\u00ba de BACHILLERATO. Biolog\u00eda y Geolog\u00eda y Ciencias Ambientales.<\/p>\n<p><a href=\"https:\/\/cloud.educa.madrid.org\/s\/sY48xQKXME84JkD\">https:\/\/cloud.educa.madrid.org\/s\/sY48xQKXME84JkD<\/a><\/p>\n<p>2\u00ba DE BACHILLERATO Biolog\u00eda<\/p>\n<p><a href=\"https:\/\/cloud.educa.madrid.org\/s\/kj7WkddsG8wpne2\">https:\/\/cloud.educa.madrid.org\/s\/kj7WkddsG8wpne2<\/a><\/p>\n<p>&nbsp;<\/p>\n<\/div>\n\t\t<\/div><\/div><\/div><\/div><\/div>\n\n\n<p><\/p>\n\n\n\n<p><\/p>\n\n\n<ul class=\"wp-block-latest-posts__list has-dates aligncenter wp-block-latest-posts\"><li><a class=\"wp-block-latest-posts__post-title\" href=\"https:\/\/site.educa.madrid.org\/ies.laarboleda.alcorcon\/index.php\/2025\/04\/10\/exposicion-de-maquetas-organos-de-los-sentidos-3o-eso\/\">Exposici\u00f3n de maquetas \u00d3rganos de los Sentidos (3\u00ba ESO)<\/a><time datetime=\"2025-04-10T13:17:37+02:00\" class=\"wp-block-latest-posts__post-date\">10 abril, 2025<\/time><div class=\"wp-block-latest-posts__post-full-content\">Nuestros alumnos\/as de <strong>3\u00ba ESO<\/strong> han activado su imaginaci\u00f3n realizando unas <strong><span style=\"color: #0000ff\">Maquetas de los \u00d3rganos de los Sentidos\u00a0 maravillosas.\u00a0<\/span><\/strong> Su trabajo ha sido totalmente impresionante, a\u00fan est\u00e1s a tiempo de sorprenderte con su trabajo, pasa por el <strong>hall de centro.<\/strong>\n\nNi un solo alumno ha dejado sin hacer su maqueta. <strong><span style=\"color: #ff6600\">\u00a1 Felicidades!<\/span><\/strong>\n<div><\/div>\n<div><\/div>\n<div><\/div><\/div><\/li>\n<li><a class=\"wp-block-latest-posts__post-title\" href=\"https:\/\/site.educa.madrid.org\/ies.laarboleda.alcorcon\/index.php\/2025\/02\/17\/xxiii-olimpiada-de-biologia-de-la-comunidad-de-madrid\/\">XXIII Olimpiada de Biolog\u00eda de la Comunidad de Madrid<\/a><time datetime=\"2025-02-17T10:25:14+01:00\" class=\"wp-block-latest-posts__post-date\">17 febrero, 2025<\/time><div class=\"wp-block-latest-posts__post-full-content\">Los d\u00edas 7 y 14 de febrero las alumnas de 2\u00ba BCT\u00a0 y 4\u00ba ESO A, respectivamente, han participado en la Olimpiada de Biolog\u00eda de la Comunidad de Madrid, realizada en la Escuela superior de Ciencias Experimentales y Tecnolog\u00eda de la URJC.\n\nLa participaci\u00f3n ha sido muy enriquecedora para ellas describen la olimpiada como una jornada que han disfrutado mucho y la califican como divertida a la vez que un poco estresante.\n\n<img loading=\"lazy\" decoding=\"async\" class=\"wp-image-5514 alignright\" src=\"https:\/\/site.educa.madrid.org\/ies.laarboleda.alcorcon\/\/wp-content\/uploads\/ies.laarboleda.alcorcon\/2025\/02\/IMG_20250207_200018-240x300.jpg\" alt=\"\" width=\"211\" height=\"264\" srcset=\"https:\/\/site.educa.madrid.org\/ies.laarboleda.alcorcon\/\/wp-content\/uploads\/ies.laarboleda.alcorcon\/2025\/02\/IMG_20250207_200018-240x300.jpg 240w, https:\/\/site.educa.madrid.org\/ies.laarboleda.alcorcon\/\/wp-content\/uploads\/ies.laarboleda.alcorcon\/2025\/02\/IMG_20250207_200018-819x1024.jpg 819w, https:\/\/site.educa.madrid.org\/ies.laarboleda.alcorcon\/\/wp-content\/uploads\/ies.laarboleda.alcorcon\/2025\/02\/IMG_20250207_200018-768x961.jpg 768w, https:\/\/site.educa.madrid.org\/ies.laarboleda.alcorcon\/\/wp-content\/uploads\/ies.laarboleda.alcorcon\/2025\/02\/IMG_20250207_200018-1228x1536.jpg 1228w, https:\/\/site.educa.madrid.org\/ies.laarboleda.alcorcon\/\/wp-content\/uploads\/ies.laarboleda.alcorcon\/2025\/02\/IMG_20250207_200018-1637x2048.jpg 1637w, https:\/\/site.educa.madrid.org\/ies.laarboleda.alcorcon\/\/wp-content\/uploads\/ies.laarboleda.alcorcon\/2025\/02\/IMG_20250207_200018-scaled.jpg 2047w\" sizes=\"auto, (max-width: 211px) 100vw, 211px\" \/>\n\nAlumnas de <strong><span style=\"color: #000080\">2\u00ba BCT<\/span><\/strong> participantes en la Olimpiada, de izquierda a derecha: <span style=\"color: #000080\"><strong>Sonia Rau, Sof\u00eda Rivadulla y Susana Ying<\/strong><\/span>\n\n<img loading=\"lazy\" decoding=\"async\" class=\"wp-image-5515 alignright\" src=\"https:\/\/site.educa.madrid.org\/ies.laarboleda.alcorcon\/\/wp-content\/uploads\/ies.laarboleda.alcorcon\/2025\/02\/IMG_20250214_204326-255x300.jpg\" alt=\"\" width=\"206\" height=\"242\" srcset=\"https:\/\/site.educa.madrid.org\/ies.laarboleda.alcorcon\/\/wp-content\/uploads\/ies.laarboleda.alcorcon\/2025\/02\/IMG_20250214_204326-255x300.jpg 255w, https:\/\/site.educa.madrid.org\/ies.laarboleda.alcorcon\/\/wp-content\/uploads\/ies.laarboleda.alcorcon\/2025\/02\/IMG_20250214_204326-870x1024.jpg 870w, https:\/\/site.educa.madrid.org\/ies.laarboleda.alcorcon\/\/wp-content\/uploads\/ies.laarboleda.alcorcon\/2025\/02\/IMG_20250214_204326-768x904.jpg 768w, https:\/\/site.educa.madrid.org\/ies.laarboleda.alcorcon\/\/wp-content\/uploads\/ies.laarboleda.alcorcon\/2025\/02\/IMG_20250214_204326-1305x1536.jpg 1305w, https:\/\/site.educa.madrid.org\/ies.laarboleda.alcorcon\/\/wp-content\/uploads\/ies.laarboleda.alcorcon\/2025\/02\/IMG_20250214_204326-1740x2048.jpg 1740w\" sizes=\"auto, (max-width: 206px) 100vw, 206px\" \/>\n\nAlumnas de <strong><span style=\"color: #008000\">4\u00ba ESO A<\/span><\/strong> participantes\u00a0en la Olimpiada, de izquierda a derecha:\n\n<strong><span style=\"color: #008000\">Maha Trara,\u00a0 Cynthia Taveras y Carolina Alcalde\u00a0<\/span><\/strong><\/div><\/li>\n<li><a class=\"wp-block-latest-posts__post-title\" href=\"https:\/\/site.educa.madrid.org\/ies.laarboleda.alcorcon\/index.php\/2024\/04\/09\/exposicion-maquetas-organos-de-los-sentidos-3o-eso\/\">EXPOSICI\u00d3N MAQUETAS \u00d3RGANOS DE LOS SENTIDOS (3\u00ba ESO)<\/a><time datetime=\"2024-04-09T11:05:35+02:00\" class=\"wp-block-latest-posts__post-date\">9 abril, 2024<\/time><div class=\"wp-block-latest-posts__post-full-content\">Los alumnos de 3\u00ba ESO han \u00abpuesto a punto sus sentidos\u00bb y han realizado unas maquetas maravillosas de los \u00f3rganos de los sentidos.\n\nPodremos disfrutar de sus bell\u00edsimos trabajos durante esta semana (7 de abril al 11 de abril), en el pasillo principal del centro.\n<div><\/div><\/div><\/li>\n<\/ul>\n\n<div id=\"pl-gb835-6a03992fd5a6d\"  class=\"panel-layout panel-layout\" ><div id=\"pg-gb835-6a03992fd5a6d-0\"  class=\"panel-grid panel-has-style\"  data-style=\"{&quot;background&quot;:&quot;#cceecc&quot;,&quot;background_image_attachment&quot;:false,&quot;background_display&quot;:&quot;tile&quot;,&quot;full_height&quot;:&quot;&quot;,&quot;cell_alignment&quot;:&quot;flex-start&quot;,&quot;link_overlay_new_window&quot;:&quot;&quot;}\" ><div class=\"panel-row-style panel-row-style-for-gb835-6a03992fd5a6d-0\" ><div id=\"pgc-gb835-6a03992fd5a6d-0-0\"  class=\"panel-grid-cell\"  data-weight=\"1\" ><div id=\"panel-gb835-6a03992fd5a6d-0-0-0\" class=\"so-panel widget widget_text panel-first-child panel-last-child\" data-index=\"0\" data-style=\"{&quot;background_image_attachment&quot;:false,&quot;background_display&quot;:&quot;tile&quot;,&quot;margin&quot;:&quot;0px 60px 0px 60px&quot;,&quot;link_overlay_new_window&quot;:&quot;&quot;}\" ><h3 class=\"widget-title\">Aulas virtuales del departamento<\/h3>\t\t\t<div class=\"textwidget\"><p><a href=\"https:\/\/aulavirtual33.educa.madrid.org\/ies.laarboleda.alcorcon\/course\/index.php?categoryid=68\">Aulas de ESO y bachillerato<\/a>.<\/p>\n<\/div>\n\t\t<\/div><\/div><\/div><\/div><\/div>\n\n\n<figure class=\"wp-block-embed\"><div class=\"wp-block-embed__wrapper\">\nhttps:\/\/aulavirtual33.educa.madrid.org\/ies.laarboleda.alcorcon\/course\/index.php?categoryid=68\n<\/div><\/figure>\n","protected":false},"excerpt":{"rendered":"<p>La materias de nuestro Departamento se orientan a la consecuci\u00f3n y mejora de las competencias espec\u00edficas propias de las ciencias. Favorecen el compromiso responsable con la sociedad a nivel global al promover los esfuerzos para lograr un modelo de desarrollo sostenible, la mejora de la salud y la calidad de vida y la preservaci\u00f3n del<\/p><\/div>\n<div class=\"blog-btn\"><a href=\"https:\/\/site.educa.madrid.org\/ies.laarboleda.alcorcon\/index.php\/departamento-de-biologia\/\" class=\"home-blog-btn\">Leer m\u00e1s<\/a><\/p>\n","protected":false},"author":53,"featured_media":0,"parent":0,"menu_order":0,"comment_status":"closed","ping_status":"closed","template":"","meta":{"footnotes":""},"folder":[55,46],"class_list":["post-835","page","type-page","status-publish","hentry"],"rttpg_featured_image_url":null,"rttpg_author":{"display_name":"Orlando Hern\u00e1ndez L\u00f3pez","author_link":"https:\/\/site.educa.madrid.org\/ies.laarboleda.alcorcon\/index.php\/author\/orlando_hernandez-lopez\/"},"rttpg_comment":0,"rttpg_category":" <a href=\"https:\/\/site.educa.madrid.org\/ies.laarboleda.alcorcon\/?taxonomy=folder&#038;term=centro-1655801283\" rel=\"tag\">Centro<\/a><a href=\"https:\/\/site.educa.madrid.org\/ies.laarboleda.alcorcon\/?taxonomy=folder&#038;term=departamentos-1653086396\" rel=\"tag\">Departamentos<\/a>","rttpg_excerpt":"La materias de nuestro Departamento se orientan a la consecuci\u00f3n y mejora de las competencias espec\u00edficas propias de las ciencias. Favorecen el compromiso responsable con la sociedad a nivel global al promover los esfuerzos para lograr un modelo de desarrollo sostenible, la mejora de la salud y la calidad de vida y la preservaci\u00f3n delLeer&hellip;","post_mailing_queue_ids":[],"_links":{"self":[{"href":"https:\/\/site.educa.madrid.org\/ies.laarboleda.alcorcon\/index.php\/wp-json\/wp\/v2\/pages\/835","targetHints":{"allow":["GET"]}}],"collection":[{"href":"https:\/\/site.educa.madrid.org\/ies.laarboleda.alcorcon\/index.php\/wp-json\/wp\/v2\/pages"}],"about":[{"href":"https:\/\/site.educa.madrid.org\/ies.laarboleda.alcorcon\/index.php\/wp-json\/wp\/v2\/types\/page"}],"author":[{"embeddable":true,"href":"https:\/\/site.educa.madrid.org\/ies.laarboleda.alcorcon\/index.php\/wp-json\/wp\/v2\/users\/53"}],"replies":[{"embeddable":true,"href":"https:\/\/site.educa.madrid.org\/ies.laarboleda.alcorcon\/index.php\/wp-json\/wp\/v2\/comments?post=835"}],"version-history":[{"count":50,"href":"https:\/\/site.educa.madrid.org\/ies.laarboleda.alcorcon\/index.php\/wp-json\/wp\/v2\/pages\/835\/revisions"}],"predecessor-version":[{"id":6764,"href":"https:\/\/site.educa.madrid.org\/ies.laarboleda.alcorcon\/index.php\/wp-json\/wp\/v2\/pages\/835\/revisions\/6764"}],"wp:attachment":[{"href":"https:\/\/site.educa.madrid.org\/ies.laarboleda.alcorcon\/index.php\/wp-json\/wp\/v2\/media?parent=835"}],"wp:term":[{"taxonomy":"folder","embeddable":true,"href":"https:\/\/site.educa.madrid.org\/ies.laarboleda.alcorcon\/index.php\/wp-json\/wp\/v2\/folder?post=835"}],"curies":[{"name":"wp","href":"https:\/\/api.w.org\/{rel}","templated":true}]}}