{"id":867,"date":"2022-05-17T11:05:41","date_gmt":"2022-05-17T09:05:41","guid":{"rendered":"https:\/\/site.educa.madrid.org\/ies.laarboleda.alcorcon\/?page_id=867"},"modified":"2025-12-16T11:04:34","modified_gmt":"2025-12-16T10:04:34","slug":"departamento-de-dibujo","status":"publish","type":"page","link":"https:\/\/site.educa.madrid.org\/ies.laarboleda.alcorcon\/index.php\/departamento-de-dibujo\/","title":{"rendered":"Dibujo"},"content":{"rendered":"\n<h2 class=\"wp-block-heading\">PROGRAMACIONES DID\u00c1CTICAS CURSO 25-26<\/h2>\n\n\n\n<p><\/p>\n\n\n\n<p><strong>EPVA 1\u00ba ESO<\/strong><\/p>\n\n\n\n<div class=\"wp-block-file\"><a id=\"wp-block-file--media-e913b6dd-5fd6-4cff-8320-3fd30d24b61c\" href=\"https:\/\/site.educa.madrid.org\/ies.laarboleda.alcorcon\/\/wp-content\/uploads\/ies.laarboleda.alcorcon\/2025\/12\/EPVA_1ESO-2526.pdf\" target=\"_blank\" rel=\"noreferrer noopener\">https:\/\/site.educa.madrid.org\/ies.laarboleda.alcorcon\/\/wp-content\/uploads\/ies.laarboleda.alcorcon\/2025\/12\/EPVA_1ESO-2526.pdf<br><\/a><\/div>\n\n\n\n<p><strong>EPVA 2\u00ba ESO<\/strong><\/p>\n\n\n\n<div class=\"wp-block-file\"><a id=\"wp-block-file--media-7b0e6b2e-0a97-4fa6-9478-81e6ee279726\" href=\"https:\/\/site.educa.madrid.org\/ies.laarboleda.alcorcon\/\/wp-content\/uploads\/ies.laarboleda.alcorcon\/2025\/12\/EPVA_2ESO-2526.pdf\" target=\"_blank\" rel=\"noreferrer noopener\">https:\/\/site.educa.madrid.org\/ies.laarboleda.alcorcon\/\/wp-content\/uploads\/ies.laarboleda.alcorcon\/2025\/12\/EPVA_2ESO-2526.pdf<\/a><\/div>\n\n\n\n<p><strong>PCAP 3\u00ba ESO<\/strong><\/p>\n\n\n\n<div class=\"wp-block-file\"><a id=\"wp-block-file--media-b40aff6c-a94d-4632-b2cc-a113c35818c6\" href=\"https:\/\/site.educa.madrid.org\/ies.laarboleda.alcorcon\/\/wp-content\/uploads\/ies.laarboleda.alcorcon\/2025\/12\/PCAP_3ESO-2526.pdf\" target=\"_blank\" rel=\"noreferrer noopener\">https:\/\/site.educa.madrid.org\/ies.laarboleda.alcorcon\/\/wp-content\/uploads\/ies.laarboleda.alcorcon\/2025\/12\/PCAP_3ESO-2526.pdf<\/a><\/div>\n\n\n\n<p><strong>PCAP 4\u00ba ESO<\/strong><\/p>\n\n\n\n<div class=\"wp-block-file\"><a id=\"wp-block-file--media-53ae7d5b-e494-4aee-b48a-6cdcd7be8033\" href=\"https:\/\/site.educa.madrid.org\/ies.laarboleda.alcorcon\/\/wp-content\/uploads\/ies.laarboleda.alcorcon\/2025\/12\/PCAP_4ESO-2526.pdf\" target=\"_blank\" rel=\"noreferrer noopener\">https:\/\/site.educa.madrid.org\/ies.laarboleda.alcorcon\/\/wp-content\/uploads\/ies.laarboleda.alcorcon\/2025\/12\/PCAP_4ESO-2526.pdf<\/a><\/div>\n\n\n\n<p><strong>DT I &#8211; 1\u00ba BCT<\/strong><\/p>\n\n\n\n<div class=\"wp-block-file\"><a id=\"wp-block-file--media-52b4045e-1fb7-4aa6-bba5-9668ee628280\" href=\"https:\/\/site.educa.madrid.org\/ies.laarboleda.alcorcon\/\/wp-content\/uploads\/ies.laarboleda.alcorcon\/2025\/12\/DT-I_1BCT-2526.pdf\" target=\"_blank\" rel=\"noreferrer noopener\">https:\/\/site.educa.madrid.org\/ies.laarboleda.alcorcon\/\/wp-content\/uploads\/ies.laarboleda.alcorcon\/2025\/12\/DT-I_1BCT-2526.pdf<\/a><\/div>\n\n\n\n<p><strong>DT &#8211; 2\u00ba BCT<\/strong> <\/p>\n\n\n\n<div class=\"wp-block-file\"><a id=\"wp-block-file--media-10adbfe5-779f-418c-a886-ef3b99bde9a4\" href=\"https:\/\/site.educa.madrid.org\/ies.laarboleda.alcorcon\/\/wp-content\/uploads\/ies.laarboleda.alcorcon\/2025\/12\/DT-II_2BCT-2526.pdf\" target=\"_blank\" rel=\"noreferrer noopener\">https:\/\/site.educa.madrid.org\/ies.laarboleda.alcorcon\/\/wp-content\/uploads\/ies.laarboleda.alcorcon\/2025\/12\/DT-II_2BCT-2526.pdf<\/a><\/div>\n\n\n\n<p><strong>CRITERIOS DE CALIFICACI\u00d3N Y EVALUACI\u00d3N<\/strong><\/p>\n\n\n\n<p><a href=\"https:\/\/site.educa.madrid.org\/ies.laarboleda.alcorcon\/\/wp-content\/uploads\/ies.laarboleda.alcorcon\/2024\/01\/CRITERIOS-DE-CALIFICACION.pdf\">https:\/\/site.educa.madrid.org\/ies.laarboleda.alcorcon\/\/wp-content\/uploads\/ies.laarboleda.alcorcon\/2024\/01\/CRITERIOS-DE-CALIFICACION.pdf<\/a><\/p>\n\n\n\n<h2 class=\"wp-block-heading\"><style>\nul.wp-block-latest-posts__list { background-color: #cceecc; padding: 60px; border-bottom-style: solid; border-bottom-color: white; border-bottom-width: 30px; } ul.wp-block-latest-posts__list &gt; li { padding-left: 60px; padding-right: 60px; } ul.wp-block-latest-posts__list { margin-top: -120px; }<br \/>\n<\/style><\/h2>\n\n\n<div id=\"pl-gb867-6a03a4deeb035\"  class=\"panel-layout panel-layout\" ><div id=\"pg-gb867-6a03a4deeb035-0\"  class=\"panel-grid panel-no-style\"  data-style=\"{&quot;background_image_attachment&quot;:false,&quot;background_display&quot;:&quot;tile&quot;,&quot;full_height&quot;:&quot;&quot;,&quot;cell_alignment&quot;:&quot;flex-start&quot;,&quot;link_overlay_new_window&quot;:&quot;&quot;}\" ><div id=\"pgc-gb867-6a03a4deeb035-0-0\"  class=\"panel-grid-cell\"  data-weight=\"0.3\" ><div id=\"panel-gb867-6a03a4deeb035-0-0-0\" class=\"so-panel widget widget_media_image panel-first-child panel-last-child\" data-index=\"0\" data-style=\"{&quot;background_image_attachment&quot;:false,&quot;background_display&quot;:&quot;tile&quot;,&quot;margin&quot;:&quot;0px 0px 0px 60px&quot;,&quot;link_overlay_new_window&quot;:&quot;&quot;}\" ><img loading=\"lazy\" decoding=\"async\" width=\"150\" height=\"150\" src=\"https:\/\/site.educa.madrid.org\/ies.laarboleda.alcorcon\/\/wp-content\/uploads\/ies.laarboleda.alcorcon\/2022\/05\/Logo-Dibujo-150x150.png\" class=\"image wp-image-880  attachment-thumbnail size-thumbnail\" alt=\"\" style=\"max-width: 100%; height: auto;\" srcset=\"https:\/\/site.educa.madrid.org\/ies.laarboleda.alcorcon\/\/wp-content\/uploads\/ies.laarboleda.alcorcon\/2022\/05\/Logo-Dibujo-150x150.png 150w, https:\/\/site.educa.madrid.org\/ies.laarboleda.alcorcon\/\/wp-content\/uploads\/ies.laarboleda.alcorcon\/2022\/05\/Logo-Dibujo-300x300.png 300w\" sizes=\"auto, (max-width: 150px) 100vw, 150px\" \/><\/div><\/div><div id=\"pgc-gb867-6a03a4deeb035-0-1\"  class=\"panel-grid-cell\"  data-weight=\"0.7\" ><div id=\"panel-gb867-6a03a4deeb035-0-1-0\" class=\"so-panel widget widget_text panel-first-child panel-last-child\" data-index=\"1\" data-style=\"{&quot;background_image_attachment&quot;:false,&quot;background_display&quot;:&quot;tile&quot;,&quot;link_overlay_new_window&quot;:&quot;&quot;}\" ><h3 class=\"widget-title\">Departamento de Dibujo<\/h3>\t\t\t<div class=\"textwidget\"><\/div>\n\t\t<\/div><\/div><\/div><div id=\"pg-gb867-6a03a4deeb035-1\"  class=\"panel-grid panel-has-style\"  data-style=\"{&quot;background&quot;:&quot;#cceecc&quot;,&quot;background_image_attachment&quot;:false,&quot;background_display&quot;:&quot;tile&quot;,&quot;full_height&quot;:&quot;&quot;,&quot;cell_alignment&quot;:&quot;flex-start&quot;,&quot;link_overlay_new_window&quot;:&quot;&quot;}\" ><div class=\"panel-row-style panel-row-style-for-gb867-6a03a4deeb035-1\" ><div id=\"pgc-gb867-6a03a4deeb035-1-0\"  class=\"panel-grid-cell\"  data-weight=\"1\" ><div id=\"panel-gb867-6a03a4deeb035-1-0-0\" class=\"so-panel widget widget_text panel-first-child panel-last-child\" data-index=\"2\" data-style=\"{&quot;background_image_attachment&quot;:false,&quot;background_display&quot;:&quot;tile&quot;,&quot;background_image_size&quot;:&quot;full&quot;,&quot;background_image_opacity&quot;:&quot;100&quot;,&quot;border_thickness&quot;:&quot;1px&quot;,&quot;margin&quot;:&quot;0px 60px 0px 60px&quot;,&quot;link_overlay_new_window&quot;:&quot;&quot;}\" ><h3 class=\"widget-title\">ALUMNOS CON LA EPVA PENDIENTE DE A\u00d1OS ANTERIORES<\/h3>\t\t\t<div class=\"textwidget\"><p data-pm-slice=\"1 1 []\">Estos enlace permite descargar el <strong>plan de recuperaci\u00f3n <\/strong>de la asignatura EPVA pendiente de a\u00f1os anteriores.<\/p>\n<p>Tambi\u00e9n hay un enlace a las <strong>tareas de recuperaci\u00f3n<\/strong> que todo alumno que la tenga pendiente o no est\u00e9 cursando este a\u00f1o esa materia en ning\u00fan curso, deber\u00e1 hacer los ejercicios que se adjuntan y entreg\u00e1rselos al Jefe de Departamento de Dibujo del Instituto.<\/p>\n<p>Los martes a las 11:35 el Jefe de Departamento estar\u00e1 disponible en la sala de profesores para atender a cualquier alumno que tenga dudas o quiera consultar cualquier cosa.<\/p>\n<p><a href=\"https:\/\/site.educa.madrid.org\/ies.laarboleda.alcorcon\/\/wp-content\/uploads\/ies.laarboleda.alcorcon\/2025\/12\/TAREAS-DE-RECUPERACION-DE-EPVA-1o-ESO-PENDIENTE-25-26.pdf\">TAREAS DE RECUPERACI\u00d3N DE EPVA 1\u00ba ESO PENDIENTE 25-26<\/a><\/p>\n<p><a href=\"https:\/\/site.educa.madrid.org\/ies.laarboleda.alcorcon\/\/wp-content\/uploads\/ies.laarboleda.alcorcon\/2025\/12\/TAREAS-DE-RECUPERACION-DE-EPVA-2o-ESO-PENDIENTE-25-26.pdf\">TAREAS DE RECUPERACI\u00d3N DE EPVA 2\u00ba ESO PENDIENTE 25-26<\/a><\/p>\n<p><a href=\"https:\/\/site.educa.madrid.org\/ies.laarboleda.alcorcon\/\/wp-content\/uploads\/ies.laarboleda.alcorcon\/2025\/12\/PLAN-DE-RECUPERACION-1oESO-EPVA-25-26.pdf\">PLAN DE RECUPERACI\u00d3N 1\u00baESO EPVA 25-26<\/a><\/p>\n<p><a href=\"https:\/\/site.educa.madrid.org\/ies.laarboleda.alcorcon\/\/wp-content\/uploads\/ies.laarboleda.alcorcon\/2025\/12\/PLAN-DE-RECUPERACION-2oESO-EPVA-25-26.pdf\">PLAN DE RECUPERACI\u00d3N 2\u00baESO EPVA 25-26<\/a><\/p>\n<\/div>\n\t\t<\/div><\/div><\/div><\/div><\/div>\n\n\n<div style=\"height:10px\" aria-hidden=\"true\" class=\"wp-block-spacer\"><\/div>\n\n\n<div id=\"pl-gb867-6a03a4deeba71\"  class=\"panel-layout panel-layout\" ><div id=\"pg-gb867-6a03a4deeba71-0\"  class=\"panel-grid panel-has-style\"  data-style=\"{&quot;background&quot;:&quot;#cceecc&quot;,&quot;background_image_attachment&quot;:false,&quot;background_display&quot;:&quot;tile&quot;,&quot;full_height&quot;:&quot;&quot;,&quot;cell_alignment&quot;:&quot;flex-start&quot;,&quot;link_overlay_new_window&quot;:&quot;&quot;}\" ><div class=\"panel-row-style panel-row-style-for-gb867-6a03a4deeba71-0\" ><div id=\"pgc-gb867-6a03a4deeba71-0-0\"  class=\"panel-grid-cell\"  data-weight=\"1\" ><div id=\"panel-gb867-6a03a4deeba71-0-0-0\" class=\"so-panel widget widget_text panel-first-child panel-last-child\" data-index=\"0\" data-style=\"{&quot;background_image_attachment&quot;:false,&quot;background_display&quot;:&quot;tile&quot;,&quot;margin&quot;:&quot;0px 60px 0px 60px&quot;,&quot;link_overlay_new_window&quot;:&quot;&quot;}\" ><h3 class=\"widget-title\">Aulas virtuales del departamento<\/h3>\t\t\t<div class=\"textwidget\"><p><a href=\"https:\/\/aulavirtual33.educa.madrid.org\/ies.laarboleda.alcorcon\/course\/index.php?categoryid=59\">Aulas de ESO y bachillerato<\/a>.<\/p>\n<\/div>\n\t\t<\/div><\/div><\/div><\/div><\/div>\n\n\n<p><\/p>\n\n\n\n<p><\/p>\n","protected":false},"excerpt":{"rendered":"<p>PROGRAMACIONES DID\u00c1CTICAS CURSO 25-26 EPVA 1\u00ba ESO EPVA 2\u00ba ESO PCAP 3\u00ba ESO PCAP 4\u00ba ESO DT I &#8211; 1\u00ba BCT DT &#8211; 2\u00ba BCT CRITERIOS DE CALIFICACI\u00d3N Y EVALUACI\u00d3N https:\/\/site.educa.madrid.org\/ies.laarboleda.alcorcon\/\/wp-content\/uploads\/ies.laarboleda.alcorcon\/2024\/01\/CRITERIOS-DE-CALIFICACION.pdf<\/p>\n","protected":false},"author":50,"featured_media":0,"parent":0,"menu_order":0,"comment_status":"closed","ping_status":"closed","template":"","meta":{"footnotes":""},"folder":[46],"class_list":["post-867","page","type-page","status-publish","hentry"],"rttpg_featured_image_url":null,"rttpg_author":{"display_name":"CESAR ESTEBAN MU\u00d1OZ","author_link":"https:\/\/site.educa.madrid.org\/ies.laarboleda.alcorcon\/index.php\/author\/csar_esteban-muoz\/"},"rttpg_comment":0,"rttpg_category":" <a href=\"https:\/\/site.educa.madrid.org\/ies.laarboleda.alcorcon\/?taxonomy=folder&#038;term=departamentos-1653086396\" rel=\"tag\">Departamentos<\/a>","rttpg_excerpt":"PROGRAMACIONES DID\u00c1CTICAS CURSO 25-26 EPVA 1\u00ba ESO EPVA 2\u00ba ESO PCAP 3\u00ba ESO PCAP 4\u00ba ESO DT I &#8211; 1\u00ba BCT DT &#8211; 2\u00ba BCT CRITERIOS DE CALIFICACI\u00d3N Y EVALUACI\u00d3N https:\/\/site.educa.madrid.org\/ies.laarboleda.alcorcon\/\/wp-content\/uploads\/ies.laarboleda.alcorcon\/2024\/01\/CRITERIOS-DE-CALIFICACION.pdf","post_mailing_queue_ids":[],"_links":{"self":[{"href":"https:\/\/site.educa.madrid.org\/ies.laarboleda.alcorcon\/index.php\/wp-json\/wp\/v2\/pages\/867","targetHints":{"allow":["GET"]}}],"collection":[{"href":"https:\/\/site.educa.madrid.org\/ies.laarboleda.alcorcon\/index.php\/wp-json\/wp\/v2\/pages"}],"about":[{"href":"https:\/\/site.educa.madrid.org\/ies.laarboleda.alcorcon\/index.php\/wp-json\/wp\/v2\/types\/page"}],"author":[{"embeddable":true,"href":"https:\/\/site.educa.madrid.org\/ies.laarboleda.alcorcon\/index.php\/wp-json\/wp\/v2\/users\/50"}],"replies":[{"embeddable":true,"href":"https:\/\/site.educa.madrid.org\/ies.laarboleda.alcorcon\/index.php\/wp-json\/wp\/v2\/comments?post=867"}],"version-history":[{"count":35,"href":"https:\/\/site.educa.madrid.org\/ies.laarboleda.alcorcon\/index.php\/wp-json\/wp\/v2\/pages\/867\/revisions"}],"predecessor-version":[{"id":6401,"href":"https:\/\/site.educa.madrid.org\/ies.laarboleda.alcorcon\/index.php\/wp-json\/wp\/v2\/pages\/867\/revisions\/6401"}],"wp:attachment":[{"href":"https:\/\/site.educa.madrid.org\/ies.laarboleda.alcorcon\/index.php\/wp-json\/wp\/v2\/media?parent=867"}],"wp:term":[{"taxonomy":"folder","embeddable":true,"href":"https:\/\/site.educa.madrid.org\/ies.laarboleda.alcorcon\/index.php\/wp-json\/wp\/v2\/folder?post=867"}],"curies":[{"name":"wp","href":"https:\/\/api.w.org\/{rel}","templated":true}]}}