{"id":869,"date":"2022-05-17T10:58:41","date_gmt":"2022-05-17T08:58:41","guid":{"rendered":"https:\/\/site.educa.madrid.org\/ies.laarboleda.alcorcon\/?page_id=869"},"modified":"2026-03-10T12:30:09","modified_gmt":"2026-03-10T11:30:09","slug":"departamento-de-educacion-fisica","status":"publish","type":"page","link":"https:\/\/site.educa.madrid.org\/ies.laarboleda.alcorcon\/index.php\/departamento-de-educacion-fisica\/","title":{"rendered":"Educaci\u00f3n F\u00edsica"},"content":{"rendered":"<p><style>\nul.wp-block-latest-posts__list { background-color: #cceecc; padding: 60px; border-bottom-style: solid; border-bottom-color: white; border-bottom-width: 30px; } ul.wp-block-latest-posts__list &gt; li { padding-left: 60px; padding-right: 60px; } ul.wp-block-latest-posts__list { margin-top: -120px; }<br \/>\n<\/style>\n<\/p>\n\n<div id=\"pl-gb869-6a0399310045e\"  class=\"panel-layout panel-layout\" ><div id=\"pg-gb869-6a0399310045e-0\"  class=\"panel-grid panel-no-style\"  data-style=\"{&quot;background_image_attachment&quot;:false,&quot;background_display&quot;:&quot;tile&quot;,&quot;full_height&quot;:&quot;&quot;,&quot;cell_alignment&quot;:&quot;flex-start&quot;,&quot;link_overlay_new_window&quot;:&quot;&quot;}\" ><div id=\"pgc-gb869-6a0399310045e-0-0\"  class=\"panel-grid-cell\"  data-weight=\"0.3\" ><div id=\"panel-gb869-6a0399310045e-0-0-0\" class=\"so-panel widget widget_media_image panel-first-child panel-last-child\" data-index=\"0\" data-style=\"{&quot;background_image_attachment&quot;:false,&quot;background_display&quot;:&quot;tile&quot;,&quot;margin&quot;:&quot;0px 0px 0px 60px&quot;,&quot;link_overlay_new_window&quot;:&quot;&quot;}\" ><img loading=\"lazy\" decoding=\"async\" width=\"150\" height=\"150\" src=\"https:\/\/site.educa.madrid.org\/ies.laarboleda.alcorcon\/\/wp-content\/uploads\/ies.laarboleda.alcorcon\/2022\/05\/Logo-1-150x150.png\" class=\"image wp-image-903  attachment-thumbnail size-thumbnail\" alt=\"\" style=\"max-width: 100%; height: auto;\" srcset=\"https:\/\/site.educa.madrid.org\/ies.laarboleda.alcorcon\/\/wp-content\/uploads\/ies.laarboleda.alcorcon\/2022\/05\/Logo-1-150x150.png 150w, https:\/\/site.educa.madrid.org\/ies.laarboleda.alcorcon\/\/wp-content\/uploads\/ies.laarboleda.alcorcon\/2022\/05\/Logo-1-300x300.png 300w\" sizes=\"auto, (max-width: 150px) 100vw, 150px\" \/><\/div><\/div><div id=\"pgc-gb869-6a0399310045e-0-1\"  class=\"panel-grid-cell\"  data-weight=\"0.7\" ><div id=\"panel-gb869-6a0399310045e-0-1-0\" class=\"so-panel widget widget_text panel-first-child panel-last-child\" data-index=\"1\" data-style=\"{&quot;background_image_attachment&quot;:false,&quot;background_display&quot;:&quot;tile&quot;,&quot;background_image_size&quot;:&quot;full&quot;,&quot;background_image_opacity&quot;:&quot;100&quot;,&quot;border_thickness&quot;:&quot;1px&quot;,&quot;link_overlay_new_window&quot;:&quot;&quot;}\" ><h3 class=\"widget-title\">Departamento de Educaci\u00f3n F\u00edsica<\/h3>\t\t\t<div class=\"textwidget\"><\/div>\n\t\t<\/div><\/div><\/div><div id=\"pg-gb869-6a0399310045e-1\"  class=\"panel-grid panel-has-style\"  data-style=\"{&quot;background&quot;:&quot;#cceecc&quot;,&quot;background_image_attachment&quot;:false,&quot;background_display&quot;:&quot;tile&quot;,&quot;full_height&quot;:&quot;&quot;,&quot;cell_alignment&quot;:&quot;flex-start&quot;,&quot;link_overlay_new_window&quot;:&quot;&quot;}\" ><div class=\"panel-row-style panel-row-style-for-gb869-6a0399310045e-1\" ><div id=\"pgc-gb869-6a0399310045e-1-0\"  class=\"panel-grid-cell\"  data-weight=\"1\" ><div id=\"panel-gb869-6a0399310045e-1-0-0\" class=\"so-panel widget widget_sow-editor panel-first-child panel-last-child\" data-index=\"2\" data-style=\"{&quot;background_image_attachment&quot;:false,&quot;background_display&quot;:&quot;tile&quot;,&quot;background_image_size&quot;:&quot;full&quot;,&quot;background_image_opacity&quot;:&quot;100&quot;,&quot;border_thickness&quot;:&quot;1px&quot;,&quot;margin&quot;:&quot;0px 60px 0px 60px&quot;,&quot;link_overlay_new_window&quot;:&quot;&quot;}\" ><div\n\t\t\t\n\t\t\tclass=\"so-widget-sow-editor so-widget-sow-editor-base\"\n\t\t\t\n\t\t><h3 class=\"widget-title\">Proyectos Educativos<\/h3>\n<div class=\"siteorigin-widget-tinymce textwidget\">\n\t<ul>\n<li><strong>IPAFD<\/strong><\/li>\n<\/ul>\n<p style=\"padding-left: 40px;\">Centro Promotor de la Actividad F\u00edsica y el Deporte<\/p>\n<p style=\"padding-left: 40px; text-align: center;\"><video src=\"https:\/\/site.educa.madrid.org\/ies.laarboleda.alcorcon\/\/wp-content\/uploads\/ies.laarboleda.alcorcon\/2022\/05\/IPAFD.mp4\" controls=\"controls\" width=\"510\" height=\"300\"><br \/>\nYour browser does not support the HTML5 Video element.<br \/>\n<\/video><\/p>\n<p>Horario de las escuelas deportivas:<\/p>\n<p>Baloncesto: lunes y mi\u00e9rcoles de 16:00 a 17:30.<\/p>\n<p>Futbol sala: lunes y mi\u00e9rcoles de 16:00 a 17:30<\/p>\n<\/div>\n<\/div><\/div><\/div><\/div><\/div><div id=\"pg-gb869-6a0399310045e-2\"  class=\"panel-grid panel-has-style\"  data-style=\"{&quot;background&quot;:&quot;#cceecc&quot;,&quot;background_image_attachment&quot;:false,&quot;background_display&quot;:&quot;tile&quot;,&quot;full_height&quot;:&quot;&quot;,&quot;cell_alignment&quot;:&quot;flex-start&quot;,&quot;link_overlay_new_window&quot;:&quot;&quot;}\" ><div class=\"panel-row-style panel-row-style-for-gb869-6a0399310045e-2\" ><div id=\"pgc-gb869-6a0399310045e-2-0\"  class=\"panel-grid-cell\"  data-weight=\"1\" ><div id=\"panel-gb869-6a0399310045e-2-0-0\" class=\"so-panel widget widget_text panel-first-child panel-last-child\" data-index=\"3\" data-style=\"{&quot;background_image_attachment&quot;:false,&quot;background_display&quot;:&quot;tile&quot;,&quot;background_image_size&quot;:&quot;full&quot;,&quot;background_image_opacity&quot;:&quot;100&quot;,&quot;border_thickness&quot;:&quot;1px&quot;,&quot;margin&quot;:&quot;0px 60px 0px 60px&quot;,&quot;link_overlay_new_window&quot;:&quot;&quot;}\" ><h3 class=\"widget-title\">Noticias<\/h3>\t\t\t<div class=\"textwidget\"><\/div>\n\t\t<\/div><\/div><\/div><\/div><\/div>\n\n<div id=\"pl-gb869-6a03993100eba\"  class=\"panel-layout panel-layout\" ><div id=\"pg-gb869-6a03993100eba-0\"  class=\"panel-grid panel-has-style\"  data-style=\"{&quot;background&quot;:&quot;#cceecc&quot;,&quot;background_image_attachment&quot;:false,&quot;background_display&quot;:&quot;tile&quot;,&quot;full_height&quot;:&quot;&quot;,&quot;cell_alignment&quot;:&quot;flex-start&quot;,&quot;link_overlay_new_window&quot;:&quot;&quot;}\" ><div class=\"panel-row-style panel-row-style-for-gb869-6a03993100eba-0\" ><div id=\"pgc-gb869-6a03993100eba-0-0\"  class=\"panel-grid-cell\"  data-weight=\"1\" ><div id=\"panel-gb869-6a03993100eba-0-0-0\" class=\"so-panel widget widget_text panel-first-child panel-last-child\" data-index=\"0\" data-style=\"{&quot;background_image_attachment&quot;:false,&quot;background_display&quot;:&quot;tile&quot;,&quot;margin&quot;:&quot;0px 60px 0px 60px&quot;,&quot;link_overlay_new_window&quot;:&quot;&quot;}\" ><h3 class=\"widget-title\">Aulas virtuales<\/h3>\t\t\t<div class=\"textwidget\"><p><a href=\"https:\/\/aulavirtual33.educa.madrid.org\/ies.laarboleda.alcorcon\/course\/index.php?categoryid=66\">Aulas virtuales de ESO y bachillerato.<\/a><\/p>\n<\/div>\n\t\t<\/div><\/div><\/div><\/div><\/div>\n\n<div id=\"pl-gb869-6a03993101217\"  class=\"panel-layout panel-layout\" ><div id=\"pg-gb869-6a03993101217-0\"  class=\"panel-grid panel-has-style\"  data-style=\"{&quot;background&quot;:&quot;#cceecc&quot;,&quot;background_image_attachment&quot;:false,&quot;background_display&quot;:&quot;tile&quot;,&quot;full_height&quot;:&quot;&quot;,&quot;cell_alignment&quot;:&quot;flex-start&quot;,&quot;link_overlay_new_window&quot;:&quot;&quot;}\" ><div class=\"panel-row-style panel-row-style-for-gb869-6a03993101217-0\" ><div id=\"pgc-gb869-6a03993101217-0-0\"  class=\"panel-grid-cell\"  data-weight=\"1\" ><div id=\"panel-gb869-6a03993101217-0-0-0\" class=\"so-panel widget widget_text panel-first-child panel-last-child\" data-index=\"0\" data-style=\"{&quot;background_image_attachment&quot;:false,&quot;background_display&quot;:&quot;tile&quot;,&quot;background_image_size&quot;:&quot;full&quot;,&quot;background_image_opacity&quot;:&quot;100&quot;,&quot;border_thickness&quot;:&quot;1px&quot;,&quot;margin&quot;:&quot;0px 60px 0px 60px&quot;,&quot;link_overlay_new_window&quot;:&quot;&quot;}\" ><h3 class=\"widget-title\">Recuperaci\u00f3n Educaci\u00f3n F\u00edsica<\/h3>\t\t\t<div class=\"textwidget\"><p><a href=\"https:\/\/site.educa.madrid.org\/ies.laarboleda.alcorcon\/\/wp-content\/uploads\/ies.laarboleda.alcorcon\/2026\/01\/Plan-recuperacion-Educacion-Fisica-pendiente-1oESO.docx\">Plan recuperaci\u00f3n Educaci\u00f3n F\u00edsica pendiente 1\u00baESO<\/a><\/p>\n<\/div>\n\t\t<\/div><\/div><\/div><\/div><\/div>\n\n<div id=\"pl-gb869-6a0399310159b\"  class=\"panel-layout panel-layout\" ><div id=\"pg-gb869-6a0399310159b-0\"  class=\"panel-grid panel-has-style\"  data-style=\"{&quot;background&quot;:&quot;#cceecc&quot;,&quot;background_image_attachment&quot;:false,&quot;background_display&quot;:&quot;tile&quot;,&quot;full_height&quot;:&quot;&quot;,&quot;cell_alignment&quot;:&quot;flex-start&quot;,&quot;link_overlay_new_window&quot;:&quot;&quot;}\" ><div class=\"panel-row-style panel-row-style-for-gb869-6a0399310159b-0\" ><div id=\"pgc-gb869-6a0399310159b-0-0\"  class=\"panel-grid-cell\"  data-weight=\"1\" ><div id=\"panel-gb869-6a0399310159b-0-0-0\" class=\"so-panel widget widget_text panel-first-child panel-last-child\" data-index=\"0\" data-style=\"{&quot;background_image_attachment&quot;:false,&quot;background_display&quot;:&quot;tile&quot;,&quot;background_image_size&quot;:&quot;full&quot;,&quot;background_image_opacity&quot;:&quot;100&quot;,&quot;border_thickness&quot;:&quot;1px&quot;,&quot;margin&quot;:&quot;0px 60px 0px 60px&quot;,&quot;link_overlay_new_window&quot;:&quot;&quot;}\" ><h3 class=\"widget-title\">Programaciones curso 2025-2026<\/h3>\t\t\t<div class=\"textwidget\"><p><a href=\"https:\/\/site.educa.madrid.org\/ies.laarboleda.alcorcon\/\/wp-content\/uploads\/ies.laarboleda.alcorcon\/2026\/01\/Programacion-1o-ESO-2025-2026-1.pdf\">Programaci\u00f3n 1\u00ba ESO 2025-2026<\/a><\/p>\n<p><a href=\"https:\/\/site.educa.madrid.org\/ies.laarboleda.alcorcon\/\/wp-content\/uploads\/ies.laarboleda.alcorcon\/2026\/01\/Programacion-2o-ESO-2025-2026-1.pdf\">Programaci\u00f3n 2\u00ba ESO 2025-2026<\/a><\/p>\n<p><a href=\"https:\/\/site.educa.madrid.org\/ies.laarboleda.alcorcon\/\/wp-content\/uploads\/ies.laarboleda.alcorcon\/2026\/01\/Programacion-3oESO-2025-2026-1.pdf\">Programaci\u00f3n 3\u00baESO 2025-2026<\/a><\/p>\n<p><a href=\"https:\/\/site.educa.madrid.org\/ies.laarboleda.alcorcon\/\/wp-content\/uploads\/ies.laarboleda.alcorcon\/2026\/01\/Programacion-4o-ESO-2025-2026-1.pdf\">Programaci\u00f3n 4\u00ba ESO 2025-2026<\/a><\/p>\n<p><a href=\"https:\/\/site.educa.madrid.org\/ies.laarboleda.alcorcon\/\/wp-content\/uploads\/ies.laarboleda.alcorcon\/2026\/01\/Programacion-1o-Bachillerato-2025-2026-2.pdf\">Programaci\u00f3n 1\u00ba Bachillerato 2025-2026<\/a><\/p>\n<\/div>\n\t\t<\/div><\/div><\/div><\/div><\/div>\n\n<div id=\"pl-gb869-6a0399310194e\"  class=\"panel-layout panel-layout\" ><div id=\"pg-gb869-6a0399310194e-0\"  class=\"panel-grid panel-has-style\"  data-style=\"{&quot;background&quot;:&quot;#cceecc&quot;,&quot;background_image_attachment&quot;:false,&quot;background_display&quot;:&quot;tile&quot;,&quot;full_height&quot;:&quot;&quot;,&quot;cell_alignment&quot;:&quot;flex-start&quot;,&quot;link_overlay_new_window&quot;:&quot;&quot;}\" ><div class=\"panel-row-style panel-row-style-for-gb869-6a0399310194e-0\" ><div id=\"pgc-gb869-6a0399310194e-0-0\"  class=\"panel-grid-cell\"  data-weight=\"1\" ><div id=\"panel-gb869-6a0399310194e-0-0-0\" class=\"so-panel widget widget_text panel-first-child panel-last-child\" data-index=\"0\" data-style=\"{&quot;background_image_attachment&quot;:false,&quot;background_display&quot;:&quot;tile&quot;,&quot;background_image_size&quot;:&quot;full&quot;,&quot;background_image_opacity&quot;:&quot;100&quot;,&quot;border_thickness&quot;:&quot;1px&quot;,&quot;margin&quot;:&quot;0px 60px 0px 60px&quot;,&quot;link_overlay_new_window&quot;:&quot;&quot;}\" ><h3 class=\"widget-title\">Criterios calificaci\u00f3n curso 2025-2026<\/h3>\t\t\t<div class=\"textwidget\"><p><a href=\"https:\/\/site.educa.madrid.org\/ies.laarboleda.alcorcon\/\/wp-content\/uploads\/ies.laarboleda.alcorcon\/2026\/03\/Criterios-calificacion-1oESO.pdf\">Criterios calificaci\u00f3n 1\u00baESO<\/a><\/p>\n<p><a href=\"https:\/\/site.educa.madrid.org\/ies.laarboleda.alcorcon\/\/wp-content\/uploads\/ies.laarboleda.alcorcon\/2026\/03\/Criterios-calificacion-2oESO.pdf\">Criterios calificaci\u00f3n 2\u00baESO<\/a><\/p>\n<p><a href=\"https:\/\/site.educa.madrid.org\/ies.laarboleda.alcorcon\/\/wp-content\/uploads\/ies.laarboleda.alcorcon\/2026\/03\/Criterios-calificacion-3oESO.pdf\">Criterios calificaci\u00f3n 3\u00baESO<\/a><\/p>\n<p><a href=\"https:\/\/site.educa.madrid.org\/ies.laarboleda.alcorcon\/\/wp-content\/uploads\/ies.laarboleda.alcorcon\/2026\/03\/Criterios-calificacion-4oESO.pdf\">Criterios calificaci\u00f3n 4\u00baESO<\/a><\/p>\n<p><a href=\"https:\/\/site.educa.madrid.org\/ies.laarboleda.alcorcon\/\/wp-content\/uploads\/ies.laarboleda.alcorcon\/2026\/03\/Criterios-calificacion-1o-Bachillerato.pdf\">Criterios calificaci\u00f3n 1\u00ba Bachillerato<\/a><\/p>\n<p><a href=\"https:\/\/site.educa.madrid.org\/ies.laarboleda.alcorcon\/\/wp-content\/uploads\/ies.laarboleda.alcorcon\/2026\/03\/Criterios-calificacion-1oFPB.pdf\">Criterios calificaci\u00f3n 1\u00baFPB<\/a><\/p>\n<p><a href=\"https:\/\/site.educa.madrid.org\/ies.laarboleda.alcorcon\/\/wp-content\/uploads\/ies.laarboleda.alcorcon\/2026\/03\/Criterios-calificacion-2o-FPB.pdf\">Criterios calificaci\u00f3n 2\u00ba FPB<\/a><\/p>\n<\/div>\n\t\t<\/div><\/div><\/div><\/div><\/div>\n\n\n<p><\/p>\n\n\n\n<p><\/p>\n\n\n\n<p><\/p>\n\n\n\n<p><\/p>\n\n\n\n<p><\/p>\n","protected":false},"excerpt":{"rendered":"","protected":false},"author":71,"featured_media":0,"parent":0,"menu_order":0,"comment_status":"closed","ping_status":"closed","template":"","meta":{"footnotes":""},"folder":[46],"class_list":["post-869","page","type-page","status-publish","hentry"],"rttpg_featured_image_url":null,"rttpg_author":{"display_name":"Carmen Ruiz Hervi\u00e1s","author_link":"https:\/\/site.educa.madrid.org\/ies.laarboleda.alcorcon\/index.php\/author\/m-carmen_ruiz-hervas\/"},"rttpg_comment":0,"rttpg_category":" <a href=\"https:\/\/site.educa.madrid.org\/ies.laarboleda.alcorcon\/?taxonomy=folder&#038;term=departamentos-1653086396\" rel=\"tag\">Departamentos<\/a>","rttpg_excerpt":null,"post_mailing_queue_ids":[],"_links":{"self":[{"href":"https:\/\/site.educa.madrid.org\/ies.laarboleda.alcorcon\/index.php\/wp-json\/wp\/v2\/pages\/869","targetHints":{"allow":["GET"]}}],"collection":[{"href":"https:\/\/site.educa.madrid.org\/ies.laarboleda.alcorcon\/index.php\/wp-json\/wp\/v2\/pages"}],"about":[{"href":"https:\/\/site.educa.madrid.org\/ies.laarboleda.alcorcon\/index.php\/wp-json\/wp\/v2\/types\/page"}],"author":[{"embeddable":true,"href":"https:\/\/site.educa.madrid.org\/ies.laarboleda.alcorcon\/index.php\/wp-json\/wp\/v2\/users\/71"}],"replies":[{"embeddable":true,"href":"https:\/\/site.educa.madrid.org\/ies.laarboleda.alcorcon\/index.php\/wp-json\/wp\/v2\/comments?post=869"}],"version-history":[{"count":50,"href":"https:\/\/site.educa.madrid.org\/ies.laarboleda.alcorcon\/index.php\/wp-json\/wp\/v2\/pages\/869\/revisions"}],"predecessor-version":[{"id":6634,"href":"https:\/\/site.educa.madrid.org\/ies.laarboleda.alcorcon\/index.php\/wp-json\/wp\/v2\/pages\/869\/revisions\/6634"}],"wp:attachment":[{"href":"https:\/\/site.educa.madrid.org\/ies.laarboleda.alcorcon\/index.php\/wp-json\/wp\/v2\/media?parent=869"}],"wp:term":[{"taxonomy":"folder","embeddable":true,"href":"https:\/\/site.educa.madrid.org\/ies.laarboleda.alcorcon\/index.php\/wp-json\/wp\/v2\/folder?post=869"}],"curies":[{"name":"wp","href":"https:\/\/api.w.org\/{rel}","templated":true}]}}