{"id":964,"date":"2022-05-18T13:00:51","date_gmt":"2022-05-18T11:00:51","guid":{"rendered":"https:\/\/site.educa.madrid.org\/ies.laarboleda.alcorcon\/?page_id=964"},"modified":"2023-12-15T11:27:51","modified_gmt":"2023-12-15T10:27:51","slug":"departamento-de-fisica-y-quimica","status":"publish","type":"page","link":"https:\/\/site.educa.madrid.org\/ies.laarboleda.alcorcon\/index.php\/departamento-de-fisica-y-quimica\/","title":{"rendered":"F\u00edsica y Qu\u00edmica"},"content":{"rendered":"<div id=\"pl-gb964-6a03a4f4ba98c\"  class=\"panel-layout\" ><div id=\"pg-gb964-6a03a4f4ba98c-0\"  class=\"panel-grid panel-no-style\"  data-style=\"{&quot;background_image_attachment&quot;:false,&quot;background_display&quot;:&quot;tile&quot;,&quot;full_height&quot;:&quot;&quot;,&quot;cell_alignment&quot;:&quot;flex-start&quot;,&quot;link_overlay_new_window&quot;:&quot;&quot;}\" ><div id=\"pgc-gb964-6a03a4f4ba98c-0-0\"  class=\"panel-grid-cell\"  data-weight=\"0.3\" ><div id=\"panel-gb964-6a03a4f4ba98c-0-0-0\" class=\"so-panel widget widget_media_image panel-first-child panel-last-child\" data-index=\"0\" data-style=\"{&quot;background_image_attachment&quot;:false,&quot;background_display&quot;:&quot;tile&quot;,&quot;margin&quot;:&quot;0px 0px 0px 60px&quot;,&quot;link_overlay_new_window&quot;:&quot;&quot;}\" ><img loading=\"lazy\" decoding=\"async\" width=\"150\" height=\"150\" src=\"https:\/\/site.educa.madrid.org\/ies.laarboleda.alcorcon\/\/wp-content\/uploads\/ies.laarboleda.alcorcon\/2021\/05\/la-2-Verde-Merche-150x150.jpg\" class=\"image wp-image-205  attachment-thumbnail size-thumbnail\" alt=\"\" style=\"max-width: 100%; height: auto;\" srcset=\"https:\/\/site.educa.madrid.org\/ies.laarboleda.alcorcon\/\/wp-content\/uploads\/ies.laarboleda.alcorcon\/2021\/05\/la-2-Verde-Merche-150x150.jpg 150w, https:\/\/site.educa.madrid.org\/ies.laarboleda.alcorcon\/\/wp-content\/uploads\/ies.laarboleda.alcorcon\/2021\/05\/la-2-Verde-Merche-300x300.jpg 300w, https:\/\/site.educa.madrid.org\/ies.laarboleda.alcorcon\/\/wp-content\/uploads\/ies.laarboleda.alcorcon\/2021\/05\/la-2-Verde-Merche-450x450.jpg 450w, https:\/\/site.educa.madrid.org\/ies.laarboleda.alcorcon\/\/wp-content\/uploads\/ies.laarboleda.alcorcon\/2021\/05\/la-2-Verde-Merche.jpg 662w\" sizes=\"auto, (max-width: 150px) 100vw, 150px\" \/><\/div><\/div><div id=\"pgc-gb964-6a03a4f4ba98c-0-1\"  class=\"panel-grid-cell\"  data-weight=\"0.7\" ><div id=\"panel-gb964-6a03a4f4ba98c-0-1-0\" class=\"so-panel widget widget_text panel-first-child panel-last-child\" data-index=\"1\" data-style=\"{&quot;background_image_attachment&quot;:false,&quot;background_display&quot;:&quot;tile&quot;,&quot;link_overlay_new_window&quot;:&quot;&quot;}\" ><h3 class=\"widget-title\">Departamento de F\u00edsica y Qu\u00edmica<\/h3>\t\t\t<div class=\"textwidget\"><\/div>\n\t\t<\/div><\/div><\/div><div id=\"pg-gb964-6a03a4f4ba98c-1\"  class=\"panel-grid panel-has-style\"  data-style=\"{&quot;background&quot;:&quot;#cceecc&quot;,&quot;background_image_attachment&quot;:false,&quot;background_display&quot;:&quot;tile&quot;,&quot;full_height&quot;:&quot;&quot;,&quot;cell_alignment&quot;:&quot;flex-start&quot;,&quot;link_overlay_new_window&quot;:&quot;&quot;}\" ><div class=\"panel-row-style panel-row-style-for-gb964-6a03a4f4ba98c-1\" ><div id=\"pgc-gb964-6a03a4f4ba98c-1-0\"  class=\"panel-grid-cell\"  data-weight=\"1\" ><div id=\"panel-gb964-6a03a4f4ba98c-1-0-0\" class=\"so-panel widget widget_text panel-first-child panel-last-child\" data-index=\"2\" data-style=\"{&quot;background_image_attachment&quot;:false,&quot;background_display&quot;:&quot;tile&quot;,&quot;margin&quot;:&quot;0px 60px 0px 60px&quot;,&quot;link_overlay_new_window&quot;:&quot;&quot;}\" ><h3 class=\"widget-title\">Noticias y avisos<\/h3>\t\t\t<div class=\"textwidget\"><\/div>\n\t\t<\/div><\/div><\/div><\/div><\/div>\n\n<ul class=\"wp-block-latest-posts__list has-dates has-author wp-block-latest-posts\"><li><a class=\"wp-block-latest-posts__post-title\" href=\"https:\/\/site.educa.madrid.org\/ies.laarboleda.alcorcon\/index.php\/2024\/10\/27\/plan-de-recuperacion-de-fisica-y-quimica-2\/\">PLAN DE RECUPERACI\u00d3N DE F\u00cdSICA Y QU\u00cdMICA 2024-25<\/a><div class=\"wp-block-latest-posts__post-author\">por Eva Victoria Hernandez Valcarce<\/div><time datetime=\"2024-10-27T21:27:10+01:00\" class=\"wp-block-latest-posts__post-date\">27 octubre, 2024<\/time><div class=\"wp-block-latest-posts__post-excerpt\">Documento 1 correspondiente al Plan de recuperaci\u00f3n de materias pendientes del Departamento de F\u00edsica y Qu\u00edmica para el curso 2024-25. F\u00edsica y Qu\u00edmica 2\u00baESO\u00a0 F\u00edsica y Qu\u00edmica 3\u00baESO F\u00edsica y Qu\u00edmica 1\u00baBACH<\/div><\/li>\n<li><a class=\"wp-block-latest-posts__post-title\" href=\"https:\/\/site.educa.madrid.org\/ies.laarboleda.alcorcon\/index.php\/2023\/12\/15\/criterios-de-evaluacion-fisica-y-quimica-2023-2024\/\">Criterios de Evaluaci\u00f3n &#8211; F\u00edsica y Qu\u00edmica &#8211; 2024-2025<\/a><div class=\"wp-block-latest-posts__post-author\">por Eva Victoria Hernandez Valcarce<\/div><time datetime=\"2023-12-15T11:33:52+01:00\" class=\"wp-block-latest-posts__post-date\">15 diciembre, 2023<\/time><div class=\"wp-block-latest-posts__post-excerpt\">Instrumentos de evaluaci\u00f3n y criterios de calificaci\u00f3n de la asignatura de F\u00edsica y Qu\u00edmica. 2\u00ba, 3\u00ba y 4\u00ba de Educaci\u00f3n Secundaria Obligatoria. \u00a0 Instrumentos de evaluaci\u00f3n y criterios de calificaci\u00f3n ESO Bachillerato 1\u00ba de Bachillerato F\u00edsica y Qu\u00edmica Instrumentos de evaluaci\u00f3n y criterios de calificaci\u00f3n 1\u00ba Bach 2\u00ba de Bachillerato F\u00edsica Instrumentos de evaluaci\u00f3n y<\/div><div class=\"blog-btn\"><a href=\"https:\/\/site.educa.madrid.org\/ies.laarboleda.alcorcon\/index.php\/2023\/12\/15\/criterios-de-evaluacion-fisica-y-quimica-2023-2024\/\" class=\"home-blog-btn\">Leer m\u00e1s<\/a><\/div><\/li>\n<\/ul>\n\n\n<p><\/p>\n\n\n\n<div style=\"height:10px\" aria-hidden=\"true\" class=\"wp-block-spacer\"><\/div>\n\n\n<div id=\"pl-gb964-6a03a4f4bcb8b\"  class=\"panel-layout\" ><div id=\"pg-gb964-6a03a4f4bcb8b-0\"  class=\"panel-grid panel-has-style\"  data-style=\"{&quot;background&quot;:&quot;#cceecc&quot;,&quot;background_image_attachment&quot;:false,&quot;background_display&quot;:&quot;tile&quot;,&quot;full_height&quot;:&quot;&quot;,&quot;cell_alignment&quot;:&quot;flex-start&quot;,&quot;link_overlay_new_window&quot;:&quot;&quot;}\" ><div class=\"panel-row-style panel-row-style-for-gb964-6a03a4f4bcb8b-0\" ><div id=\"pgc-gb964-6a03a4f4bcb8b-0-0\"  class=\"panel-grid-cell\"  data-weight=\"1\" ><div id=\"panel-gb964-6a03a4f4bcb8b-0-0-0\" class=\"so-panel widget widget_text panel-first-child panel-last-child\" data-index=\"0\" data-style=\"{&quot;background_image_attachment&quot;:false,&quot;background_display&quot;:&quot;tile&quot;,&quot;margin&quot;:&quot;0px 60px 0px 60px&quot;,&quot;link_overlay_new_window&quot;:&quot;&quot;}\" ><h3 class=\"widget-title\">Aulas virtuales del departamento<\/h3>\t\t\t<div class=\"textwidget\"><p><a href=\"https:\/\/aulavirtual33.educa.madrid.org\/ies.laarboleda.alcorcon\/course\/index.php?categoryid=75\">Aulas de ESO y bachillerato<\/a>.<\/p>\n<\/div>\n\t\t<\/div><\/div><\/div><\/div><\/div>\n\n\n<p><\/p>\n","protected":false},"excerpt":{"rendered":"","protected":false},"author":56,"featured_media":0,"parent":0,"menu_order":0,"comment_status":"closed","ping_status":"closed","template":"","meta":{"footnotes":""},"folder":[46],"class_list":["post-964","page","type-page","status-publish","hentry"],"rttpg_featured_image_url":null,"rttpg_author":{"display_name":"Francisco Gonz\u00e1lez Jim\u00e9nez","author_link":"https:\/\/site.educa.madrid.org\/ies.laarboleda.alcorcon\/index.php\/author\/francisco_gonzlez-jimnez\/"},"rttpg_comment":0,"rttpg_category":" <a href=\"https:\/\/site.educa.madrid.org\/ies.laarboleda.alcorcon\/?taxonomy=folder&#038;term=departamentos-1653086396\" rel=\"tag\">Departamentos<\/a>","rttpg_excerpt":null,"post_mailing_queue_ids":[],"_links":{"self":[{"href":"https:\/\/site.educa.madrid.org\/ies.laarboleda.alcorcon\/index.php\/wp-json\/wp\/v2\/pages\/964","targetHints":{"allow":["GET"]}}],"collection":[{"href":"https:\/\/site.educa.madrid.org\/ies.laarboleda.alcorcon\/index.php\/wp-json\/wp\/v2\/pages"}],"about":[{"href":"https:\/\/site.educa.madrid.org\/ies.laarboleda.alcorcon\/index.php\/wp-json\/wp\/v2\/types\/page"}],"author":[{"embeddable":true,"href":"https:\/\/site.educa.madrid.org\/ies.laarboleda.alcorcon\/index.php\/wp-json\/wp\/v2\/users\/56"}],"replies":[{"embeddable":true,"href":"https:\/\/site.educa.madrid.org\/ies.laarboleda.alcorcon\/index.php\/wp-json\/wp\/v2\/comments?post=964"}],"version-history":[{"count":12,"href":"https:\/\/site.educa.madrid.org\/ies.laarboleda.alcorcon\/index.php\/wp-json\/wp\/v2\/pages\/964\/revisions"}],"predecessor-version":[{"id":3048,"href":"https:\/\/site.educa.madrid.org\/ies.laarboleda.alcorcon\/index.php\/wp-json\/wp\/v2\/pages\/964\/revisions\/3048"}],"wp:attachment":[{"href":"https:\/\/site.educa.madrid.org\/ies.laarboleda.alcorcon\/index.php\/wp-json\/wp\/v2\/media?parent=964"}],"wp:term":[{"taxonomy":"folder","embeddable":true,"href":"https:\/\/site.educa.madrid.org\/ies.laarboleda.alcorcon\/index.php\/wp-json\/wp\/v2\/folder?post=964"}],"curies":[{"name":"wp","href":"https:\/\/api.w.org\/{rel}","templated":true}]}}