{"id":982,"date":"2022-05-19T12:05:46","date_gmt":"2022-05-19T10:05:46","guid":{"rendered":"https:\/\/site.educa.madrid.org\/ies.laarboleda.alcorcon\/?page_id=982"},"modified":"2023-12-14T13:10:23","modified_gmt":"2023-12-14T12:10:23","slug":"departamento-de-frances","status":"publish","type":"page","link":"https:\/\/site.educa.madrid.org\/ies.laarboleda.alcorcon\/index.php\/departamento-de-frances\/","title":{"rendered":"Franc\u00e9s"},"content":{"rendered":"<div id=\"pl-gb982-6a035ff9d3929\"  class=\"panel-layout\" ><div id=\"pg-gb982-6a035ff9d3929-0\"  class=\"panel-grid panel-no-style\"  data-style=\"{&quot;background_image_attachment&quot;:false,&quot;background_display&quot;:&quot;tile&quot;,&quot;full_height&quot;:&quot;&quot;,&quot;cell_alignment&quot;:&quot;flex-start&quot;,&quot;link_overlay_new_window&quot;:&quot;&quot;}\" ><div id=\"pgc-gb982-6a035ff9d3929-0-0\"  class=\"panel-grid-cell\"  data-weight=\"0.3\" ><div id=\"panel-gb982-6a035ff9d3929-0-0-0\" class=\"so-panel widget widget_media_image panel-first-child panel-last-child\" data-index=\"0\" data-style=\"{&quot;background_image_attachment&quot;:false,&quot;background_display&quot;:&quot;tile&quot;,&quot;margin&quot;:&quot;0px 0px 0px 60px&quot;,&quot;link_overlay_new_window&quot;:&quot;&quot;}\" ><img loading=\"lazy\" decoding=\"async\" width=\"150\" height=\"150\" src=\"https:\/\/site.educa.madrid.org\/ies.laarboleda.alcorcon\/\/wp-content\/uploads\/ies.laarboleda.alcorcon\/2022\/05\/Logo-Frances-150x150.png\" class=\"image wp-image-992  attachment-thumbnail size-thumbnail\" alt=\"\" style=\"max-width: 100%; height: auto;\" srcset=\"https:\/\/site.educa.madrid.org\/ies.laarboleda.alcorcon\/\/wp-content\/uploads\/ies.laarboleda.alcorcon\/2022\/05\/Logo-Frances-150x150.png 150w, https:\/\/site.educa.madrid.org\/ies.laarboleda.alcorcon\/\/wp-content\/uploads\/ies.laarboleda.alcorcon\/2022\/05\/Logo-Frances-300x300.png 300w\" sizes=\"auto, (max-width: 150px) 100vw, 150px\" \/><\/div><\/div><div id=\"pgc-gb982-6a035ff9d3929-0-1\"  class=\"panel-grid-cell\"  data-weight=\"0.7\" ><div id=\"panel-gb982-6a035ff9d3929-0-1-0\" class=\"so-panel widget widget_text panel-first-child panel-last-child\" data-index=\"1\" data-style=\"{&quot;background_image_attachment&quot;:false,&quot;background_display&quot;:&quot;tile&quot;,&quot;link_overlay_new_window&quot;:&quot;&quot;}\" ><h3 class=\"widget-title\">Departamento de Franc\u00e9s<\/h3>\t\t\t<div class=\"textwidget\"><p><img loading=\"lazy\" decoding=\"async\" class=\"alignnone size-medium wp-image-3131\" src=\"https:\/\/site.educa.madrid.org\/ies.laarboleda.alcorcon\/\/wp-content\/uploads\/ies.laarboleda.alcorcon\/2023\/01\/tCk7Wb9aesH36pcGP48yzzF58rDQda-300x150.jpg\" alt=\"\" width=\"300\" height=\"150\" srcset=\"https:\/\/site.educa.madrid.org\/ies.laarboleda.alcorcon\/\/wp-content\/uploads\/ies.laarboleda.alcorcon\/2023\/01\/tCk7Wb9aesH36pcGP48yzzF58rDQda-300x150.jpg 300w, https:\/\/site.educa.madrid.org\/ies.laarboleda.alcorcon\/\/wp-content\/uploads\/ies.laarboleda.alcorcon\/2023\/01\/tCk7Wb9aesH36pcGP48yzzF58rDQda-768x384.jpg 768w, https:\/\/site.educa.madrid.org\/ies.laarboleda.alcorcon\/\/wp-content\/uploads\/ies.laarboleda.alcorcon\/2023\/01\/tCk7Wb9aesH36pcGP48yzzF58rDQda.jpg 900w\" sizes=\"auto, (max-width: 300px) 100vw, 300px\" \/><\/p>\n<p>&nbsp;<\/p>\n<\/div>\n\t\t<\/div><\/div><\/div><div id=\"pg-gb982-6a035ff9d3929-1\"  class=\"panel-grid panel-has-style\"  data-style=\"{&quot;background&quot;:&quot;#cceecc&quot;,&quot;background_image_attachment&quot;:false,&quot;background_display&quot;:&quot;tile&quot;,&quot;full_height&quot;:&quot;&quot;,&quot;cell_alignment&quot;:&quot;flex-start&quot;,&quot;link_overlay_new_window&quot;:&quot;&quot;}\" ><div class=\"panel-row-style panel-row-style-for-gb982-6a035ff9d3929-1\" ><div id=\"pgc-gb982-6a035ff9d3929-1-0\"  class=\"panel-grid-cell\"  data-weight=\"1\" ><div id=\"panel-gb982-6a035ff9d3929-1-0-0\" class=\"so-panel widget widget_text panel-first-child panel-last-child\" data-index=\"2\" data-style=\"{&quot;background_image_attachment&quot;:false,&quot;background_display&quot;:&quot;tile&quot;,&quot;margin&quot;:&quot;0px 60px 0px 60px&quot;,&quot;link_overlay_new_window&quot;:&quot;&quot;}\" ><h3 class=\"widget-title\">Noticias y avisos<\/h3>\t\t\t<div class=\"textwidget\"><\/div>\n\t\t<\/div><\/div><\/div><\/div><\/div>\n\n\n<h2 class=\"wp-block-heading\">CRITERIOS DE EVALUACI\u00d3N Y DE CALIFICACI\u00d3N 2023-2024<\/h2>\n\n\n\n<p>Se presentan a continuaci\u00f3n los criterios de evaluaci\u00f3n y de calificaci\u00f3n para las materias impartidas por el Departamento de Franc\u00e9s durante el curso 2023-2024.<\/p>\n\n\n\n<p><strong>Grupos de ESO y Bachillerato<\/strong><\/p>\n\n\n\n<div class=\"wp-block-file\"><a id=\"wp-block-file--media-eb6d7ba8-2f4c-4a9e-bd5a-c672c2927eee\" href=\"https:\/\/site.educa.madrid.org\/ies.laarboleda.alcorcon\/\/wp-content\/uploads\/ies.laarboleda.alcorcon\/2023\/12\/1ESO_Criterios-ev.-y-cal._2023-2024-5.pdf\">1ESO_Criterios-ev.-y-cal._2023-2024<\/a><a href=\"https:\/\/site.educa.madrid.org\/ies.laarboleda.alcorcon\/\/wp-content\/uploads\/ies.laarboleda.alcorcon\/2023\/12\/1ESO_Criterios-ev.-y-cal._2023-2024-5.pdf\" class=\"wp-block-file__button wp-element-button\" download aria-describedby=\"wp-block-file--media-eb6d7ba8-2f4c-4a9e-bd5a-c672c2927eee\">Descarga<\/a><\/div>\n\n\n\n<div class=\"wp-block-file\"><a id=\"wp-block-file--media-189b6b45-2323-415f-8271-5475cf8ada82\" href=\"https:\/\/site.educa.madrid.org\/ies.laarboleda.alcorcon\/\/wp-content\/uploads\/ies.laarboleda.alcorcon\/2023\/12\/2ESO_Criterios-ev.-y-cal._2023-2024-1.pdf\">2ESO_Criterios-ev.-y-cal._2023-2024<\/a><a href=\"https:\/\/site.educa.madrid.org\/ies.laarboleda.alcorcon\/\/wp-content\/uploads\/ies.laarboleda.alcorcon\/2023\/12\/2ESO_Criterios-ev.-y-cal._2023-2024-1.pdf\" class=\"wp-block-file__button wp-element-button\" download aria-describedby=\"wp-block-file--media-189b6b45-2323-415f-8271-5475cf8ada82\">Descarga<\/a><\/div>\n\n\n\n<div class=\"wp-block-file\"><a id=\"wp-block-file--media-e0cb1e57-a850-4cd5-b46c-9b3e69316def\" href=\"https:\/\/site.educa.madrid.org\/ies.laarboleda.alcorcon\/\/wp-content\/uploads\/ies.laarboleda.alcorcon\/2023\/12\/1BTO_Criterios-ev.-y-cal._2023-2024.pdf\">1BTO_Criterios-ev.-y-cal._2023-2024<\/a><a href=\"https:\/\/site.educa.madrid.org\/ies.laarboleda.alcorcon\/\/wp-content\/uploads\/ies.laarboleda.alcorcon\/2023\/12\/1BTO_Criterios-ev.-y-cal._2023-2024.pdf\" class=\"wp-block-file__button wp-element-button\" download aria-describedby=\"wp-block-file--media-e0cb1e57-a850-4cd5-b46c-9b3e69316def\">Descarga<\/a><\/div>\n\n\n\n<div class=\"wp-block-file\"><a id=\"wp-block-file--media-19585b47-da6e-435c-8488-7e4e6e865ac0\" href=\"https:\/\/site.educa.madrid.org\/ies.laarboleda.alcorcon\/\/wp-content\/uploads\/ies.laarboleda.alcorcon\/2023\/12\/2BTO_Criterios-ev.-y-cal._2023-2024.pdf\">2BTO_Criterios-ev.-y-cal._2023-2024<\/a><a href=\"https:\/\/site.educa.madrid.org\/ies.laarboleda.alcorcon\/\/wp-content\/uploads\/ies.laarboleda.alcorcon\/2023\/12\/2BTO_Criterios-ev.-y-cal._2023-2024.pdf\" class=\"wp-block-file__button wp-element-button\" download aria-describedby=\"wp-block-file--media-19585b47-da6e-435c-8488-7e4e6e865ac0\">Descarga<\/a><\/div>\n\n\n\n<p><strong>Grupos de Grado Superior en Est\u00e9tica Integral y Bienestar<\/strong><\/p>\n\n\n\n<div class=\"wp-block-file\"><a id=\"wp-block-file--media-1fea63c8-b594-42ed-8401-5d4dadfcb49e\" href=\"https:\/\/site.educa.madrid.org\/ies.laarboleda.alcorcon\/\/wp-content\/uploads\/ies.laarboleda.alcorcon\/2023\/12\/1EST_Criterios-ev.-y-cal._2023-2024.pdf\">1EST_Criterios-ev.-y-cal._2023-2024<\/a><a href=\"https:\/\/site.educa.madrid.org\/ies.laarboleda.alcorcon\/\/wp-content\/uploads\/ies.laarboleda.alcorcon\/2023\/12\/1EST_Criterios-ev.-y-cal._2023-2024.pdf\" class=\"wp-block-file__button wp-element-button\" download aria-describedby=\"wp-block-file--media-1fea63c8-b594-42ed-8401-5d4dadfcb49e\">Descarga<\/a><\/div>\n\n\n\n<div class=\"wp-block-file\"><a id=\"wp-block-file--media-c19cdfee-f40e-4480-87ff-537121492185\" href=\"https:\/\/site.educa.madrid.org\/ies.laarboleda.alcorcon\/\/wp-content\/uploads\/ies.laarboleda.alcorcon\/2023\/12\/2EST_Criterios-ev.-y-cal._2023-2024.pdf\">2EST_Criterios-ev.-y-cal._2023-2024<\/a><a href=\"https:\/\/site.educa.madrid.org\/ies.laarboleda.alcorcon\/\/wp-content\/uploads\/ies.laarboleda.alcorcon\/2023\/12\/2EST_Criterios-ev.-y-cal._2023-2024.pdf\" class=\"wp-block-file__button wp-element-button\" download aria-describedby=\"wp-block-file--media-c19cdfee-f40e-4480-87ff-537121492185\">Descarga<\/a><\/div>\n\n\n\n<h2 class=\"wp-block-heading\">RECUPERACI\u00d3N DE PENDIENTES<\/h2>\n\n\n\n<p>Se informa de que, de manera general, el alumnado con alguna asignatura del departamento pendiente podr\u00e1 acudir al<strong> aula A11 durante la 7\u00aa hora (de 14:20 a 15:10) de los martes<\/strong>.<\/p>\n\n\n\n<p>La manera de recuperar la materia ser\u00e1 la entrega, en las fechas se\u00f1aladas, de un cuadernillo de actividades, ya proporcionado al alumnado.<\/p>\n\n\n\n<p>FECHAS:<\/p>\n\n\n\n<ul class=\"wp-block-list\">\n<li><strong>1\u00aa entrega: 11 de diciembre de 2023<\/strong><\/li>\n\n\n\n<li><strong>2\u00aa entrega: 29 de febrero de 2024<\/strong><\/li>\n\n\n\n<li><strong>3\u00aa entrega: 20 de marzo de 2024<\/strong><\/li>\n<\/ul>\n\n\n\n<p>El alumnado que no entregue las tareas en las fechas propuestas deber\u00e1 realizar un examen de recuperaci\u00f3n la semana del 15 al 19 de abril de 2024.<\/p>\n\n\n\n<p>A continuaci\u00f3n, se adjuntan los planes de pendientes para las asignaturas de Segunda Lengua Extranjera Franc\u00e9s de 1\u00ba de ESO y 2\u00ba de ESO.<\/p>\n\n\n\n<div class=\"wp-block-file\"><a id=\"wp-block-file--media-132f1b25-50bb-4a98-8b90-4e977f33d8d9\" href=\"https:\/\/site.educa.madrid.org\/ies.laarboleda.alcorcon\/\/wp-content\/uploads\/ies.laarboleda.alcorcon\/2023\/12\/1ESO-Plan-Pendientes-23-24.pdf\">1ESO-Plan-Pendientes-23-24<\/a><a href=\"https:\/\/site.educa.madrid.org\/ies.laarboleda.alcorcon\/\/wp-content\/uploads\/ies.laarboleda.alcorcon\/2023\/12\/1ESO-Plan-Pendientes-23-24.pdf\" class=\"wp-block-file__button wp-element-button\" download aria-describedby=\"wp-block-file--media-132f1b25-50bb-4a98-8b90-4e977f33d8d9\">Descarga<\/a><\/div>\n\n\n\n<div class=\"wp-block-file\"><a id=\"wp-block-file--media-6ff9a48b-2015-42c8-b381-a6c6ad16ac9c\" href=\"https:\/\/site.educa.madrid.org\/ies.laarboleda.alcorcon\/\/wp-content\/uploads\/ies.laarboleda.alcorcon\/2023\/12\/2ESO-Plan-Pendientes-23-24-1.pdf\">2ESO-Plan-Pendientes-23-24-1<\/a><a href=\"https:\/\/site.educa.madrid.org\/ies.laarboleda.alcorcon\/\/wp-content\/uploads\/ies.laarboleda.alcorcon\/2023\/12\/2ESO-Plan-Pendientes-23-24-1.pdf\" class=\"wp-block-file__button wp-element-button\" download aria-describedby=\"wp-block-file--media-6ff9a48b-2015-42c8-b381-a6c6ad16ac9c\">Descarga<\/a><\/div>\n\n\n\n<div style=\"height:10px\" aria-hidden=\"true\" class=\"wp-block-spacer\"><\/div>\n\n\n<div id=\"pl-gb982-6a035ff9d48cf\"  class=\"panel-layout\" ><div id=\"pg-gb982-6a035ff9d48cf-0\"  class=\"panel-grid panel-has-style\"  data-style=\"{&quot;background&quot;:&quot;#cceecc&quot;,&quot;background_image_attachment&quot;:false,&quot;background_display&quot;:&quot;tile&quot;,&quot;full_height&quot;:&quot;&quot;,&quot;cell_alignment&quot;:&quot;flex-start&quot;,&quot;link_overlay_new_window&quot;:&quot;&quot;}\" ><div class=\"panel-row-style panel-row-style-for-gb982-6a035ff9d48cf-0\" ><div id=\"pgc-gb982-6a035ff9d48cf-0-0\"  class=\"panel-grid-cell\"  data-weight=\"1\" ><div id=\"panel-gb982-6a035ff9d48cf-0-0-0\" class=\"so-panel widget widget_text panel-first-child panel-last-child\" data-index=\"0\" data-style=\"{&quot;background_image_attachment&quot;:false,&quot;background_display&quot;:&quot;tile&quot;,&quot;margin&quot;:&quot;0px 60px 0px 60px&quot;,&quot;link_overlay_new_window&quot;:&quot;&quot;}\" ><h3 class=\"widget-title\">Aulas virtuales del departamento<\/h3>\t\t\t<div class=\"textwidget\"><\/div>\n\t\t<\/div><\/div><\/div><\/div><\/div>\n\n\n<p><\/p>\n","protected":false},"excerpt":{"rendered":"<p>&nbsp;<\/p>\n","protected":false},"author":60,"featured_media":0,"parent":0,"menu_order":0,"comment_status":"closed","ping_status":"closed","template":"","meta":{"footnotes":""},"folder":[46],"class_list":["post-982","page","type-page","status-publish","hentry"],"rttpg_featured_image_url":null,"rttpg_author":{"display_name":"Santiago Gerardo Hensley Angulo","author_link":"https:\/\/site.educa.madrid.org\/ies.laarboleda.alcorcon\/index.php\/author\/santiago-g_hensley-angulo\/"},"rttpg_comment":0,"rttpg_category":" <a href=\"https:\/\/site.educa.madrid.org\/ies.laarboleda.alcorcon\/?taxonomy=folder&#038;term=departamentos-1653086396\" rel=\"tag\">Departamentos<\/a>","rttpg_excerpt":"&nbsp;","post_mailing_queue_ids":[],"_links":{"self":[{"href":"https:\/\/site.educa.madrid.org\/ies.laarboleda.alcorcon\/index.php\/wp-json\/wp\/v2\/pages\/982","targetHints":{"allow":["GET"]}}],"collection":[{"href":"https:\/\/site.educa.madrid.org\/ies.laarboleda.alcorcon\/index.php\/wp-json\/wp\/v2\/pages"}],"about":[{"href":"https:\/\/site.educa.madrid.org\/ies.laarboleda.alcorcon\/index.php\/wp-json\/wp\/v2\/types\/page"}],"author":[{"embeddable":true,"href":"https:\/\/site.educa.madrid.org\/ies.laarboleda.alcorcon\/index.php\/wp-json\/wp\/v2\/users\/60"}],"replies":[{"embeddable":true,"href":"https:\/\/site.educa.madrid.org\/ies.laarboleda.alcorcon\/index.php\/wp-json\/wp\/v2\/comments?post=982"}],"version-history":[{"count":25,"href":"https:\/\/site.educa.madrid.org\/ies.laarboleda.alcorcon\/index.php\/wp-json\/wp\/v2\/pages\/982\/revisions"}],"predecessor-version":[{"id":4249,"href":"https:\/\/site.educa.madrid.org\/ies.laarboleda.alcorcon\/index.php\/wp-json\/wp\/v2\/pages\/982\/revisions\/4249"}],"wp:attachment":[{"href":"https:\/\/site.educa.madrid.org\/ies.laarboleda.alcorcon\/index.php\/wp-json\/wp\/v2\/media?parent=982"}],"wp:term":[{"taxonomy":"folder","embeddable":true,"href":"https:\/\/site.educa.madrid.org\/ies.laarboleda.alcorcon\/index.php\/wp-json\/wp\/v2\/folder?post=982"}],"curies":[{"name":"wp","href":"https:\/\/api.w.org\/{rel}","templated":true}]}}