{"id":122,"date":"2015-03-14T22:24:19","date_gmt":"2015-03-14T22:24:19","guid":{"rendered":"http:\/\/ieslapoveda.es\/?page_id=122"},"modified":"2021-01-04T15:33:49","modified_gmt":"2021-01-04T15:33:49","slug":"cf-de-fp-basica","status":"publish","type":"page","link":"https:\/\/site.educa.madrid.org\/ies.lapoveda.arganda\/index.php\/oferta-educativa\/formacion-profesional-2-2\/cf-de-fp-basica\/","title":{"rendered":"CF de FP B\u00c1SICA"},"content":{"rendered":"<div class=\"paginaP\">\n<h4>CICLOS FORMATIVOS DE FORMACI\u00d3N PROFESIONAL B\u00c1SICA<\/h4>\n<h5><\/h5>\n<h5>Caracter\u00edsticas<\/h5>\n<p>Su finalidad es lograr que los alumnos adquieran un conjunto de conocimientos, destrezas, habilidades y actitudes que permitan desempe\u00f1ar un puesto de trabajo, prepararles para su incorporaci\u00f3n a estudios posteriores y para su inserci\u00f3n laboral y formarles para el ejercicio de sus derechos y obligaciones en la vida como ciudadanos.<\/p>\n<p>Comprende dos cursos acad\u00e9micos y se organiza en dos bloques comunes \u2013Comunicaci\u00f3n y Ciencias Sociales y Ciencias Aplicadas-, y en m\u00f3dulos profesionales que garantizan, al menos, la formaci\u00f3n necesaria para obtener una cualificaci\u00f3n de nivel 1 del Cat\u00e1logo Nacional de las Cualificaciones Profesionales, que integran los contenidos te\u00f3rico-pr\u00e1cticos adecuados a los diversos campos profesionales y contribuir\u00e1n, adem\u00e1s, a que el alumnado adquiera o complete las competencias del aprendizaje permanente.<\/p>\n<p>Estos t\u00edtulos incorporan un m\u00f3dulo profesional de Formaci\u00f3n en Centros de Trabajo (FCT) que se desarrolla en las empresas o centros de trabajo en un medio productivo real. Su objetivo es completar la formaci\u00f3n adquirida en el Centro educativo y se realiza al final de cada uno de los cursos, una vez superados los m\u00f3dulos correspondientes a cada una de las Cualificaciones, con una duraci\u00f3n de 160 horas por curso.<\/p>\n<hr \/>\n<p><a href=\"https:\/\/site.educa.madrid.org\/ies.lapoveda.arganda\/\/wp-content\/uploads\/ies.lapoveda.arganda\/2019\/06\/trptico_fp_preguntas_frecuentes.pdf\" target=\"_blank\" rel=\"noopener noreferrer\">TR\u00cdPTICO PREGUNTAS FRECUENTES SOBRE F.P.<\/a><\/p>\n<hr \/>\n<h5>Salidas<\/h5>\n<p>El t\u00edtulo de Profesional B\u00e1sico, que tiene efectos laborales y acad\u00e9micos, <strong>permite acceder a la Formaci\u00f3n Profesional de Grado Medio<\/strong>. Adem\u00e1s, los alumnos y alumnas que se encuentren en posesi\u00f3n de un t\u00edtulo Profesional B\u00e1sico podr\u00e1n <strong>obtener el t\u00edtulo de Graduado en Educaci\u00f3n Secundaria Obligatoria<\/strong>, mediante la superaci\u00f3n de la evaluaci\u00f3n final de Educaci\u00f3n Secundaria Obligatoria en las condiciones que marca la Ley.<\/p>\n<h5><\/h5>\n<h5>Requisitos de acceso<\/h5>\n<p>Los alumnos que accedan a estas ense\u00f1anzas, deben ser propuestos por el equipo educativo despu\u00e9s de haber cursado el primer ciclo de la ESO, excepcionalmente el segundo curso de la Educaci\u00f3n Secundaria Obligatoria y tener entre 15 y 17 a\u00f1os en el a\u00f1o en que se accede a las mismas.<\/p>\n<h5><\/h5>\n<h5>En el IES La Poveda se imparten los siguientes T\u00edtulos de Formaci\u00f3n Profesional B\u00e1sica:<\/h5>\n<ul>\n<li><a href=\"https:\/\/site.educa.madrid.org\/ies.lapoveda.arganda\/index.php\/oferta-educativa\/formacion-profesional-2-2\/cf-de-fp-basica\/servicios-administrativos\/\" target=\"_blank\" rel=\"noopener noreferrer\">T\u00edtulo profesional b\u00e1sico en Servicios Administrativos.<\/a><\/li>\n<li><a href=\"https:\/\/site.educa.madrid.org\/ies.lapoveda.arganda\/index.php\/oferta-educativa\/formacion-profesional-2-2\/cf-de-fp-basica\/electricidad-electronica\/\" target=\"_blank\" rel=\"noopener noreferrer\">T\u00edtulo profesional b\u00e1sico en Electricidad-Electr\u00f3nica.<\/a><\/li>\n<li><a href=\"https:\/\/site.educa.madrid.org\/ies.lapoveda.arganda\/index.php\/oferta-educativa\/formacion-profesional-2-2\/cf-de-fp-basica\/mantenimiento-de-vehiculos\/\" target=\"_blank\" rel=\"noopener noreferrer\">T\u00edtulo profesional b\u00e1sico en Mantenimiento de Veh\u00edculos.<\/a><br \/>\n<hr \/>\n<\/li>\n<\/ul>\n<figure id=\"attachment_204\" aria-describedby=\"caption-attachment-204\" style=\"width: 300px\" class=\"wp-caption alignleft\"><img loading=\"lazy\" decoding=\"async\" class=\"wp-image-204\" src=\"http:\/\/ieslapoveda.es\/wp-content\/uploads\/2015\/03\/IMAG0003-300x300.jpg\" alt=\"AULA SERVICIOS ADMINISTRATIVOS\" width=\"300\" height=\"225\" \/><figcaption id=\"caption-attachment-204\" class=\"wp-caption-text\">AULA SERVICIOS ADMINISTRATIVOS<\/figcaption><\/figure>\n<figure id=\"attachment_203\" aria-describedby=\"caption-attachment-203\" style=\"width: 301px\" class=\"wp-caption alignleft\"><img loading=\"lazy\" decoding=\"async\" class=\"wp-image-203\" src=\"http:\/\/ieslapoveda.es\/wp-content\/uploads\/2015\/03\/FOTO-ELECTRICIDAD-4-300x300.jpg\" alt=\"AULA ELECTRICIDAD Y ELECTR\u00d3NICA\" width=\"301\" height=\"225\" \/><figcaption id=\"caption-attachment-203\" class=\"wp-caption-text\">AULA ELECTRICIDAD Y ELECTR\u00d3NICA<\/figcaption><\/figure>\n<figure id=\"attachment_202\" aria-describedby=\"caption-attachment-202\" style=\"width: 300px\" class=\"wp-caption alignleft\"><img loading=\"lazy\" decoding=\"async\" class=\"wp-image-202\" src=\"http:\/\/ieslapoveda.es\/wp-content\/uploads\/2015\/03\/MECANIZADO1-300x300.jpg\" alt=\"AULA MANTENIMIENTO DE VEH\u00cdCULOS\" width=\"300\" height=\"231\" \/><figcaption id=\"caption-attachment-202\" class=\"wp-caption-text\">AULA MANTENIMIENTO DE VEH\u00cdCULOS<\/figcaption><\/figure>\n<\/div>\n","protected":false},"excerpt":{"rendered":"<p>CICLOS FORMATIVOS DE FORMACI\u00d3N PROFESIONAL B\u00c1SICA Caracter\u00edsticas Su finalidad es lograr que los alumnos adquieran un conjunto de conocimientos, destrezas, habilidades y actitudes que permitan desempe\u00f1ar un puesto de trabajo, prepararles para su incorporaci\u00f3n a estudios posteriores y para su inserci\u00f3n laboral y formarles para el ejercicio de sus derechos y obligaciones en la vida [&hellip;]<\/p>\n","protected":false},"author":3,"featured_media":0,"parent":117,"menu_order":0,"comment_status":"closed","ping_status":"closed","template":"","meta":{"footnotes":""},"folder":[],"class_list":["post-122","page","type-page","status-publish","hentry"],"rttpg_featured_image_url":null,"rttpg_author":{"display_name":"ies.lapoveda.arganda","author_link":"https:\/\/site.educa.madrid.org\/ies.lapoveda.arganda\/index.php\/author\/cuenta_ies-lapoveda-arganda\/"},"rttpg_comment":0,"rttpg_category":false,"rttpg_excerpt":"CICLOS FORMATIVOS DE FORMACI\u00d3N PROFESIONAL B\u00c1SICA Caracter\u00edsticas Su finalidad es lograr que los alumnos adquieran un conjunto de conocimientos, destrezas, habilidades y actitudes que permitan desempe\u00f1ar un puesto de trabajo, prepararles para su incorporaci\u00f3n a estudios posteriores y para su inserci\u00f3n laboral y formarles para el ejercicio de sus derechos y obligaciones en la vida&hellip;","post_mailing_queue_ids":[],"_links":{"self":[{"href":"https:\/\/site.educa.madrid.org\/ies.lapoveda.arganda\/index.php\/wp-json\/wp\/v2\/pages\/122","targetHints":{"allow":["GET"]}}],"collection":[{"href":"https:\/\/site.educa.madrid.org\/ies.lapoveda.arganda\/index.php\/wp-json\/wp\/v2\/pages"}],"about":[{"href":"https:\/\/site.educa.madrid.org\/ies.lapoveda.arganda\/index.php\/wp-json\/wp\/v2\/types\/page"}],"author":[{"embeddable":true,"href":"https:\/\/site.educa.madrid.org\/ies.lapoveda.arganda\/index.php\/wp-json\/wp\/v2\/users\/3"}],"replies":[{"embeddable":true,"href":"https:\/\/site.educa.madrid.org\/ies.lapoveda.arganda\/index.php\/wp-json\/wp\/v2\/comments?post=122"}],"version-history":[{"count":11,"href":"https:\/\/site.educa.madrid.org\/ies.lapoveda.arganda\/index.php\/wp-json\/wp\/v2\/pages\/122\/revisions"}],"predecessor-version":[{"id":3644,"href":"https:\/\/site.educa.madrid.org\/ies.lapoveda.arganda\/index.php\/wp-json\/wp\/v2\/pages\/122\/revisions\/3644"}],"up":[{"embeddable":true,"href":"https:\/\/site.educa.madrid.org\/ies.lapoveda.arganda\/index.php\/wp-json\/wp\/v2\/pages\/117"}],"wp:attachment":[{"href":"https:\/\/site.educa.madrid.org\/ies.lapoveda.arganda\/index.php\/wp-json\/wp\/v2\/media?parent=122"}],"wp:term":[{"taxonomy":"folder","embeddable":true,"href":"https:\/\/site.educa.madrid.org\/ies.lapoveda.arganda\/index.php\/wp-json\/wp\/v2\/folder?post=122"}],"curies":[{"name":"wp","href":"https:\/\/api.w.org\/{rel}","templated":true}]}}