{"id":124,"date":"2015-03-14T22:29:02","date_gmt":"2015-03-14T22:29:02","guid":{"rendered":"http:\/\/ieslapoveda.es\/?page_id=124"},"modified":"2023-05-31T12:18:46","modified_gmt":"2023-05-31T10:18:46","slug":"cf-de-grado-medio","status":"publish","type":"page","link":"https:\/\/site.educa.madrid.org\/ies.lapoveda.arganda\/index.php\/oferta-educativa\/formacion-profesional-2-2\/cf-de-grado-medio\/","title":{"rendered":"CF DE GRADO MEDIO"},"content":{"rendered":"<div class=\"paginaP\">\n<h4>CICLOS FORMATIVOS DE GRADO MEDIO<\/h4>\n<p>\u00a0<\/p>\n<p>Est\u00e1n considerados estudios de Educaci\u00f3n Secundaria postobligatoria.<\/p>\n<h5>\u00a0<\/h5>\n<h5>Caracter\u00edsticas<\/h5>\n<p>\u00a0<\/p>\n<p>Las principales <strong>caracter\u00edsticas<\/strong> de los Ciclos formativos de Grado Medio son:<\/p>\n<p>\u00a0<\/p>\n<ul>\n<li>Organizaci\u00f3n en m\u00f3dulos profesionales, constituidos por \u00e1reas de conocimientos te\u00f3rico-pr\u00e1cticos en funci\u00f3n del perfil profesional cursado.<\/li>\n<li>Duraci\u00f3n de 2.000 horas, distribuidas en dos cursos acad\u00e9micos.<\/li>\n<li>Incluyen un per\u00edodo de Formaci\u00f3n en Centros de Trabajo (FCT), de car\u00e1cter obligatorio, que se realiza en el \u00faltimo periodo de formaci\u00f3n en el Centro educativo.<\/li>\n<\/ul>\n<p>La titulaci\u00f3n que se obtiene al finalizar un Ciclo formativo de Grado Medio es la de T\u00e9cnico en la profesi\u00f3n correspondiente, acreditaci\u00f3n homologable en el mercado europeo de trabajo.<\/p>\n<hr \/>\n<p><a href=\"https:\/\/site.educa.madrid.org\/ies.lapoveda.arganda\/\/wp-content\/uploads\/ies.lapoveda.arganda\/2019\/06\/trptico_fp_preguntas_frecuentes.pdf\">TR\u00cdPTICO PREGUNTAS FRECUENTES SOBRE F.P.<\/a><\/p>\n<hr \/>\n<h5>Salidas<\/h5>\n<ul>\n<li><em><strong>Trabajo:<\/strong><\/em><\/li>\n<\/ul>\n<p>La principal finalidad de los Ciclos Formativos es la adquisici\u00f3n de un conjunto de conocimientos, destrezas, habilidades y actitudes que permitan desempe\u00f1ar un puesto de trabajo.<\/p>\n<p>\u00a0<\/p>\n<p>Los T\u00e9cnicos pueden incorporarse a cualquier empresa de \u00e1mbito p\u00fablico o privado que realice su actividad en el sector productivo al que pertenezca su Familia Profesional, bien de forma aut\u00f3noma, como gestor de una peque\u00f1a empresa o taller, bien por cuenta ajena, integrado en un equipo de trabajo, actuando bajo instrucciones y realizando tareas de mayor o menor polivalencia y responsabilidad en funci\u00f3n del tama\u00f1o y actividad de la empresa.<\/p>\n<p>\u00a0<\/p>\n<ul>\n<li><em><strong>\u00a0Bachillerato:<\/strong><\/em><\/li>\n<\/ul>\n<p>El t\u00edtulo de T\u00e9cnico permite el acceso a cualquier modalidad de Bachillerato.<\/p>\n<p>\u00a0<\/p>\n<p>El Real Decreto 777\/1998, de 30 de abril (BOE 8-5-98), establece en sus anexos convalidaciones de m\u00f3dulos profesionales con materias de Bachillerato. Sigue en vigor hasta su actualizaci\u00f3n. En el caso de los nuevos t\u00edtulos que se ofertan, derivados de la implantaci\u00f3n de la Ley Org\u00e1nica de Educaci\u00f3n (LOE), cada Real Decreto que regula las ense\u00f1anzas m\u00ednimas, establece las convalidaciones previstas.<\/p>\n<p>\u00a0<\/p>\n<ul>\n<li><em><strong>Acceso a Ciclos Formativos de Grado Superior:<\/strong><\/em><\/li>\n<\/ul>\n<p>Directo\u00a0<\/p>\n<p>\u00a0<\/p>\n<h5>Requistos de acceso<\/h5>\n<p>\u00a0<\/p>\n<p>Para cursar un Ciclo Formativo de Grado Medio<strong> se necesita<\/strong>:<\/p>\n<p>\u00a0<\/p>\n<ul>\n<li>Estar en posesi\u00f3n del t\u00edtulo de Educaci\u00f3n Secundaria.<\/li>\n<li>Estar en posesi\u00f3n de un t\u00edtulo de T\u00e9cnico o de T\u00e9cnico Auxiliar.<\/li>\n<li>Tener superado el segundo curso de Bachillerato Unificado Polivalente (BUP).<\/li>\n<li>Haber superado la prueba de acceso a ciclos formativos de grado medio (se requerir\u00e1 tener, al menos, diecisiete a\u00f1os, cumplidos en el a\u00f1o de realizaci\u00f3n de la prueba).<\/li>\n<\/ul>\n<hr \/>\n<h4>En el IES La Poveda se imparten los siguientes Ciclos Formativos de Grado Medio:\u00a0<\/h4>\n<p>\u00a0<\/p>\n<ul>\n<li><a href=\"https:\/\/site.educa.madrid.org\/ies.lapoveda.arganda\/index.php\/oferta-educativa\/formacion-profesional-2-2\/cf-de-grado-medio\/tecnico-en-gestion-administrativa\/\" target=\"_blank\" rel=\"noopener noreferrer\">T\u00e9cnico en Gesti\u00f3n Administrativa (diurno y vespertino).<\/a><\/li>\n<li><a href=\"https:\/\/site.educa.madrid.org\/ies.lapoveda.arganda\/index.php\/oferta-educativa\/formacion-profesional-2-2\/cf-de-grado-medio\/tecnico-en-instalaciones-electricas-y-automaticas\/\" target=\"_blank\" rel=\"noopener noreferrer\">T\u00e9cnico en Instalaciones El\u00e9ctricas y Autom\u00e1ticas.<\/a><\/li>\n<li><a href=\"https:\/\/site.educa.madrid.org\/ies.lapoveda.arganda\/index.php\/oferta-educativa\/formacion-profesional-2-2\/cf-de-grado-medio\/tecnico-en-electromecanica-de-vehiculos-automoviles\/\" target=\"_blank\" rel=\"noopener noreferrer\">T\u00e9cnico en Mantenimiento de Veh\u00edculos Autom\u00f3viles.<\/a><\/li>\n<li><a href=\"https:\/\/site.educa.madrid.org\/ies.lapoveda.arganda\/index.php\/oferta-educativa\/formacion-profesional-2-2\/cf-de-grado-medio\/tecnico-en-farmacia-y-parafarmacia\/\" target=\"_blank\" rel=\"noopener noreferrer\">T\u00e9cnico en Farmacia y Parafarmacia. (FCT Ampliada)<\/a><\/li>\n<li><a href=\"https:\/\/site.educa.madrid.org\/ies.lapoveda.arganda\/index.php\/tecnico-en-emergencias-sanitarias\/\">T\u00e9cnico en Emergencias Sanitarias (diurno y vespertino).<\/a><\/li>\n<li><a href=\"https:\/\/site.educa.madrid.org\/ies.lapoveda.arganda\/index.php\/tecnico-en-cuidados-auxiliares-de-enfermeria\/\">T\u00e9cnico en Cuidados auxiliares de enfermer\u00eda (vespertino).<\/a><\/li>\n<\/ul>\n<div class=\"mceTemp\">\u00a0<\/div>\n<\/div>\n\n\n<p><\/p>\n","protected":false},"excerpt":{"rendered":"<p>CICLOS FORMATIVOS DE GRADO MEDIO \u00a0 Est\u00e1n considerados estudios de Educaci\u00f3n Secundaria postobligatoria. \u00a0 Caracter\u00edsticas \u00a0 Las principales caracter\u00edsticas de los Ciclos formativos de Grado Medio son: \u00a0 Organizaci\u00f3n en m\u00f3dulos profesionales, constituidos por \u00e1reas de conocimientos te\u00f3rico-pr\u00e1cticos en funci\u00f3n del perfil profesional cursado. Duraci\u00f3n de 2.000 horas, distribuidas en dos cursos acad\u00e9micos. Incluyen un [&hellip;]<\/p>\n","protected":false},"author":3,"featured_media":0,"parent":117,"menu_order":0,"comment_status":"closed","ping_status":"closed","template":"","meta":{"footnotes":""},"folder":[],"class_list":["post-124","page","type-page","status-publish","hentry"],"rttpg_featured_image_url":null,"rttpg_author":{"display_name":"ies.lapoveda.arganda","author_link":"https:\/\/site.educa.madrid.org\/ies.lapoveda.arganda\/index.php\/author\/cuenta_ies-lapoveda-arganda\/"},"rttpg_comment":0,"rttpg_category":false,"rttpg_excerpt":"CICLOS FORMATIVOS DE GRADO MEDIO \u00a0 Est\u00e1n considerados estudios de Educaci\u00f3n Secundaria postobligatoria. \u00a0 Caracter\u00edsticas \u00a0 Las principales caracter\u00edsticas de los Ciclos formativos de Grado Medio son: \u00a0 Organizaci\u00f3n en m\u00f3dulos profesionales, constituidos por \u00e1reas de conocimientos te\u00f3rico-pr\u00e1cticos en funci\u00f3n del perfil profesional cursado. Duraci\u00f3n de 2.000 horas, distribuidas en dos cursos acad\u00e9micos. Incluyen un&hellip;","post_mailing_queue_ids":[],"_links":{"self":[{"href":"https:\/\/site.educa.madrid.org\/ies.lapoveda.arganda\/index.php\/wp-json\/wp\/v2\/pages\/124","targetHints":{"allow":["GET"]}}],"collection":[{"href":"https:\/\/site.educa.madrid.org\/ies.lapoveda.arganda\/index.php\/wp-json\/wp\/v2\/pages"}],"about":[{"href":"https:\/\/site.educa.madrid.org\/ies.lapoveda.arganda\/index.php\/wp-json\/wp\/v2\/types\/page"}],"author":[{"embeddable":true,"href":"https:\/\/site.educa.madrid.org\/ies.lapoveda.arganda\/index.php\/wp-json\/wp\/v2\/users\/3"}],"replies":[{"embeddable":true,"href":"https:\/\/site.educa.madrid.org\/ies.lapoveda.arganda\/index.php\/wp-json\/wp\/v2\/comments?post=124"}],"version-history":[{"count":19,"href":"https:\/\/site.educa.madrid.org\/ies.lapoveda.arganda\/index.php\/wp-json\/wp\/v2\/pages\/124\/revisions"}],"predecessor-version":[{"id":5887,"href":"https:\/\/site.educa.madrid.org\/ies.lapoveda.arganda\/index.php\/wp-json\/wp\/v2\/pages\/124\/revisions\/5887"}],"up":[{"embeddable":true,"href":"https:\/\/site.educa.madrid.org\/ies.lapoveda.arganda\/index.php\/wp-json\/wp\/v2\/pages\/117"}],"wp:attachment":[{"href":"https:\/\/site.educa.madrid.org\/ies.lapoveda.arganda\/index.php\/wp-json\/wp\/v2\/media?parent=124"}],"wp:term":[{"taxonomy":"folder","embeddable":true,"href":"https:\/\/site.educa.madrid.org\/ies.lapoveda.arganda\/index.php\/wp-json\/wp\/v2\/folder?post=124"}],"curies":[{"name":"wp","href":"https:\/\/api.w.org\/{rel}","templated":true}]}}