{"id":138,"date":"2015-03-14T22:49:35","date_gmt":"2015-03-14T22:49:35","guid":{"rendered":"http:\/\/ieslapoveda.es\/?page_id=138"},"modified":"2024-02-28T09:04:11","modified_gmt":"2024-02-28T08:04:11","slug":"eso-2","status":"publish","type":"page","link":"https:\/\/site.educa.madrid.org\/ies.lapoveda.arganda\/index.php\/oferta-educativa\/eso-2\/","title":{"rendered":"ESO"},"content":{"rendered":"<h4 style=\"text-align: justify;\">ESO<\/h4>\n<p style=\"text-align: justify;\">La finalidad de la Educaci\u00f3n Secundaria Obligatoria consiste en lograr que los alumnos y alumnas adquieran los elementos b\u00e1sicos de la cultura, especialmente en sus aspectos human\u00edstico, art\u00edstico, cient\u00edfico y tecnol\u00f3gico; desarrollar y consolidar en ellos h\u00e1bitos de estudio y de trabajo, prepararles para su incorporaci\u00f3n a estudios posteriores y para su inserci\u00f3n laboral y formarles para el ejercicio de sus derechos y obligaciones en la vida como ciudadanos.<\/p>\n<p>En la Educaci\u00f3n Secundaria Obligatoria se prestar\u00e1 especial atenci\u00f3n a la orientaci\u00f3n educativa y profesional de los alumnos.<\/p>\n<p style=\"text-align: justify;\">Distribuci\u00f3n horaria semanal<\/p>\n<hr \/>\n<h5 style=\"text-align: justify;\">1\u00ba ESO<\/h5>\n<p style=\"text-align: justify;\"><img loading=\"lazy\" decoding=\"async\" class=\"alignnone wp-image-6535 size-large\" src=\"https:\/\/site.educa.madrid.org\/ies.lapoveda.arganda\/\/wp-content\/uploads\/ies.lapoveda.arganda\/2024\/02\/1o-ESO-1024x576.jpg\" alt=\"\" width=\"640\" height=\"360\" srcset=\"https:\/\/site.educa.madrid.org\/ies.lapoveda.arganda\/\/wp-content\/uploads\/ies.lapoveda.arganda\/2024\/02\/1o-ESO-1024x576.jpg 1024w, https:\/\/site.educa.madrid.org\/ies.lapoveda.arganda\/\/wp-content\/uploads\/ies.lapoveda.arganda\/2024\/02\/1o-ESO-300x169.jpg 300w, https:\/\/site.educa.madrid.org\/ies.lapoveda.arganda\/\/wp-content\/uploads\/ies.lapoveda.arganda\/2024\/02\/1o-ESO-768x432.jpg 768w, https:\/\/site.educa.madrid.org\/ies.lapoveda.arganda\/\/wp-content\/uploads\/ies.lapoveda.arganda\/2024\/02\/1o-ESO.jpg 1058w\" sizes=\"auto, (max-width: 640px) 100vw, 640px\" \/><\/p>\n<hr \/>\n<h5>2\u00ba ESO<\/h5>\n<p style=\"text-align: justify;\"><img loading=\"lazy\" decoding=\"async\" class=\"alignnone wp-image-6536 size-full\" src=\"https:\/\/site.educa.madrid.org\/ies.lapoveda.arganda\/\/wp-content\/uploads\/ies.lapoveda.arganda\/2024\/02\/2o-ESO.jpg\" alt=\"\" width=\"1058\" height=\"595\" srcset=\"https:\/\/site.educa.madrid.org\/ies.lapoveda.arganda\/\/wp-content\/uploads\/ies.lapoveda.arganda\/2024\/02\/2o-ESO.jpg 1058w, https:\/\/site.educa.madrid.org\/ies.lapoveda.arganda\/\/wp-content\/uploads\/ies.lapoveda.arganda\/2024\/02\/2o-ESO-300x169.jpg 300w, https:\/\/site.educa.madrid.org\/ies.lapoveda.arganda\/\/wp-content\/uploads\/ies.lapoveda.arganda\/2024\/02\/2o-ESO-1024x576.jpg 1024w, https:\/\/site.educa.madrid.org\/ies.lapoveda.arganda\/\/wp-content\/uploads\/ies.lapoveda.arganda\/2024\/02\/2o-ESO-768x432.jpg 768w\" sizes=\"auto, (max-width: 1058px) 100vw, 1058px\" \/><\/p>\n<hr \/>\n<h5>3\u00ba ESO<\/h5>\n<p style=\"text-align: justify;\"><img loading=\"lazy\" decoding=\"async\" class=\"alignnone wp-image-6537 size-full\" src=\"https:\/\/site.educa.madrid.org\/ies.lapoveda.arganda\/\/wp-content\/uploads\/ies.lapoveda.arganda\/2024\/02\/3o-ESO.jpg\" alt=\"\" width=\"1058\" height=\"595\" srcset=\"https:\/\/site.educa.madrid.org\/ies.lapoveda.arganda\/\/wp-content\/uploads\/ies.lapoveda.arganda\/2024\/02\/3o-ESO.jpg 1058w, https:\/\/site.educa.madrid.org\/ies.lapoveda.arganda\/\/wp-content\/uploads\/ies.lapoveda.arganda\/2024\/02\/3o-ESO-300x169.jpg 300w, https:\/\/site.educa.madrid.org\/ies.lapoveda.arganda\/\/wp-content\/uploads\/ies.lapoveda.arganda\/2024\/02\/3o-ESO-1024x576.jpg 1024w, https:\/\/site.educa.madrid.org\/ies.lapoveda.arganda\/\/wp-content\/uploads\/ies.lapoveda.arganda\/2024\/02\/3o-ESO-768x432.jpg 768w\" sizes=\"auto, (max-width: 1058px) 100vw, 1058px\" \/><\/p>\n<hr \/>\n<h5>4\u00ba ESO<\/h5>\n<p><img loading=\"lazy\" decoding=\"async\" class=\"alignnone wp-image-6538 size-full\" src=\"https:\/\/site.educa.madrid.org\/ies.lapoveda.arganda\/\/wp-content\/uploads\/ies.lapoveda.arganda\/2024\/02\/4o-ESO.jpg\" alt=\"\" width=\"1058\" height=\"595\" srcset=\"https:\/\/site.educa.madrid.org\/ies.lapoveda.arganda\/\/wp-content\/uploads\/ies.lapoveda.arganda\/2024\/02\/4o-ESO.jpg 1058w, https:\/\/site.educa.madrid.org\/ies.lapoveda.arganda\/\/wp-content\/uploads\/ies.lapoveda.arganda\/2024\/02\/4o-ESO-300x169.jpg 300w, https:\/\/site.educa.madrid.org\/ies.lapoveda.arganda\/\/wp-content\/uploads\/ies.lapoveda.arganda\/2024\/02\/4o-ESO-1024x576.jpg 1024w, https:\/\/site.educa.madrid.org\/ies.lapoveda.arganda\/\/wp-content\/uploads\/ies.lapoveda.arganda\/2024\/02\/4o-ESO-768x432.jpg 768w\" sizes=\"auto, (max-width: 1058px) 100vw, 1058px\" \/><\/p>\n","protected":false},"excerpt":{"rendered":"<p>ESO La finalidad de la Educaci\u00f3n Secundaria Obligatoria consiste en lograr que los alumnos y alumnas adquieran los elementos b\u00e1sicos de la cultura, especialmente en sus aspectos human\u00edstico, art\u00edstico, cient\u00edfico y tecnol\u00f3gico; desarrollar y consolidar en ellos h\u00e1bitos de estudio y de trabajo, prepararles para su incorporaci\u00f3n a estudios posteriores y para su inserci\u00f3n laboral [&hellip;]<\/p>\n","protected":false},"author":3,"featured_media":0,"parent":94,"menu_order":0,"comment_status":"closed","ping_status":"open","template":"","meta":{"footnotes":""},"folder":[],"class_list":["post-138","page","type-page","status-publish","hentry"],"rttpg_featured_image_url":null,"rttpg_author":{"display_name":"ies.lapoveda.arganda","author_link":"https:\/\/site.educa.madrid.org\/ies.lapoveda.arganda\/index.php\/author\/cuenta_ies-lapoveda-arganda\/"},"rttpg_comment":0,"rttpg_category":false,"rttpg_excerpt":"ESO La finalidad de la Educaci\u00f3n Secundaria Obligatoria consiste en lograr que los alumnos y alumnas adquieran los elementos b\u00e1sicos de la cultura, especialmente en sus aspectos human\u00edstico, art\u00edstico, cient\u00edfico y tecnol\u00f3gico; desarrollar y consolidar en ellos h\u00e1bitos de estudio y de trabajo, prepararles para su incorporaci\u00f3n a estudios posteriores y para su inserci\u00f3n laboral&hellip;","post_mailing_queue_ids":[],"_links":{"self":[{"href":"https:\/\/site.educa.madrid.org\/ies.lapoveda.arganda\/index.php\/wp-json\/wp\/v2\/pages\/138","targetHints":{"allow":["GET"]}}],"collection":[{"href":"https:\/\/site.educa.madrid.org\/ies.lapoveda.arganda\/index.php\/wp-json\/wp\/v2\/pages"}],"about":[{"href":"https:\/\/site.educa.madrid.org\/ies.lapoveda.arganda\/index.php\/wp-json\/wp\/v2\/types\/page"}],"author":[{"embeddable":true,"href":"https:\/\/site.educa.madrid.org\/ies.lapoveda.arganda\/index.php\/wp-json\/wp\/v2\/users\/3"}],"replies":[{"embeddable":true,"href":"https:\/\/site.educa.madrid.org\/ies.lapoveda.arganda\/index.php\/wp-json\/wp\/v2\/comments?post=138"}],"version-history":[{"count":7,"href":"https:\/\/site.educa.madrid.org\/ies.lapoveda.arganda\/index.php\/wp-json\/wp\/v2\/pages\/138\/revisions"}],"predecessor-version":[{"id":6539,"href":"https:\/\/site.educa.madrid.org\/ies.lapoveda.arganda\/index.php\/wp-json\/wp\/v2\/pages\/138\/revisions\/6539"}],"up":[{"embeddable":true,"href":"https:\/\/site.educa.madrid.org\/ies.lapoveda.arganda\/index.php\/wp-json\/wp\/v2\/pages\/94"}],"wp:attachment":[{"href":"https:\/\/site.educa.madrid.org\/ies.lapoveda.arganda\/index.php\/wp-json\/wp\/v2\/media?parent=138"}],"wp:term":[{"taxonomy":"folder","embeddable":true,"href":"https:\/\/site.educa.madrid.org\/ies.lapoveda.arganda\/index.php\/wp-json\/wp\/v2\/folder?post=138"}],"curies":[{"name":"wp","href":"https:\/\/api.w.org\/{rel}","templated":true}]}}