{"id":142,"date":"2015-03-14T23:02:15","date_gmt":"2015-03-14T23:02:15","guid":{"rendered":"http:\/\/ieslapoveda.es\/?page_id=142"},"modified":"2024-07-15T09:26:52","modified_gmt":"2024-07-15T07:26:52","slug":"servicios-administrativos","status":"publish","type":"page","link":"https:\/\/site.educa.madrid.org\/ies.lapoveda.arganda\/index.php\/oferta-educativa\/formacion-profesional-2-2\/cf-de-fp-basica\/servicios-administrativos\/","title":{"rendered":"SERVICIOS ADMINISTRATIVOS"},"content":{"rendered":"<div class=\"paginaP\">\n<h4>T\u00cdTULO PROFESIONAL B\u00c1SICO EN SERVICIOS ADMINISTRATIVOS<\/h4>\n<h5>Competencia general<\/h5>\n<p>Realizar tareas administrativas y de gesti\u00f3n b\u00e1sicas, con autonom\u00eda con responsabilidad e iniciativa personal, operando con la calidad indicada, observando las normas de aplicaci\u00f3n vigente medioambientales y de seguridad e higiene en el trabajo y comunic\u00e1ndose de forma oral y escrita en lengua castellana, as\u00ed como en alguna lengua extranjera.<\/p>\n<h5>\u00a0<\/h5>\n<h5>Plan de estudios<\/h5>\n<\/div>\n<p>\u00a0<\/p>\n\n\n<div data-wp-interactive=\"core\/file\" class=\"wp-block-file\"><object data-wp-bind--hidden=\"!state.hasPdfPreview\" hidden class=\"wp-block-file__embed\" data=\"https:\/\/site.educa.madrid.org\/ies.lapoveda.arganda\/\/wp-content\/uploads\/ies.lapoveda.arganda\/2024\/07\/BASICO-ADGB01-Servicios-administrativos.pdf\" type=\"application\/pdf\" style=\"width:100%;height:600px\" aria-label=\"Incrustado de BASICO-ADGB01-Servicios-administrativos.\"><\/object><a id=\"wp-block-file--media-fd9c1d3e-3e0a-430a-af77-a1a07941490c\" href=\"https:\/\/site.educa.madrid.org\/ies.lapoveda.arganda\/\/wp-content\/uploads\/ies.lapoveda.arganda\/2024\/07\/BASICO-ADGB01-Servicios-administrativos.pdf\">BASICO-ADGB01-Servicios-administrativos<\/a><a href=\"https:\/\/site.educa.madrid.org\/ies.lapoveda.arganda\/\/wp-content\/uploads\/ies.lapoveda.arganda\/2024\/07\/BASICO-ADGB01-Servicios-administrativos.pdf\" class=\"wp-block-file__button wp-element-button\" download aria-describedby=\"wp-block-file--media-fd9c1d3e-3e0a-430a-af77-a1a07941490c\">Descarga<\/a><\/div>\n","protected":false},"excerpt":{"rendered":"<p>T\u00cdTULO PROFESIONAL B\u00c1SICO EN SERVICIOS ADMINISTRATIVOS Competencia general Realizar tareas administrativas y de gesti\u00f3n b\u00e1sicas, con autonom\u00eda con responsabilidad e iniciativa personal, operando con la calidad indicada, observando las normas de aplicaci\u00f3n vigente medioambientales y de seguridad e higiene en el trabajo y comunic\u00e1ndose de forma oral y escrita en lengua castellana, as\u00ed como en [&hellip;]<\/p>\n","protected":false},"author":3,"featured_media":0,"parent":122,"menu_order":0,"comment_status":"closed","ping_status":"open","template":"","meta":{"footnotes":""},"folder":[],"class_list":["post-142","page","type-page","status-publish","hentry"],"rttpg_featured_image_url":null,"rttpg_author":{"display_name":"ies.lapoveda.arganda","author_link":"https:\/\/site.educa.madrid.org\/ies.lapoveda.arganda\/index.php\/author\/cuenta_ies-lapoveda-arganda\/"},"rttpg_comment":0,"rttpg_category":false,"rttpg_excerpt":"T\u00cdTULO PROFESIONAL B\u00c1SICO EN SERVICIOS ADMINISTRATIVOS Competencia general Realizar tareas administrativas y de gesti\u00f3n b\u00e1sicas, con autonom\u00eda con responsabilidad e iniciativa personal, operando con la calidad indicada, observando las normas de aplicaci\u00f3n vigente medioambientales y de seguridad e higiene en el trabajo y comunic\u00e1ndose de forma oral y escrita en lengua castellana, as\u00ed como en&hellip;","post_mailing_queue_ids":[],"_links":{"self":[{"href":"https:\/\/site.educa.madrid.org\/ies.lapoveda.arganda\/index.php\/wp-json\/wp\/v2\/pages\/142","targetHints":{"allow":["GET"]}}],"collection":[{"href":"https:\/\/site.educa.madrid.org\/ies.lapoveda.arganda\/index.php\/wp-json\/wp\/v2\/pages"}],"about":[{"href":"https:\/\/site.educa.madrid.org\/ies.lapoveda.arganda\/index.php\/wp-json\/wp\/v2\/types\/page"}],"author":[{"embeddable":true,"href":"https:\/\/site.educa.madrid.org\/ies.lapoveda.arganda\/index.php\/wp-json\/wp\/v2\/users\/3"}],"replies":[{"embeddable":true,"href":"https:\/\/site.educa.madrid.org\/ies.lapoveda.arganda\/index.php\/wp-json\/wp\/v2\/comments?post=142"}],"version-history":[{"count":7,"href":"https:\/\/site.educa.madrid.org\/ies.lapoveda.arganda\/index.php\/wp-json\/wp\/v2\/pages\/142\/revisions"}],"predecessor-version":[{"id":7113,"href":"https:\/\/site.educa.madrid.org\/ies.lapoveda.arganda\/index.php\/wp-json\/wp\/v2\/pages\/142\/revisions\/7113"}],"up":[{"embeddable":true,"href":"https:\/\/site.educa.madrid.org\/ies.lapoveda.arganda\/index.php\/wp-json\/wp\/v2\/pages\/122"}],"wp:attachment":[{"href":"https:\/\/site.educa.madrid.org\/ies.lapoveda.arganda\/index.php\/wp-json\/wp\/v2\/media?parent=142"}],"wp:term":[{"taxonomy":"folder","embeddable":true,"href":"https:\/\/site.educa.madrid.org\/ies.lapoveda.arganda\/index.php\/wp-json\/wp\/v2\/folder?post=142"}],"curies":[{"name":"wp","href":"https:\/\/api.w.org\/{rel}","templated":true}]}}