{"id":154,"date":"2015-03-14T23:27:02","date_gmt":"2015-03-14T23:27:02","guid":{"rendered":"http:\/\/ieslapoveda.es\/?page_id=154"},"modified":"2024-07-15T09:25:31","modified_gmt":"2024-07-15T07:25:31","slug":"electricidad-electronica","status":"publish","type":"page","link":"https:\/\/site.educa.madrid.org\/ies.lapoveda.arganda\/index.php\/oferta-educativa\/formacion-profesional-2-2\/cf-de-fp-basica\/electricidad-electronica\/","title":{"rendered":"ELECTRICIDAD-ELECTR\u00d3NICA"},"content":{"rendered":"<div class=\"paginaP\">\n<h4>T\u00cdTULO PROFESIONAL B\u00c1SICO EN ELECTRICIDAD &#8211; ELECTR\u00d3NICA<\/h4>\n<h5>Competencia general<\/h5>\n<p>Realizar operaciones auxiliares en el montaje y mantenimiento de elementos y equipos el\u00e9ctricos y electr\u00f3nicos, as\u00ed como en instalaciones electrot\u00e9cnicas y de telecomunicaciones para edificios y conjuntos de edificios, aplicando las t\u00e9cnicas requeridas, operando con la calidad indicada, observando las normas de prevenci\u00f3n de riesgos laborales y protecci\u00f3n medioambiental correspondientes y comunic\u00e1ndose de forma oral y escrita en lengua castellana as\u00ed como en alguna lengua extranjera.<\/p>\n<h5>Plan de estudios<\/h5>\n<\/div>\n<p>\u00a0<\/p>\n\n\n<div data-wp-interactive=\"core\/file\" class=\"wp-block-file aligncenter\"><object data-wp-bind--hidden=\"!state.hasPdfPreview\" hidden class=\"wp-block-file__embed\" data=\"https:\/\/site.educa.madrid.org\/ies.lapoveda.arganda\/\/wp-content\/uploads\/ies.lapoveda.arganda\/2024\/07\/BASICO-ELEB01-Electricidad-y-electronica.pdf\" type=\"application\/pdf\" style=\"width:100%;height:586px\" aria-label=\"Incrustado de BASICO-ELEB01-Electricidad-y-electronica.\"><\/object><a id=\"wp-block-file--media-310f1875-c32a-4347-a6bb-f2f9eec1cb6d\" href=\"https:\/\/site.educa.madrid.org\/ies.lapoveda.arganda\/\/wp-content\/uploads\/ies.lapoveda.arganda\/2024\/07\/BASICO-ELEB01-Electricidad-y-electronica.pdf\">BASICO-ELEB01-Electricidad-y-electronica<\/a><a href=\"https:\/\/site.educa.madrid.org\/ies.lapoveda.arganda\/\/wp-content\/uploads\/ies.lapoveda.arganda\/2024\/07\/BASICO-ELEB01-Electricidad-y-electronica.pdf\" class=\"wp-block-file__button wp-element-button\" download aria-describedby=\"wp-block-file--media-310f1875-c32a-4347-a6bb-f2f9eec1cb6d\">Descarga<\/a><\/div>\n","protected":false},"excerpt":{"rendered":"<p>T\u00cdTULO PROFESIONAL B\u00c1SICO EN ELECTRICIDAD &#8211; ELECTR\u00d3NICA Competencia general Realizar operaciones auxiliares en el montaje y mantenimiento de elementos y equipos el\u00e9ctricos y electr\u00f3nicos, as\u00ed como en instalaciones electrot\u00e9cnicas y de telecomunicaciones para edificios y conjuntos de edificios, aplicando las t\u00e9cnicas requeridas, operando con la calidad indicada, observando las normas de prevenci\u00f3n de riesgos laborales [&hellip;]<\/p>\n","protected":false},"author":3,"featured_media":0,"parent":122,"menu_order":0,"comment_status":"closed","ping_status":"open","template":"","meta":{"footnotes":""},"folder":[],"class_list":["post-154","page","type-page","status-publish","hentry"],"rttpg_featured_image_url":null,"rttpg_author":{"display_name":"ies.lapoveda.arganda","author_link":"https:\/\/site.educa.madrid.org\/ies.lapoveda.arganda\/index.php\/author\/cuenta_ies-lapoveda-arganda\/"},"rttpg_comment":0,"rttpg_category":false,"rttpg_excerpt":"T\u00cdTULO PROFESIONAL B\u00c1SICO EN ELECTRICIDAD &#8211; ELECTR\u00d3NICA Competencia general Realizar operaciones auxiliares en el montaje y mantenimiento de elementos y equipos el\u00e9ctricos y electr\u00f3nicos, as\u00ed como en instalaciones electrot\u00e9cnicas y de telecomunicaciones para edificios y conjuntos de edificios, aplicando las t\u00e9cnicas requeridas, operando con la calidad indicada, observando las normas de prevenci\u00f3n de riesgos laborales&hellip;","post_mailing_queue_ids":[],"_links":{"self":[{"href":"https:\/\/site.educa.madrid.org\/ies.lapoveda.arganda\/index.php\/wp-json\/wp\/v2\/pages\/154","targetHints":{"allow":["GET"]}}],"collection":[{"href":"https:\/\/site.educa.madrid.org\/ies.lapoveda.arganda\/index.php\/wp-json\/wp\/v2\/pages"}],"about":[{"href":"https:\/\/site.educa.madrid.org\/ies.lapoveda.arganda\/index.php\/wp-json\/wp\/v2\/types\/page"}],"author":[{"embeddable":true,"href":"https:\/\/site.educa.madrid.org\/ies.lapoveda.arganda\/index.php\/wp-json\/wp\/v2\/users\/3"}],"replies":[{"embeddable":true,"href":"https:\/\/site.educa.madrid.org\/ies.lapoveda.arganda\/index.php\/wp-json\/wp\/v2\/comments?post=154"}],"version-history":[{"count":9,"href":"https:\/\/site.educa.madrid.org\/ies.lapoveda.arganda\/index.php\/wp-json\/wp\/v2\/pages\/154\/revisions"}],"predecessor-version":[{"id":7109,"href":"https:\/\/site.educa.madrid.org\/ies.lapoveda.arganda\/index.php\/wp-json\/wp\/v2\/pages\/154\/revisions\/7109"}],"up":[{"embeddable":true,"href":"https:\/\/site.educa.madrid.org\/ies.lapoveda.arganda\/index.php\/wp-json\/wp\/v2\/pages\/122"}],"wp:attachment":[{"href":"https:\/\/site.educa.madrid.org\/ies.lapoveda.arganda\/index.php\/wp-json\/wp\/v2\/media?parent=154"}],"wp:term":[{"taxonomy":"folder","embeddable":true,"href":"https:\/\/site.educa.madrid.org\/ies.lapoveda.arganda\/index.php\/wp-json\/wp\/v2\/folder?post=154"}],"curies":[{"name":"wp","href":"https:\/\/api.w.org\/{rel}","templated":true}]}}