{"id":19,"date":"2015-03-03T23:46:11","date_gmt":"2015-03-03T23:46:11","guid":{"rendered":"http:\/\/ieslapoveda.es\/?page_id=19"},"modified":"2020-11-27T13:03:07","modified_gmt":"2020-11-27T13:03:07","slug":"bolsa-de-trabajo","status":"publish","type":"page","link":"https:\/\/site.educa.madrid.org\/ies.lapoveda.arganda\/index.php\/proyectos-del-centro\/formacion-profesional-2\/bolsa-de-trabajo\/","title":{"rendered":"BOLSA DE TRABAJO"},"content":{"rendered":"<div class=\"paginaP\">\n<h4>BOLSA DE TRABAJO<\/h4>\n<p>La bolsa de empleo del IES La Poveda es un servicio que el Centro pone a disposici\u00f3n de aquellos alumnos que han conseguido un t\u00edtulo de Formaci\u00f3n Profesional de Grado Medio o Superior en el Centro, siempre que no hayan transcurrido m\u00e1s de tres cursos acad\u00e9micos desde que finalizaron sus estudios.<\/p>\n<p>Su principal finalidad es la de facilitar a sus alumnos que obtienen un t\u00edtulo de Grado Medio o Superior en el IES La Poveda las mejores oportunidades de trabajo, a trav\u00e9s de las siguientes actuaciones:<\/p>\n<ul>\n<li>Facilitar a nuestros alumnos la incorporaci\u00f3n al mundo laboral, a trav\u00e9s de la orientaci\u00f3n profesionalizadora y el apoyo a la inserci\u00f3n laboral que vienen realizando en la actualidad de modo directo los profesores-tutores encargados de la FCT de cada uno de los Ciclos Formativos que se imparten en el IES.<\/li>\n<li>Poner a disposici\u00f3n de las empresas que lo necesiten, candidatos de perfiles t\u00e9cnicos cualificados en las diferentes familias profesionales que se imparten en el IES La Poveda.<\/li>\n<\/ul>\n<p>El objetivo principal de la bolsa de trabajo del I.E.S. La Poveda, es el de facilitar a sus alumnos las mejores oportunidades de trabajo, a trav\u00e9s de las siguientes actuaciones:<\/p>\n<ul>\n<li>Orientaci\u00f3n profesional.<\/li>\n<li>Seguimiento del inicio de la vida laboral durante los 3 primeros a\u00f1os una vez concluido el Ciclo Formativo.<\/li>\n<li>Puesta a disposici\u00f3n de las empresas que lo necesiten candidatos de perfiles t\u00e9cnicos cualificados en cada una de las familias profesionales que se imparten en el IES<\/li>\n<\/ul>\n<p>Para participar en la Bolsa de Trabajo del IES La Poveda los alumnos titulados deber\u00e1n enviar a la direcci\u00f3n de correo xx@ieslapoveda.es, la siguiente documentaci\u00f3n:<\/p>\n<ul>\n<li>Impreso de autorizaci\u00f3n de cesi\u00f3n de datos (una vez cumplimentado debe firmarse y enviarse escaneado y convertido a formato pdf). \u2013 ENLACE A DOCUMENTO<\/li>\n<li>Curriculum vitae, en formato pdf. (Puedes mirar dossier de \u201cT\u00e9cnicas de b\u00fasqueda de empleo\u201d en el men\u00fa de alumnos &#8211; orientaci\u00f3n).<\/li>\n<\/ul>\n<h5>Cifras de la inserci\u00f3n laboral de los alumnos de Ciclos Formativos de Grado Medio y Superior.<\/h5>\n<p>El estudio de la inserci\u00f3n laboral de los alumnos que finalizan Ciclos Formativos se hace transcurridos, al menos, 6 meses desde la finalizaci\u00f3n del m\u00f3dulo de formaci\u00f3n en centros de trabajo, y por tanto de obtener el t\u00edtulo.<\/p>\n<h5> Documentos anexos:<\/h5>\n<p><a href=\"https:\/\/site.educa.madrid.org\/ies.lapoveda.arganda\/\/wp-content\/uploads\/ies.lapoveda.arganda\/2015\/03\/CIFRAS-INSERCION-LABORAL.pdf\">Cifras de inserci\u00f3n laboral de los alumnos titulados en el IES La Poveda entre los cursos 2005\/06 y 2013\/14.<\/a><\/p>\n<p><a href=\"https:\/\/site.educa.madrid.org\/ies.lapoveda.arganda\/\/wp-content\/uploads\/ies.lapoveda.arganda\/2015\/03\/Impreso-de-autorizacion-de-cesi\u00a2n-de-datos.pdf\">Impreso de autorizaci\u00f3n de cesi\u00f3n de datos.<\/a><\/p>\n<\/div>\n","protected":false},"excerpt":{"rendered":"<p>BOLSA DE TRABAJO La bolsa de empleo del IES La Poveda es un servicio que el Centro pone a disposici\u00f3n de aquellos alumnos que han conseguido un t\u00edtulo de Formaci\u00f3n Profesional de Grado Medio o Superior en el Centro, siempre que no hayan transcurrido m\u00e1s de tres cursos acad\u00e9micos desde que finalizaron sus estudios. Su [&hellip;]<\/p>\n","protected":false},"author":3,"featured_media":0,"parent":109,"menu_order":0,"comment_status":"closed","ping_status":"open","template":"","meta":{"footnotes":""},"folder":[],"class_list":["post-19","page","type-page","status-publish","hentry"],"rttpg_featured_image_url":null,"rttpg_author":{"display_name":"ies.lapoveda.arganda","author_link":"https:\/\/site.educa.madrid.org\/ies.lapoveda.arganda\/index.php\/author\/cuenta_ies-lapoveda-arganda\/"},"rttpg_comment":0,"rttpg_category":false,"rttpg_excerpt":"BOLSA DE TRABAJO La bolsa de empleo del IES La Poveda es un servicio que el Centro pone a disposici\u00f3n de aquellos alumnos que han conseguido un t\u00edtulo de Formaci\u00f3n Profesional de Grado Medio o Superior en el Centro, siempre que no hayan transcurrido m\u00e1s de tres cursos acad\u00e9micos desde que finalizaron sus estudios. Su&hellip;","post_mailing_queue_ids":[],"_links":{"self":[{"href":"https:\/\/site.educa.madrid.org\/ies.lapoveda.arganda\/index.php\/wp-json\/wp\/v2\/pages\/19","targetHints":{"allow":["GET"]}}],"collection":[{"href":"https:\/\/site.educa.madrid.org\/ies.lapoveda.arganda\/index.php\/wp-json\/wp\/v2\/pages"}],"about":[{"href":"https:\/\/site.educa.madrid.org\/ies.lapoveda.arganda\/index.php\/wp-json\/wp\/v2\/types\/page"}],"author":[{"embeddable":true,"href":"https:\/\/site.educa.madrid.org\/ies.lapoveda.arganda\/index.php\/wp-json\/wp\/v2\/users\/3"}],"replies":[{"embeddable":true,"href":"https:\/\/site.educa.madrid.org\/ies.lapoveda.arganda\/index.php\/wp-json\/wp\/v2\/comments?post=19"}],"version-history":[{"count":3,"href":"https:\/\/site.educa.madrid.org\/ies.lapoveda.arganda\/index.php\/wp-json\/wp\/v2\/pages\/19\/revisions"}],"predecessor-version":[{"id":3572,"href":"https:\/\/site.educa.madrid.org\/ies.lapoveda.arganda\/index.php\/wp-json\/wp\/v2\/pages\/19\/revisions\/3572"}],"up":[{"embeddable":true,"href":"https:\/\/site.educa.madrid.org\/ies.lapoveda.arganda\/index.php\/wp-json\/wp\/v2\/pages\/109"}],"wp:attachment":[{"href":"https:\/\/site.educa.madrid.org\/ies.lapoveda.arganda\/index.php\/wp-json\/wp\/v2\/media?parent=19"}],"wp:term":[{"taxonomy":"folder","embeddable":true,"href":"https:\/\/site.educa.madrid.org\/ies.lapoveda.arganda\/index.php\/wp-json\/wp\/v2\/folder?post=19"}],"curies":[{"name":"wp","href":"https:\/\/api.w.org\/{rel}","templated":true}]}}