{"id":21,"date":"2015-03-03T23:47:16","date_gmt":"2015-03-03T23:47:16","guid":{"rendered":"http:\/\/ieslapoveda.es\/?page_id=21"},"modified":"2026-04-28T13:05:17","modified_gmt":"2026-04-28T11:05:17","slug":"carta-erasmus","status":"publish","type":"page","link":"https:\/\/site.educa.madrid.org\/ies.lapoveda.arganda\/index.php\/proyectos-del-centro\/formacion-profesional-2\/carta-erasmus\/","title":{"rendered":""},"content":{"rendered":"\n<figure class=\"wp-block-image size-large\"><img loading=\"lazy\" decoding=\"async\" width=\"1024\" height=\"673\" src=\"https:\/\/site.educa.madrid.org\/ies.lapoveda.arganda\/\/wp-content\/uploads\/ies.lapoveda.arganda\/2026\/04\/Erasmus-Acuacion-6-Impulso-y-calidad-en-la-FP-1024x673.png\" alt=\"\" class=\"wp-image-8060\" srcset=\"https:\/\/site.educa.madrid.org\/ies.lapoveda.arganda\/\/wp-content\/uploads\/ies.lapoveda.arganda\/2026\/04\/Erasmus-Acuacion-6-Impulso-y-calidad-en-la-FP-1024x673.png 1024w, https:\/\/site.educa.madrid.org\/ies.lapoveda.arganda\/\/wp-content\/uploads\/ies.lapoveda.arganda\/2026\/04\/Erasmus-Acuacion-6-Impulso-y-calidad-en-la-FP-300x197.png 300w, https:\/\/site.educa.madrid.org\/ies.lapoveda.arganda\/\/wp-content\/uploads\/ies.lapoveda.arganda\/2026\/04\/Erasmus-Acuacion-6-Impulso-y-calidad-en-la-FP-768x505.png 768w, https:\/\/site.educa.madrid.org\/ies.lapoveda.arganda\/\/wp-content\/uploads\/ies.lapoveda.arganda\/2026\/04\/Erasmus-Acuacion-6-Impulso-y-calidad-en-la-FP.png 1100w\" sizes=\"auto, (max-width: 1024px) 100vw, 1024px\" \/><\/figure>\n\n\n\n<p class=\"has-large-font-size\"><\/p>\n\n\n\n<p><\/p>\n\n\n\n<p>&nbsp;<\/p>\n\n\n\n<div class=\"paginaP\">\n<h4>CARTA ERASMUS<\/h4>\n<p>El programa Erasmus va dirigido a atender las necesidades de ense\u00f1anza, aprendizaje y pr\u00e1cticas en empresas en otro pa\u00eds de la Uni\u00f3n Europea para alumnos que est\u00e9n cursando un Ciclo Formativo.<\/p>\n<p>El IES La Poveda ha obtenido la Carta universitaria <a href=\"https:\/\/site.educa.madrid.org\/ies.lapoveda.arganda\/\/wp-content\/uploads\/ies.lapoveda.arganda\/2021\/04\/Erasmus-Charter-for-Higher-Education_firmada.pdf\" target=\"_blank\" rel=\"noopener noreferrer\">ERASMUS CHARTE FOR HIGUER EDUCATION 2021-2027<\/a> que le habilita para obtener becas Erasmus para la realizaci\u00f3n de pr\u00e1cticas en empresas europeas.<\/p>\n<p>Los objetivos que persigue son:<\/p>\n<ol>\n<li>Completar la formaci\u00f3n te\u00f3rica de los participantes con la experiencia pr\u00e1ctica en empresas europeas de su perfil profesional.<\/li>\n<li>Obtener la acreditaci\u00f3n de las competencias profesionales con la obtenci\u00f3n del t\u00edtulo y el documento de Movilidad Europea (Europass).<\/li>\n<li>Adquirir y mejorar las competencias ling\u00fc\u00edsticas y las transversales (versatilidad, capacidad de adaptaci\u00f3n y comunicaci\u00f3n, autonom\u00eda personal, toma de decisiones&#8230;).<\/li>\n<li>Contribuir al desarrollo profesional, personal y social de los participantes como ciudadanos europeos.<\/li>\n<li>Ayudar a aumentar las posibilidades de inserci\u00f3n profesional de los participantes.<\/li>\n<\/ol>\n<h3 style=\"text-align: center;\"><a href=\"https:\/\/site.educa.madrid.org\/ies.lapoveda.arganda\/\/wp-content\/uploads\/ies.lapoveda.arganda\/2021\/04\/Erasmus-Charter-for-Higher-Education_firmada.pdf\" target=\"_blank\" rel=\"noopener noreferrer\">Carta Erasmus+ IES LA POVEDA<\/a><\/h3>\n<figure><img loading=\"lazy\" decoding=\"async\" class=\"alignleft wp-image-633\" src=\"https:\/\/site.educa.madrid.org\/ies.lapoveda.arganda\/\/wp-content\/uploads\/ies.lapoveda.arganda\/2015\/03\/erasmus1.jpg\" alt=\"erasmus1\" width=\"270\" height=\"92\"><\/figure><figure><img loading=\"lazy\" decoding=\"async\" class=\"alignleft wp-image-632\" src=\"https:\/\/site.educa.madrid.org\/ies.lapoveda.arganda\/\/wp-content\/uploads\/ies.lapoveda.arganda\/2015\/03\/apee.png\" alt=\"apee\" width=\"270\" height=\"92\"><\/figure><p><br><\/p>\n<\/div>\n","protected":false},"excerpt":{"rendered":"<p>&nbsp; CARTA ERASMUS El programa Erasmus va dirigido a atender las necesidades de ense\u00f1anza, aprendizaje y pr\u00e1cticas en empresas en otro pa\u00eds de la Uni\u00f3n Europea para alumnos que est\u00e9n cursando un Ciclo Formativo. El IES La Poveda ha obtenido la Carta universitaria ERASMUS CHARTE FOR HIGUER EDUCATION 2021-2027 que le habilita para obtener becas [&hellip;]<\/p>\n","protected":false},"author":3,"featured_media":0,"parent":109,"menu_order":0,"comment_status":"closed","ping_status":"open","template":"","meta":{"footnotes":""},"folder":[],"class_list":["post-21","page","type-page","status-publish","hentry"],"rttpg_featured_image_url":null,"rttpg_author":{"display_name":"ies.lapoveda.arganda","author_link":"https:\/\/site.educa.madrid.org\/ies.lapoveda.arganda\/index.php\/author\/cuenta_ies-lapoveda-arganda\/"},"rttpg_comment":0,"rttpg_category":false,"rttpg_excerpt":"&nbsp; CARTA ERASMUS El programa Erasmus va dirigido a atender las necesidades de ense\u00f1anza, aprendizaje y pr\u00e1cticas en empresas en otro pa\u00eds de la Uni\u00f3n Europea para alumnos que est\u00e9n cursando un Ciclo Formativo. El IES La Poveda ha obtenido la Carta universitaria ERASMUS CHARTE FOR HIGUER EDUCATION 2021-2027 que le habilita para obtener becas&hellip;","post_mailing_queue_ids":[],"_links":{"self":[{"href":"https:\/\/site.educa.madrid.org\/ies.lapoveda.arganda\/index.php\/wp-json\/wp\/v2\/pages\/21","targetHints":{"allow":["GET"]}}],"collection":[{"href":"https:\/\/site.educa.madrid.org\/ies.lapoveda.arganda\/index.php\/wp-json\/wp\/v2\/pages"}],"about":[{"href":"https:\/\/site.educa.madrid.org\/ies.lapoveda.arganda\/index.php\/wp-json\/wp\/v2\/types\/page"}],"author":[{"embeddable":true,"href":"https:\/\/site.educa.madrid.org\/ies.lapoveda.arganda\/index.php\/wp-json\/wp\/v2\/users\/3"}],"replies":[{"embeddable":true,"href":"https:\/\/site.educa.madrid.org\/ies.lapoveda.arganda\/index.php\/wp-json\/wp\/v2\/comments?post=21"}],"version-history":[{"count":18,"href":"https:\/\/site.educa.madrid.org\/ies.lapoveda.arganda\/index.php\/wp-json\/wp\/v2\/pages\/21\/revisions"}],"predecessor-version":[{"id":8065,"href":"https:\/\/site.educa.madrid.org\/ies.lapoveda.arganda\/index.php\/wp-json\/wp\/v2\/pages\/21\/revisions\/8065"}],"up":[{"embeddable":true,"href":"https:\/\/site.educa.madrid.org\/ies.lapoveda.arganda\/index.php\/wp-json\/wp\/v2\/pages\/109"}],"wp:attachment":[{"href":"https:\/\/site.educa.madrid.org\/ies.lapoveda.arganda\/index.php\/wp-json\/wp\/v2\/media?parent=21"}],"wp:term":[{"taxonomy":"folder","embeddable":true,"href":"https:\/\/site.educa.madrid.org\/ies.lapoveda.arganda\/index.php\/wp-json\/wp\/v2\/folder?post=21"}],"curies":[{"name":"wp","href":"https:\/\/api.w.org\/{rel}","templated":true}]}}