{"id":217,"date":"2015-03-15T01:01:08","date_gmt":"2015-03-15T01:01:08","guid":{"rendered":"http:\/\/ieslapoveda.es\/?page_id=217"},"modified":"2025-06-11T13:47:53","modified_gmt":"2025-06-11T11:47:53","slug":"tecnico-en-electromecanica-de-vehiculos-automoviles","status":"publish","type":"page","link":"https:\/\/site.educa.madrid.org\/ies.lapoveda.arganda\/index.php\/oferta-educativa\/formacion-profesional-2-2\/cf-de-grado-medio\/tecnico-en-electromecanica-de-vehiculos-automoviles\/","title":{"rendered":"T\u00c9CNICO EN ELECTROMEC\u00c1NICA DE VEH\u00cdCULOS AUTOM\u00d3VILES"},"content":{"rendered":"<div class=\"paginaP\">\n<h4>\u00a0<\/h4>\n<h5>Plan de Esudios<\/h5>\n<\/div>\n\n\n<div data-wp-interactive=\"core\/file\" class=\"wp-block-file\"><object data-wp-bind--hidden=\"!state.hasPdfPreview\" hidden class=\"wp-block-file__embed\" data=\"https:\/\/site.educa.madrid.org\/ies.lapoveda.arganda\/\/wp-content\/uploads\/ies.lapoveda.arganda\/2025\/06\/MEDIO-TMVM02-Electromecanica-vehiculos-automoviles.pdf\" type=\"application\/pdf\" style=\"width:100%;height:600px\" aria-label=\"Incrustado de MEDIO-TMVM02-Electromecanica-vehiculos-automoviles.\"><\/object><a id=\"wp-block-file--media-c39fa555-f86a-4d1d-9dc6-15a01984dc9c\" href=\"https:\/\/site.educa.madrid.org\/ies.lapoveda.arganda\/\/wp-content\/uploads\/ies.lapoveda.arganda\/2025\/06\/MEDIO-TMVM02-Electromecanica-vehiculos-automoviles.pdf\">MEDIO-TMVM02-Electromecanica-vehiculos-automoviles<\/a><\/div>\n","protected":false},"excerpt":{"rendered":"<p>\u00a0 Plan de Esudios<\/p>\n","protected":false},"author":3,"featured_media":0,"parent":124,"menu_order":0,"comment_status":"closed","ping_status":"closed","template":"","meta":{"footnotes":""},"folder":[],"class_list":["post-217","page","type-page","status-publish","hentry"],"rttpg_featured_image_url":null,"rttpg_author":{"display_name":"ies.lapoveda.arganda","author_link":"https:\/\/site.educa.madrid.org\/ies.lapoveda.arganda\/index.php\/author\/cuenta_ies-lapoveda-arganda\/"},"rttpg_comment":0,"rttpg_category":false,"rttpg_excerpt":"\u00a0 Plan de Esudios","post_mailing_queue_ids":[],"_links":{"self":[{"href":"https:\/\/site.educa.madrid.org\/ies.lapoveda.arganda\/index.php\/wp-json\/wp\/v2\/pages\/217","targetHints":{"allow":["GET"]}}],"collection":[{"href":"https:\/\/site.educa.madrid.org\/ies.lapoveda.arganda\/index.php\/wp-json\/wp\/v2\/pages"}],"about":[{"href":"https:\/\/site.educa.madrid.org\/ies.lapoveda.arganda\/index.php\/wp-json\/wp\/v2\/types\/page"}],"author":[{"embeddable":true,"href":"https:\/\/site.educa.madrid.org\/ies.lapoveda.arganda\/index.php\/wp-json\/wp\/v2\/users\/3"}],"replies":[{"embeddable":true,"href":"https:\/\/site.educa.madrid.org\/ies.lapoveda.arganda\/index.php\/wp-json\/wp\/v2\/comments?post=217"}],"version-history":[{"count":13,"href":"https:\/\/site.educa.madrid.org\/ies.lapoveda.arganda\/index.php\/wp-json\/wp\/v2\/pages\/217\/revisions"}],"predecessor-version":[{"id":7523,"href":"https:\/\/site.educa.madrid.org\/ies.lapoveda.arganda\/index.php\/wp-json\/wp\/v2\/pages\/217\/revisions\/7523"}],"up":[{"embeddable":true,"href":"https:\/\/site.educa.madrid.org\/ies.lapoveda.arganda\/index.php\/wp-json\/wp\/v2\/pages\/124"}],"wp:attachment":[{"href":"https:\/\/site.educa.madrid.org\/ies.lapoveda.arganda\/index.php\/wp-json\/wp\/v2\/media?parent=217"}],"wp:term":[{"taxonomy":"folder","embeddable":true,"href":"https:\/\/site.educa.madrid.org\/ies.lapoveda.arganda\/index.php\/wp-json\/wp\/v2\/folder?post=217"}],"curies":[{"name":"wp","href":"https:\/\/api.w.org\/{rel}","templated":true}]}}