{"id":23,"date":"2015-03-03T23:50:12","date_gmt":"2015-03-03T23:50:12","guid":{"rendered":"http:\/\/ieslapoveda.es\/?page_id=23"},"modified":"2020-03-18T08:44:14","modified_gmt":"2020-03-18T08:44:14","slug":"4o-eso-empresa","status":"publish","type":"page","link":"https:\/\/site.educa.madrid.org\/ies.lapoveda.arganda\/index.php\/proyectos-del-centro\/eso\/4o-eso-empresa\/","title":{"rendered":"4\u00ba ESO + EMPRESA"},"content":{"rendered":"<div class=\"paginaP\">\n  <h4>4\u00ba ESO + EMPRESA<\/h4>\n    <a href=\"http:\/\/www.educa2.madrid.org\/web\/4eso-empresa\"><img loading=\"lazy\" decoding=\"async\" class=\"alignright wp-image-623\" src=\"https:\/\/site.educa.madrid.org\/ies.lapoveda.arganda\/\/wp-content\/uploads\/ies.lapoveda.arganda\/2015\/03\/programa-4\u00baESO-empresa.jpg\" alt=\"programa-4\u00baESO+empresa\" width=\"165\" height=\"97\" srcset=\"https:\/\/site.educa.madrid.org\/ies.lapoveda.arganda\/\/wp-content\/uploads\/ies.lapoveda.arganda\/2015\/03\/programa-4\u00baESO-empresa.jpg 579w, https:\/\/site.educa.madrid.org\/ies.lapoveda.arganda\/\/wp-content\/uploads\/ies.lapoveda.arganda\/2015\/03\/programa-4\u00baESO-empresa-300x176.jpg 300w\" sizes=\"auto, (max-width: 165px) 100vw, 165px\" \/><\/a><\/p>\n  <p >Desde el curso 2007-2008 el IES La Poveda participa en el proyecto coordinado por la Direcci\u00f3n General de Educaci\u00f3n Secundaria, Formaci\u00f3n Profesional y Ense\u00f1anzas de R\u00e9gimen Especial,4\u00ba ESO + Empresa que tiene como fin acercar el sistema educativo y el mundo empresarial, facilitando mediante estancias educativas en empresas que los j\u00f3venes est\u00e9n mejor preparados para afrontar su futuro profesional, motiv\u00e1ndoles y dot\u00e1ndoles de las destrezas necesarias.<\/p>\n  <p><a href=\"https:\/\/site.educa.madrid.org\/ies.lapoveda.arganda\/\/wp-content\/uploads\/ies.lapoveda.arganda\/2015\/03\/reportaje_argandamarca94.pdf\"><img loading=\"lazy\" decoding=\"async\" class=\"alignright wp-image-665\" src=\"https:\/\/site.educa.madrid.org\/ies.lapoveda.arganda\/\/wp-content\/uploads\/ies.lapoveda.arganda\/2015\/03\/argandamarca.jpg\" alt=\"argandamarca\" width=\"165\" height=\"222\" srcset=\"https:\/\/site.educa.madrid.org\/ies.lapoveda.arganda\/\/wp-content\/uploads\/ies.lapoveda.arganda\/2015\/03\/argandamarca.jpg 631w, https:\/\/site.educa.madrid.org\/ies.lapoveda.arganda\/\/wp-content\/uploads\/ies.lapoveda.arganda\/2015\/03\/argandamarca-223x300.jpg 223w\" sizes=\"auto, (max-width: 165px) 100vw, 165px\" \/><\/a><\/p>\n  <h5 >Caracter\u00edsticas b\u00e1sicas del Programa:<\/h5>\n  <ul >\n    <li>Se desarrolla durante una semana (4 o 5 d\u00edas).<\/li>\n    <li>La presencia del alumno en la empresa no puede exceder de 8 horas diarias.<\/li>\n    <li>El alumno no puede ser remunerado.<\/li>\n    <li>El seguro escolar cubre estas estancias educativa<\/li>\n    <li>Existen un convenio de colaboraci\u00f3n firmado por la Direcci\u00f3n del Centro y las empresas<\/li>\n    <li>Dos profesores del Centro ser\u00e1n los coordinadores del programa y servir\u00e1n de enlace entre alumnos, familias y empresas.<\/li>\n  <\/ul>\n  <h5>Objetivos del Programa:<\/h5>\n  <ul >\n    <li>Sensibilizar al alumno con el entorno tecnol\u00f3gico, econ\u00f3mico y profesional.<\/li>\n    <li>Brindar al alumno la posibilidad de una primera aproximaci\u00f3n y contacto con el mundo laboral.<\/li>\n    <li>Poner en pr\u00e1ctica conocimientos adquiridos en el aula.<\/li>\n    <li>Descubrir qu\u00e9 es lo que le gustar\u00eda o no le gustar\u00eda hacer profesionalmente.<\/li>\n    <li>Adquirir experiencia pr\u00e1ctica en el mundo laboral.<\/li>\n  <\/ul>\n  <h5 >\u00bfQu\u00e9 deben hacer los alumnos?<\/h5>\n  <ul >\n    <li>Reflexionar sobre la empresa o tipo de trabajo que le gustar\u00eda realizar, teniendo en cuenta sus intereses acad\u00e9micos o profesionales, pero sabiendo que la elecci\u00f3n de la empresa no implica una elecci\u00f3n definitiva de estudios o trabajos posteriores.<\/li>\n    <li>Buscar empresas del entorno que encajen con esa elecci\u00f3n y hacer un primer contacto con ellas. Posteriormente los profesores responsables del programa ser\u00e1n los que realicen las gestiones con las empresas para la firma de los convenios, horarios, etc.<\/li>\n    <li>Durante las estancias deber\u00e1 llevar un diario de las actividades realizadas, las dificultades encontradas, etc., necesario para el desarrollo de la memoria final que deber\u00e1 entregar a los profesores coordinadores.<\/li>\n  <\/ul>\n  <h5>\u00bfC\u00f3mo pueden ayudar las familias?<\/h5>\n  <ul >\n    <li>Animando a la participaci\u00f3n en este programa.<\/li>\n    <li>Ayudando a su hijo a elegir cuidadosamente el lugar donde le gustar\u00eda realizar las estancias.<\/li>\n    <li>Aconsejando a su hijo en la elecci\u00f3n de tipos de trabajo en los que podr\u00eda desarrollar sus destrezas y habilidades.<\/li>\n    <li>Apoyando y alentando a su hijo durante el desarrollo de las estancias.<\/li>\n  <\/ul>\n  <p><strong>Enlaces web:<\/strong><\/p>\n  <ul>\n    <li><a href=\"http:\/\/www.educa2.madrid.org\/web\/4eso-empresa\" target=\"_blank\" rel=\"noopener noreferrer\">Programa 4\u00ba ESO + Empresa<\/a><\/li>\n    <li ><a href=\"https:\/\/site.educa.madrid.org\/ies.lapoveda.arganda\/\/wp-content\/uploads\/ies.lapoveda.arganda\/2015\/03\/reportaje_argandamarca94.pdf\">Reportaje publicado en la revista mensual \u00abArganda Marca\u00bb sobre este programa. (n\u00famero 94, p\u00e1ginas 20-23)<\/a>.<\/li>\n    <li><a title=\"Arganda Marca.\" href=\"http:\/\/www.ayto-arganda.es\/portalArganda\/p_20_contenedor1.jsp?seccion=s_fdes_d4_v2.jsp&amp;codbusqueda=21&amp;language=es&amp;codResi=1&amp;layout=p_20_contenedor1.jsp&amp;codAdirecto=40\" target=\"_blank\" rel=\"noopener noreferrer\">Arganda Marca.<\/a><\/li>\n  <\/ul>\n<\/div>\n\n\n\n<p><\/p>\n","protected":false},"excerpt":{"rendered":"<p>4\u00ba ESO + EMPRESA Desde el curso 2007-2008 el IES La Poveda participa en el proyecto coordinado por la Direcci\u00f3n General de Educaci\u00f3n Secundaria, Formaci\u00f3n Profesional y Ense\u00f1anzas de R\u00e9gimen Especial,4\u00ba ESO + Empresa que tiene como fin acercar el sistema educativo y el mundo empresarial, facilitando mediante estancias educativas en empresas que los j\u00f3venes [&hellip;]<\/p>\n","protected":false},"author":3,"featured_media":0,"parent":2603,"menu_order":0,"comment_status":"open","ping_status":"open","template":"","meta":{"footnotes":""},"folder":[],"class_list":["post-23","page","type-page","status-publish","hentry"],"rttpg_featured_image_url":null,"rttpg_author":{"display_name":"ies.lapoveda.arganda","author_link":"https:\/\/site.educa.madrid.org\/ies.lapoveda.arganda\/index.php\/author\/cuenta_ies-lapoveda-arganda\/"},"rttpg_comment":0,"rttpg_category":false,"rttpg_excerpt":"4\u00ba ESO + EMPRESA Desde el curso 2007-2008 el IES La Poveda participa en el proyecto coordinado por la Direcci\u00f3n General de Educaci\u00f3n Secundaria, Formaci\u00f3n Profesional y Ense\u00f1anzas de R\u00e9gimen Especial,4\u00ba ESO + Empresa que tiene como fin acercar el sistema educativo y el mundo empresarial, facilitando mediante estancias educativas en empresas que los j\u00f3venes&hellip;","post_mailing_queue_ids":[],"_links":{"self":[{"href":"https:\/\/site.educa.madrid.org\/ies.lapoveda.arganda\/index.php\/wp-json\/wp\/v2\/pages\/23","targetHints":{"allow":["GET"]}}],"collection":[{"href":"https:\/\/site.educa.madrid.org\/ies.lapoveda.arganda\/index.php\/wp-json\/wp\/v2\/pages"}],"about":[{"href":"https:\/\/site.educa.madrid.org\/ies.lapoveda.arganda\/index.php\/wp-json\/wp\/v2\/types\/page"}],"author":[{"embeddable":true,"href":"https:\/\/site.educa.madrid.org\/ies.lapoveda.arganda\/index.php\/wp-json\/wp\/v2\/users\/3"}],"replies":[{"embeddable":true,"href":"https:\/\/site.educa.madrid.org\/ies.lapoveda.arganda\/index.php\/wp-json\/wp\/v2\/comments?post=23"}],"version-history":[{"count":14,"href":"https:\/\/site.educa.madrid.org\/ies.lapoveda.arganda\/index.php\/wp-json\/wp\/v2\/pages\/23\/revisions"}],"predecessor-version":[{"id":3103,"href":"https:\/\/site.educa.madrid.org\/ies.lapoveda.arganda\/index.php\/wp-json\/wp\/v2\/pages\/23\/revisions\/3103"}],"up":[{"embeddable":true,"href":"https:\/\/site.educa.madrid.org\/ies.lapoveda.arganda\/index.php\/wp-json\/wp\/v2\/pages\/2603"}],"wp:attachment":[{"href":"https:\/\/site.educa.madrid.org\/ies.lapoveda.arganda\/index.php\/wp-json\/wp\/v2\/media?parent=23"}],"wp:term":[{"taxonomy":"folder","embeddable":true,"href":"https:\/\/site.educa.madrid.org\/ies.lapoveda.arganda\/index.php\/wp-json\/wp\/v2\/folder?post=23"}],"curies":[{"name":"wp","href":"https:\/\/api.w.org\/{rel}","templated":true}]}}