{"id":27,"date":"2015-03-03T23:54:21","date_gmt":"2015-03-03T23:54:21","guid":{"rendered":"http:\/\/ieslapoveda.es\/?page_id=27"},"modified":"2020-03-18T09:13:37","modified_gmt":"2020-03-18T09:13:37","slug":"biblioteca","status":"publish","type":"page","link":"https:\/\/site.educa.madrid.org\/ies.lapoveda.arganda\/index.php\/proyectos-del-centro\/comunes-a-todas-las-ensenanzas\/biblioteca\/","title":{"rendered":"BIBLIOTECA"},"content":{"rendered":"<div class=\"paginaP\">\n<p>\n<\/p><h4>BIBLIOTECA<\/h4>\n<p><\/p>\n<p>El centro tiene dos bibliotecas, situadas en los Edificio 1 (ESO) y 3 (Bachillerato y Ciclos Formativos).&nbsp; Las dos se organizan como espacios educativos de documentaci\u00f3n, informaci\u00f3n y formaci\u00f3n, &nbsp;y cuentan con numerosos recursos bibliogr\u00e1ficos, documentales y multimedia, que se ponen a disposici\u00f3n de toda la comunidad escolar, para apoyar el proceso de ense\u00f1anza-aprendizaje y para propiciar el acceso al conocimiento y a la formaci\u00f3n permanente de nuestros alumnos.<\/p>\n<p>\n<\/p><h5>Son sus objetivos:<\/h5>\n<ul>\n<li>Utilizar la biblioteca escolar como centro de recursos educativos para la ense\u00f1anza y aprendizaje, integrado plenamente en las pr\u00e1cticas de aula y de centro.<\/li>\n<li>Respaldar y contribuir a la consecuci\u00f3n de los objetivos del proyecto educativo del centro escolar y del plan de estudios.<\/li>\n<li>Inculcar y fomentar en los alumnos el h\u00e1bito y el placer de la lectura, el aprendizaje y la utilizaci\u00f3n de las bibliotecas a lo largo de toda su vida.<\/li>\n<li>Contribuir al plan de animaci\u00f3n a la lectura recogido en las programaciones did\u00e1cticas de los departamentos del centro.<\/li>\n<li>Dinamizar las actividades interdepartamentales culturales del centro, a trav\u00e9s de la organizaci\u00f3n en ellas de diversas actividades relacionadas con la lectura, la cultura y otros recursos de inter\u00e9s para los alumnos.<\/li>\n<\/ul>\n<h5>El horario de utilizaci\u00f3n es el siguiente:<\/h5>\n<ul>\n<li>La sala de lectura de la biblioteca del edificio 3 est\u00e1 abierta desde las 8.30 hasta las 13.20. El pr\u00e9stamo en esta biblioteca lo realizan en dicho horario los profesores que se encuentren al cargo de la biblioteca en cada uno de los periodos lectivos.<\/li>\n<li>Los pr\u00e9stamos que se realicen a trav\u00e9s de la reserva de libros online, los llevar\u00e1 a cabo la bibliotecaria del Centro durante el curso 2014-2015 los martes de 10.15 a 11.10.<\/li>\n<\/ul>\n<p>\n<\/p><p>En los \u00faltimos cursos se ha realizado un gran esfuerzo por catalogar los fondos bibliogr\u00e1ficos que existen en el centro en la aplicaci\u00f3n <a href=\"http:\/\/abiesweb.educa.madrid.org\/visitas\/preHomePublica\" target=\"_blank\" rel=\"noopener noreferrer\"><strong>AbiesWeb<\/strong><\/a>, aplicaci\u00f3n que permite consultar los fondos bibliogr\u00e1ficos existentes en el Centro desde cualquier ordenador conectado a Internet.<\/p>\n<p>Para acceder al mismo se deben seguir estas pasos:<\/p>\n<ol>\n<li>Una vez abierta la p\u00e1gina de Abiesweb, pinchar en el cuadro de \u201cLocalidad\u201d.<a href=\"http:\/\/abiesweb.educa.madrid.org\/visitas\/preHomePublica\" target=\"_blank\" rel=\"noopener noreferrer\"><img loading=\"lazy\" decoding=\"async\" class=\"alignright wp-image-654\" src=\"https:\/\/site.educa.madrid.org\/ies.lapoveda.arganda\/\/wp-content\/uploads\/ies.lapoveda.arganda\/2015\/03\/abiesw1.jpg\" alt=\"abiesw1\" width=\"548\" height=\"332\" srcset=\"https:\/\/site.educa.madrid.org\/ies.lapoveda.arganda\/\/wp-content\/uploads\/ies.lapoveda.arganda\/2015\/03\/abiesw1.jpg 1026w, https:\/\/site.educa.madrid.org\/ies.lapoveda.arganda\/\/wp-content\/uploads\/ies.lapoveda.arganda\/2015\/03\/abiesw1-300x182.jpg 300w, https:\/\/site.educa.madrid.org\/ies.lapoveda.arganda\/\/wp-content\/uploads\/ies.lapoveda.arganda\/2015\/03\/abiesw1-768x466.jpg 768w, https:\/\/site.educa.madrid.org\/ies.lapoveda.arganda\/\/wp-content\/uploads\/ies.lapoveda.arganda\/2015\/03\/abiesw1-1024x621.jpg 1024w\" sizes=\"auto, (max-width: 548px) 100vw, 548px\" \/><\/a><\/li>\n<li>Seleccionar \u201cArganda del Rey\u201d.<\/li>\n<li>Pinchar en el IES La Poveda y marcar la opci\u00f3n de \u201cIr\u201d.<\/li>\n<\/ol>\n<p>Con Abiesweb no solo se tiene acceso al cat\u00e1logo del Centro, sino que existen otras utilidades:<\/p>\n<ol>\n<li>Para acceder a dichas utilidades, hay que solicitar el alta como LECTOR.<\/li>\n<li>Se realiza a trav\u00e9s del cuadro de di\u00e1logo de la p\u00e1gina de inicio.<\/li>\n<li>El bibliotecario tramita dicha alta y proporciona un c\u00f3digo de acceso y contrase\u00f1a que permitir\u00e1 entrar en el programa como LECTOR.<\/li>\n<li>Este perfil permite: hacer reservas online, realizar un seguimiento de los pr\u00e9stamos y acceder al cat\u00e1logo no solo de las bibliotecas de Centro, sino tambi\u00e9n de otras bibliotecas que dispongan de la plataforma Abiesweb.<\/li>\n<li>Los libros reservados online podr\u00e1n recogerse en la biblioteca situada en el edificio 3.<\/li>\n<\/ol>\n<\/div>\n\n\n<p><\/p>\n","protected":false},"excerpt":{"rendered":"<p>BIBLIOTECA El centro tiene dos bibliotecas, situadas en los Edificio 1 (ESO) y 3 (Bachillerato y Ciclos Formativos).&nbsp; Las dos se organizan como espacios educativos de documentaci\u00f3n, informaci\u00f3n y formaci\u00f3n, &nbsp;y cuentan con numerosos recursos bibliogr\u00e1ficos, documentales y multimedia, que se ponen a disposici\u00f3n de toda la comunidad escolar, para apoyar el proceso de ense\u00f1anza-aprendizaje [&hellip;]<\/p>\n","protected":false},"author":3,"featured_media":0,"parent":2604,"menu_order":0,"comment_status":"open","ping_status":"open","template":"","meta":{"footnotes":""},"folder":[],"class_list":["post-27","page","type-page","status-publish","hentry"],"rttpg_featured_image_url":null,"rttpg_author":{"display_name":"ies.lapoveda.arganda","author_link":"https:\/\/site.educa.madrid.org\/ies.lapoveda.arganda\/index.php\/author\/cuenta_ies-lapoveda-arganda\/"},"rttpg_comment":0,"rttpg_category":false,"rttpg_excerpt":"BIBLIOTECA El centro tiene dos bibliotecas, situadas en los Edificio 1 (ESO) y 3 (Bachillerato y Ciclos Formativos).&nbsp; Las dos se organizan como espacios educativos de documentaci\u00f3n, informaci\u00f3n y formaci\u00f3n, &nbsp;y cuentan con numerosos recursos bibliogr\u00e1ficos, documentales y multimedia, que se ponen a disposici\u00f3n de toda la comunidad escolar, para apoyar el proceso de ense\u00f1anza-aprendizaje&hellip;","post_mailing_queue_ids":[],"_links":{"self":[{"href":"https:\/\/site.educa.madrid.org\/ies.lapoveda.arganda\/index.php\/wp-json\/wp\/v2\/pages\/27","targetHints":{"allow":["GET"]}}],"collection":[{"href":"https:\/\/site.educa.madrid.org\/ies.lapoveda.arganda\/index.php\/wp-json\/wp\/v2\/pages"}],"about":[{"href":"https:\/\/site.educa.madrid.org\/ies.lapoveda.arganda\/index.php\/wp-json\/wp\/v2\/types\/page"}],"author":[{"embeddable":true,"href":"https:\/\/site.educa.madrid.org\/ies.lapoveda.arganda\/index.php\/wp-json\/wp\/v2\/users\/3"}],"replies":[{"embeddable":true,"href":"https:\/\/site.educa.madrid.org\/ies.lapoveda.arganda\/index.php\/wp-json\/wp\/v2\/comments?post=27"}],"version-history":[{"count":5,"href":"https:\/\/site.educa.madrid.org\/ies.lapoveda.arganda\/index.php\/wp-json\/wp\/v2\/pages\/27\/revisions"}],"predecessor-version":[{"id":3114,"href":"https:\/\/site.educa.madrid.org\/ies.lapoveda.arganda\/index.php\/wp-json\/wp\/v2\/pages\/27\/revisions\/3114"}],"up":[{"embeddable":true,"href":"https:\/\/site.educa.madrid.org\/ies.lapoveda.arganda\/index.php\/wp-json\/wp\/v2\/pages\/2604"}],"wp:attachment":[{"href":"https:\/\/site.educa.madrid.org\/ies.lapoveda.arganda\/index.php\/wp-json\/wp\/v2\/media?parent=27"}],"wp:term":[{"taxonomy":"folder","embeddable":true,"href":"https:\/\/site.educa.madrid.org\/ies.lapoveda.arganda\/index.php\/wp-json\/wp\/v2\/folder?post=27"}],"curies":[{"name":"wp","href":"https:\/\/api.w.org\/{rel}","templated":true}]}}