{"id":33,"date":"2015-03-04T00:18:21","date_gmt":"2015-03-04T00:18:21","guid":{"rendered":"http:\/\/ieslapoveda.es\/?page_id=33"},"modified":"2025-11-26T09:10:34","modified_gmt":"2025-11-26T08:10:34","slug":"alumnos-2","status":"publish","type":"page","link":"https:\/\/site.educa.madrid.org\/ies.lapoveda.arganda\/index.php\/alumnos-2\/","title":{"rendered":"INFORMACI\u00d3N A FAMILIAS"},"content":{"rendered":"<div class=\"paginaP\">\n<p><a href=\"https:\/\/site.educa.madrid.org\/ies.lapoveda.arganda\/index.php\/oferta-educativa\/\" target=\"_blank\" rel=\"noopener\"><img loading=\"lazy\" decoding=\"async\" class=\"alignnone wp-image-6549 size-full\" src=\"https:\/\/site.educa.madrid.org\/ies.lapoveda.arganda\/\/wp-content\/uploads\/ies.lapoveda.arganda\/2024\/02\/OFERTA-EDUCATIVA-COMPLETA-1.jpg\" alt=\"\" width=\"1280\" height=\"720\" srcset=\"https:\/\/site.educa.madrid.org\/ies.lapoveda.arganda\/\/wp-content\/uploads\/ies.lapoveda.arganda\/2024\/02\/OFERTA-EDUCATIVA-COMPLETA-1.jpg 1280w, https:\/\/site.educa.madrid.org\/ies.lapoveda.arganda\/\/wp-content\/uploads\/ies.lapoveda.arganda\/2024\/02\/OFERTA-EDUCATIVA-COMPLETA-1-300x169.jpg 300w, https:\/\/site.educa.madrid.org\/ies.lapoveda.arganda\/\/wp-content\/uploads\/ies.lapoveda.arganda\/2024\/02\/OFERTA-EDUCATIVA-COMPLETA-1-1024x576.jpg 1024w, https:\/\/site.educa.madrid.org\/ies.lapoveda.arganda\/\/wp-content\/uploads\/ies.lapoveda.arganda\/2024\/02\/OFERTA-EDUCATIVA-COMPLETA-1-768x432.jpg 768w\" sizes=\"auto, (max-width: 1280px) 100vw, 1280px\" \/><\/a><\/p>\n<h5>Proyecto Educativo de Centro\u00a0<\/h5>\n<p><a href=\"https:\/\/site.educa.madrid.org\/ies.lapoveda.arganda\/\/wp-content\/uploads\/ies.lapoveda.arganda\/2025\/06\/Proyecto-Educativo-de-Centro-IES-La-Poveda-junio-2025.pdf\" target=\"_blank\" rel=\"noopener\">Proyecto Educativo de Centro<\/a><\/p>\n<hr class=\"wp-block-separator is-style-wide\" \/>\n<h5>Programaci\u00f3n de actividades externas y Plan de Acci\u00f3n Tutorial.<\/h5>\n<p><a href=\"https:\/\/site.educa.madrid.org\/ies.lapoveda.arganda\/\/wp-content\/uploads\/ies.lapoveda.arganda\/2025\/10\/PROGRAMACION-AAEE.2025-26.pdf\" target=\"_blank\" rel=\"noopener\">Programaci\u00f3n de actividades extraescolares.<\/a><\/p>\n<p><a href=\"https:\/\/site.educa.madrid.org\/ies.lapoveda.arganda\/\/wp-content\/uploads\/ies.lapoveda.arganda\/2025\/01\/PAT-24-25.pdf\">Plan de acci\u00f3n tutorial<\/a><\/p>\n<hr class=\"wp-block-separator is-style-wide\" \/>\n<h5>\u00a0Listados de tutores y correos electr\u00f3nicos de docentes<\/h5>\n<p><a href=\"https:\/\/site.educa.madrid.org\/ies.lapoveda.arganda\/\/wp-content\/uploads\/ies.lapoveda.arganda\/2025\/10\/LISTADO-TUTORES-25-26.pdf\" target=\"_blank\" rel=\"noopener\">Listado de tutores 2025\/26<\/a><\/p>\n<p><a href=\"https:\/\/site.educa.madrid.org\/ies.lapoveda.arganda\/\/wp-content\/uploads\/ies.lapoveda.arganda\/2025\/10\/Claustro-profesores-2025-26.pdf\" target=\"_blank\" rel=\"noopener\">Correos electr\u00f3nicos docentes 2025\/2026<\/a><\/p>\n<p><a href=\"https:\/\/site.educa.madrid.org\/ies.lapoveda.arganda\/\/wp-content\/uploads\/ies.lapoveda.arganda\/2025\/10\/Claustro-de-profesores-por-departamento.pdf\" target=\"_blank\" rel=\"noopener\">Claustro de profesores por departamento 2025\/2026<\/a><\/p>\n<hr class=\"wp-block-separator is-style-wide\" \/>\n<h5>Plan de Convivencia.<\/h5>\n<p><a href=\"https:\/\/site.educa.madrid.org\/ies.lapoveda.arganda\/\/wp-content\/uploads\/ies.lapoveda.arganda\/2025\/06\/PLAN-DE-CONVIVENCIA-IES-La-Poveda-vs2025.pdf\">Plan de Convivencia<\/a><\/p>\n<\/div>\n\n\n<hr class=\"wp-block-separator has-alpha-channel-opacity is-style-wide\"\/>\n\n\n\n<h5 class=\"wp-block-heading\">Calendario escolar<\/h5>\n\n\n\n<p><a href=\"https:\/\/www.educa2.madrid.org\/web\/calendario-escolar-de-la-comunidad-de-madrid\/calendario-escolar-25-26\" target=\"_blank\" rel=\"noreferrer noopener nofollow\">Calendario escolar<\/a><\/p>\n\n\n\n<hr class=\"wp-block-separator has-alpha-channel-opacity is-style-wide\"\/>\n\n\n\n<h5 class=\"wp-block-heading\">Libros de texto<\/h5>\n\n\n\n<p><a href=\"https:\/\/site.educa.madrid.org\/ies.lapoveda.arganda\/index.php\/2025\/06\/30\/libros-texto-eso-bachillerato-y-grado-basico\/\" target=\"_blank\" rel=\"noreferrer noopener\">Libros de texto<\/a><\/p>\n\n\n\n<hr class=\"wp-block-separator has-alpha-channel-opacity is-style-wide\"\/>\n\n\n\n<h5 class=\"wp-block-heading\">Criterios de calificaci\u00f3n<\/h5>\n\n\n\n<p><a href=\"https:\/\/drive.google.com\/drive\/folders\/1BzcGevO_-mrxa5mxseHsRGglIcQRToJ6?usp=drive_link\" target=\"_blank\" rel=\"noreferrer noopener\">Criterios de Calificaci\u00f3n<\/a><\/p>\n\n\n\n<p><a href=\"https:\/\/site.educa.madrid.org\/ies.lapoveda.arganda\/\/wp-content\/uploads\/ies.lapoveda.arganda\/2021\/02\/Procedimiento-de-reclamaci%C3%B3n-de-notas-finales.pdf\" target=\"_blank\" rel=\"noreferrer noopener\">Procedimiento de reclamaci\u00f3n a las calificaciones finales.<\/a><\/p>\n\n\n\n<hr class=\"wp-block-separator has-alpha-channel-opacity is-style-wide\"\/>\n\n\n\n<p><a href=\"https:\/\/site.educa.madrid.org\/ies.lapoveda.arganda\/\/wp-content\/uploads\/ies.lapoveda.arganda\/2025\/11\/PDC-CE4.0-IES-La-Poveda-25-26-1.pdf\" target=\"_blank\" rel=\"noreferrer noopener\">Proyecto Digital del Centro<\/a><\/p>\n\n\n\n<hr class=\"wp-block-separator has-alpha-channel-opacity is-style-wide\"\/>\n\n\n\n<p><strong>Proyecto de direcci\u00f3n<\/strong><\/p>\n\n\n\n<div class=\"wp-block-file\"><a id=\"wp-block-file--media-5c348186-0d27-49a6-b2dc-c2e2ea673cb4\" href=\"https:\/\/site.educa.madrid.org\/ies.lapoveda.arganda\/\/wp-content\/uploads\/ies.lapoveda.arganda\/2024\/10\/Proyecto-direccion-IES-LA-POVEDA-web.pdf\">Proyecto de direcci\u00f3n IES LA POVEDA<\/a><\/div>\n\n\n\n<hr class=\"wp-block-separator alignwide has-alpha-channel-opacity is-style-wide\"\/>\n\n\n\n<p><strong>SERVICIO DE APOYO A LA ESCOLARIZACI\u00d3N DE ARGANDA DEL REY<\/strong><\/p>\n\n\n\n<figure class=\"wp-block-image size-large\"><img loading=\"lazy\" decoding=\"async\" width=\"724\" height=\"1024\" src=\"https:\/\/site.educa.madrid.org\/ies.lapoveda.arganda\/\/wp-content\/uploads\/ies.lapoveda.arganda\/2025\/10\/Poster-SAE-ARGANDA-3_page-0001-724x1024.jpg\" alt=\"\" class=\"wp-image-7847\" srcset=\"https:\/\/site.educa.madrid.org\/ies.lapoveda.arganda\/\/wp-content\/uploads\/ies.lapoveda.arganda\/2025\/10\/Poster-SAE-ARGANDA-3_page-0001-724x1024.jpg 724w, https:\/\/site.educa.madrid.org\/ies.lapoveda.arganda\/\/wp-content\/uploads\/ies.lapoveda.arganda\/2025\/10\/Poster-SAE-ARGANDA-3_page-0001-212x300.jpg 212w, https:\/\/site.educa.madrid.org\/ies.lapoveda.arganda\/\/wp-content\/uploads\/ies.lapoveda.arganda\/2025\/10\/Poster-SAE-ARGANDA-3_page-0001-768x1086.jpg 768w, https:\/\/site.educa.madrid.org\/ies.lapoveda.arganda\/\/wp-content\/uploads\/ies.lapoveda.arganda\/2025\/10\/Poster-SAE-ARGANDA-3_page-0001-1086x1536.jpg 1086w, https:\/\/site.educa.madrid.org\/ies.lapoveda.arganda\/\/wp-content\/uploads\/ies.lapoveda.arganda\/2025\/10\/Poster-SAE-ARGANDA-3_page-0001-1448x2048.jpg 1448w, https:\/\/site.educa.madrid.org\/ies.lapoveda.arganda\/\/wp-content\/uploads\/ies.lapoveda.arganda\/2025\/10\/Poster-SAE-ARGANDA-3_page-0001-scaled.jpg 1810w\" sizes=\"auto, (max-width: 724px) 100vw, 724px\" \/><\/figure>\n","protected":false},"excerpt":{"rendered":"<p>Proyecto Educativo de Centro\u00a0 Proyecto Educativo de Centro Programaci\u00f3n de actividades externas y Plan de Acci\u00f3n Tutorial. Programaci\u00f3n de actividades extraescolares. Plan de acci\u00f3n tutorial \u00a0Listados de tutores y correos electr\u00f3nicos de docentes Listado de tutores 2025\/26 Correos electr\u00f3nicos docentes 2025\/2026 Claustro de profesores por departamento 2025\/2026 Plan de Convivencia. Plan de Convivencia Calendario escolar [&hellip;]<\/p>\n","protected":false},"author":3,"featured_media":0,"parent":0,"menu_order":0,"comment_status":"closed","ping_status":"closed","template":"","meta":{"footnotes":""},"folder":[],"class_list":["post-33","page","type-page","status-publish","hentry"],"rttpg_featured_image_url":null,"rttpg_author":{"display_name":"ies.lapoveda.arganda","author_link":"https:\/\/site.educa.madrid.org\/ies.lapoveda.arganda\/index.php\/author\/cuenta_ies-lapoveda-arganda\/"},"rttpg_comment":0,"rttpg_category":false,"rttpg_excerpt":"Proyecto Educativo de Centro\u00a0 Proyecto Educativo de Centro Programaci\u00f3n de actividades externas y Plan de Acci\u00f3n Tutorial. Programaci\u00f3n de actividades extraescolares. Plan de acci\u00f3n tutorial \u00a0Listados de tutores y correos electr\u00f3nicos de docentes Listado de tutores 2025\/26 Correos electr\u00f3nicos docentes 2025\/2026 Claustro de profesores por departamento 2025\/2026 Plan de Convivencia. Plan de Convivencia Calendario escolar&hellip;","post_mailing_queue_ids":[],"_links":{"self":[{"href":"https:\/\/site.educa.madrid.org\/ies.lapoveda.arganda\/index.php\/wp-json\/wp\/v2\/pages\/33","targetHints":{"allow":["GET"]}}],"collection":[{"href":"https:\/\/site.educa.madrid.org\/ies.lapoveda.arganda\/index.php\/wp-json\/wp\/v2\/pages"}],"about":[{"href":"https:\/\/site.educa.madrid.org\/ies.lapoveda.arganda\/index.php\/wp-json\/wp\/v2\/types\/page"}],"author":[{"embeddable":true,"href":"https:\/\/site.educa.madrid.org\/ies.lapoveda.arganda\/index.php\/wp-json\/wp\/v2\/users\/3"}],"replies":[{"embeddable":true,"href":"https:\/\/site.educa.madrid.org\/ies.lapoveda.arganda\/index.php\/wp-json\/wp\/v2\/comments?post=33"}],"version-history":[{"count":50,"href":"https:\/\/site.educa.madrid.org\/ies.lapoveda.arganda\/index.php\/wp-json\/wp\/v2\/pages\/33\/revisions"}],"predecessor-version":[{"id":7880,"href":"https:\/\/site.educa.madrid.org\/ies.lapoveda.arganda\/index.php\/wp-json\/wp\/v2\/pages\/33\/revisions\/7880"}],"wp:attachment":[{"href":"https:\/\/site.educa.madrid.org\/ies.lapoveda.arganda\/index.php\/wp-json\/wp\/v2\/media?parent=33"}],"wp:term":[{"taxonomy":"folder","embeddable":true,"href":"https:\/\/site.educa.madrid.org\/ies.lapoveda.arganda\/index.php\/wp-json\/wp\/v2\/folder?post=33"}],"curies":[{"name":"wp","href":"https:\/\/api.w.org\/{rel}","templated":true}]}}