{"id":3427,"date":"2020-11-24T19:34:51","date_gmt":"2020-11-24T19:34:51","guid":{"rendered":"https:\/\/site.educa.madrid.org\/ies.lapoveda.arganda\/?page_id=3427"},"modified":"2026-05-12T14:44:03","modified_gmt":"2026-05-12T12:44:03","slug":"instrucciones-de-matriculacion","status":"publish","type":"page","link":"https:\/\/site.educa.madrid.org\/ies.lapoveda.arganda\/index.php\/secretaria\/instrucciones-de-matriculacion\/","title":{"rendered":"Instrucciones de matriculaci\u00f3n"},"content":{"rendered":"\n<p><strong>Los documentos para la formalizaci\u00f3n<\/strong> de la matr\u00edcula est\u00e1n en formato PDF con campos editables. <strong>Se pueden cumplimentar en el ordenador y luego imprimirlos.<\/strong> Si el navegador que est\u00e1n utilizando no les permite cumplimentarlos directamente los <strong>pueden descargar y abrir con un visor de pdf<\/strong> (Adobe Reader, por ejemplo).<\/p>\n\n\n\n<div class=\"wp-block-group\"><div class=\"wp-block-group__inner-container is-layout-flow wp-block-group-is-layout-flow\">\n<div class=\"wp-block-columns is-layout-flex wp-container-core-columns-is-layout-9d6595d7 wp-block-columns-is-layout-flex\">\n<div class=\"wp-block-column is-layout-flow wp-block-column-is-layout-flow\" style=\"flex-basis:100%\">\n<figure class=\"wp-block-table is-style-stripes\"><table class=\"has-fixed-layout\"><thead><tr><th>Ense\u00f1anzas<\/th><th>Instrucciones<\/th><th>Impresos<\/th><th><\/th><\/tr><\/thead><tbody><tr><td>Matr\u00edcula ESO               <\/td><td><a href=\"https:\/\/site.educa.madrid.org\/ies.lapoveda.arganda\/\/wp-content\/uploads\/ies.lapoveda.arganda\/2021\/11\/instrucciones-ESO-BACHILLERATO-MATRICULACION-admision-ordinaria-1.pdf\" target=\"_blank\" rel=\"noreferrer noopener\"><br><\/a><a href=\"https:\/\/site.educa.madrid.org\/ies.lapoveda.arganda\/\/wp-content\/uploads\/ies.lapoveda.arganda\/2025\/06\/Instrucciones-de-matriculacion-ESO-y-Bachillerato.pdf\" target=\"_blank\" rel=\"noreferrer noopener\">Instrucciones de matriculaci\u00f3n<\/a>&nbsp;<br><br><a href=\"https:\/\/site.educa.madrid.org\/ies.lapoveda.arganda\/\/wp-content\/uploads\/ies.lapoveda.arganda\/2021\/01\/DECLARACION-RESPONSABLE.pdf\" target=\"_blank\" rel=\"noreferrer noopener\">Declaraci\u00f3n responsable en caso de ejercer exclusivamente la patria potestad del alumno.<\/a><\/td><td><a href=\"https:\/\/site.educa.madrid.org\/ies.lapoveda.arganda\/\/wp-content\/uploads\/ies.lapoveda.arganda\/2026\/04\/Impreso-matricula-1o-y-2o-ESO-1.pdf\" target=\"_blank\" rel=\"noreferrer noopener\">Impreso matr\u00edcula 1\u00ba y 2\u00ba ESO<\/a>&nbsp;<br><br><a href=\"https:\/\/site.educa.madrid.org\/ies.lapoveda.arganda\/\/wp-content\/uploads\/ies.lapoveda.arganda\/2026\/04\/Impreso-matricula-2o-y-3o-ESO-1.pdf\" target=\"_blank\" rel=\"noreferrer noopener\">Impreso matr\u00edcula 2\u00ba y 3\u00ba ESO<\/a>&nbsp;<br><br><a href=\"https:\/\/site.educa.madrid.org\/ies.lapoveda.arganda\/\/wp-content\/uploads\/ies.lapoveda.arganda\/2026\/04\/Impreso-matricula-3o-y-4o-ESO-2023-2024-1.pdf\" target=\"_blank\" rel=\"noreferrer noopener\">Impreso matr\u00edcula 3\u00ba y 4\u00ba ESO<\/a><br><\/td><td><\/td><\/tr><tr><td>Matr\u00edcula Bachillerato<\/td><td><a href=\"https:\/\/site.educa.madrid.org\/ies.lapoveda.arganda\/\/wp-content\/uploads\/ies.lapoveda.arganda\/2025\/06\/Instrucciones-de-matriculacion-ESO-y-Bachillerato.pdf\" target=\"_blank\" rel=\"noreferrer noopener\">Instrucciones de matriculaci\u00f3n&nbsp;<\/a><br><br><a href=\"https:\/\/site.educa.madrid.org\/ies.lapoveda.arganda\/\/wp-content\/uploads\/ies.lapoveda.arganda\/2021\/01\/DECLARACION-RESPONSABLE.pdf\" target=\"_blank\" rel=\"noreferrer noopener\">Declaraci\u00f3n responsable en caso de ejercer exclusivamente la patria potestad del alumno.<\/a><\/td><td>Impresos matr\u00edcula:<br><a href=\"https:\/\/site.educa.madrid.org\/ies.lapoveda.arganda\/\/wp-content\/uploads\/ies.lapoveda.arganda\/2026\/05\/Impreso-matricula-4o-y-1o-Bachillerato.pdf\" target=\"_blank\" rel=\"noreferrer noopener\">Impreso Matr\u00edcula 4\u00ba ESO y 1\u00ba Bachillerato<\/a><br><br><a href=\"https:\/\/site.educa.madrid.org\/ies.lapoveda.arganda\/\/wp-content\/uploads\/ies.lapoveda.arganda\/2026\/05\/Impreso-matricula-1o-y-2o-Bachillerato.pdf\" target=\"_blank\" rel=\"noreferrer noopener\">Impreso matr\u00edcula 1\u00ba y 2\u00ba Bachillerato<\/a><\/td><td><br><br><\/td><\/tr><tr><td>Matr\u00edcula<br>Programa Profesional<\/td><td><a href=\"https:\/\/site.educa.madrid.org\/ies.lapoveda.arganda\/\/wp-content\/uploads\/ies.lapoveda.arganda\/2025\/05\/instruccionesPROGRAMA-PROFESIONAL.pdf\" target=\"_blank\" rel=\"noreferrer noopener\">Instrucciones matriculaci\u00f3n Programa Profesional Modalidad Especial<\/a>&nbsp;<br><br><a href=\"https:\/\/site.educa.madrid.org\/ies.lapoveda.arganda\/\/wp-content\/uploads\/ies.lapoveda.arganda\/2021\/01\/DECLARACION-RESPONSABLE.pdf\" target=\"_blank\" rel=\"noreferrer noopener\">Declaraci\u00f3n responsable en caso de ejercer exclusivamente la patria potestad del alumno.<\/a><\/td><td>Impresos matr\u00edcula:<br><a href=\"https:\/\/site.educa.madrid.org\/ies.lapoveda.arganda\/\/wp-content\/uploads\/ies.lapoveda.arganda\/2026\/05\/Impreso-matricula-PROGRAMA-PROFESIONAL-MODALIDAD-ESPECIAL.pdf\" target=\"_blank\" rel=\"noreferrer noopener\">Programa Profesional Modalidad Especial<\/a>\u00a0<\/td><td><br><br><\/td><\/tr><tr><td>Matr\u00edcula Formaci\u00f3n Profesional Grado B\u00e1sico<\/td><td><a href=\"https:\/\/site.educa.madrid.org\/ies.lapoveda.arganda\/\/wp-content\/uploads\/ies.lapoveda.arganda\/2025\/07\/instrucciones-1o-FPB-nuevos-alumnos.pdf\" target=\"_blank\" rel=\"noreferrer noopener\">Instrucciones de matriculaci\u00f3n para FPB.<\/a><br><br><a href=\"https:\/\/site.educa.madrid.org\/ies.lapoveda.arganda\/\/wp-content\/uploads\/ies.lapoveda.arganda\/2021\/01\/DECLARACION-RESPONSABLE.pdf\" target=\"_blank\" rel=\"noreferrer noopener\">Declaraci\u00f3n responsable en caso de ejercer exclusivamente la patria potestad del alumno.<\/a><\/td><td>Impresos matr\u00edcula:<br><a href=\"https:\/\/site.educa.madrid.org\/ies.lapoveda.arganda\/\/wp-content\/uploads\/ies.lapoveda.arganda\/2026\/05\/Impreso-matricula-Servicios-Administrativos.pdf\">FPGB Administrativo<\/a><br><br><a href=\"https:\/\/site.educa.madrid.org\/ies.lapoveda.arganda\/\/wp-content\/uploads\/ies.lapoveda.arganda\/2022\/07\/Impreso-matricula-Mantenimiento-de-Vehiculos.pdf\">FPGB Automoci\u00f3n<\/a><br><br><a href=\"https:\/\/site.educa.madrid.org\/ies.lapoveda.arganda\/\/wp-content\/uploads\/ies.lapoveda.arganda\/2022\/07\/Impreso-matricula-Electricidad-y-Electronica.pdf\">FPGB Electricidad<\/a><\/td><td><br><br><\/td><\/tr><tr><td>Matr\u00edcula Formaci\u00f3n Profesional Grado Medio<\/td><td><a href=\"https:\/\/site.educa.madrid.org\/ies.lapoveda.arganda\/\/wp-content\/uploads\/ies.lapoveda.arganda\/2025\/07\/Instruciones-matriculacion-1o-CFGM.pdf\" target=\"_blank\" rel=\"noreferrer noopener\">Instrucciones de matriculaci\u00f3n ciclos formativos de grado <br>medio<\/a><br><br><a href=\"https:\/\/site.educa.madrid.org\/ies.lapoveda.arganda\/\/wp-content\/uploads\/ies.lapoveda.arganda\/2021\/01\/DECLARACION-RESPONSABLE.pdf\" target=\"_blank\" rel=\"noreferrer noopener\">Declaraci\u00f3n responsable en caso de ejercer exclusivamente la patria potestad del alumno.<\/a><br><br><\/td><td>Impresos matr\u00edcula:<br><a rel=\"noreferrer noopener\" href=\"https:\/\/site.educa.madrid.org\/ies.lapoveda.arganda\/\/wp-content\/uploads\/ies.lapoveda.arganda\/2022\/06\/Impreso-matr\u251c\u00a1cula-CFGM-Electricidad.pdf\" target=\"_blank\">CFGM Instalaciones El\u00e9ctricas<\/a><br><br><a rel=\"noreferrer noopener\" href=\"https:\/\/site.educa.madrid.org\/ies.lapoveda.arganda\/\/wp-content\/uploads\/ies.lapoveda.arganda\/2022\/06\/Impreso-matricula-CFGM-Automocion.pdf\" target=\"_blank\">CFGM Electromec\u00e1nica Veh\u00edculos<\/a><br><br><a rel=\"noreferrer noopener\" href=\"https:\/\/site.educa.madrid.org\/ies.lapoveda.arganda\/\/wp-content\/uploads\/ies.lapoveda.arganda\/2022\/06\/Impreso-matr\u251c\u00a1cula-CFGM-Farmacia.pdf\" target=\"_blank\">CFGM Farmacia y Parafarmacia<\/a><br><br><a rel=\"noreferrer noopener\" href=\"https:\/\/site.educa.madrid.org\/ies.lapoveda.arganda\/\/wp-content\/uploads\/ies.lapoveda.arganda\/2023\/07\/Impreso-matr\u251c\u00a1cula-CFGM-Gestion-Administrativa-DIURNO.pdf\" target=\"_blank\">CFGM Gesti\u00f3n Administrativa  DIURNO<\/a><br><br><a rel=\"noreferrer noopener\" href=\"https:\/\/site.educa.madrid.org\/ies.lapoveda.arganda\/\/wp-content\/uploads\/ies.lapoveda.arganda\/2023\/07\/Impreso-matr\u251c\u00a1cula-CFGM-Gestion-Administrativa-VESPERTINO.pdf\" target=\"_blank\">CFGM Gesti\u00f3n Administrativa VESPERTINO.<\/a><br><br><a rel=\"noreferrer noopener\" href=\"https:\/\/site.educa.madrid.org\/ies.lapoveda.arganda\/\/wp-content\/uploads\/ies.lapoveda.arganda\/2023\/07\/Impreso-matr\u251c\u00a1cula-CFGM-Emergencias-sanitarias-DIURNO.pdf\" target=\"_blank\">CFGM Emergencias sanitarias           DIURNO<\/a><br><br><a rel=\"noreferrer noopener\" href=\"https:\/\/site.educa.madrid.org\/ies.lapoveda.arganda\/\/wp-content\/uploads\/ies.lapoveda.arganda\/2023\/07\/Impreso-matr\u251c\u00a1cula-CFGM-Emergencias-sanitarias-VESPERTINO.pdf\" target=\"_blank\">CFGM Emergencias sanitarias VESPERTINO.<\/a><br><br><a rel=\"noreferrer noopener\" href=\"https:\/\/site.educa.madrid.org\/ies.lapoveda.arganda\/\/wp-content\/uploads\/ies.lapoveda.arganda\/2022\/07\/Impreso-matricula-CFGM-Cuidados-auxiliares-enfermeria.pdf\" target=\"_blank\">CFGM Cuidados auxiliares de enfermer\u00eda.<\/a><\/td><td><\/td><\/tr><tr><td>Matr\u00edcula Formaci\u00f3n Profesional Grado Superior<\/td><td><a href=\"https:\/\/site.educa.madrid.org\/ies.lapoveda.arganda\/\/wp-content\/uploads\/ies.lapoveda.arganda\/2025\/07\/Instrucciones-de-matriculacion-1o-CFGS-.pdf\" target=\"_blank\" rel=\"noreferrer noopener\">Instrucciones de matriculaci\u00f3n ciclos formativos de grado superior&nbsp;<\/a><br><br><a href=\"https:\/\/site.educa.madrid.org\/ies.lapoveda.arganda\/\/wp-content\/uploads\/ies.lapoveda.arganda\/2025\/07\/instrucciones-Ciclos-PAGO-DE-TASAS.pdf\" target=\"_blank\" rel=\"noreferrer noopener\">Instrucciones pago de tasas matr\u00edcula ciclo formativo de grado superior<\/a><br><br><\/td><td>Impresos matr\u00edcula:<br><a href=\"https:\/\/site.educa.madrid.org\/ies.lapoveda.arganda\/\/wp-content\/uploads\/ies.lapoveda.arganda\/2023\/07\/Impreso-matricula-CFGS-Administracion-y-Finanzas-DUAL-DIURNO.pdf\" target=\"_blank\" rel=\"noreferrer noopener\">CFGS Administraci\u00f3n y finanzas DUAL DIURNO<\/a>&nbsp;<br><br><a href=\"https:\/\/site.educa.madrid.org\/ies.lapoveda.arganda\/\/wp-content\/uploads\/ies.lapoveda.arganda\/2023\/07\/Impreso-matricula-CFGS-Administracion-y-Finanzas-VESPERTINO.pdf\" target=\"_blank\" rel=\"noreferrer noopener\">CFGS Administraci\u00f3n y finanzas VESPERTINO<\/a><br><br><a href=\"https:\/\/site.educa.madrid.org\/ies.lapoveda.arganda\/\/wp-content\/uploads\/ies.lapoveda.arganda\/2022\/07\/Impreso-matricula-CFGS-Automocion.pdf\">CFGS Automoci\u00f3n<\/a>&nbsp;<br><br><a rel=\"noreferrer noopener\" href=\"https:\/\/site.educa.madrid.org\/ies.lapoveda.arganda\/\/wp-content\/uploads\/ies.lapoveda.arganda\/2022\/06\/Impreso-matricula-CFGS-Dietetica.pdf\" target=\"_blank\">CFGS Diet\u00e9tica.<\/a><br><br><a rel=\"noreferrer noopener\" href=\"https:\/\/site.educa.madrid.org\/ies.lapoveda.arganda\/\/wp-content\/uploads\/ies.lapoveda.arganda\/2023\/07\/Impreso-matricula-CFGS-Acondicionamiento-fisico.pdf\" target=\"_blank\">CFGS Acondicionamiento f\u00edsico<\/a><\/td><td><\/td><\/tr><\/tbody><\/table><\/figure>\n<\/div>\n<\/div>\n<\/div><\/div>\n\n\n\n<p><\/p>\n","protected":false},"excerpt":{"rendered":"<p>Los documentos para la formalizaci\u00f3n de la matr\u00edcula est\u00e1n en formato PDF con campos editables. Se pueden cumplimentar en el ordenador y luego imprimirlos. Si el navegador que est\u00e1n utilizando no les permite cumplimentarlos directamente los pueden descargar y abrir con un visor de pdf (Adobe Reader, por ejemplo). Ense\u00f1anzas Instrucciones Impresos Matr\u00edcula ESO Instrucciones [&hellip;]<\/p>\n","protected":false},"author":3,"featured_media":0,"parent":99,"menu_order":0,"comment_status":"closed","ping_status":"closed","template":"","meta":{"footnotes":""},"folder":[],"class_list":["post-3427","page","type-page","status-publish","hentry"],"rttpg_featured_image_url":null,"rttpg_author":{"display_name":"ies.lapoveda.arganda","author_link":"https:\/\/site.educa.madrid.org\/ies.lapoveda.arganda\/index.php\/author\/cuenta_ies-lapoveda-arganda\/"},"rttpg_comment":0,"rttpg_category":false,"rttpg_excerpt":"Los documentos para la formalizaci\u00f3n de la matr\u00edcula est\u00e1n en formato PDF con campos editables. Se pueden cumplimentar en el ordenador y luego imprimirlos. Si el navegador que est\u00e1n utilizando no les permite cumplimentarlos directamente los pueden descargar y abrir con un visor de pdf (Adobe Reader, por ejemplo). Ense\u00f1anzas Instrucciones Impresos Matr\u00edcula ESO Instrucciones&hellip;","post_mailing_queue_ids":[],"_links":{"self":[{"href":"https:\/\/site.educa.madrid.org\/ies.lapoveda.arganda\/index.php\/wp-json\/wp\/v2\/pages\/3427","targetHints":{"allow":["GET"]}}],"collection":[{"href":"https:\/\/site.educa.madrid.org\/ies.lapoveda.arganda\/index.php\/wp-json\/wp\/v2\/pages"}],"about":[{"href":"https:\/\/site.educa.madrid.org\/ies.lapoveda.arganda\/index.php\/wp-json\/wp\/v2\/types\/page"}],"author":[{"embeddable":true,"href":"https:\/\/site.educa.madrid.org\/ies.lapoveda.arganda\/index.php\/wp-json\/wp\/v2\/users\/3"}],"replies":[{"embeddable":true,"href":"https:\/\/site.educa.madrid.org\/ies.lapoveda.arganda\/index.php\/wp-json\/wp\/v2\/comments?post=3427"}],"version-history":[{"count":50,"href":"https:\/\/site.educa.madrid.org\/ies.lapoveda.arganda\/index.php\/wp-json\/wp\/v2\/pages\/3427\/revisions"}],"predecessor-version":[{"id":8106,"href":"https:\/\/site.educa.madrid.org\/ies.lapoveda.arganda\/index.php\/wp-json\/wp\/v2\/pages\/3427\/revisions\/8106"}],"up":[{"embeddable":true,"href":"https:\/\/site.educa.madrid.org\/ies.lapoveda.arganda\/index.php\/wp-json\/wp\/v2\/pages\/99"}],"wp:attachment":[{"href":"https:\/\/site.educa.madrid.org\/ies.lapoveda.arganda\/index.php\/wp-json\/wp\/v2\/media?parent=3427"}],"wp:term":[{"taxonomy":"folder","embeddable":true,"href":"https:\/\/site.educa.madrid.org\/ies.lapoveda.arganda\/index.php\/wp-json\/wp\/v2\/folder?post=3427"}],"curies":[{"name":"wp","href":"https:\/\/api.w.org\/{rel}","templated":true}]}}