{"id":39,"date":"2015-03-04T00:32:46","date_gmt":"2015-03-04T00:32:46","guid":{"rendered":"http:\/\/ieslapoveda.es\/?page_id=39"},"modified":"2024-07-15T09:39:37","modified_gmt":"2024-07-15T07:39:37","slug":"fp-dual-2","status":"publish","type":"page","link":"https:\/\/site.educa.madrid.org\/ies.lapoveda.arganda\/index.php\/empresas\/fp-dual-2\/","title":{"rendered":"FP DUAL R\u00c9GIMEN INTENSIVO"},"content":{"rendered":"\n<div class=\"wp-block-group\"><div class=\"wp-block-group__inner-container is-layout-flow wp-block-group-is-layout-flow\">\n<div class=\"paginaP\">\n<p>Este programa\u00a0 se caracteriza por un innovador m\u00e9todo de aprendizaje que combina la formaci\u00f3n que se imparte en los Centros educativos, con la formaci\u00f3n m\u00e1s pr\u00e1ctica que reciben los alumnos en las empresas.<\/p>\n<p><strong><em>Objetivos del programa de FP DUAL:<\/em><\/strong><\/p>\n<ul>\n<li>Adecuar la FP a las necesidades de los sectores productivos.<\/li>\n<li>Mejorar la cualificaci\u00f3n de los alumnos.<\/li>\n<li>Incrementar la empleabilidad de los titulados.<\/li>\n<\/ul>\n<p><strong> Ventajas de este modelo de formaci\u00f3n: <\/strong><\/p>\n<p>Para los ALUMNOS:<\/p>\n<ul>\n<li>Estudiar un Ciclo de Formaci\u00f3n Profesional DUAL en un centro de la Comunidad de Madrid.<\/li>\n<li>Realizar formaci\u00f3n pr\u00e1ctica en una empresa, para \u201caprender haciendo\u201d.<\/li>\n<li>Aumentar las expectativas de inserci\u00f3n profesional de los titulados.<\/li>\n<li>Recibir una beca formativa por parte de la empresa y ser dado de alta como becario en el R\u00e9gimen General de la Seguridad Social, durante su estancia en pr\u00e1cticas en la empresa.<\/li>\n<\/ul>\n<p>Para la EMPRESA:<\/p>\n<ul>\n<li>Participar activamente en la formaci\u00f3n de estudiantes como futuros profesionales.<\/li>\n<li>Seleccionar a los alumnos que deseen realizar voluntariamente la FP Dual en sus centros de trabajo.<\/li>\n<\/ul>\n<p><strong>Caracter\u00edsticas de este programa:<\/strong><\/p>\n<ul>\n<li><em>\u00a0<\/em>El proyecto de FP dual tiene una duraci\u00f3n de 2 cursos.<\/li>\n<li>Las empresas que participan en el Proyecto de Formaci\u00f3n Profesional Dual de la Comunidad de Madrid, suscriben un Convenio de colaboraci\u00f3n con la Comunidad de Madrid y el centro p\u00fablico de Formaci\u00f3n Profesional.<\/li>\n<li>Durante la estancia en la empresa, los alumnos, contratados en calidad de becarios, permanecer\u00e1n a jornada completa seg\u00fan determine la empresa.<\/li>\n<\/ul>\n<p><strong>Plan de Formaci\u00f3n:<\/strong> El Centro impartir\u00e1 los conocimientos te\u00f3ricos m\u00ednimos e imprescindibles y se coordinar\u00e1 con la empresa para completar el resto de contenidos.<\/p>\n<ul>\n<li>Dotaci\u00f3n de beca: la empresa abonar\u00e1 una beca durante los meses de su estancia en la empresa y gestionar\u00e1 el alta como becario en la Seguridad Social de cada uno de los alumnos en pr\u00e1cticas, durante el per\u00edodo de pr\u00e1cticas en su empresa.<\/li>\n<li>Durante su estancia en las pr\u00e1cticas en la empresa el alumno dispone de dos tutores que realizar\u00e1n seguimiento peri\u00f3dico para evaluar el desarrollo de las pr\u00e1cticas: un Tutor del Centro de Formaci\u00f3n, y el Tutor de la EMPRESA donde se desarrollan las pr\u00e1cticas.<\/li>\n<li>El Tutor empresarial\u00a0ejercer\u00e1 la direcci\u00f3n, supervisi\u00f3n, apoyo t\u00e9cnico, seguimiento y evaluaci\u00f3n de las pr\u00e1cticas.<\/li>\n<li>Por otra parte, mantendr\u00e1 una relaci\u00f3n peri\u00f3dica con el Tutor del Centro de Formaci\u00f3n para interesarse por el progreso acad\u00e9mico que vaya obteniendo el estudiante a lo largo de los periodos formativos que se definan durante la duraci\u00f3n del programa.<\/li>\n<\/ul>\n<p>Documentos Anexos<\/p>\n<p><strong>Normativa reguladora:<\/strong><\/p>\n<ul>\n<li><a href=\"https:\/\/site.educa.madrid.org\/ies.lapoveda.arganda\/\/wp-content\/uploads\/ies.lapoveda.arganda\/2015\/03\/RD-1529_2012L.pdf\" target=\"_blank\" rel=\"noopener noreferrer\">Real Decreto 1529\/2012<\/a><\/li>\n<li><a href=\"https:\/\/site.educa.madrid.org\/ies.lapoveda.arganda\/\/wp-content\/uploads\/ies.lapoveda.arganda\/2015\/03\/ORDEN-ESS_2518_2013.pdf\" target=\"_blank\" rel=\"noopener noreferrer\">Orden ESS 2518\/2013<\/a><\/li>\n<li><a href=\"https:\/\/www.boe.es\/eli\/es\/o\/2015\/01\/12\/ess41\/dof\/spa\/pdf\" target=\"_blank\" rel=\"noopener noreferrer\">Orden ESS\/41\/2015, de 12 de enero<\/a><\/li>\n<li><a href=\"https:\/\/www.bocm.es\/boletin\/CM_Orden_BOCM\/2017\/06\/26\/BOCM-20170626-18.PDF\" target=\"_blank\" rel=\"noopener noreferrer\">Orden 2195\/2017 <\/a><\/li>\n<li><a href=\"https:\/\/www.bocm.es\/boletin\/CM_Orden_BOCM\/2019\/07\/19\/BOCM-20190719-1.PDF\" target=\"_blank\" rel=\"noopener noreferrer\">Decreto 63\/2019 <\/a><\/li>\n<\/ul>\n<p><strong>Adjuntos:<\/strong><\/p>\n<ul>\n<li><a href=\"https:\/\/site.educa.madrid.org\/ies.lapoveda.arganda\/\/wp-content\/uploads\/ies.lapoveda.arganda\/2021\/02\/Alta-en-la-Seguridad-Social.pdf\" target=\"_blank\" rel=\"noopener noreferrer\">Alta en la Seguridad Social.<\/a><\/li>\n<li><a href=\"https:\/\/site.educa.madrid.org\/ies.lapoveda.arganda\/\/wp-content\/uploads\/ies.lapoveda.arganda\/2021\/02\/Bonificaci\u00f3n-en-la-cotizaci\u00f3n-a-la-Seguridad-Social.pdf\" target=\"_blank\" rel=\"noopener noreferrer\">Bonificaci\u00f3n en la cotizaci\u00f3n a la Seguridad Social.<\/a><\/li>\n<li><a href=\"https:\/\/site.educa.madrid.org\/ies.lapoveda.arganda\/\/wp-content\/uploads\/ies.lapoveda.arganda\/2021\/02\/Fiscalidad-de-la-beca.pdf\" target=\"_blank\" rel=\"noopener noreferrer\">Fiscalidad de la Beca.<\/a><\/li>\n<li><a href=\"https:\/\/site.educa.madrid.org\/ies.lapoveda.arganda\/\/wp-content\/uploads\/ies.lapoveda.arganda\/2021\/02\/Vacaciones-alumnos.pdf\" target=\"_blank\" rel=\"noopener noreferrer\">Vacaciones de alumnos.<\/a><\/li>\n<\/ul>\n<p>Es posible realizar la inscripci\u00f3n de su empresa en el Programa durante todo el a\u00f1o. Para ello, deben dirigir un correo electr\u00f3nico a la siguiente direcci\u00f3n: <strong>fp.ies.lapoveda.arganda@educa.madrid.org<\/strong>, cumplimentando la siguiente ficha de datos: <a href=\"https:\/\/site.educa.madrid.org\/ies.lapoveda.arganda\/\/wp-content\/uploads\/ies.lapoveda.arganda\/2015\/03\/FICHA-DE-SOLICITUD-DE-COLABORACI%E2%80%A1N.pdf\" target=\"_blank\" rel=\"noopener noreferrer\">Ficha solicitud colaboraci\u00f3n FP Dual.<\/a><\/p>\n<p>Para m\u00e1s informaci\u00f3n sobre el programa de FP dual, pueden consultar la siguiente direcci\u00f3n web: <a href=\"https:\/\/www.comunidad.madrid\/servicios\/educacion\/estudiar-fp-presencial-dual-distancia-bilingue-proyectos-propios\" target=\"_blank\" rel=\"noopener noreferrer\">FP DUAL DE LA COMUNIDAD DE MADRID<\/a><\/p>\n<\/div>\n<\/div><\/div>\n","protected":false},"excerpt":{"rendered":"<p>Este programa\u00a0 se caracteriza por un innovador m\u00e9todo de aprendizaje que combina la formaci\u00f3n que se imparte en los Centros educativos, con la formaci\u00f3n m\u00e1s pr\u00e1ctica que reciben los alumnos en las empresas. Objetivos del programa de FP DUAL: Adecuar la FP a las necesidades de los sectores productivos. Mejorar la cualificaci\u00f3n de los alumnos. [&hellip;]<\/p>\n","protected":false},"author":3,"featured_media":0,"parent":60,"menu_order":0,"comment_status":"closed","ping_status":"closed","template":"","meta":{"footnotes":""},"folder":[],"class_list":["post-39","page","type-page","status-publish","hentry"],"rttpg_featured_image_url":null,"rttpg_author":{"display_name":"ies.lapoveda.arganda","author_link":"https:\/\/site.educa.madrid.org\/ies.lapoveda.arganda\/index.php\/author\/cuenta_ies-lapoveda-arganda\/"},"rttpg_comment":0,"rttpg_category":false,"rttpg_excerpt":"Este programa\u00a0 se caracteriza por un innovador m\u00e9todo de aprendizaje que combina la formaci\u00f3n que se imparte en los Centros educativos, con la formaci\u00f3n m\u00e1s pr\u00e1ctica que reciben los alumnos en las empresas. Objetivos del programa de FP DUAL: Adecuar la FP a las necesidades de los sectores productivos. Mejorar la cualificaci\u00f3n de los alumnos.&hellip;","post_mailing_queue_ids":[],"_links":{"self":[{"href":"https:\/\/site.educa.madrid.org\/ies.lapoveda.arganda\/index.php\/wp-json\/wp\/v2\/pages\/39","targetHints":{"allow":["GET"]}}],"collection":[{"href":"https:\/\/site.educa.madrid.org\/ies.lapoveda.arganda\/index.php\/wp-json\/wp\/v2\/pages"}],"about":[{"href":"https:\/\/site.educa.madrid.org\/ies.lapoveda.arganda\/index.php\/wp-json\/wp\/v2\/types\/page"}],"author":[{"embeddable":true,"href":"https:\/\/site.educa.madrid.org\/ies.lapoveda.arganda\/index.php\/wp-json\/wp\/v2\/users\/3"}],"replies":[{"embeddable":true,"href":"https:\/\/site.educa.madrid.org\/ies.lapoveda.arganda\/index.php\/wp-json\/wp\/v2\/comments?post=39"}],"version-history":[{"count":14,"href":"https:\/\/site.educa.madrid.org\/ies.lapoveda.arganda\/index.php\/wp-json\/wp\/v2\/pages\/39\/revisions"}],"predecessor-version":[{"id":7114,"href":"https:\/\/site.educa.madrid.org\/ies.lapoveda.arganda\/index.php\/wp-json\/wp\/v2\/pages\/39\/revisions\/7114"}],"up":[{"embeddable":true,"href":"https:\/\/site.educa.madrid.org\/ies.lapoveda.arganda\/index.php\/wp-json\/wp\/v2\/pages\/60"}],"wp:attachment":[{"href":"https:\/\/site.educa.madrid.org\/ies.lapoveda.arganda\/index.php\/wp-json\/wp\/v2\/media?parent=39"}],"wp:term":[{"taxonomy":"folder","embeddable":true,"href":"https:\/\/site.educa.madrid.org\/ies.lapoveda.arganda\/index.php\/wp-json\/wp\/v2\/folder?post=39"}],"curies":[{"name":"wp","href":"https:\/\/api.w.org\/{rel}","templated":true}]}}