{"id":6622,"date":"2024-06-06T12:07:10","date_gmt":"2024-06-06T10:07:10","guid":{"rendered":"https:\/\/site.educa.madrid.org\/ies.lapoveda.arganda\/?page_id=6622"},"modified":"2025-06-11T12:12:51","modified_gmt":"2025-06-11T10:12:51","slug":"aula-profesional-de-emprendimiento-ape","status":"publish","type":"page","link":"https:\/\/site.educa.madrid.org\/ies.lapoveda.arganda\/index.php\/aula-profesional-de-emprendimiento-ape\/","title":{"rendered":"Aula Profesional de Emprendimiento (APE)"},"content":{"rendered":"\n<h2 class=\"wp-block-heading has-medium-font-size\"><kbd>Nuestros espacios<\/kbd>.<\/h2>\n\n\n\n<p>Nuestro aula de emprendimiento est\u00e1 dise\u00f1ado para ayudar a entender lo que significa el emprendimiento como una <strong>competencia <\/strong>clave para el aprendizaje permanente y poder utilizarlo en el<br>futuro profesional. Trabajamos con el prop\u00f3sito de fortalecer aquellas <strong>competencias personales<\/strong> y habilidades que est\u00e1n relacionadas con el emprendimiento.<\/p>\n\n\n\n<figure class=\"wp-block-gallery has-nested-images columns-default is-cropped wp-block-gallery-1 is-layout-flex wp-block-gallery-is-layout-flex\">\n<figure class=\"wp-block-image size-large\"><a href=\"https:\/\/site.educa.madrid.org\/ies.lapoveda.arganda\/\/wp-content\/uploads\/ies.lapoveda.arganda\/2024\/05\/WhatsApp-Image-2024-05-14-at-16.25.29-1.jpeg\"><img loading=\"lazy\" decoding=\"async\" width=\"1024\" height=\"683\" data-id=\"6724\" src=\"https:\/\/site.educa.madrid.org\/ies.lapoveda.arganda\/\/wp-content\/uploads\/ies.lapoveda.arganda\/2024\/05\/WhatsApp-Image-2024-05-14-at-16.25.29-1-1024x683.jpeg\" alt=\"\" class=\"wp-image-6724\" srcset=\"https:\/\/site.educa.madrid.org\/ies.lapoveda.arganda\/\/wp-content\/uploads\/ies.lapoveda.arganda\/2024\/05\/WhatsApp-Image-2024-05-14-at-16.25.29-1-1024x683.jpeg 1024w, https:\/\/site.educa.madrid.org\/ies.lapoveda.arganda\/\/wp-content\/uploads\/ies.lapoveda.arganda\/2024\/05\/WhatsApp-Image-2024-05-14-at-16.25.29-1-300x200.jpeg 300w, https:\/\/site.educa.madrid.org\/ies.lapoveda.arganda\/\/wp-content\/uploads\/ies.lapoveda.arganda\/2024\/05\/WhatsApp-Image-2024-05-14-at-16.25.29-1-768x512.jpeg 768w, https:\/\/site.educa.madrid.org\/ies.lapoveda.arganda\/\/wp-content\/uploads\/ies.lapoveda.arganda\/2024\/05\/WhatsApp-Image-2024-05-14-at-16.25.29-1-391x260.jpeg 391w, https:\/\/site.educa.madrid.org\/ies.lapoveda.arganda\/\/wp-content\/uploads\/ies.lapoveda.arganda\/2024\/05\/WhatsApp-Image-2024-05-14-at-16.25.29-1-272x182.jpeg 272w, https:\/\/site.educa.madrid.org\/ies.lapoveda.arganda\/\/wp-content\/uploads\/ies.lapoveda.arganda\/2024\/05\/WhatsApp-Image-2024-05-14-at-16.25.29-1.jpeg 1080w\" sizes=\"auto, (max-width: 1024px) 100vw, 1024px\" \/><\/a><\/figure>\n\n\n\n<figure class=\"wp-block-image size-large\"><img loading=\"lazy\" decoding=\"async\" width=\"1024\" height=\"461\" data-id=\"6723\" src=\"https:\/\/site.educa.madrid.org\/ies.lapoveda.arganda\/\/wp-content\/uploads\/ies.lapoveda.arganda\/2024\/05\/WhatsApp-Image-2024-05-14-at-12.45.28-1024x461.jpeg\" alt=\"\" class=\"wp-image-6723\" srcset=\"https:\/\/site.educa.madrid.org\/ies.lapoveda.arganda\/\/wp-content\/uploads\/ies.lapoveda.arganda\/2024\/05\/WhatsApp-Image-2024-05-14-at-12.45.28-1024x461.jpeg 1024w, https:\/\/site.educa.madrid.org\/ies.lapoveda.arganda\/\/wp-content\/uploads\/ies.lapoveda.arganda\/2024\/05\/WhatsApp-Image-2024-05-14-at-12.45.28-300x135.jpeg 300w, https:\/\/site.educa.madrid.org\/ies.lapoveda.arganda\/\/wp-content\/uploads\/ies.lapoveda.arganda\/2024\/05\/WhatsApp-Image-2024-05-14-at-12.45.28-768x346.jpeg 768w, https:\/\/site.educa.madrid.org\/ies.lapoveda.arganda\/\/wp-content\/uploads\/ies.lapoveda.arganda\/2024\/05\/WhatsApp-Image-2024-05-14-at-12.45.28-1536x691.jpeg 1536w, https:\/\/site.educa.madrid.org\/ies.lapoveda.arganda\/\/wp-content\/uploads\/ies.lapoveda.arganda\/2024\/05\/WhatsApp-Image-2024-05-14-at-12.45.28.jpeg 1600w\" sizes=\"auto, (max-width: 1024px) 100vw, 1024px\" \/><\/figure>\n\n\n\n<figure class=\"wp-block-image size-large\"><img loading=\"lazy\" decoding=\"async\" width=\"1024\" height=\"461\" data-id=\"6722\" src=\"https:\/\/site.educa.madrid.org\/ies.lapoveda.arganda\/\/wp-content\/uploads\/ies.lapoveda.arganda\/2024\/05\/WhatsApp-Image-2024-05-14-at-12.43.48-1-1024x461.jpeg\" alt=\"\" class=\"wp-image-6722\" srcset=\"https:\/\/site.educa.madrid.org\/ies.lapoveda.arganda\/\/wp-content\/uploads\/ies.lapoveda.arganda\/2024\/05\/WhatsApp-Image-2024-05-14-at-12.43.48-1-1024x461.jpeg 1024w, https:\/\/site.educa.madrid.org\/ies.lapoveda.arganda\/\/wp-content\/uploads\/ies.lapoveda.arganda\/2024\/05\/WhatsApp-Image-2024-05-14-at-12.43.48-1-300x135.jpeg 300w, https:\/\/site.educa.madrid.org\/ies.lapoveda.arganda\/\/wp-content\/uploads\/ies.lapoveda.arganda\/2024\/05\/WhatsApp-Image-2024-05-14-at-12.43.48-1-768x346.jpeg 768w, https:\/\/site.educa.madrid.org\/ies.lapoveda.arganda\/\/wp-content\/uploads\/ies.lapoveda.arganda\/2024\/05\/WhatsApp-Image-2024-05-14-at-12.43.48-1-1536x691.jpeg 1536w, https:\/\/site.educa.madrid.org\/ies.lapoveda.arganda\/\/wp-content\/uploads\/ies.lapoveda.arganda\/2024\/05\/WhatsApp-Image-2024-05-14-at-12.43.48-1.jpeg 1600w\" sizes=\"auto, (max-width: 1024px) 100vw, 1024px\" \/><\/figure>\n<\/figure>\n\n\n\n<div class=\"wp-block-columns is-layout-flex wp-container-core-columns-is-layout-9d6595d7 wp-block-columns-is-layout-flex\">\n<div class=\"wp-block-column is-layout-flow wp-block-column-is-layout-flow\">\n<hr class=\"wp-block-separator has-alpha-channel-opacity\"\/>\n\n\n\n<p><a href=\"https:\/\/site.educa.madrid.org\/emprendimientofp.madrid\/index.php\/2024\/12\/03\/ies-la-poveda-2024-2\/\">PROYECTOS 2024\/2025<\/a><\/p>\n\n\n\n<hr class=\"wp-block-separator has-alpha-channel-opacity\"\/>\n\n\n\n<p>PROYECTOS 2023\/2024<\/p>\n<\/div>\n<\/div>\n\n\n\n<div class=\"wp-block-columns is-layout-flex wp-container-core-columns-is-layout-9d6595d7 wp-block-columns-is-layout-flex\">\n<div class=\"wp-block-column is-layout-flow wp-block-column-is-layout-flow\" style=\"flex-basis:66.66%\">\n<p class=\"has-medium-font-size\"><\/p>\n\n\n\n<div style=\"height:42px\" aria-hidden=\"true\" class=\"wp-block-spacer\"><\/div>\n\n\n\n<div class=\"wp-block-columns is-layout-flex wp-container-core-columns-is-layout-9d6595d7 wp-block-columns-is-layout-flex\">\n<div class=\"wp-block-column is-layout-flow wp-block-column-is-layout-flow\">\n<figure class=\"wp-block-image size-full\"><img loading=\"lazy\" decoding=\"async\" width=\"576\" height=\"564\" src=\"https:\/\/site.educa.madrid.org\/ies.lapoveda.arganda\/\/wp-content\/uploads\/ies.lapoveda.arganda\/2024\/05\/APE-La-Poveda.png\" alt=\"\" class=\"wp-image-6643\" srcset=\"https:\/\/site.educa.madrid.org\/ies.lapoveda.arganda\/\/wp-content\/uploads\/ies.lapoveda.arganda\/2024\/05\/APE-La-Poveda.png 576w, https:\/\/site.educa.madrid.org\/ies.lapoveda.arganda\/\/wp-content\/uploads\/ies.lapoveda.arganda\/2024\/05\/APE-La-Poveda-300x294.png 300w\" sizes=\"auto, (max-width: 576px) 100vw, 576px\" \/><\/figure>\n<\/div>\n\n\n\n<div class=\"wp-block-column is-layout-flow wp-block-column-is-layout-flow\">\n<p><\/p>\n\n\n\n<p><\/p>\n\n\n\n<p>Durante el primer trimestre se dar\u00e1 a conocer en el centro IES La Poveda el Aula Profesional de Emprendimiento y se publicar\u00e1n los talleres que realizaremos a lo largo del curso.<\/p>\n<\/div>\n<\/div>\n<\/div>\n<\/div>\n\n\n\n<div class=\"wp-block-columns is-layout-flex wp-container-core-columns-is-layout-9d6595d7 wp-block-columns-is-layout-flex\">\n<div class=\"wp-block-column is-layout-flow wp-block-column-is-layout-flow\" style=\"flex-basis:33.33%\">\n<h2 class=\"wp-block-heading has-medium-font-size\"><kbd><mark style=\"background-color:#ffffff\" class=\"has-inline-color\">Valor a\u00f1adido APE<\/mark><\/kbd><\/h2>\n\n\n\n<p>Desde el IES La Poveda utilizamos nuestro Aula de Emprendimiento para acercarnos a nuestro alumnado, y ense\u00f1arles desde un punto de vista pr\u00e1ctico, las habilidades que necesitan para  poder ser profesionales independientes y eficientes en su futuro.<\/p>\n<\/div>\n\n\n\n<div class=\"wp-block-column is-layout-flow wp-block-column-is-layout-flow\" style=\"flex-basis:66.66%\">\n<figure class=\"wp-block-image size-full is-resized\"><img loading=\"lazy\" decoding=\"async\" width=\"637\" height=\"619\" src=\"https:\/\/site.educa.madrid.org\/ies.lapoveda.arganda\/\/wp-content\/uploads\/ies.lapoveda.arganda\/2024\/05\/5.png\" alt=\"\" class=\"wp-image-6650\" style=\"width:319px;height:310px\" srcset=\"https:\/\/site.educa.madrid.org\/ies.lapoveda.arganda\/\/wp-content\/uploads\/ies.lapoveda.arganda\/2024\/05\/5.png 637w, https:\/\/site.educa.madrid.org\/ies.lapoveda.arganda\/\/wp-content\/uploads\/ies.lapoveda.arganda\/2024\/05\/5-300x292.png 300w\" sizes=\"auto, (max-width: 637px) 100vw, 637px\" \/><\/figure>\n<\/div>\n<\/div>\n\n\n\n<div class=\"wp-block-columns is-layout-flex wp-container-core-columns-is-layout-9d6595d7 wp-block-columns-is-layout-flex\">\n<div class=\"wp-block-column is-layout-flow wp-block-column-is-layout-flow\">\n<p><kbd>Ciclos seleccionados para el taller:<\/kbd><\/p>\n\n\n\n<ul class=\"wp-block-list\">\n<li>T\u00e9cnico en Emergencias Sanitarias.<\/li>\n\n\n\n<li>T\u00e9cnico Superior en Administraci\u00f3n y Finanzas.<\/li>\n\n\n\n<li>T\u00e9cnico en Gesti\u00f3n Administrativa.<\/li>\n\n\n\n<li>T\u00e9cnico en Farmacia y Parafarmacia.<\/li>\n\n\n\n<li>T\u00e9cnico en Electromec\u00e1nica de Veh\u00edculos Autom\u00f3viles.<\/li>\n\n\n\n<li>T\u00e9cnico en Instalaciones El\u00e9ctricas y Autom\u00e1ticas.<\/li>\n\n\n\n<li>T\u00e9cnico en Cuidados Auxiliares de Enfermer\u00eda.<\/li>\n<\/ul>\n<\/div>\n\n\n\n<div class=\"wp-block-column is-layout-flow wp-block-column-is-layout-flow\">\n<p><mark style=\"background-color:#ffffff\" class=\"has-inline-color has-black-color\"><kbd>Empresa elegida: \"DOCEDEBATE\" y Escuela de Competencias San Blas Digital<\/kbd>  <\/mark><\/p>\n\n\n\n<p>Un aprendizaje 100% pr\u00e1ctico.&nbsp;Introducci\u00f3n a la importancia de las soft skills, ya que son aplicables a diversos contextos y roles laborales.&nbsp;Cuando las personas se comunican de forma asertiva y apropiada, se pueden&nbsp;<strong>resolver los problemas y retos que aparezcan durante el desarrollo de los proyectos<\/strong> &#8211; Actividad con roll-playing<mark style=\"background-color:#ffffff\" class=\"has-inline-color has-black-color\"> <\/mark><\/p>\n<\/div>\n<\/div>\n\n\n\n<blockquote class=\"wp-block-quote is-layout-flow wp-block-quote-is-layout-flow\">\n<hr class=\"wp-block-separator has-css-opacity is-style-default\"\/>\n\n\n\n<blockquote class=\"wp-block-quote has-text-align-center is-style-large is-layout-flow wp-block-quote-is-layout-flow\">\n<p>\u00abHa estado muy bien, el chico que ha venido ha conectado muy bien con el grupo, ha sido divertido y enriquecedor..\u00bb<\/p>\n<cite>\u2014 Profesora en el aula durante el taller en IES La Poveda\u2014<\/cite><\/blockquote>\n\n\n\n<hr class=\"wp-block-separator has-css-opacity is-style-default\"\/>\n<\/blockquote>\n\n\n\n<figure class=\"wp-block-image size-full is-resized\"><img loading=\"lazy\" decoding=\"async\" width=\"553\" height=\"154\" src=\"https:\/\/site.educa.madrid.org\/ies.lapoveda.arganda\/\/wp-content\/uploads\/ies.lapoveda.arganda\/2024\/05\/image-9.png\" alt=\"\" class=\"wp-image-6763\" style=\"width:316px;height:88px\" srcset=\"https:\/\/site.educa.madrid.org\/ies.lapoveda.arganda\/\/wp-content\/uploads\/ies.lapoveda.arganda\/2024\/05\/image-9.png 553w, https:\/\/site.educa.madrid.org\/ies.lapoveda.arganda\/\/wp-content\/uploads\/ies.lapoveda.arganda\/2024\/05\/image-9-300x84.png 300w\" sizes=\"auto, (max-width: 553px) 100vw, 553px\" \/><\/figure>\n\n\n\n<h2 class=\"wp-block-heading has-medium-font-size\"><kbd><mark><kbd><mark style=\"background-color:#ffffff\" class=\"has-inline-color\">Talleres de Finanzas<\/mark><\/kbd><\/mark><\/kbd><\/h2>\n\n\n\n<p>Desde el IES La Poveda promovemos una correcta educaci\u00f3n financiera ya que es fundamental para los adolescentes porque les proporciona las habilidades y conocimientos necesarios para gestionar sus finanzas de manera efectiva a lo largo de sus vidas.<\/p>\n\n\n\n<div style=\"height:45px\" aria-hidden=\"true\" class=\"wp-block-spacer\"><\/div>\n\n\n\n<div class=\"wp-block-columns is-layout-flex wp-container-core-columns-is-layout-9d6595d7 wp-block-columns-is-layout-flex\">\n<div class=\"wp-block-column is-layout-flow wp-block-column-is-layout-flow\">\n<figure class=\"wp-block-image size-large is-resized\"><img loading=\"lazy\" decoding=\"async\" width=\"768\" height=\"1024\" src=\"https:\/\/site.educa.madrid.org\/ies.lapoveda.arganda\/\/wp-content\/uploads\/ies.lapoveda.arganda\/2024\/05\/WhatsApp-Image-2024-05-16-at-08.37.39-768x1024.jpeg\" alt=\"\" class=\"wp-image-6679\" style=\"width:400px;height:535px\" srcset=\"https:\/\/site.educa.madrid.org\/ies.lapoveda.arganda\/\/wp-content\/uploads\/ies.lapoveda.arganda\/2024\/05\/WhatsApp-Image-2024-05-16-at-08.37.39-768x1024.jpeg 768w, https:\/\/site.educa.madrid.org\/ies.lapoveda.arganda\/\/wp-content\/uploads\/ies.lapoveda.arganda\/2024\/05\/WhatsApp-Image-2024-05-16-at-08.37.39-225x300.jpeg 225w, https:\/\/site.educa.madrid.org\/ies.lapoveda.arganda\/\/wp-content\/uploads\/ies.lapoveda.arganda\/2024\/05\/WhatsApp-Image-2024-05-16-at-08.37.39-300x400.jpeg 300w, https:\/\/site.educa.madrid.org\/ies.lapoveda.arganda\/\/wp-content\/uploads\/ies.lapoveda.arganda\/2024\/05\/WhatsApp-Image-2024-05-16-at-08.37.39-1152x1536.jpeg 1152w, https:\/\/site.educa.madrid.org\/ies.lapoveda.arganda\/\/wp-content\/uploads\/ies.lapoveda.arganda\/2024\/05\/WhatsApp-Image-2024-05-16-at-08.37.39.jpeg 1200w\" sizes=\"auto, (max-width: 768px) 100vw, 768px\" \/><\/figure>\n<\/div>\n\n\n\n<div class=\"wp-block-column is-layout-flow wp-block-column-is-layout-flow\">\n<figure class=\"wp-block-image size-full is-resized\"><img loading=\"lazy\" decoding=\"async\" width=\"455\" height=\"654\" src=\"https:\/\/site.educa.madrid.org\/ies.lapoveda.arganda\/\/wp-content\/uploads\/ies.lapoveda.arganda\/2024\/05\/image-4.png\" alt=\"\" class=\"wp-image-6676\" style=\"width:375px;height:538px\" srcset=\"https:\/\/site.educa.madrid.org\/ies.lapoveda.arganda\/\/wp-content\/uploads\/ies.lapoveda.arganda\/2024\/05\/image-4.png 455w, https:\/\/site.educa.madrid.org\/ies.lapoveda.arganda\/\/wp-content\/uploads\/ies.lapoveda.arganda\/2024\/05\/image-4-209x300.png 209w\" sizes=\"auto, (max-width: 455px) 100vw, 455px\" \/><\/figure>\n<\/div>\n<\/div>\n\n\n\n<h2 class=\"wp-block-heading has-medium-font-size\"><kbd><mark style=\"background-color:#ffffff\" class=\"has-inline-color\">Proyecto de Marketing para restaurante<\/mark><\/kbd><\/h2>\n\n\n\n<p>Realizamos con nuestros alumnos un proyecto sobre c\u00f3mo emprender y que acciones llevar a cabo para abrir un nuevo restaurante.<\/p>\n\n\n\n<div style=\"height:44px\" aria-hidden=\"true\" class=\"wp-block-spacer\"><\/div>\n\n\n\n<div class=\"wp-block-columns is-layout-flex wp-container-core-columns-is-layout-9d6595d7 wp-block-columns-is-layout-flex\">\n<div class=\"wp-block-column is-layout-flow wp-block-column-is-layout-flow\">\n<figure class=\"wp-block-image size-full\"><img loading=\"lazy\" decoding=\"async\" width=\"605\" height=\"459\" src=\"https:\/\/site.educa.madrid.org\/ies.lapoveda.arganda\/\/wp-content\/uploads\/ies.lapoveda.arganda\/2024\/05\/image-8.png\" alt=\"\" class=\"wp-image-6756\" srcset=\"https:\/\/site.educa.madrid.org\/ies.lapoveda.arganda\/\/wp-content\/uploads\/ies.lapoveda.arganda\/2024\/05\/image-8.png 605w, https:\/\/site.educa.madrid.org\/ies.lapoveda.arganda\/\/wp-content\/uploads\/ies.lapoveda.arganda\/2024\/05\/image-8-300x228.png 300w\" sizes=\"auto, (max-width: 605px) 100vw, 605px\" \/><\/figure>\n<\/div>\n\n\n\n<div class=\"wp-block-column is-layout-flow wp-block-column-is-layout-flow\"><div class=\"wp-block-image\">\n<figure class=\"aligncenter size-full is-resized\"><img loading=\"lazy\" decoding=\"async\" width=\"854\" height=\"497\" src=\"https:\/\/site.educa.madrid.org\/ies.lapoveda.arganda\/\/wp-content\/uploads\/ies.lapoveda.arganda\/2024\/05\/image-5.png\" alt=\"\" class=\"wp-image-6683\" style=\"width:427px;height:249px\" srcset=\"https:\/\/site.educa.madrid.org\/ies.lapoveda.arganda\/\/wp-content\/uploads\/ies.lapoveda.arganda\/2024\/05\/image-5.png 854w, https:\/\/site.educa.madrid.org\/ies.lapoveda.arganda\/\/wp-content\/uploads\/ies.lapoveda.arganda\/2024\/05\/image-5-300x175.png 300w, https:\/\/site.educa.madrid.org\/ies.lapoveda.arganda\/\/wp-content\/uploads\/ies.lapoveda.arganda\/2024\/05\/image-5-768x447.png 768w\" sizes=\"auto, (max-width: 854px) 100vw, 854px\" \/><\/figure>\n<\/div><\/div>\n<\/div>\n","protected":false},"excerpt":{"rendered":"<p>Nuestros espacios. Nuestro aula de emprendimiento est\u00e1 dise\u00f1ado para ayudar a entender lo que significa el emprendimiento como una competencia clave para el aprendizaje permanente y poder utilizarlo en elfuturo profesional. Trabajamos con el prop\u00f3sito de fortalecer aquellas competencias personales y habilidades que est\u00e1n relacionadas con el emprendimiento. PROYECTOS 2024\/2025 PROYECTOS 2023\/2024 Durante el primer [&hellip;]<\/p>\n","protected":false},"author":19,"featured_media":0,"parent":0,"menu_order":0,"comment_status":"closed","ping_status":"closed","template":"","meta":{"footnotes":""},"folder":[],"class_list":["post-6622","page","type-page","status-publish","hentry"],"rttpg_featured_image_url":null,"rttpg_author":{"display_name":"Cuenta Emprende ies lapoveda arganda","author_link":"https:\/\/site.educa.madrid.org\/ies.lapoveda.arganda\/index.php\/author\/cuenta_emprende-ies-lapoveda-arganda\/"},"rttpg_comment":0,"rttpg_category":false,"rttpg_excerpt":"Nuestros espacios. Nuestro aula de emprendimiento est\u00e1 dise\u00f1ado para ayudar a entender lo que significa el emprendimiento como una competencia clave para el aprendizaje permanente y poder utilizarlo en elfuturo profesional. Trabajamos con el prop\u00f3sito de fortalecer aquellas competencias personales y habilidades que est\u00e1n relacionadas con el emprendimiento. PROYECTOS 2024\/2025 PROYECTOS 2023\/2024 Durante el primer&hellip;","post_mailing_queue_ids":[],"_links":{"self":[{"href":"https:\/\/site.educa.madrid.org\/ies.lapoveda.arganda\/index.php\/wp-json\/wp\/v2\/pages\/6622","targetHints":{"allow":["GET"]}}],"collection":[{"href":"https:\/\/site.educa.madrid.org\/ies.lapoveda.arganda\/index.php\/wp-json\/wp\/v2\/pages"}],"about":[{"href":"https:\/\/site.educa.madrid.org\/ies.lapoveda.arganda\/index.php\/wp-json\/wp\/v2\/types\/page"}],"author":[{"embeddable":true,"href":"https:\/\/site.educa.madrid.org\/ies.lapoveda.arganda\/index.php\/wp-json\/wp\/v2\/users\/19"}],"replies":[{"embeddable":true,"href":"https:\/\/site.educa.madrid.org\/ies.lapoveda.arganda\/index.php\/wp-json\/wp\/v2\/comments?post=6622"}],"version-history":[{"count":50,"href":"https:\/\/site.educa.madrid.org\/ies.lapoveda.arganda\/index.php\/wp-json\/wp\/v2\/pages\/6622\/revisions"}],"predecessor-version":[{"id":7512,"href":"https:\/\/site.educa.madrid.org\/ies.lapoveda.arganda\/index.php\/wp-json\/wp\/v2\/pages\/6622\/revisions\/7512"}],"wp:attachment":[{"href":"https:\/\/site.educa.madrid.org\/ies.lapoveda.arganda\/index.php\/wp-json\/wp\/v2\/media?parent=6622"}],"wp:term":[{"taxonomy":"folder","embeddable":true,"href":"https:\/\/site.educa.madrid.org\/ies.lapoveda.arganda\/index.php\/wp-json\/wp\/v2\/folder?post=6622"}],"curies":[{"name":"wp","href":"https:\/\/api.w.org\/{rel}","templated":true}]}}