{"id":761,"date":"2015-05-11T10:31:23","date_gmt":"2015-05-11T10:31:23","guid":{"rendered":"http:\/\/ieslapoveda.es\/?page_id=761"},"modified":"2024-08-30T12:41:10","modified_gmt":"2024-08-30T10:41:10","slug":"inicios","status":"publish","type":"page","link":"https:\/\/site.educa.madrid.org\/ies.lapoveda.arganda\/index.php\/inicios\/","title":{"rendered":"EL CENTRO"},"content":{"rendered":"<div class=\"paginaP\">\n<h4>El centro<\/h4>\n<h5>Bienvenida<\/h5>\n<p>En el nombre las personas que forman parte de la Comunidad Educativa de este centro, que ya es vuestro, el IES La Poveda de Arganda del Rey, os doy la bienvenida a nuestra p\u00e1gina web.<\/p>\n<p>Queremos que esta p\u00e1gina web sea una herramienta de comunicaci\u00f3n para alumnos, familias y empresas, que sea una ventana abierta hacia el entorno m\u00e1s cercano del Centro y un medio que facilite a los alumnos informaci\u00f3n sobre las actividades del IES La Poveda y la realizaci\u00f3n de los tr\u00e1mites administrativos m\u00e1s comunes.<\/p>\n<p>Por \u00faltimo nos gustar\u00eda agradecer la confianza que deposit\u00e1is en nuestro Centro a todos los alumnos y las familias que ya est\u00e1is con\u00a0 nosotros, a todas las empresas que valoran nuestro esfuerzo y conf\u00edan en nuestro trabajo acogiendo a\u00a0nuestros estudiantes para realizar las pr\u00e1cticas de empresa, y a todos los que est\u00e1is por venir porque ya valor\u00e1is esa posibilidad.<\/p>\n<p>A todos, en definitiva, gracias por vuestra confianza y bienvenidos.<\/p>\n<p>Juan Jos\u00e9 M\u00e1rquez Gonz\u00e1lez<\/p>\n<p>Director<\/p>\n<hr \/>\n<h5>Datos del centro<\/h5>\n<table class=\"tablaP\">\n<thead>\n<tr>\n<th>DIRECCI\u00d3N Y DATOS DE CONTACTO<\/th>\n<th>\u00a0<\/th>\n<\/tr>\n<\/thead>\n<tbody>\n<tr>\n<td><strong>NOMBRE<\/strong><\/td>\n<td><strong>IES LA POVEDA<\/strong><\/td>\n<\/tr>\n<tr>\n<td><strong>DIRECCI\u00d3N<\/strong><\/td>\n<td><strong>c\/ Monte Potrero s\/n 28500 Arganda Del Rey (Madrid)<\/strong><\/td>\n<\/tr>\n<tr>\n<td><strong>TEL\u00c9FONO<\/strong><\/td>\n<td><strong>91.871.53.12<\/strong><\/td>\n<\/tr>\n<tr>\n<td><strong>FAX<\/strong><\/td>\n<td><strong>91.870.41.23<\/strong><\/td>\n<\/tr>\n<tr>\n<td><strong>E-MAIL<\/strong><\/td>\n<td><strong>ies.lapoveda.arganda@educa.madrid.org<\/strong><\/td>\n<\/tr>\n<tr>\n<td><strong>C\u00d3DIGO DEL CENTRO<\/strong><\/td>\n<td><strong>28036981<\/strong><\/td>\n<\/tr>\n<tr>\n<td><strong>CIF DEL CENTRO<\/strong><\/td>\n<td><strong>Q-2868678-J<\/strong><\/td>\n<\/tr>\n<\/tbody>\n<\/table>\n<table class=\"tablaP\">\n<thead>\n<tr>\n<th>HORARIOS<\/th>\n<th>\u00a0<\/th>\n<\/tr>\n<\/thead>\n<tbody>\n<tr>\n<td><strong>ATENCI\u00d3N AL CIUDADANO<\/strong><\/td>\n<td><strong>Lunes a Viernes de 9:00 a 21:00.\u00a0<br \/><\/strong><\/td>\n<\/tr>\n<tr>\n<td><strong>SECRETAR\u00cdA<\/strong><\/td>\n<td><strong>Lunes a Viernes de 8:30 a 15:00<\/strong><\/td>\n<\/tr>\n<tr>\n<td><strong>HORARIOS DE CLASE<\/strong><\/td>\n<td>\n<p><strong>Turno ma\u00f1ana 8:25 a 14:20\u00a0 \u00a0 <\/strong><\/p>\n<p><strong>Turno de tarde 15:25 a 21:20<\/strong><\/p>\n<\/td>\n<\/tr>\n<\/tbody>\n<\/table>\n<table class=\"tablaP\">\n<thead>\n<tr>\n<th>CORREOS ELECTR\u00d3NICOS DEL CENTRO<\/th>\n<th>\u00a0<\/th>\n<\/tr>\n<\/thead>\n<tbody>\n<tr>\n<td><strong>GENERAL<\/strong><\/td>\n<td><strong>ies.lapoveda.arganda@educa.madrid.org<\/strong><\/td>\n<\/tr>\n<tr>\n<td><strong>FCT<\/strong><\/td>\n<td><strong>fp.ies.lapoveda.arganda@educa.madrid.org<\/strong><\/td>\n<\/tr>\n<tr>\n<td><strong>BOLSA DE TRABAJO<\/strong><\/td>\n<td><strong>fp.ies.lapoveda.arganda@educa.madrid.org<\/strong><\/td>\n<\/tr>\n<\/tbody>\n<\/table>\n<table class=\"tablaP\">\n<thead>\n<tr>\n<th>OTROS TEL\u00c9FONOS DE INTER\u00c9S<\/th>\n<th>\u00a0<\/th>\n<\/tr>\n<\/thead>\n<tbody>\n<tr>\n<td><strong>DIRECCI\u00d3N DE \u00c1REA TERRITORIAL MADRID-ESTE<\/strong><\/td>\n<td><strong>91.887.20.00<\/strong><\/td>\n<\/tr>\n<tr>\n<td>\n<p><strong>SERVICIO DE APOYO A LA ESCOLARIZACI\u00d3N<\/strong><\/p>\n<\/td>\n<td><strong>689.037.121<\/strong><\/td>\n<\/tr>\n<\/tbody>\n<\/table>\n<div style=\"width: 640px;\" class=\"wp-video\"><video class=\"wp-video-shortcode\" id=\"video-761-1\" width=\"640\" height=\"360\" preload=\"metadata\" controls=\"controls\"><source type=\"video\/mp4\" src=\"https:\/\/site.educa.madrid.org\/ies.lapoveda.arganda\/\/wp-content\/uploads\/ies.lapoveda.arganda\/2024\/02\/IES-LA-POVEDA.mp4?_=1\" \/><a href=\"https:\/\/site.educa.madrid.org\/ies.lapoveda.arganda\/\/wp-content\/uploads\/ies.lapoveda.arganda\/2024\/02\/IES-LA-POVEDA.mp4\">https:\/\/site.educa.madrid.org\/ies.lapoveda.arganda\/\/wp-content\/uploads\/ies.lapoveda.arganda\/2024\/02\/IES-LA-POVEDA.mp4<\/a><\/video><\/div>\n<h5>Breve historia del centro<\/h5>\n<p>El IES La Poveda comenz\u00f3 su andadura en el a\u00f1o 1983 seg\u00fan consta en el Acta de la sesi\u00f3n extraordinaria celebrada por el pleno municipal del Ayuntamiento de Arganda del Rey de fecha 18 de abril de 1983: \u201cLos se\u00f1ores asistentes acuerdan por unanimidad ratificar el acuerdo de cesi\u00f3n de los terrenos citados al Ministerio de Educaci\u00f3n y Ciencia, para la construcci\u00f3n de un Centro de Formaci\u00f3n Profesional\u201d. Nuestro Instituto abri\u00f3 sus puertas el 1 de septiembre de 1984 con el nombre de Instituto de F.P. de Arganda. Se inici\u00f3 impartiendo las ense\u00f1anzas de FP1 de Electricidad, Automoci\u00f3n y Administrativo y seg\u00fan pasaron los cursos y sus primeros alumnos acabaron FP1 se ampli\u00f3 su oferta a FP2 de las tres ense\u00f1anzas.<\/p>\n<p>Desde entonces, ha ido creciendo y evolucionando junto con el barrio, ampliando sus instalaciones y sus servicios en funci\u00f3n de las necesidades del mismo y tambi\u00e9n en funci\u00f3n de las necesidades de la localidad de Arganda del Rey y de su entorno. No olvidemos que ha sido, y es, el \u00fanico instituto en la zona que oferta ense\u00f1anzas de Formaci\u00f3n Profesional.<\/p>\n<p>En el a\u00f1o 1996 se propuso un nombre definitivo y oficial tras escuchar la voz de la Comunidad Educativa que denominaba el Centro Instituto de la Poveda. Respetando esa denominaci\u00f3n, el Consejo Escolar del Centro propone llamarlo oficialmente as\u00ed, y se solicita el cambio de denominaci\u00f3n a las autoridades educativas, denominaci\u00f3n que se autoriza en un breve plazo de tiempo, consigui\u00e9ndose una r\u00e1pida publicaci\u00f3n de la misma en el BOE como I.E.S. LA POVEDA.<\/p>\n<p>El Instituto ha experimentado modificaciones en su construcci\u00f3n y en las ense\u00f1anzas que a lo largo de los a\u00f1os se han ido impartiendo. En los 16000 m<sup style=\"font-size: 50%;\">2<\/sup> de los que consta la parcela en la que se asienta, el Centro ha pasado de tener un \u00fanico edificio con 12 aulas, espacios comunes , dos talleres, un gimnasio y un patio, a su situaci\u00f3n actual, en la que se han construido tres edificios destinados a aulas comunes y espec\u00edficas y 4 talleres.<\/p>\n<p>Las ense\u00f1anzas que se imparten en el IES La Poveda tambi\u00e9n han ido cambiando con el tiempo. En el curso 1995\/96 comienzan a impartirse los Bachilleratos de Humanidades y Ciencias Sociales y Tecnol\u00f3gico. Desde el curso 2002\/2003 se imparten asimismo las ense\u00f1anzas de Educaci\u00f3n Secundaria Obligatoria. En la actualidad se ofrecen ense\u00f1anzas de FP de cuatro familias profesionales: Automoci\u00f3n, Electricidad-Electr\u00f3nica, Administrativo y Sanidad, adem\u00e1s, por supuesto, de las ense\u00f1anzas de la E.S.O. y el Bachillerato (Bachillerato de Ciencia y Tecnolog\u00eda y Bachillerato de Ciencias Humanas y Sociales).<\/p>\n<p>Si algo ha conservado en su trayectoria en el tiempo es su referencia como centro comarcal de FP. Es m\u00e1s, tenemos el orgullo de poder afirmar que en el Instituto se han formado varias generaciones de profesionales que ya tienen a sus hijos a su vez form\u00e1ndose en el Centro.<\/p>\n<hr \/>\n<h5>Instalaciones<\/h5>\n<p>Disponemos de:<\/p>\n<ul>\n<li>3 edificios con aulas polivalentes, cuatro talleres, parking y pista deportiva con una peque\u00f1a construcci\u00f3n de uso general.<\/li>\n<li>Aulas polivalentes:\n<ul>\n<li>Comunes<\/li>\n<li>Espec\u00edficas (de materia o Departamento)<\/li>\n<\/ul>\n<\/li>\n<li>Medios audiovisuales instalados en todas las aulas polivalentes y talleres del Centro.<\/li>\n<li>Otras aulas espec\u00edficas:\n<ul>\n<li>2 Aulas de Inform\u00e1tica de uso general<\/li>\n<li>5 Aulas de Inform\u00e1tica espec\u00edficas (Departamentos)<\/li>\n<li>Aula-Oficina de Farmacia para el Ciclo de Farmacia y Parafarmacia<\/li>\n<li>Aula taller para el Ciclo de Emergencias Sanitarias\u00a0<\/li>\n<li>Talleres de Tecnolog\u00eda, Laboratorios de F\u00edsica y Qu\u00edmica, Aula de M\u00fasica, Aula de Pl\u00e1stica<\/li>\n<li>2 aulas de uso general con pizarra digital<\/li>\n<\/ul>\n<\/li>\n<li>Talleres espec\u00edficos\u00a0 de Formaci\u00f3n Profesional\u00a0 (3 para la Familia Profesional de Transporte y Mantenimiento de Veh\u00edculos y 4 aulas taller propias de la Familia Profesional de Electricidad-Electr\u00f3nica), con los medios y dotaciones de \u00faltimas tecnolog\u00edas espec\u00edficas necesarias en cada una de las familias profesionales<\/li>\n<li>2 Bibliotecas, con m\u00e1s de 30.000 vol\u00famenes<\/li>\n<li>Uso exclusivo en horas lectivas de un polideportivo cubierto y pistas deportivas (convenio M-4)<\/li>\n<li>Sal\u00f3n de Actos (dotado con medios audiovisuales y equipo de sonido)<\/li>\n<\/ul>\n<hr \/><hr \/><\/div>\n\n\n<p><\/p>\n","protected":false},"excerpt":{"rendered":"<p>El centro Bienvenida En el nombre las personas que forman parte de la Comunidad Educativa de este centro, que ya es vuestro, el IES La Poveda de Arganda del Rey, os doy la bienvenida a nuestra p\u00e1gina web. Queremos que esta p\u00e1gina web sea una herramienta de comunicaci\u00f3n para alumnos, familias y empresas, que sea [&hellip;]<\/p>\n","protected":false},"author":3,"featured_media":0,"parent":0,"menu_order":0,"comment_status":"closed","ping_status":"closed","template":"","meta":{"footnotes":""},"folder":[],"class_list":["post-761","page","type-page","status-publish","hentry"],"rttpg_featured_image_url":null,"rttpg_author":{"display_name":"ies.lapoveda.arganda","author_link":"https:\/\/site.educa.madrid.org\/ies.lapoveda.arganda\/index.php\/author\/cuenta_ies-lapoveda-arganda\/"},"rttpg_comment":0,"rttpg_category":false,"rttpg_excerpt":"El centro Bienvenida En el nombre las personas que forman parte de la Comunidad Educativa de este centro, que ya es vuestro, el IES La Poveda de Arganda del Rey, os doy la bienvenida a nuestra p\u00e1gina web. Queremos que esta p\u00e1gina web sea una herramienta de comunicaci\u00f3n para alumnos, familias y empresas, que sea&hellip;","post_mailing_queue_ids":[],"_links":{"self":[{"href":"https:\/\/site.educa.madrid.org\/ies.lapoveda.arganda\/index.php\/wp-json\/wp\/v2\/pages\/761","targetHints":{"allow":["GET"]}}],"collection":[{"href":"https:\/\/site.educa.madrid.org\/ies.lapoveda.arganda\/index.php\/wp-json\/wp\/v2\/pages"}],"about":[{"href":"https:\/\/site.educa.madrid.org\/ies.lapoveda.arganda\/index.php\/wp-json\/wp\/v2\/types\/page"}],"author":[{"embeddable":true,"href":"https:\/\/site.educa.madrid.org\/ies.lapoveda.arganda\/index.php\/wp-json\/wp\/v2\/users\/3"}],"replies":[{"embeddable":true,"href":"https:\/\/site.educa.madrid.org\/ies.lapoveda.arganda\/index.php\/wp-json\/wp\/v2\/comments?post=761"}],"version-history":[{"count":50,"href":"https:\/\/site.educa.madrid.org\/ies.lapoveda.arganda\/index.php\/wp-json\/wp\/v2\/pages\/761\/revisions"}],"predecessor-version":[{"id":7206,"href":"https:\/\/site.educa.madrid.org\/ies.lapoveda.arganda\/index.php\/wp-json\/wp\/v2\/pages\/761\/revisions\/7206"}],"wp:attachment":[{"href":"https:\/\/site.educa.madrid.org\/ies.lapoveda.arganda\/index.php\/wp-json\/wp\/v2\/media?parent=761"}],"wp:term":[{"taxonomy":"folder","embeddable":true,"href":"https:\/\/site.educa.madrid.org\/ies.lapoveda.arganda\/index.php\/wp-json\/wp\/v2\/folder?post=761"}],"curies":[{"name":"wp","href":"https:\/\/api.w.org\/{rel}","templated":true}]}}