{"id":94,"date":"2015-03-04T00:59:18","date_gmt":"2015-03-04T00:59:18","guid":{"rendered":"http:\/\/ieslapoveda.es\/?page_id=94"},"modified":"2020-11-27T12:57:14","modified_gmt":"2020-11-27T12:57:14","slug":"oferta-educativa","status":"publish","type":"page","link":"https:\/\/site.educa.madrid.org\/ies.lapoveda.arganda\/index.php\/oferta-educativa\/","title":{"rendered":"OFERTA EDUCATIVA"},"content":{"rendered":"\n<div class=\"paginaP\" id=\"listaOferta\" >\n  <p><strong>SISTEMA EDUCATIVO LOMCE<br>\n    <\/strong><\/p>\n  <p><a href=\"https:\/\/site.educa.madrid.org\/ies.lapoveda.arganda\/\/wp-content\/uploads\/ies.lapoveda.arganda\/2015\/03\/Captura-de-pantalla-2015-03-15-00.46.27.png\" target=\"_blank\" rel=\"noopener noreferrer\"><img loading=\"lazy\" decoding=\"async\" class=\"alignleft wp-image-172 size-full\" src=\"https:\/\/site.educa.madrid.org\/ies.lapoveda.arganda\/\/wp-content\/uploads\/ies.lapoveda.arganda\/2015\/03\/Captura-de-pantalla-2015-03-15-00.46.27.png\" alt=\"Captura de pantalla 2015-03-15 00.46.27\" width=\"356\" height=\"600\"><\/a><br>\n    <strong>NUESTRA OFERTA EDUCATIVA<\/strong><br>\n  <\/p>\n  <p> <a href=\"https:\/\/site.educa.madrid.org\/ies.lapoveda.arganda\/index.php\/oferta-educativa\/formacion-profesional-2-2\/\">FORMACI\u00d3N PROFESIONAL.&nbsp; Ver m\u00e1s&#8230;<\/a><br>\n  <\/p>\n  <p>&nbsp;<\/p>\n  <p> <a href=\"eslapoveda.es\/oferta-educativa\/formacion-profesional-2-2\/cf-de-fp-basica\/\" target=\"_blank\" rel=\"noopener noreferrer\">FP B\u00e1sica.&nbsp; Ver m\u00e1s&#8230;<\/a><\/p>\n<p><\/p>\n  <ul >\n    <li><a href=\"https:\/\/site.educa.madrid.org\/ies.lapoveda.arganda\/index.php\/oferta-educativa\/formacion-profesional-2-2\/cf-de-fp-basica\/servicios-administrativos\/\" target=\"_blank\" rel=\"noopener noreferrer\">Servicios Administrativos.&nbsp; Ver m\u00e1s&#8230;<br>\n      <\/a><\/li>\n    <li><a href=\"https:\/\/site.educa.madrid.org\/ies.lapoveda.arganda\/index.php\/oferta-educativa\/formacion-profesional-2-2\/cf-de-fp-basica\/electricidad-electronica\/\" target=\"_blank\" rel=\"noopener noreferrer\">Electricidad-Electr\u00f3nica.&nbsp; Ver m\u00e1s&#8230;<\/a><\/li>\n    <li><a href=\"https:\/\/site.educa.madrid.org\/ies.lapoveda.arganda\/index.php\/oferta-educativa\/formacion-profesional-2-2\/cf-de-fp-basica\/mantenimiento-de-vehiculos\/\" target=\"_blank\" rel=\"noopener noreferrer\">Mantenimiento de Veh\u00edculos.&nbsp; Ver m\u00e1s&#8230;<\/a><\/li>\n\t<\/ul>\n\t<ul> \n    <p>&nbsp;<\/p>\n    <p><a href=\"da.es\/oferta-educativa\/formacion-profesional-2-2\/cf-de-grado-medio\/\" target=\"_blank\" rel=\"noopener noreferrer\">CF Grado Medio.&nbsp; Ver m\u00e1s&#8230;<\/a><\/p>\n    <li><a href=\"https:\/\/site.educa.madrid.org\/ies.lapoveda.arganda\/index.php\/oferta-educativa\/formacion-profesional-2-2\/cf-de-grado-medio\/tecnico-en-gestion-administrativa\/\" target=\"_blank\" rel=\"noopener noreferrer\">T\u00e9cnico en Gesti\u00f3n Administrativa.&nbsp; Ver m\u00e1s&#8230;<\/a><\/li>\n    <li><a href=\"https:\/\/site.educa.madrid.org\/ies.lapoveda.arganda\/index.php\/oferta-educativa\/formacion-profesional-2-2\/cf-de-grado-medio\/tecnico-en-instalaciones-electricas-y-automaticas\/\" target=\"_blank\" rel=\"noopener noreferrer\">T\u00e9cnico en Instalaciones El\u00e9ctricas y Autom\u00e1ticas.&nbsp; Ver m\u00e1s&#8230;<\/a><\/li>\n    <li><a href=\"https:\/\/site.educa.madrid.org\/ies.lapoveda.arganda\/index.php\/oferta-educativa\/formacion-profesional-2-2\/cf-de-grado-medio\/tecnico-en-electromecanica-de-vehiculos-automoviles\/\" target=\"_blank\" rel=\"noopener noreferrer\">T\u00e9cnico en Electromec\u00e1nica de Veh\u00edculos Autom\u00f3viles.&nbsp; Ver m\u00e1s&#8230;<\/a><\/li>\n    <li><a href=\"https:\/\/site.educa.madrid.org\/ies.lapoveda.arganda\/index.php\/oferta-educativa\/formacion-profesional-2-2\/cf-de-grado-medio\/tecnico-en-farmacia-y-parafarmacia\/\" target=\"_blank\" rel=\"noopener noreferrer\">T\u00e9cnico en Farmacia y Parafarmacia.&nbsp; Ver m\u00e1s&#8230;<\/a><\/li>\n\t\t<\/ul>\n\t<ul>\n    <p><a href=\"da.es\/oferta-educativa\/formacion-profesional-2-2\/cf-de-grado-superior\/\" target=\"_blank\" rel=\"noopener noreferrer\">CF Grado Superior. Ver m\u00e1s&#8230;<\/a><\/p>\n    <li><a href=\"https:\/\/site.educa.madrid.org\/ies.lapoveda.arganda\/index.php\/oferta-educativa\/formacion-profesional-2-2\/cf-de-grado-superior\/tecnico-superior-en-administracion-y-finanzas\/\" target=\"_blank\" rel=\"noopener noreferrer\">T\u00e9cnico Superior en Administraci\u00f3n y Finanzas.&nbsp; Ver m\u00e1s&#8230;<\/a><\/li>\n\t\t<\/ul>\n    \n    <p><a href=\"https:\/\/site.educa.madrid.org\/ies.lapoveda.arganda\/index.php\/oferta-educativa\/bachillerato-2\/\" target=\"_blank\" rel=\"noopener noreferrer\">BACHILLERATO.&nbsp; Ver m\u00e1s&#8230;<\/a><\/p>\n<p><br>\n      <a href=\"https:\/\/site.educa.madrid.org\/ies.lapoveda.arganda\/index.php\/oferta-educativa\/eso-2\/\" target=\"_blank\" rel=\"noopener noreferrer\">EDUCACI\u00d3N SECUNDARIA OBLIGATORIA.&nbsp; Ver m\u00e1s&#8230;<\/a><\/p>\n    <p><br>\n      <a href=\"https:\/\/site.educa.madrid.org\/ies.lapoveda.arganda\/index.php\/programa-profesional-modalidad-especial\/\">PROGRAMA PROFESIONAL MODALIDAD ESPECIAL<\/a><\/p>\n  <\/ul>\n<\/div>\n","protected":false},"excerpt":{"rendered":"<p>SISTEMA EDUCATIVO LOMCE NUESTRA OFERTA EDUCATIVA FORMACI\u00d3N PROFESIONAL.&nbsp; Ver m\u00e1s&#8230; &nbsp; FP B\u00e1sica.&nbsp; Ver m\u00e1s&#8230; Servicios Administrativos.&nbsp; Ver m\u00e1s&#8230; Electricidad-Electr\u00f3nica.&nbsp; Ver m\u00e1s&#8230; Mantenimiento de Veh\u00edculos.&nbsp; Ver m\u00e1s&#8230; &nbsp; CF Grado Medio.&nbsp; Ver m\u00e1s&#8230; T\u00e9cnico en Gesti\u00f3n Administrativa.&nbsp; Ver m\u00e1s&#8230; T\u00e9cnico en Instalaciones El\u00e9ctricas y Autom\u00e1ticas.&nbsp; Ver m\u00e1s&#8230; T\u00e9cnico en Electromec\u00e1nica de Veh\u00edculos Autom\u00f3viles.&nbsp; Ver m\u00e1s&#8230; [&hellip;]<\/p>\n","protected":false},"author":3,"featured_media":0,"parent":0,"menu_order":0,"comment_status":"closed","ping_status":"open","template":"","meta":{"footnotes":""},"folder":[],"class_list":["post-94","page","type-page","status-publish","hentry"],"rttpg_featured_image_url":null,"rttpg_author":{"display_name":"ies.lapoveda.arganda","author_link":"https:\/\/site.educa.madrid.org\/ies.lapoveda.arganda\/index.php\/author\/cuenta_ies-lapoveda-arganda\/"},"rttpg_comment":0,"rttpg_category":false,"rttpg_excerpt":"SISTEMA EDUCATIVO LOMCE NUESTRA OFERTA EDUCATIVA FORMACI\u00d3N PROFESIONAL.&nbsp; Ver m\u00e1s&#8230; &nbsp; FP B\u00e1sica.&nbsp; Ver m\u00e1s&#8230; Servicios Administrativos.&nbsp; Ver m\u00e1s&#8230; Electricidad-Electr\u00f3nica.&nbsp; Ver m\u00e1s&#8230; Mantenimiento de Veh\u00edculos.&nbsp; Ver m\u00e1s&#8230; &nbsp; CF Grado Medio.&nbsp; Ver m\u00e1s&#8230; T\u00e9cnico en Gesti\u00f3n Administrativa.&nbsp; Ver m\u00e1s&#8230; T\u00e9cnico en Instalaciones El\u00e9ctricas y Autom\u00e1ticas.&nbsp; Ver m\u00e1s&#8230; T\u00e9cnico en Electromec\u00e1nica de Veh\u00edculos Autom\u00f3viles.&nbsp; Ver m\u00e1s&#8230;&hellip;","post_mailing_queue_ids":[],"_links":{"self":[{"href":"https:\/\/site.educa.madrid.org\/ies.lapoveda.arganda\/index.php\/wp-json\/wp\/v2\/pages\/94","targetHints":{"allow":["GET"]}}],"collection":[{"href":"https:\/\/site.educa.madrid.org\/ies.lapoveda.arganda\/index.php\/wp-json\/wp\/v2\/pages"}],"about":[{"href":"https:\/\/site.educa.madrid.org\/ies.lapoveda.arganda\/index.php\/wp-json\/wp\/v2\/types\/page"}],"author":[{"embeddable":true,"href":"https:\/\/site.educa.madrid.org\/ies.lapoveda.arganda\/index.php\/wp-json\/wp\/v2\/users\/3"}],"replies":[{"embeddable":true,"href":"https:\/\/site.educa.madrid.org\/ies.lapoveda.arganda\/index.php\/wp-json\/wp\/v2\/comments?post=94"}],"version-history":[{"count":13,"href":"https:\/\/site.educa.madrid.org\/ies.lapoveda.arganda\/index.php\/wp-json\/wp\/v2\/pages\/94\/revisions"}],"predecessor-version":[{"id":3285,"href":"https:\/\/site.educa.madrid.org\/ies.lapoveda.arganda\/index.php\/wp-json\/wp\/v2\/pages\/94\/revisions\/3285"}],"wp:attachment":[{"href":"https:\/\/site.educa.madrid.org\/ies.lapoveda.arganda\/index.php\/wp-json\/wp\/v2\/media?parent=94"}],"wp:term":[{"taxonomy":"folder","embeddable":true,"href":"https:\/\/site.educa.madrid.org\/ies.lapoveda.arganda\/index.php\/wp-json\/wp\/v2\/folder?post=94"}],"curies":[{"name":"wp","href":"https:\/\/api.w.org\/{rel}","templated":true}]}}