{"id":99,"date":"2015-03-04T01:00:29","date_gmt":"2015-03-04T01:00:29","guid":{"rendered":"http:\/\/ieslapoveda.es\/?page_id=99"},"modified":"2025-06-10T13:59:51","modified_gmt":"2025-06-10T11:59:51","slug":"secretaria","status":"publish","type":"page","link":"https:\/\/site.educa.madrid.org\/ies.lapoveda.arganda\/index.php\/secretaria\/","title":{"rendered":"SECRETAR\u00cdA"},"content":{"rendered":"\n<p><\/p>\n\n\n\n<p>Para el env\u00edo de la documentaci\u00f3n o cualquier otra consulta que les pueda surgir, ponemos a su disposici\u00f3n este&nbsp;<strong>correo electr\u00f3nico<\/strong>&nbsp;de Secretar\u00eda:&nbsp;<strong>secretaria.ies.lapoveda.arganda@educa.madrid.org<\/strong><\/p>\n\n\n\n<hr class=\"wp-block-separator has-alpha-channel-opacity is-style-wide\"\/>\n\n\n\n<div class=\"wp-block-group\"><div class=\"wp-block-group__inner-container is-layout-flow wp-block-group-is-layout-flow\">\n<h4>INSTRUCCIONES DE MATRICULACI\u00d3N<\/h4>\n<p><a href=\"https:\/\/site.educa.madrid.org\/ies.lapoveda.arganda\/index.php\/secretaria\/instrucciones-de-matriculacion\/\" target=\"_blank\" rel=\"noopener\">Acceso a la documentaci\u00f3n<\/a><\/p>\n<\/div><\/div>\n\n\n\n<hr class=\"wp-block-separator has-alpha-channel-opacity is-style-wide\"\/>\n\n\n\n<p class=\"has-medium-font-size\"><strong>TR\u00c1MITES DE INTER\u00c9S PARA ALUMNOS DE CICLOS FORMATIVOS DE GRADO MEDIO Y SUPERIOR<\/strong><\/p>\n\n\n\n<p><strong><em><u>Solicitud de cancelaci\u00f3n de matr\u00edcula<\/u><\/em><\/strong><\/p>\n\n\n\n<p><strong>Plazo:<\/strong>&nbsp;antes del transcurso de un mes desde el inicio de las actividades lectivas<br><strong>Documentaci\u00f3n necesaria:<\/strong>&nbsp;Original y copia documento de identificaci\u00f3n del alumno<br><strong>Impreso de solicitud:<\/strong>&nbsp;&nbsp;Anexo I. Solicitud de cancelaci\u00f3n de matr\u00edcula&nbsp;<a href=\"https:\/\/site.educa.madrid.org\/ies.lapoveda.arganda\/wp-content\/uploads\/ies.lapoveda.arganda\/2015\/03\/AnexoI_-Solicitud-de-cancelacion-de-matricula.pdf\" target=\"_blank\" rel=\"noreferrer noopener\">(Descargar pdf)<\/a><\/p>\n\n\n\n<hr class=\"wp-block-separator has-css-opacity is-style-wide\"\/>\n\n\n\n<p><strong><em><u>Solicitud de convalidaci\u00f3n de m\u00f3dulos profesionales<\/u><\/em><\/strong><\/p>\n\n\n\n<p><strong>A) M\u00f3dulos Profesionales incluidos en el correspondiente Real Decreto del t\u00edtulo:<\/strong><\/p>\n\n\n\n<ul class=\"wp-block-list\">\n<li><strong>Competencia de la Directora del centro<\/strong><\/li>\n<\/ul>\n\n\n\n<p><strong>Plazo<\/strong>:&nbsp;desde la formalizaci\u00f3n de la matr\u00edcula hasta transcurridos 15 d\u00edas lectivos del curso escolar.<\/p>\n\n\n\n<p>En el caso excepcional de alumnos que formalicen matr\u00edcula una vez iniciadas las actividades lectivas, dispondr\u00e1n de los siguientes 10 d\u00edas lectivos a contar a partir de la fecha de matr\u00edcula para realizar dicha solicitud.<\/p>\n\n\n\n<p><strong>Documentaci\u00f3n necesaria:<\/strong>&nbsp;(seg\u00fan los supuestos)<\/p>\n\n\n\n<ol style=\"list-style-type:1\" class=\"wp-block-list\">\n<li>Original y copia del documento de identificaci\u00f3n del alumno<\/li>\n\n\n\n<li>Certificaciones acad\u00e9micas oficiales en las que se acredite haber superado m\u00f3dulos profesionales pertenecientes a ciclos formativos de formaci\u00f3n profesional de grado medio o grado superior.<\/li>\n\n\n\n<li>En caso de que el solicitante desee la convalidaci\u00f3n de m\u00f3dulos profesionales con unidades de competencia oficialmente acreditadas, deber\u00e1 aportar la documentaci\u00f3n siguiente:\n<ol class=\"wp-block-list\">\n<li>Certificados de profesionalidad emitidos por la Administraci\u00f3n Laboral, obtenidos de acuerdo con lo establecido en el Real Decreto 34\/2008, de 18 de enero, por el que se regulan los certificados de profesionalidad.<\/li>\n\n\n\n<li>Certificaci\u00f3n oficial de la Administraci\u00f3n competente, si las unidades de competencia han sido adquiridas mediante el Procedimiento de Evaluaci\u00f3n y Acreditaci\u00f3n de las Competencias Profesionales establecido en el Real Decreto 1224\/2009, de 17 de julio, de reconocimiento de las competencias profesionales adquiridas por experiencia laboral.<\/li>\n<\/ol>\n<\/li>\n<\/ol>\n\n\n\n<ul class=\"wp-block-list\">\n<li>Titulaciones universitarias oficiales en Filolog\u00eda o Traducci\u00f3n e Interpretaci\u00f3n de la misma especialidad que la lengua extranjera que se desea convalidar o certificaciones acad\u00e9micas de la Escuela Oficial de Idiomas de nivel avanzado B2, para ciclos formativos de grado superior, de nivel intermedio B1 o superior, para ciclos formativos de grado medio, \u00fanicamente en el supuesto de que el m\u00f3dulo cuya convalidaci\u00f3n se solicita sea \u00ab0156.Ingl\u00e9s\u00bb, \u00ab0179.Ingl\u00e9s\u00bb o \u00ab0180. Segunda lengua extranjera\u00bb.<\/li>\n<\/ul>\n\n\n\n<p>En todo caso, las certificaciones acad\u00e9micas deber\u00e1n indicar las calificaciones obtenidas en los estudios realizados.<\/p>\n\n\n\n<ul class=\"wp-block-list\">\n<li><strong>Competencia del Ministerio de Educaci\u00f3n y Formaci\u00f3n Profesional (MEFP)<\/strong><\/li>\n<\/ul>\n\n\n\n<p><strong>Plazo<\/strong>:&nbsp;Durante todo el curso. Se tratar\u00e1n con preferencia los expedientes presentados antes de la finalizaci\u00f3n del mes de octubre.<\/p>\n\n\n\n<p><strong>Documentaci\u00f3n necesaria:<\/strong>&nbsp;(seg\u00fan los supuestos)<\/p>\n\n\n\n<ol style=\"list-style-type:1\" class=\"wp-block-list\">\n<li>Original y copia del documento de identificaci\u00f3n del alumno<\/li>\n\n\n\n<li>Certificado de matr\u00edcula en el centro docente.<\/li>\n\n\n\n<li>Certificado acad\u00e9mico oficial de los estudios aportados. En el caso de que consten convalidaciones, adaptaciones, reconocimientos, se debe a\u00f1adir el certificado acad\u00e9mico de los estudios que dieron origen a la convalidaci\u00f3n, adaptaci\u00f3n o reconocimiento.<\/li>\n\n\n\n<li>Si se desean convalidar m\u00f3dulos aportando universitarios, el solicitante debe incluir los programas de las asignaturas cursadas y superadas que el alumno considere que dan lugar a la convalidaci\u00f3n del m\u00f3dulo o m\u00f3dulos solicitados. Estos programas deben ir sellados por la Universidad. En cada programa debe constar el mismo curso acad\u00e9mico que figura en el certificado como superado. Si no fuera as\u00ed, se debe adjuntar un escrito de la universidad confirmando que los programas son los que se impartieron el curso que se superaron. No se considerar\u00e1n los programas de asignaturas convalidadas, reconocidas, adaptadas o superadas por compensaci\u00f3n. El n\u00famero de m\u00f3dulos profesionales cuya convalidaci\u00f3n se solicite no debe superar el 60% de los cr\u00e9ditos ECTS establecidos para las ense\u00f1anzas m\u00ednimas del t\u00edtulo en cuyo ciclo se efect\u00faa la matr\u00edcula para los que se solicita la convalidaci\u00f3n.<\/li>\n<\/ol>\n\n\n\n<ul class=\"wp-block-list\">\n<li><strong>Impreso de solicitud:<\/strong>&nbsp; Anexo V. Solicitud de convalidaci\u00f3n de m\u00f3dulos de formaci\u00f3n profesional&nbsp;<a href=\"https:\/\/site.educa.madrid.org\/ies.lapoveda.arganda\/\/wp-content\/uploads\/ies.lapoveda.arganda\/2022\/07\/ANEXO-V.pdf\" target=\"_blank\" rel=\"noreferrer noopener\">(Descargar pdf)<\/a><\/li>\n<\/ul>\n\n\n\n<p>.<\/p>\n\n\n\n<p><strong>B) M\u00f3dulos Profesionales propios de la Comunidad de Madrid competencia de la Directora del centro o de la Direcci\u00f3n General de Educaci\u00f3n Secundaria, Formaci\u00f3n Profesional y r\u00e9gimen Especial<\/strong><\/p>\n\n\n\n<p><strong>Plazo<\/strong><strong>:<\/strong>&nbsp;desde la formalizaci\u00f3n de la matr\u00edcula hasta transcurridos 15 d\u00edas lectivos del curso escolar.<\/p>\n\n\n\n<p>En el caso excepcional de alumnos que formalicen matr\u00edcula una vez iniciadas las actividades lectivas, dispondr\u00e1n de los siguientes 10 d\u00edas lectivos a contar a partir de la fecha de matr\u00edcula para realizar dicha solicitud.<\/p>\n\n\n\n<p><strong>Documentaci\u00f3n necesaria:<\/strong>&nbsp;(seg\u00fan los supuestos):<\/p>\n\n\n\n<ol style=\"list-style-type:1\" class=\"wp-block-list\">\n<li>Original y copia del documento de identificaci\u00f3n del alumno<\/li>\n<\/ol>\n\n\n\n<ul class=\"wp-block-list\">\n<li>Certificaciones acad\u00e9micas oficiales en las que se acredite haber superado m\u00f3dulos profesionales pertenecientes a ciclos formativos de formaci\u00f3n profesional de grado medio o grado superior,<\/li>\n<\/ul>\n\n\n\n<ul class=\"wp-block-list\">\n<li>Estudios universitarios oficiales o asignaturas de las ense\u00f1anzas conducentes a los t\u00edtulos de T\u00e9cnico Auxiliar o T\u00e9cnico Especialista de formaci\u00f3n profesional, regulados al amparo de la Ley 14\/1970, de 4 de agosto, General de Educaci\u00f3n y Financiamiento de la Reforma Educativa<\/li>\n<\/ul>\n\n\n\n<ul class=\"wp-block-list\">\n<li>Si el m\u00f3dulo cuya convalidaci\u00f3n se solicita sea CM04.Ingl\u00e9s, correspondiente al ciclo formativo de grado superior en Educaci\u00f3n Infantil, certificados acad\u00e9micos oficiales de nivel en lengua inglesa.<\/li>\n<\/ul>\n\n\n\n<p>En todo caso, las certificaciones acad\u00e9micas deber\u00e1n indicar las calificaciones obtenidas en los estudios realizados.<strong><\/strong><\/p>\n\n\n\n<ul class=\"wp-block-list\">\n<li><strong>Impreso de solicitud:<\/strong>&nbsp; Anexo I. Solicitud de convalidaci\u00f3n de m\u00f3dulos propios de la Comunidad de Madrid <a href=\"https:\/\/site.educa.madrid.org\/ies.lapoveda.arganda\/\/wp-content\/uploads\/ies.lapoveda.arganda\/2022\/07\/Anexo-I.pdf\" target=\"_blank\" rel=\"noreferrer noopener\">(Descargar pdf)<\/a><\/li>\n<\/ul>\n\n\n\n<hr class=\"wp-block-separator has-css-opacity is-style-wide\"\/>\n\n\n\n<p><strong><em><u>Renuncia a convocatorias<\/u><\/em><\/strong><\/p>\n\n\n\n<p><strong>Plazo:<\/strong>&nbsp;con una antelaci\u00f3n m\u00ednima de 1 mes a la fecha de evaluaci\u00f3n final del m\u00f3dulo o los m\u00f3dulos afectados por la renuncia.<br>Podr\u00e1 solicitar renuncia a la convocatoria ordinaria, extraordinaria o ambas.<\/p>\n\n\n\n<p><strong>Documentaci\u00f3n necesaria:<\/strong><\/p>\n\n\n\n<ul class=\"wp-block-list\">\n<li>Original y copia del documento de identificaci\u00f3n del alumno<\/li>\n\n\n\n<li>Documentaci\u00f3n justificativa de los motivos en virtud de los cuales se solicita la renuncia.<\/li>\n<\/ul>\n\n\n\n<p><strong>Impreso de solicitud:<\/strong>&nbsp;Anexo III. Solicitud de renuncia a convocatorias.&nbsp;<a href=\"http:\/\/cloud.educa.madrid.org\/index.php\/s\/vbi3Be76JBvW3wn\">(Descargar pdf)<\/a><\/p>\n\n\n\n<hr class=\"wp-block-separator has-css-opacity is-style-wide\"\/>\n\n\n\n<p><strong><em><u>Solicitud de exenci\u00f3n de FCT<\/u><\/em><\/strong><\/p>\n\n\n\n<p><strong>Plazo:<\/strong>&nbsp;al menos 2 meses antes de la fecha de la sesi\u00f3n de evaluaci\u00f3n ordinaria<\/p>\n\n\n\n<p><strong>Documentaci\u00f3n necesaria:<\/strong><\/p>\n\n\n\n<ol style=\"list-style-type:lower-alpha\" class=\"wp-block-list\">\n<li>Original y copia del documento de identificaci\u00f3n del alumno.<\/li>\n<\/ol>\n\n\n\n<ul class=\"wp-block-list\">\n<li>Seg\u00fan el caso:\n<ul class=\"wp-block-list\">\n<li>Trabajadores por cuenta ajena:\n<ul class=\"wp-block-list\">\n<li>Certificado de la Tesorer\u00eda General de la Seguridad Social<\/li>\n\n\n\n<li>Certificado de la empresa\/s en el que conste la actividades, funciones desempe\u00f1adas y periodo de tiempo en el que se han realizado. Si no es posible el certificado de empresa emitido por el Servicio de Empleo de cese o el contrato laboral.<\/li>\n<\/ul>\n<\/li>\n\n\n\n<li>Trabajadores por cuenta propia:<\/li>\n<\/ul>\n<\/li>\n\n\n\n<li>Certificado de la Tesorer\u00eda General de la Seguridad Social<\/li>\n\n\n\n<li>Declaraci\u00f3n responsable realizado por el aut\u00f3nomo que incluya: memoria descriptiva de las actividades desarrolladas<\/li>\n<\/ul>\n\n\n\n<ul class=\"wp-block-list\">\n<li>Voluntarios:<\/li>\n\n\n\n<li>Certificaci\u00f3n en la que conste: los datos personales, fecha de incorporaci\u00f3n, duraci\u00f3n, descripci\u00f3n de las tareas realizadas y funciones asumidas, n\u00famero total de horas y lugar donde se ha llevado a cabo la actividad, el CIF de la entidad, el n\u00famero de voluntarios y el n\u00famero de personal retribuido<\/li>\n<\/ul>\n\n\n\n<ul class=\"wp-block-list\">\n<li>Becarios:<\/li>\n\n\n\n<li>Certificado de la Tesorer\u00eda General de la Seguridad Social<\/li>\n<\/ul>\n\n\n\n<p>c) Los solicitantes podr\u00e1n adjuntar otros documentos admitidos en derecho, que permitan ampliar la informaci\u00f3n sobre su experiencia laboral, con objeto de facilitar la resoluci\u00f3n de la solicitud de exenci\u00f3n total o parcial del m\u00f3dulo de FCT.<\/p>\n\n\n\n<p><strong>Impreso de solicitud:<\/strong>&nbsp;Anexo XIII. Solicitud de exenci\u00f3n del m\u00f3dulo de FCT&nbsp;<a href=\"https:\/\/site.educa.madrid.org\/ies.lapoveda.arganda\/wp-content\/uploads\/ies.lapoveda.arganda\/2015\/03\/Anexo-XIII_Solicitud_Exencion_FCT.pdf\">(Descargar pdf)<\/a> &nbsp;&nbsp;&nbsp;&nbsp;&nbsp;<\/p>\n\n\n\n<p>&nbsp;&nbsp;&nbsp;<\/p>\n\n\n\n<hr class=\"wp-block-separator has-css-opacity is-style-wide\"\/>\n\n\n\n<p><strong><em><u>Solicitud de aplazamiento de FCT<\/u><\/em><\/strong><\/p>\n\n\n\n<p><strong>Plazo:<\/strong>&nbsp;con una antelaci\u00f3n m\u00ednima de diez d\u00edas a la fecha de inicio del m\u00f3dulo de FCT o en caso de causa sobrevenida, en los 5 d\u00edas h\u00e1biles siguientes a la fecha del hecho causante<\/p>\n\n\n\n<p><strong>Documentaci\u00f3n necesaria:<\/strong><\/p>\n\n\n\n<ul class=\"wp-block-list\">\n<li>Original y copia del documento de identificaci\u00f3n del alumno.<\/li>\n\n\n\n<li>Aquella que justifique las razones que se alegan.<\/li>\n<\/ul>\n\n\n\n<p><strong>Impreso de solicitud:<\/strong>&nbsp;Documento adjunto. Anexo IV. Solicitud aplazamiento FCT&nbsp;<a href=\"https:\/\/site.educa.madrid.org\/ies.lapoveda.arganda\/wp-content\/uploads\/ies.lapoveda.arganda\/2015\/03\/Anexo-IV_Solicitud-de-aplazamiento_FCT.pdf\">(Descargar pdf)<\/a><\/p>\n\n\n\n<hr class=\"wp-block-separator has-css-opacity is-style-wide\"\/>\n\n\n\n<p><strong>GASTOS TRANSPORTE ALUMNOS DURANTE EL PERIODO DE FCT<\/strong>.<\/p>\n\n\n\n<p><a href=\"https:\/\/site.educa.madrid.org\/ies.lapoveda.arganda\/\/wp-content\/uploads\/ies.lapoveda.arganda\/2023\/05\/INFORMACION-SOBRE-GASTOS-TRANSPORTE-ALUMNOS-DURANTE-EL-PERIODO-DE-FCT.pdf\" target=\"_blank\" rel=\"noreferrer noopener\">Informaci\u00f3n.<\/a><\/p>\n\n\n\n<p><a rel=\"noreferrer noopener\" href=\"https:\/\/site.educa.madrid.org\/ies.lapoveda.arganda\/\/wp-content\/uploads\/ies.lapoveda.arganda\/2023\/05\/SOLICITUD-GASTOS-FCT.pdf\" target=\"_blank\">Impreso para solicitud de gastos.<\/a><\/p>\n\n\n\n<hr class=\"wp-block-separator has-alpha-channel-opacity is-style-wide\"\/>\n\n\n\n<p class=\"has-large-font-size\"><strong>RESTO DE TR\u00c1MITES.<\/strong><\/p>\n\n\n\n<div class=\"paginaP\">\n    <h4><span>POL\u00cdTICA DE PRIVACIDAD EN CENTROS DOCENTES P\u00daBLICOS DE LA COMUNIDAD DE MADRID<\/span><\/h4>\n  <p><a href=\"http:\/\/cloud.educa.madrid.org\/index.php\/s\/gz8kcXdJYjf6enY\" target=\"_blank\" rel=\"noopener noreferrer\">Descargar pdf<\/a><\/p>\n<hr class=\"wp-block-separator is-style-wide\">\n  \n  \n  \n \n  <h4><span>TR\u00c1MITES PARA LA SOLICITUD DE T\u00cdTULOS<\/span><br>\n    <\/h4>\n  <h5><span>T\u00edtulos LOGSE y LOE<\/span><\/h5>\n  <p><span><strong>Instrucciones de solicitud:<\/strong> <\/span>Documento adjunto. Instrucciones solicitud de t\u00edtulos LOGSE y LOE <a href=\"https:\/\/site.educa.madrid.org\/ies.lapoveda.arganda\/\/wp-content\/uploads\/ies.lapoveda.arganda\/2025\/06\/Instrucciones-para-tasas-titulos-1.pdf\">(Descargar pdf)<\/a><br>\n    <span><strong>Impreso de solicitud:<\/strong><\/span> Documento adjunto. Impreso de solicitud de t\u00edtulo <a href=\"https:\/\/site.educa.madrid.org\/ies.lapoveda.arganda\/\/wp-content\/uploads\/ies.lapoveda.arganda\/2023\/12\/INSTANCIA-SOLICITUD-TITULO-IES-LA-POVEDA.pdf\" target=\"_blank\" rel=\"noopener noreferrer\">(Descargar pdf)<\/a><\/p>\n<br><br>\n  <h5><span>Antiguos T\u00edtulos de FPI y FPII<\/span><\/h5>\n  <p><span><strong>Instrucciones de solicitud<\/strong>:<\/span> Documento adjunto. Instrucciones solicitud de t\u00edtulos antiguos FPI y FPII <a href=\"https:\/\/site.educa.madrid.org\/ies.lapoveda.arganda\/\/wp-content\/uploads\/ies.lapoveda.arganda\/2015\/03\/Instrucciones-solicitud-t\u00b0tulos-antiguos-FPI-y-FPII.pdf\">(Descargar pdf)<\/a><br>\n    <span><strong>Impreso de solicitud:<\/strong><\/span> Documento adjunto. Impreso de solicitud de t\u00edtulo <a href=\"https:\/\/site.educa.madrid.org\/ies.lapoveda.arganda\/\/wp-content\/uploads\/ies.lapoveda.arganda\/2015\/03\/Impreso-de-solicitud-de-t\u00b0tulo.pdf\">(Descargar pdf)<\/a><\/p>\n<hr class=\"wp-block-separator is-style-wide\">\n  <h4><span>TR\u00c1MITES PARA LA SOLICITUD DE CERTIFICADOS<\/span><\/h4>\n  <h5><span>Alumnos<\/span><\/h5>\n  <p><span><strong>Impreso de solicitud de certificado alumnos: <\/strong><\/span>Documento adjunto.<a href=\"http:\/\/cloud.educa.madrid.org\/index.php\/s\/RuNcIuOqnsufxs2\" target=\"_blank\" rel=\"noopener noreferrer\">SOLICITUD DE CERTIFICADOS<\/a><br>\n    Para solicitar cualquier certificado hay que aportar el original y la copia del documento de identificaci\u00f3n del alumno.<\/p>\n<br><br>\n  <h5><span>Profesores<\/span><\/h5>\n  <p><span><strong>Impreso de solicitud de certificado profesores: <\/strong><\/span>Documento adjunto. <a href=\"https:\/\/site.educa.madrid.org\/ies.lapoveda.arganda\/\/wp-content\/uploads\/ies.lapoveda.arganda\/2015\/03\/Impreso-de-solicitud-de-certificado-profesores.pdf\">(Descargar pdf)<\/a><br>\n    Para solicitar cualquier certificado hay que aportar el original y la copia del documento de identificaci\u00f3n del alumno.<\/p>\n<hr class=\"wp-block-separator is-style-wide\">\n  <h4><span>HOJAS DE RECLAMACI\u00d3N<\/span><\/h4>\n  <p><a href=\"https:\/\/site.educa.madrid.org\/ies.lapoveda.arganda\/\/wp-content\/uploads\/ies.lapoveda.arganda\/2015\/09\/Hoja-reclamaciones.pdf\">HOJA DE SUGERENCIAS (Descargar pdf)<\/a><\/p>\n<hr class=\"wp-block-separator is-style-wide\">\n  <h4><span>SOLICITUDES DE CERTIFICADOS DE TRASLADO Y ANULACI\u00d3N DE MATR\u00cdCULA (ESO y BACHILLERATO)<\/span><\/h4>\n  <p><strong><span>Solicitud de certificado de traslado (ESO y BACHILLERATO)<\/span> <\/strong>Documento adjunto: <a href=\"https:\/\/site.educa.madrid.org\/ies.lapoveda.arganda\/\/wp-content\/uploads\/ies.lapoveda.arganda\/2017\/10\/SOLICITUD-CERTIFICADOTRASLADO-y-ANULACI\u00d3N-DE-MATR\u00cdCULA.pdf\" target=\"_blank\" rel=\"noopener noreferrer\">SOLICITUD DE CERTIFICADOS DE TRASLADO (ESO y BACHILLERATO)<\/a><\/p>\n<br><br>\n  <p><span><strong>Solicitud de anulaci\u00f3n de matr\u00edcula (BACHILLERATO)&nbsp;<\/strong><\/span>Documento adjunto. (<a href=\"https:\/\/site.educa.madrid.org\/ies.lapoveda.arganda\/\/wp-content\/uploads\/ies.lapoveda.arganda\/2019\/01\/solicitud-anulacin-matrcula.pdf\" target=\"_blank\" rel=\"noopener noreferrer\">Descargar pdf<\/a>)<\/p>\n<hr class=\"wp-block-separator is-style-wide\">\n  <h4><span>PROCEDIMIENTO DE RECLAMACI\u00d3N DE NOTAS FINALES<\/span><\/h4>\n<p><a href=\"https:\/\/site.educa.madrid.org\/ies.lapoveda.arganda\/\/wp-content\/uploads\/ies.lapoveda.arganda\/2021\/02\/Procedimiento-de-reclamaci\u00f3n-de-notas-finales.pdf\" target=\"_blank\" rel=\"noopener noreferrer\">PROCEDIMIENTO DE RECLAMACI\u00d3N DE NOTAS FINALES (Descargar pdf)<\/a><\/p>\n  <p><a href=\"http:\/\/cloud.educa.madrid.org\/index.php\/s\/uWrzTX8IgK7Teh9\" target=\"_blank\" rel=\"noopener noreferrer\">SOLICITUD DE RECLAMACI\u00d3N DE NOTAS FINALES (Descargar pdf)<\/a><\/p>\n<\/div>\n\n\n\n<p><\/p>\n","protected":false},"excerpt":{"rendered":"<p>Para el env\u00edo de la documentaci\u00f3n o cualquier otra consulta que les pueda surgir, ponemos a su disposici\u00f3n este&nbsp;correo electr\u00f3nico&nbsp;de Secretar\u00eda:&nbsp;secretaria.ies.lapoveda.arganda@educa.madrid.org INSTRUCCIONES DE MATRICULACI\u00d3N Acceso a la documentaci\u00f3n TR\u00c1MITES DE INTER\u00c9S PARA ALUMNOS DE CICLOS FORMATIVOS DE GRADO MEDIO Y SUPERIOR Solicitud de cancelaci\u00f3n de matr\u00edcula Plazo:&nbsp;antes del transcurso de un mes desde el inicio [&hellip;]<\/p>\n","protected":false},"author":3,"featured_media":0,"parent":0,"menu_order":0,"comment_status":"closed","ping_status":"closed","template":"","meta":{"footnotes":""},"folder":[],"class_list":["post-99","page","type-page","status-publish","hentry"],"rttpg_featured_image_url":null,"rttpg_author":{"display_name":"ies.lapoveda.arganda","author_link":"https:\/\/site.educa.madrid.org\/ies.lapoveda.arganda\/index.php\/author\/cuenta_ies-lapoveda-arganda\/"},"rttpg_comment":0,"rttpg_category":false,"rttpg_excerpt":"Para el env\u00edo de la documentaci\u00f3n o cualquier otra consulta que les pueda surgir, ponemos a su disposici\u00f3n este&nbsp;correo electr\u00f3nico&nbsp;de Secretar\u00eda:&nbsp;secretaria.ies.lapoveda.arganda@educa.madrid.org INSTRUCCIONES DE MATRICULACI\u00d3N Acceso a la documentaci\u00f3n TR\u00c1MITES DE INTER\u00c9S PARA ALUMNOS DE CICLOS FORMATIVOS DE GRADO MEDIO Y SUPERIOR Solicitud de cancelaci\u00f3n de matr\u00edcula Plazo:&nbsp;antes del transcurso de un mes desde el inicio&hellip;","post_mailing_queue_ids":[],"_links":{"self":[{"href":"https:\/\/site.educa.madrid.org\/ies.lapoveda.arganda\/index.php\/wp-json\/wp\/v2\/pages\/99","targetHints":{"allow":["GET"]}}],"collection":[{"href":"https:\/\/site.educa.madrid.org\/ies.lapoveda.arganda\/index.php\/wp-json\/wp\/v2\/pages"}],"about":[{"href":"https:\/\/site.educa.madrid.org\/ies.lapoveda.arganda\/index.php\/wp-json\/wp\/v2\/types\/page"}],"author":[{"embeddable":true,"href":"https:\/\/site.educa.madrid.org\/ies.lapoveda.arganda\/index.php\/wp-json\/wp\/v2\/users\/3"}],"replies":[{"embeddable":true,"href":"https:\/\/site.educa.madrid.org\/ies.lapoveda.arganda\/index.php\/wp-json\/wp\/v2\/comments?post=99"}],"version-history":[{"count":50,"href":"https:\/\/site.educa.madrid.org\/ies.lapoveda.arganda\/index.php\/wp-json\/wp\/v2\/pages\/99\/revisions"}],"predecessor-version":[{"id":7478,"href":"https:\/\/site.educa.madrid.org\/ies.lapoveda.arganda\/index.php\/wp-json\/wp\/v2\/pages\/99\/revisions\/7478"}],"wp:attachment":[{"href":"https:\/\/site.educa.madrid.org\/ies.lapoveda.arganda\/index.php\/wp-json\/wp\/v2\/media?parent=99"}],"wp:term":[{"taxonomy":"folder","embeddable":true,"href":"https:\/\/site.educa.madrid.org\/ies.lapoveda.arganda\/index.php\/wp-json\/wp\/v2\/folder?post=99"}],"curies":[{"name":"wp","href":"https:\/\/api.w.org\/{rel}","templated":true}]}}