{"id":1006,"date":"2022-09-20T19:52:41","date_gmt":"2022-09-20T17:52:41","guid":{"rendered":"https:\/\/site.educa.madrid.org\/ies.lasencinas.villanuevadelacanada\/?page_id=1006"},"modified":"2025-09-26T17:41:33","modified_gmt":"2025-09-26T15:41:33","slug":"economia","status":"publish","type":"page","link":"https:\/\/site.educa.madrid.org\/ies.lasencinas.villanuevadelacanada\/index.php\/comunidad-educativa\/departamentos\/economia\/","title":{"rendered":"Econom\u00eda"},"content":{"rendered":"\n<p><strong>PROFESORES DEL DEPARTAMENTO:<\/strong> \/ (D\u00eda y hora de atenci\u00f3n a padres)<\/p>\n\n\n\n<ul class=\"wp-block-list\">\n<li>Carmen Guil Salvador (Jefa del Dpto.) : carmen.guilsalvador@educa.madrid.org \/ (Jueves 9:25)<\/li>\n<\/ul>\n\n\n\n<ul class=\"wp-block-list\">\n<li>Carmen S\u00e1nchez Garc\u00eda : carmen.sanchez15@educa.madrid.org \/ (Mi\u00e9rcoles 9:25)<\/li>\n<\/ul>\n\n\n\n<p><strong>MATERIAS IMPARTIDAS POR EL DEPARTAMENTO:<\/strong><\/p>\n\n\n\n<ul class=\"wp-block-list\">\n<li>Formaci\u00f3n y orientaci\u00f3n personal y profesional 4\u00ba ESO.<\/li>\n\n\n\n<li>Econom\u00eda y emprendimiento 4\u00ba ESO.<\/li>\n\n\n\n<li>Econom\u00eda 1\u00ba Bach.<\/li>\n\n\n\n<li>Empresa y dise\u00f1o de modelos de negocio 2\u00ba Bach.<\/li>\n\n\n\n<li>Fundamentos de Administraci\u00f3n y Gesti\u00f3n 2\u00ba Bach.<\/li>\n\n\n\n<li>Itinerario personal para la empleabilidad FPB1.<\/li>\n\n\n\n<li>Itinerario personal para la empleabilidad I, SMR\u00bb, ASIR1 y DAM1.<\/li>\n\n\n\n<li>Itinerario personal para la empleabilidad II SMR2, ASIR2 y DAM2.<\/li>\n\n\n\n<li>Sostenibilidad aplicada al entorno productivo SMR2, ASIR2 y DAM2.<\/li>\n<\/ul>\n\n\n\n<p><strong>CRITERIOS DE CALIFICACI\u00d3N:<\/strong><\/p>\n\n\n\n<ul class=\"wp-block-list\">\n<li><strong><a href=\"https:\/\/docs.google.com\/document\/d\/1siKBSQRd_r6i6_OXDs7nfuBUl1GpvUmO\/edit?pli=1\">Extracto o cuadro resumen<\/a><\/strong><\/li>\n\n\n\n<li>Para informaci\u00f3n m\u00e1s detallada, consultar programaci\u00f3n a trav\u00e9s de los profesores del departamento<\/li>\n<\/ul>\n","protected":false},"excerpt":{"rendered":"<p>PROFESORES DEL DEPARTAMENTO: \/ (D\u00eda y hora de atenci\u00f3n a padres) MATERIAS IMPARTIDAS POR EL DEPARTAMENTO: CRITERIOS DE CALIFICACI\u00d3N:<\/p>\n","protected":false},"author":3,"featured_media":0,"parent":672,"menu_order":0,"comment_status":"closed","ping_status":"closed","template":"","meta":{"footnotes":""},"folder":[],"class_list":["post-1006","page","type-page","status-publish","hentry"],"rttpg_featured_image_url":null,"rttpg_author":{"display_name":"ies.lasencinas.villanuevadelacanada","author_link":"https:\/\/site.educa.madrid.org\/ies.lasencinas.villanuevadelacanada\/index.php\/author\/cuenta_ies-lasencinas-villanuevadelacanada\/"},"rttpg_comment":0,"rttpg_category":false,"rttpg_excerpt":"PROFESORES DEL DEPARTAMENTO: \/ (D\u00eda y hora de atenci\u00f3n a padres) MATERIAS IMPARTIDAS POR EL DEPARTAMENTO: CRITERIOS DE CALIFICACI\u00d3N:","post_mailing_queue_ids":[],"_links":{"self":[{"href":"https:\/\/site.educa.madrid.org\/ies.lasencinas.villanuevadelacanada\/index.php\/wp-json\/wp\/v2\/pages\/1006","targetHints":{"allow":["GET"]}}],"collection":[{"href":"https:\/\/site.educa.madrid.org\/ies.lasencinas.villanuevadelacanada\/index.php\/wp-json\/wp\/v2\/pages"}],"about":[{"href":"https:\/\/site.educa.madrid.org\/ies.lasencinas.villanuevadelacanada\/index.php\/wp-json\/wp\/v2\/types\/page"}],"author":[{"embeddable":true,"href":"https:\/\/site.educa.madrid.org\/ies.lasencinas.villanuevadelacanada\/index.php\/wp-json\/wp\/v2\/users\/3"}],"replies":[{"embeddable":true,"href":"https:\/\/site.educa.madrid.org\/ies.lasencinas.villanuevadelacanada\/index.php\/wp-json\/wp\/v2\/comments?post=1006"}],"version-history":[{"count":12,"href":"https:\/\/site.educa.madrid.org\/ies.lasencinas.villanuevadelacanada\/index.php\/wp-json\/wp\/v2\/pages\/1006\/revisions"}],"predecessor-version":[{"id":4127,"href":"https:\/\/site.educa.madrid.org\/ies.lasencinas.villanuevadelacanada\/index.php\/wp-json\/wp\/v2\/pages\/1006\/revisions\/4127"}],"up":[{"embeddable":true,"href":"https:\/\/site.educa.madrid.org\/ies.lasencinas.villanuevadelacanada\/index.php\/wp-json\/wp\/v2\/pages\/672"}],"wp:attachment":[{"href":"https:\/\/site.educa.madrid.org\/ies.lasencinas.villanuevadelacanada\/index.php\/wp-json\/wp\/v2\/media?parent=1006"}],"wp:term":[{"taxonomy":"folder","embeddable":true,"href":"https:\/\/site.educa.madrid.org\/ies.lasencinas.villanuevadelacanada\/index.php\/wp-json\/wp\/v2\/folder?post=1006"}],"curies":[{"name":"wp","href":"https:\/\/api.w.org\/{rel}","templated":true}]}}