{"id":1008,"date":"2022-09-20T19:53:03","date_gmt":"2022-09-20T17:53:03","guid":{"rendered":"https:\/\/site.educa.madrid.org\/ies.lasencinas.villanuevadelacanada\/?page_id=1008"},"modified":"2025-09-10T21:18:49","modified_gmt":"2025-09-10T19:18:49","slug":"geografia-e-historia","status":"publish","type":"page","link":"https:\/\/site.educa.madrid.org\/ies.lasencinas.villanuevadelacanada\/index.php\/comunidad-educativa\/departamentos\/geografia-e-historia\/","title":{"rendered":"Geograf\u00eda e historia"},"content":{"rendered":"\n<p><strong>PROFESORES DEL DEPARTAMENTO<\/strong> <strong>curso 2025-2026<\/strong><\/p>\n\n\n\n<ul class=\"wp-block-list\">\n<li><strong>Mar\u00eda Fern\u00e1ndez Argenta<\/strong> (Jefa del Dpto.) : Horario de atenci\u00f3n (cita previa): lunes de 11:35 a 12:30 \n<ul class=\"wp-block-list\">\n<li style=\"text-decoration:none\">Correo electr\u00f3nico:  <a href=\"mailto:mfernandezargenta@educa.madrid.org\">mfernandezargenta@educa.madrid.org<\/a><\/li>\n<\/ul>\n<\/li>\n\n\n\n<li><strong>Daniel N\u00fa\u00f1ez Tejada<\/strong> (Jefe de Estudios) : Horario de atenci\u00f3n (cita previa): mi\u00e9rcoles de 13:25 a 14:20 \n<ul class=\"wp-block-list\">\n<li>Correo electr\u00f3nico:  <a href=\"mailto:dnunez1@educa.madrid.org\">dnunez1@educa.madrid.org<\/a><\/li>\n<\/ul>\n<\/li>\n\n\n\n<li><strong>Agust\u00edn Redondo Aparicio<\/strong>: Horario de atenci\u00f3n (cita previa): mi\u00e9rcoles de 13:25 a 14:20 \n<ul class=\"wp-block-list\">\n<li>Correo electr\u00f3nico: <a href=\"mailto:aredondoaparicio@educa.madrid.org\">aredondoaparicio@educa.madrid.org<\/a><\/li>\n<\/ul>\n<\/li>\n\n\n\n<li><strong>Nicol\u00e1s Serrano Ruiz<\/strong>: Horario de atenci\u00f3n (cita previa): jueves de 11:35 a 12:30 \n<ul class=\"wp-block-list\">\n<li>Correo electr\u00f3nico:  <a href=\"mailto:nserrano4@educa.madrid.org\">nserrano4@educa.madrid.org<\/a><\/li>\n<\/ul>\n<\/li>\n\n\n\n<li><strong>Alejandro Jos\u00e9 Fern\u00e1ndez Palmero<\/strong> : Horario de atenci\u00f3n (cita previa): lunes de 9:25 a 10:20 \n<ul class=\"wp-block-list\">\n<li>Correo electr\u00f3nico:  <a href=\"mailto:afernandez84@educa.madrid.org\">afernandez84@educa.madrid.org<\/a><\/li>\n<\/ul>\n<\/li>\n\n\n\n<li><strong>Juan Luis P\u00e9rez Ramos<\/strong>: Horario de atenci\u00f3n (cita previa): viernes de 11:35 a 12:30\n<ul class=\"wp-block-list\">\n<li> Correo electr\u00f3nico:  <a href=\"mailto:juan.perez129@educa.madrid.org\">juan.perez129@educa.madrid.org<\/a><\/li>\n<\/ul>\n<\/li>\n<\/ul>\n\n\n\n<p class=\"has-small-font-size\"><strong>CRITERIOS DE CALIFICACI\u00d3N:<\/strong><\/p>\n\n\n\n<div class=\"wp-block-file\"><a id=\"wp-block-file--media-716d0596-00d1-4d21-bd9c-bf18e395e794\" href=\"https:\/\/site.educa.madrid.org\/ies.lasencinas.villanuevadelacanada\/\/wp-content\/uploads\/ies.lasencinas.villanuevadelacanada\/2025\/09\/criterios-web-25-26-2.pdf\">CRITERIOS 2025-2026<\/a><a href=\"https:\/\/site.educa.madrid.org\/ies.lasencinas.villanuevadelacanada\/\/wp-content\/uploads\/ies.lasencinas.villanuevadelacanada\/2025\/09\/criterios-web-25-26-2.pdf\" class=\"wp-block-file__button wp-element-button\" download aria-describedby=\"wp-block-file--media-716d0596-00d1-4d21-bd9c-bf18e395e794\">Descarga<\/a><\/div>\n\n\n\n<p>Para informaci\u00f3n m\u00e1s detallada, consultar programaci\u00f3n a trav\u00e9s de los profesores del departamento<\/p>\n\n\n\n<p><\/p>\n","protected":false},"excerpt":{"rendered":"<p>PROFESORES DEL DEPARTAMENTO curso 2025-2026 CRITERIOS DE CALIFICACI\u00d3N: Para informaci\u00f3n m\u00e1s detallada, consultar programaci\u00f3n a trav\u00e9s de los profesores del departamento<\/p>\n","protected":false},"author":3,"featured_media":0,"parent":672,"menu_order":0,"comment_status":"closed","ping_status":"closed","template":"","meta":{"footnotes":""},"folder":[],"class_list":["post-1008","page","type-page","status-publish","hentry"],"rttpg_featured_image_url":null,"rttpg_author":{"display_name":"ies.lasencinas.villanuevadelacanada","author_link":"https:\/\/site.educa.madrid.org\/ies.lasencinas.villanuevadelacanada\/index.php\/author\/cuenta_ies-lasencinas-villanuevadelacanada\/"},"rttpg_comment":0,"rttpg_category":false,"rttpg_excerpt":"PROFESORES DEL DEPARTAMENTO curso 2025-2026 CRITERIOS DE CALIFICACI\u00d3N: Para informaci\u00f3n m\u00e1s detallada, consultar programaci\u00f3n a trav\u00e9s de los profesores del departamento","post_mailing_queue_ids":[],"_links":{"self":[{"href":"https:\/\/site.educa.madrid.org\/ies.lasencinas.villanuevadelacanada\/index.php\/wp-json\/wp\/v2\/pages\/1008","targetHints":{"allow":["GET"]}}],"collection":[{"href":"https:\/\/site.educa.madrid.org\/ies.lasencinas.villanuevadelacanada\/index.php\/wp-json\/wp\/v2\/pages"}],"about":[{"href":"https:\/\/site.educa.madrid.org\/ies.lasencinas.villanuevadelacanada\/index.php\/wp-json\/wp\/v2\/types\/page"}],"author":[{"embeddable":true,"href":"https:\/\/site.educa.madrid.org\/ies.lasencinas.villanuevadelacanada\/index.php\/wp-json\/wp\/v2\/users\/3"}],"replies":[{"embeddable":true,"href":"https:\/\/site.educa.madrid.org\/ies.lasencinas.villanuevadelacanada\/index.php\/wp-json\/wp\/v2\/comments?post=1008"}],"version-history":[{"count":31,"href":"https:\/\/site.educa.madrid.org\/ies.lasencinas.villanuevadelacanada\/index.php\/wp-json\/wp\/v2\/pages\/1008\/revisions"}],"predecessor-version":[{"id":4018,"href":"https:\/\/site.educa.madrid.org\/ies.lasencinas.villanuevadelacanada\/index.php\/wp-json\/wp\/v2\/pages\/1008\/revisions\/4018"}],"up":[{"embeddable":true,"href":"https:\/\/site.educa.madrid.org\/ies.lasencinas.villanuevadelacanada\/index.php\/wp-json\/wp\/v2\/pages\/672"}],"wp:attachment":[{"href":"https:\/\/site.educa.madrid.org\/ies.lasencinas.villanuevadelacanada\/index.php\/wp-json\/wp\/v2\/media?parent=1008"}],"wp:term":[{"taxonomy":"folder","embeddable":true,"href":"https:\/\/site.educa.madrid.org\/ies.lasencinas.villanuevadelacanada\/index.php\/wp-json\/wp\/v2\/folder?post=1008"}],"curies":[{"name":"wp","href":"https:\/\/api.w.org\/{rel}","templated":true}]}}