{"id":1011,"date":"2022-09-20T19:53:52","date_gmt":"2022-09-20T17:53:52","guid":{"rendered":"https:\/\/site.educa.madrid.org\/ies.lasencinas.villanuevadelacanada\/?page_id=1011"},"modified":"2025-11-12T09:56:51","modified_gmt":"2025-11-12T08:56:51","slug":"informatica","status":"publish","type":"page","link":"https:\/\/site.educa.madrid.org\/ies.lasencinas.villanuevadelacanada\/index.php\/comunidad-educativa\/departamentos\/informatica\/","title":{"rendered":"Inform\u00e1tica"},"content":{"rendered":"\n<p><\/p>\n\n\n\n<div class=\"wp-block-columns is-layout-flex wp-container-core-columns-is-layout-9d6595d7 wp-block-columns-is-layout-flex\">\n<div class=\"wp-block-column is-layout-flow wp-block-column-is-layout-flow\" style=\"flex-basis:66.66%\">\n<p><strong>PROFESORES DEL DEPARTAMENTO:<\/strong><\/p>\n\n\n\n<ul class=\"wp-block-list\">\n<li><strong>Marina Pinte\u00f1o Bustillos<\/strong> (Jefa del Dpto. y tutora de DAM1) : \n<ul class=\"wp-block-list\">\n<li>Horario de atenci\u00f3n (cita previa): Lunes de 13:25 a 14:15<\/li>\n\n\n\n<li>marina.pinteno@educa.madrid.org<\/li>\n<\/ul>\n<\/li>\n\n\n\n<li><strong>Bruno Alejos G\u00f3mez<\/strong> (Tutor de DAM2): \n<ul class=\"wp-block-list\">\n<li>Horario de atenci\u00f3n (cita previa): Jueves de 11:25 a 12:15<\/li>\n\n\n\n<li>bruno.ag@educa.madrid.org<\/li>\n<\/ul>\n<\/li>\n\n\n\n<li><strong>Mar\u00eda S\u00e1nchez Carracedo<\/strong> (tutora de SMR1): \n<ul class=\"wp-block-list\">\n<li>Horario de atenci\u00f3n (cita previa): Martes de 12:30 a 13:25<\/li>\n\n\n\n<li>maria.sanchezcarracedo@educa.madrid.org<\/li>\n<\/ul>\n<\/li>\n\n\n\n<li><strong>Monta\u00f1a Mart\u00edn Vergel<\/strong> (Tutora de SMR2): \n<ul class=\"wp-block-list\">\n<li>Horario de atenci\u00f3n (cita previa): Mi\u00e9rcoles de 11:25 a 12:15<\/li>\n\n\n\n<li>mmartinvergel@educa.madrid.org<\/li>\n<\/ul>\n<\/li>\n\n\n\n<li><strong>Javier G\u00f3mez S\u00e1nchez<\/strong> (tutor de ASIR1) : \n<ul class=\"wp-block-list\">\n<li>Horario de atenci\u00f3n (cita previa): Jueves de 11:25 a 12:15<\/li>\n\n\n\n<li>javier.gomezsanchez@educa.madrid.org<\/li>\n<\/ul>\n<\/li>\n\n\n\n<li><strong>Antonio L\u00f3pez Albares <\/strong>(tutor de ASIR2): \n<ul class=\"wp-block-list\">\n<li>Horario de atenci\u00f3n (cita previa): Martes de 11:25 a 12:15<\/li>\n\n\n\n<li>antonio.lopez98@educa.madrid.org<\/li>\n<\/ul>\n<\/li>\n\n\n\n<li><strong>Adri\u00e1n Otero S\u00e1nchez<\/strong> (tutor de GB1):\n<ul class=\"wp-block-list\">\n<li>Horario de atenci\u00f3n (cita previa): <\/li>\n\n\n\n<li>adrian.otero8@educa.madrid.org<\/li>\n<\/ul>\n<\/li>\n\n\n\n<li><strong>Jorge Jim\u00e9nez Jim\u00e9nez<\/strong> (tutor de GB2):\n<ul class=\"wp-block-list\">\n<li>Horario de atenci\u00f3n (cita previa): <\/li>\n\n\n\n<li>jimt66@educa.madrid.org<\/li>\n<\/ul>\n<\/li>\n\n\n\n<li><strong>Mariluz Fortea Gonz\u00e1lez<\/strong> (Coordinadora TIC): \n<ul class=\"wp-block-list\">\n<li>Horario de atenci\u00f3n (cita previa): Viernes de 12:30 a 13:25<\/li>\n\n\n\n<li>mariluz.fortea@educa.madrid.org<\/li>\n<\/ul>\n<\/li>\n\n\n\n<li><strong>Juan Antonio Acosta Melero<\/strong>: \n<ul class=\"wp-block-list\">\n<li>Horario de atenci\u00f3n (cita previa): Jueves de 12:30 a 13:25<\/li>\n\n\n\n<li>juanantonio.acostamelero@educa.madrid.org<\/li>\n<\/ul>\n<\/li>\n\n\n\n<li><strong>Esperanza Castrillo Rodr\u00edguez<\/strong>: \n<ul class=\"wp-block-list\">\n<li>Horario de atenci\u00f3n (cita previa): Lunes de 10:30 a 11:25<\/li>\n\n\n\n<li>mariaesperanza.castrillorodriguez@educa.madrid.org<\/li>\n<\/ul>\n<\/li>\n\n\n\n<li><strong>Nacho Mayorga Toledano<\/strong>: \n<ul class=\"wp-block-list\">\n<li>Horario de atenci\u00f3n (cita previa): Viernes de 10:30 a 11:25<\/li>\n\n\n\n<li>jimt66@educa.madrid.org<\/li>\n<\/ul>\n<\/li>\n\n\n\n<li><\/li>\n\n\n\n<li><\/li>\n<\/ul>\n<\/div>\n\n\n\n<div class=\"wp-block-column is-layout-flow wp-block-column-is-layout-flow\" style=\"flex-basis:33.33%\">\n<p class=\"has-text-color\" style=\"color:#0000009c\"><strong><strong>ACCESO AL AULA VIRTUAL<\/strong><\/strong>:<\/p>\n\n\n\n<p class=\"has-text-align-center\"><a rel=\"noreferrer noopener\" href=\"https:\/\/aulavirtual33.educa.madrid.org\/ies.lasencinas.villanuevadelacanada\/\" target=\"_blank\"><img loading=\"lazy\" decoding=\"async\" width=\"150\" height=\"44\" class=\"wp-image-1949\" style=\"width: 150px;\" src=\"https:\/\/site.educa.madrid.org\/ies.lasencinas.villanuevadelacanada\/\/wp-content\/uploads\/ies.lasencinas.villanuevadelacanada\/2023\/07\/aula-virtual.jpg\" alt=\"\" srcset=\"https:\/\/site.educa.madrid.org\/ies.lasencinas.villanuevadelacanada\/\/wp-content\/uploads\/ies.lasencinas.villanuevadelacanada\/2023\/07\/aula-virtual.jpg 416w, https:\/\/site.educa.madrid.org\/ies.lasencinas.villanuevadelacanada\/\/wp-content\/uploads\/ies.lasencinas.villanuevadelacanada\/2023\/07\/aula-virtual-300x87.jpg 300w\" sizes=\"auto, (max-width: 150px) 100vw, 150px\" \/><\/a><\/p>\n\n\n\n<p><\/p>\n\n\n\n<p><strong>NOVEDADES:<\/strong><\/p>\n\n\n\n<ul class=\"wp-block-list\">\n<li>Presentaci\u00f3n: jueves, 11 de septiembre\n<ul class=\"wp-block-list\">\n<li>12:00 Grado B\u00e1sico y SMR<\/li>\n\n\n\n<li>12:30 Grados superiores ASIR y DAM<\/li>\n<\/ul>\n<\/li>\n<\/ul>\n<\/div>\n<\/div>\n\n\n\n<p><strong>CRITERIOS DE CALIFICACI\u00d3N: <a href=\"https:\/\/drive.google.com\/file\/d\/1ybpIflUg27P6t-zgCAKe_U8GZw0OhcBj\/view?usp=sharing\">cuadro resumen<\/a><\/strong><\/p>\n\n\n\n<p>Para informaci\u00f3n m\u00e1s detallada, consultar programaci\u00f3n a trav\u00e9s de los profesores del departamento.<\/p>\n\n\n\n<p><strong>CICLOS FORMATIVOS DE LA RAMA DE INFORM\u00c1TICA IMPARTIDOS POR EL DEPARTAMENTO (<a href=\"https:\/\/site.educa.madrid.org\/ies.lasencinas.villanuevadelacanada\/index.php\/comunidad-educativa\/departamentos\/informatica\/\" data-type=\"page\" data-id=\"1011\">M\u00c1S INFORMACI\u00d3N<\/a>):<\/strong><\/p>\n\n\n\n<ul class=\"wp-block-list\">\n<li>Ciclo Formativo de Grado B\u00e1sico <a href=\"https:\/\/site.educa.madrid.org\/ies.lasencinas.villanuevadelacanada\/\/wp-content\/uploads\/ies.lasencinas.villanuevadelacanada\/2024\/02\/FPB.pdf\" target=\"_blank\" rel=\"noreferrer noopener\">Inform\u00e1tica de Oficina (FPB 1 y 2)<\/a><\/li>\n\n\n\n<li>Ciclo Formativo de Grado Medio <a href=\"https:\/\/site.educa.madrid.org\/ies.lasencinas.villanuevadelacanada\/\/wp-content\/uploads\/ies.lasencinas.villanuevadelacanada\/2024\/02\/SMR.pdf\" target=\"_blank\" rel=\"noreferrer noopener\">Sistemas Microinform\u00e1ticos y Redes (Grado Medio 1 y 2)<\/a><\/li>\n\n\n\n<li>Ciclo Formativo de Grado Superior <a href=\"https:\/\/site.educa.madrid.org\/ies.lasencinas.villanuevadelacanada\/\/wp-content\/uploads\/ies.lasencinas.villanuevadelacanada\/2024\/02\/ASIR.pdf\" target=\"_blank\" rel=\"noreferrer noopener\">Administraci\u00f3n de Sistemas Inform\u00e1ticos en Red (Grado Superior 1 y 2)<\/a><\/li>\n\n\n\n<li>Ciclo Formativo de Grado Superior <a href=\"https:\/\/site.educa.madrid.org\/ies.lasencinas.villanuevadelacanada\/\/wp-content\/uploads\/ies.lasencinas.villanuevadelacanada\/2024\/02\/DAM.pdf\" target=\"_blank\" rel=\"noreferrer noopener\">Desarrollo de Aplicaciones Multiplataforma (Grado Superior 1 y 2)<\/a><\/li>\n<\/ul>\n\n\n\n<p><strong>EMPRESAS Y FCT<\/strong><\/p>\n\n\n\n<p>\u00bfTe gustar\u00eda recibir alumnos de FP de inform\u00e1tica para que realicen sus pr\u00e1cticas en tu empresa? Rellena el formulario o contacta por tel\u00e9fono: 91 815 74 73 <\/p>\n\n\n\n<div class=\"wp-block-contact-form-7-contact-form-selector\">\n<div class=\"wpcf7 no-js\" id=\"wpcf7-f1635-o1\" lang=\"es-ES\" dir=\"ltr\">\n<div class=\"screen-reader-response\"><p role=\"status\" aria-live=\"polite\" aria-atomic=\"true\"><\/p> <ul><\/ul><\/div>\n<form action=\"\/ies.lasencinas.villanuevadelacanada\/index.php\/wp-json\/wp\/v2\/pages\/1011#wpcf7-f1635-o1\" method=\"post\" class=\"wpcf7-form init\" aria-label=\"Formulario de contacto\" novalidate=\"novalidate\" data-status=\"init\">\n<div style=\"display: none;\">\n<input type=\"hidden\" name=\"_wpcf7\" value=\"1635\" \/>\n<input type=\"hidden\" name=\"_wpcf7_version\" value=\"5.9.7\" \/>\n<input type=\"hidden\" name=\"_wpcf7_locale\" value=\"es_ES\" \/>\n<input type=\"hidden\" name=\"_wpcf7_unit_tag\" value=\"wpcf7-f1635-o1\" \/>\n<input type=\"hidden\" name=\"_wpcf7_container_post\" value=\"0\" \/>\n<input type=\"hidden\" name=\"_wpcf7_posted_data_hash\" value=\"\" \/>\n<\/div>\n<table style=\"border: none;\" width=\"100%\" cellspacing=\"0\" cellpadding=\"0\">\n\t<tbody>\n\t\t<tr valign=\"top\">\n\t\t\t<td style=\"border: none; padding: 0cm;\" width=\"50%\">\n\t\t\t\t<p><label> Nombre de Empresa*<br \/>\n<span class=\"wpcf7-form-control-wrap\" data-name=\"Empresa\"><input size=\"40\" maxlength=\"400\" class=\"wpcf7-form-control wpcf7-text wpcf7-validates-as-required\" aria-required=\"true\" aria-invalid=\"false\" value=\"\" type=\"text\" name=\"Empresa\" \/><\/span> <\/label><br \/>\n<label> Correo electr\u00f3nico*<br \/>\n<span class=\"wpcf7-form-control-wrap\" data-name=\"your-email\"><input size=\"40\" maxlength=\"400\" class=\"wpcf7-form-control wpcf7-email wpcf7-validates-as-required wpcf7-text wpcf7-validates-as-email\" aria-required=\"true\" aria-invalid=\"false\" value=\"\" type=\"email\" name=\"your-email\" \/><\/span> <\/label><br \/>\n<label> Asunto<br \/>\n<span class=\"wpcf7-form-control-wrap\" data-name=\"your-subject\"><input size=\"40\" maxlength=\"400\" class=\"wpcf7-form-control wpcf7-text wpcf7-validates-as-required\" aria-required=\"true\" aria-invalid=\"false\" value=\"\" type=\"text\" name=\"your-subject\" \/><\/span> <\/label>\n\t\t\t\t<\/p>\n\t\t\t<\/td>\n\t\t\t<td style=\"border: none; padding: 0cm;\" width=\"50%\">\n\t\t\t\t<p><label> Mensaje (opcional)<br \/>\n<span class=\"wpcf7-form-control-wrap\" data-name=\"your-message\"><textarea cols=\"40\" rows=\"10\" maxlength=\"2000\" class=\"wpcf7-form-control wpcf7-textarea\" aria-invalid=\"false\" name=\"your-message\"><\/textarea><\/span> <\/label>\n\t\t\t\t<\/p>\n\t\t\t<\/td>\n\t\t<\/tr>\n\t\t<tr>\n\t\t\t<td style=\"border: none; padding: 0cm;\" colspan=\"2\" valign=\"top\" width=\"100%\">\n\t\t\t\t<p class=\"aiowps-captcha hide-when-displaying-tfa-input\"><label for=\"aiowps-captcha-answer\">Por favor, introduce una respuesta en d\u00edgitos:<\/label>\n\t\t\t\t<\/p>\n\t\t\t\t<div class=\"aiowps-captcha-equation hide-when-displaying-tfa-input\">\n\t\t\t\t\t<p><strong>1 &#215; 1 = <input type=\"hidden\" name=\"aiowps-captcha-string-info\" class=\"aiowps-captcha-string-info\" value=\"3v671jp01b\" \/><input type=\"hidden\" name=\"aiowps-captcha-temp-string\" class=\"aiowps-captcha-temp-string\" value=\"1778609674\" \/><input type=\"text\" size=\"2\" class=\"aiowps-captcha-answer\" name=\"aiowps-captcha-answer\" value=\"\" autocomplete=\"off\" \/><\/strong>\n\t\t\t\t\t<\/p>\n\t\t\t\t<\/div>\n\t\t\t\t<p><span class='wpcf7-form-control-wrap' data-name='aiowps-captcha'><\/span><input class=\"wpcf7-form-control wpcf7-submit has-spinner\" type=\"submit\" value=\"Enviar\" \/>\n\t\t\t\t<\/p>\n\t\t\t<\/td>\n\t\t<\/tr>\n\t<\/tbody>\n<\/table>\n<style>\ntextarea:not(.editor-post-title__input), input[type=\"date\"], input[type=\"datetime\"], input[type=\"datetime-local\"], input[type=\"email\"], input[type=\"month\"], input[type=\"number\"], input[type=\"password\"], input[type=\"search\"], input[type=\"tel\"], input[type=\"text\"], input[type=\"time\"], input[type=\"url\"], input[type=\"week\"]{\n box-sizing: border-box;\n color: #000000;\n border-radius: 25px;\n border: none;\n -webkit-box-shadow: none !important;\n}\ntable > thead > tr > th, table > tbody > tr > th, table > tfoot > tr > th, table > thead > tr > td, table > tbody > tr > td, table > tfoot > tr > td {\n border: 1px solid #e9e9e9;\n line-height: 1.42857;\n padding: 5px;\n vertical-align: top;\n text-align: center;\n}\n.wpcf7-form-control.wpcf7-textarea {\nheight: 185px;\n}\n.wpcf7-spinner {\n display: none;\n}\n<\/style><p style=\"display: none !important;\" class=\"akismet-fields-container\" data-prefix=\"_wpcf7_ak_\"><label>&#916;<textarea name=\"_wpcf7_ak_hp_textarea\" cols=\"45\" rows=\"8\" maxlength=\"100\"><\/textarea><\/label><input type=\"hidden\" id=\"ak_js_1\" name=\"_wpcf7_ak_js\" value=\"158\"\/><script>document.getElementById( \"ak_js_1\" ).setAttribute( \"value\", ( new Date() ).getTime() );<\/script><\/p><div class=\"wpcf7-response-output\" aria-hidden=\"true\"><\/div>\n<\/form>\n<\/div>\n<\/div>\n\n\n\n\n\n<p>Autor\u00eda: Marina Pinte\u00f1o Bustillos (marina.pinteno@educa.madrid.org)<\/p>\n","protected":false},"excerpt":{"rendered":"<p>PROFESORES DEL DEPARTAMENTO: ACCESO AL AULA VIRTUAL: NOVEDADES: CRITERIOS DE CALIFICACI\u00d3N: cuadro resumen Para informaci\u00f3n m\u00e1s detallada, consultar programaci\u00f3n a trav\u00e9s de los profesores del departamento. CICLOS FORMATIVOS DE LA &#8230;<\/p>\n","protected":false},"author":15,"featured_media":0,"parent":672,"menu_order":0,"comment_status":"closed","ping_status":"closed","template":"","meta":{"footnotes":""},"folder":[],"class_list":["post-1011","page","type-page","status-publish","hentry"],"rttpg_featured_image_url":null,"rttpg_author":{"display_name":"Marina Pinte\u00f1o Bustillos","author_link":"https:\/\/site.educa.madrid.org\/ies.lasencinas.villanuevadelacanada\/index.php\/author\/marina_pinteo-bustillos\/"},"rttpg_comment":0,"rttpg_category":false,"rttpg_excerpt":"PROFESORES DEL DEPARTAMENTO: ACCESO AL AULA VIRTUAL: NOVEDADES: CRITERIOS DE CALIFICACI\u00d3N: cuadro resumen Para informaci\u00f3n m\u00e1s detallada, consultar programaci\u00f3n a trav\u00e9s de los profesores del departamento. CICLOS FORMATIVOS DE LA ...","post_mailing_queue_ids":[],"_links":{"self":[{"href":"https:\/\/site.educa.madrid.org\/ies.lasencinas.villanuevadelacanada\/index.php\/wp-json\/wp\/v2\/pages\/1011","targetHints":{"allow":["GET"]}}],"collection":[{"href":"https:\/\/site.educa.madrid.org\/ies.lasencinas.villanuevadelacanada\/index.php\/wp-json\/wp\/v2\/pages"}],"about":[{"href":"https:\/\/site.educa.madrid.org\/ies.lasencinas.villanuevadelacanada\/index.php\/wp-json\/wp\/v2\/types\/page"}],"author":[{"embeddable":true,"href":"https:\/\/site.educa.madrid.org\/ies.lasencinas.villanuevadelacanada\/index.php\/wp-json\/wp\/v2\/users\/15"}],"replies":[{"embeddable":true,"href":"https:\/\/site.educa.madrid.org\/ies.lasencinas.villanuevadelacanada\/index.php\/wp-json\/wp\/v2\/comments?post=1011"}],"version-history":[{"count":32,"href":"https:\/\/site.educa.madrid.org\/ies.lasencinas.villanuevadelacanada\/index.php\/wp-json\/wp\/v2\/pages\/1011\/revisions"}],"predecessor-version":[{"id":4233,"href":"https:\/\/site.educa.madrid.org\/ies.lasencinas.villanuevadelacanada\/index.php\/wp-json\/wp\/v2\/pages\/1011\/revisions\/4233"}],"up":[{"embeddable":true,"href":"https:\/\/site.educa.madrid.org\/ies.lasencinas.villanuevadelacanada\/index.php\/wp-json\/wp\/v2\/pages\/672"}],"wp:attachment":[{"href":"https:\/\/site.educa.madrid.org\/ies.lasencinas.villanuevadelacanada\/index.php\/wp-json\/wp\/v2\/media?parent=1011"}],"wp:term":[{"taxonomy":"folder","embeddable":true,"href":"https:\/\/site.educa.madrid.org\/ies.lasencinas.villanuevadelacanada\/index.php\/wp-json\/wp\/v2\/folder?post=1011"}],"curies":[{"name":"wp","href":"https:\/\/api.w.org\/{rel}","templated":true}]}}