{"id":1022,"date":"2022-09-20T19:55:09","date_gmt":"2022-09-20T17:55:09","guid":{"rendered":"https:\/\/site.educa.madrid.org\/ies.lasencinas.villanuevadelacanada\/?page_id=1022"},"modified":"2025-11-04T11:41:28","modified_gmt":"2025-11-04T10:41:28","slug":"matematicas","status":"publish","type":"page","link":"https:\/\/site.educa.madrid.org\/ies.lasencinas.villanuevadelacanada\/index.php\/comunidad-educativa\/departamentos\/matematicas\/","title":{"rendered":"Matem\u00e1ticas"},"content":{"rendered":"\n<p><strong>PROFESORES DEL DEPARTAMENTO:<\/strong><\/p>\n\n\n\n<ul class=\"wp-block-list\">\n<li>Juan Carlos Mart\u00edn Aragon\u00e9s (Jefe del Dpto.): \n<ul class=\"wp-block-list\">\n<li>Horario de atenci\u00f3n (previa cita): mi\u00e9rcoles, 11:35-12:30h., juancarlos.martin@educa.madrid.org.<\/li>\n<\/ul>\n<\/li>\n\n\n\n<li>Raquel Valles Sierra : \n<ul class=\"wp-block-list\">\n<li>Horario de atenci\u00f3n (previa cita): martes, 11:35-12:30h., raquel.valles@educa.madrid.org.<\/li>\n<\/ul>\n<\/li>\n\n\n\n<li>Juan Carlos Pascual Guti\u00e9rrez: \n<ul class=\"wp-block-list\">\n<li>Horario de atenci\u00f3n (previa cita):lunes, 10:20-11:10h., <a href=\"mailto:jcpascual@educa.madrid.org\">jcpascual@educa.madrid.org<\/a><\/li>\n<\/ul>\n<\/li>\n\n\n\n<li>German del Amo Ega\u00f1a: \n<ul class=\"wp-block-list\">\n<li>Horario de atenci\u00f3n (previa cita): viernes, 13:25-14:20h., <a href=\"mailto:gdelamo@educa.madrid.org\">gdelamo<\/a>@educa.madrid.org.<\/li>\n<\/ul>\n<\/li>\n\n\n\n<li>Roc\u00edo Garz\u00f3n Cotrino:\n<ul class=\"wp-block-list\">\n<li>Horario de atenci\u00f3n (previa cita): lunes, 11:35-12:30h., mrgc06@educa.madrid.org<\/li>\n<\/ul>\n<\/li>\n<\/ul>\n\n\n\n<ul class=\"wp-block-list\">\n<li>Susana Belv\u00eds Arriba : <\/li>\n\n\n\n<li>Horario de atenci\u00f3n (previa cita): viernes, 11:35-12:30h., sbelvisarriba@educa.madrid.org<\/li>\n<\/ul>\n\n\n\n<ul class=\"wp-block-list\">\n<li>Sara Pajares Ranera: \n<ul class=\"wp-block-list\">\n<li>Horario de atenci\u00f3n (previa cita): lunes, 13:25-14:20h., spajares@educa.madrid.org.<\/li>\n<\/ul>\n<\/li>\n\n\n\n<li>Antonio Cabrera de Paiz:\n<ul class=\"wp-block-list\">\n<li>Horario de atenci\u00f3n (previa cita): lunes, 12:30-13:25h., <a href=\"mailto:gdelamo@educa.madrid.org\">acdp06<\/a>@educa.madrid.org.<\/li>\n<\/ul>\n<\/li>\n\n\n\n<li>Mar\u00eda Yolanda Contreras Fern\u00e1ndez: maria.contreras31@educa.madrid.org<\/li>\n<\/ul>\n\n\n\n<p><strong>ACTIVIDADES DE REFUERZO Y RECUPERACI\u00d3N DE MATEM\u00c1TICAS PENDIENTES DE OTROS CURSOS:<\/strong><\/p>\n\n\n\n<ul class=\"wp-block-list\">\n<li> <a href=\"https:\/\/aulavirtual33.educa.madrid.org\/ies.lasencinas.villanuevadelacanada\/course\/view.php?id=677\">Tareas de refuerzo y recuperaci\u00f3n curso 2025-2026<\/a><\/li>\n<\/ul>\n\n\n\n<p><strong>CRITERIOS DE CALIFICACI\u00d3N:<\/strong><\/p>\n\n\n\n<ul class=\"wp-block-list\">\n<li><a href=\"https:\/\/site.educa.madrid.org\/ies.lasencinas.villanuevadelacanada\/\/wp-content\/uploads\/ies.lasencinas.villanuevadelacanada\/2024\/02\/Criterios-de-calificacion-del-Departamento-de-Matematicas-2025-26.pdf\">Extracto o cuadro resumen<\/a><\/li>\n\n\n\n<li>Para informaci\u00f3n m\u00e1s detallada, consultar programaci\u00f3n a trav\u00e9s de los profesores del departamento<\/li>\n<\/ul>\n\n\n\n<p><strong>MATERIAS IMPARTIDAS POR EL DEPARTAMENTO:<\/strong><\/p>\n\n\n\n<ul class=\"wp-block-list\">\n<li>Matem\u00e1ticas ESO<\/li>\n\n\n\n<li>Recuperaci\u00f3n de Matem\u00e1ticas<\/li>\n\n\n\n<li>Matem\u00e1ticas Acad\u00e9micas 4\u00ba ESO<\/li>\n\n\n\n<li>Matem\u00e1ticas Aplicadas 4\u00ba ESO<\/li>\n\n\n\n<li>Matem\u00e1ticas I y II 1\u00ba y 2\u00ba Bach. (Ciencias)<\/li>\n\n\n\n<li>Matem\u00e1ticas Aplicadas a las Ciencias Sociales I y II 1\u00ba y 2\u00ba Bach. (Sociales)<\/li>\n<\/ul>\n\n\n\n<p><\/p>\n","protected":false},"excerpt":{"rendered":"<p>PROFESORES DEL DEPARTAMENTO: ACTIVIDADES DE REFUERZO Y RECUPERACI\u00d3N DE MATEM\u00c1TICAS PENDIENTES DE OTROS CURSOS: CRITERIOS DE CALIFICACI\u00d3N: MATERIAS IMPARTIDAS POR EL DEPARTAMENTO:<\/p>\n","protected":false},"author":3,"featured_media":0,"parent":672,"menu_order":0,"comment_status":"closed","ping_status":"closed","template":"","meta":{"footnotes":""},"folder":[],"class_list":["post-1022","page","type-page","status-publish","hentry"],"rttpg_featured_image_url":null,"rttpg_author":{"display_name":"ies.lasencinas.villanuevadelacanada","author_link":"https:\/\/site.educa.madrid.org\/ies.lasencinas.villanuevadelacanada\/index.php\/author\/cuenta_ies-lasencinas-villanuevadelacanada\/"},"rttpg_comment":0,"rttpg_category":false,"rttpg_excerpt":"PROFESORES DEL DEPARTAMENTO: ACTIVIDADES DE REFUERZO Y RECUPERACI\u00d3N DE MATEM\u00c1TICAS PENDIENTES DE OTROS CURSOS: CRITERIOS DE CALIFICACI\u00d3N: MATERIAS IMPARTIDAS POR EL DEPARTAMENTO:","post_mailing_queue_ids":[],"_links":{"self":[{"href":"https:\/\/site.educa.madrid.org\/ies.lasencinas.villanuevadelacanada\/index.php\/wp-json\/wp\/v2\/pages\/1022","targetHints":{"allow":["GET"]}}],"collection":[{"href":"https:\/\/site.educa.madrid.org\/ies.lasencinas.villanuevadelacanada\/index.php\/wp-json\/wp\/v2\/pages"}],"about":[{"href":"https:\/\/site.educa.madrid.org\/ies.lasencinas.villanuevadelacanada\/index.php\/wp-json\/wp\/v2\/types\/page"}],"author":[{"embeddable":true,"href":"https:\/\/site.educa.madrid.org\/ies.lasencinas.villanuevadelacanada\/index.php\/wp-json\/wp\/v2\/users\/3"}],"replies":[{"embeddable":true,"href":"https:\/\/site.educa.madrid.org\/ies.lasencinas.villanuevadelacanada\/index.php\/wp-json\/wp\/v2\/comments?post=1022"}],"version-history":[{"count":27,"href":"https:\/\/site.educa.madrid.org\/ies.lasencinas.villanuevadelacanada\/index.php\/wp-json\/wp\/v2\/pages\/1022\/revisions"}],"predecessor-version":[{"id":4225,"href":"https:\/\/site.educa.madrid.org\/ies.lasencinas.villanuevadelacanada\/index.php\/wp-json\/wp\/v2\/pages\/1022\/revisions\/4225"}],"up":[{"embeddable":true,"href":"https:\/\/site.educa.madrid.org\/ies.lasencinas.villanuevadelacanada\/index.php\/wp-json\/wp\/v2\/pages\/672"}],"wp:attachment":[{"href":"https:\/\/site.educa.madrid.org\/ies.lasencinas.villanuevadelacanada\/index.php\/wp-json\/wp\/v2\/media?parent=1022"}],"wp:term":[{"taxonomy":"folder","embeddable":true,"href":"https:\/\/site.educa.madrid.org\/ies.lasencinas.villanuevadelacanada\/index.php\/wp-json\/wp\/v2\/folder?post=1022"}],"curies":[{"name":"wp","href":"https:\/\/api.w.org\/{rel}","templated":true}]}}