{"id":1023,"date":"2022-09-20T19:55:23","date_gmt":"2022-09-20T17:55:23","guid":{"rendered":"https:\/\/site.educa.madrid.org\/ies.lasencinas.villanuevadelacanada\/?page_id=1023"},"modified":"2025-10-09T13:43:05","modified_gmt":"2025-10-09T11:43:05","slug":"tecnologia","status":"publish","type":"page","link":"https:\/\/site.educa.madrid.org\/ies.lasencinas.villanuevadelacanada\/index.php\/comunidad-educativa\/departamentos\/tecnologia\/","title":{"rendered":"Tecnolog\u00eda"},"content":{"rendered":"\n<p><strong>PROFESORES DEL DEPARTAMENTO CURSO 25\/26<\/strong>.  Correo y horario de atenci\u00f3n (cita previa):<\/p>\n\n\n\n<ul class=\"wp-block-list\">\n<li><strong>Carmen Arribas P\u00e9rez (Jefa de departamento) :<\/strong> \n<ul class=\"wp-block-list\">\n<li><a href=\"mailto:carrribasperez@educa.madrid.org\">carribasperez@educa.madrid.org<\/a> . Jueves 10:15h &#8211; 11:10h<\/li>\n<\/ul>\n<\/li>\n<\/ul>\n\n\n\n<ul class=\"wp-block-list\">\n<li><strong>M\u00aa  Jos\u00e9 Gonz\u00e1lez Mu\u00f1oz (Coordinadora de Rob\u00f3tica) : <\/strong>\n<ul class=\"wp-block-list\">\n<li><a href=\"mailto:mjgonzalezmunoz@educa.madrid.org\">mjgonzalezmunoz@educa.madrid.org<\/a>  <\/li>\n<\/ul>\n<\/li>\n\n\n\n<li><strong>Bruno Alejos G\u00f3mez : <\/strong>\n<ul class=\"wp-block-list\">\n<li><a href=\"mailto:bruno.ag@educa.madrid.org\">bruno.ag@educa.madrid.org<\/a> . Jueves 11:35h &#8211; 12:25h<\/li>\n<\/ul>\n<\/li>\n<\/ul>\n\n\n\n<p><strong>MATERIAS IMPARTIDAS POR EL DEPARTAMENTO:<\/strong><\/p>\n\n\n\n<ul class=\"wp-block-list\">\n<li>Ciencias de la Computaci\u00f3n 1\u00ba ESO (2 horas\/semanas , optativa)<\/li>\n\n\n\n<li>Ciencias de la Computaci\u00f3n 2\u00ba ESO (2 horas\/semana, optativa)<\/li>\n\n\n\n<li>Tecnolog\u00eda y Digitalizaci\u00f3n 2\u00ba ESO (3 horas\/semana)<\/li>\n\n\n\n<li>Tecnolog\u00eda y Digitalizaci\u00f3n 3\u00ba ESO (2 horas\/semana)<\/li>\n\n\n\n<li>Tecnolog\u00eda 4\u00baESO (3 horas\/semana , optativa)<\/li>\n\n\n\n<li>Digitalizaci\u00f3n 4\u00baESO (3 horas\/semana, optativa)<\/li>\n\n\n\n<li>Proyecto de investigaci\u00f3n cient\u00edfica e innovaci\u00f3n tecnol\u00f3gica 4\u00ba ESO, colaboraci\u00f3n con dpto. biolog\u00eda  (2 horas\/semana, optativa)<\/li>\n\n\n\n<li>Ciencias de la Computaci\u00f3n 1\u00ba Bachillerato (4 horas\/semana, optativa)<\/li>\n\n\n\n<li>Ciencias de la Computaci\u00f3n 2\u00ba Bachillerato (4 horas\/semana, optativa)<\/li>\n<\/ul>\n\n\n\n<p><strong>CRITERIOS DE CALIFICACI\u00d3N:<\/strong><\/p>\n\n\n\n<ul class=\"wp-block-list\">\n<li><a href=\"https:\/\/drive.google.com\/file\/d\/1I7Jy12Zwnd7l6gFfo7V_yzu7Dy6mW3_m\/view?usp=sharing\">Extracto o cuadro resumen<\/a><\/li>\n\n\n\n<li>Para informaci\u00f3n m\u00e1s detallada, consultar programaci\u00f3n a trav\u00e9s de los profesores del departamento<\/li>\n<\/ul>\n\n\n\n<p><\/p>\n","protected":false},"excerpt":{"rendered":"<p>PROFESORES DEL DEPARTAMENTO CURSO 25\/26. Correo y horario de atenci\u00f3n (cita previa): MATERIAS IMPARTIDAS POR EL DEPARTAMENTO: CRITERIOS DE CALIFICACI\u00d3N:<\/p>\n","protected":false},"author":3,"featured_media":0,"parent":672,"menu_order":0,"comment_status":"closed","ping_status":"closed","template":"","meta":{"footnotes":""},"folder":[],"class_list":["post-1023","page","type-page","status-publish","hentry"],"rttpg_featured_image_url":null,"rttpg_author":{"display_name":"ies.lasencinas.villanuevadelacanada","author_link":"https:\/\/site.educa.madrid.org\/ies.lasencinas.villanuevadelacanada\/index.php\/author\/cuenta_ies-lasencinas-villanuevadelacanada\/"},"rttpg_comment":0,"rttpg_category":false,"rttpg_excerpt":"PROFESORES DEL DEPARTAMENTO CURSO 25\/26. Correo y horario de atenci\u00f3n (cita previa): MATERIAS IMPARTIDAS POR EL DEPARTAMENTO: CRITERIOS DE CALIFICACI\u00d3N:","post_mailing_queue_ids":[],"_links":{"self":[{"href":"https:\/\/site.educa.madrid.org\/ies.lasencinas.villanuevadelacanada\/index.php\/wp-json\/wp\/v2\/pages\/1023","targetHints":{"allow":["GET"]}}],"collection":[{"href":"https:\/\/site.educa.madrid.org\/ies.lasencinas.villanuevadelacanada\/index.php\/wp-json\/wp\/v2\/pages"}],"about":[{"href":"https:\/\/site.educa.madrid.org\/ies.lasencinas.villanuevadelacanada\/index.php\/wp-json\/wp\/v2\/types\/page"}],"author":[{"embeddable":true,"href":"https:\/\/site.educa.madrid.org\/ies.lasencinas.villanuevadelacanada\/index.php\/wp-json\/wp\/v2\/users\/3"}],"replies":[{"embeddable":true,"href":"https:\/\/site.educa.madrid.org\/ies.lasencinas.villanuevadelacanada\/index.php\/wp-json\/wp\/v2\/comments?post=1023"}],"version-history":[{"count":25,"href":"https:\/\/site.educa.madrid.org\/ies.lasencinas.villanuevadelacanada\/index.php\/wp-json\/wp\/v2\/pages\/1023\/revisions"}],"predecessor-version":[{"id":4157,"href":"https:\/\/site.educa.madrid.org\/ies.lasencinas.villanuevadelacanada\/index.php\/wp-json\/wp\/v2\/pages\/1023\/revisions\/4157"}],"up":[{"embeddable":true,"href":"https:\/\/site.educa.madrid.org\/ies.lasencinas.villanuevadelacanada\/index.php\/wp-json\/wp\/v2\/pages\/672"}],"wp:attachment":[{"href":"https:\/\/site.educa.madrid.org\/ies.lasencinas.villanuevadelacanada\/index.php\/wp-json\/wp\/v2\/media?parent=1023"}],"wp:term":[{"taxonomy":"folder","embeddable":true,"href":"https:\/\/site.educa.madrid.org\/ies.lasencinas.villanuevadelacanada\/index.php\/wp-json\/wp\/v2\/folder?post=1023"}],"curies":[{"name":"wp","href":"https:\/\/api.w.org\/{rel}","templated":true}]}}