{"id":1126,"date":"2022-09-21T08:45:56","date_gmt":"2022-09-21T06:45:56","guid":{"rendered":"https:\/\/site.educa.madrid.org\/ies.lasencinas.villanuevadelacanada\/?page_id=1126"},"modified":"2023-08-10T12:07:05","modified_gmt":"2023-08-10T10:07:05","slug":"seccion-linguistica-ingles","status":"publish","type":"page","link":"https:\/\/site.educa.madrid.org\/ies.lasencinas.villanuevadelacanada\/index.php\/curso-23-24\/secciones-linguisticas\/seccion-linguistica-ingles\/","title":{"rendered":"SECCI\u00d3N LING\u00dc\u00cdSTICA INGL\u00c9S"},"content":{"rendered":"\n<p><a href=\"https:\/\/drive.google.com\/file\/d\/1FL2OXl_zPdYFtcB5LlcKmrgKKHSCVcLq\/view?usp=sharing\">INFORME SOBRE LA EVALUACI\u00d3N DEL PROGRAMA DE ENSE\u00d1ANZA BILING\u00dcE EN LA COMUNIDAD DE MADRID<\/a><\/p>\n\n\n\n<h3 class=\"wp-block-heading\"><strong>Secci\u00f3n Biling\u00fce del IES Las Encinas<\/strong><\/h3>\n\n\n\n<p>Nuestro IES es el \u00fanico p\u00fablico de nuestra localidad y acoge a alumnos de Villanueva de la Ca\u00f1ada y de pueblos de alrededor. Nuestro pueblo se caracteriza por un alto n\u00famero de familias alguno de cuyos integrantes procede de pa\u00edses de la UE (Francia y Reino Unido sobre todo).<\/p>\n\n\n\n<p>La ense\u00f1anza biling\u00fce <strong>se implant\u00f3 por primera vez en el curso 2011-12<\/strong> tras solicitud del centro y previa aprobaci\u00f3n del Claustro. El hecho de que nuestro instituto ya tenga una secci\u00f3n ling\u00fc\u00edstica en franc\u00e9s le confiere cierta singularidad en relaci\u00f3n con otros centros con ense\u00f1anzas biling\u00fces. Y nuestros alumnos tienen la posibilidad de obtener un nivel de competencia ling\u00fc\u00edstica alto en dos lenguas extranjeras (ingl\u00e9s y franc\u00e9s) sin tener que recurrir a formaci\u00f3n en lenguas ajenas a los horarios del centro.<\/p>\n\n\n\n<p>Adem\u00e1s, los alumnos adquieren una competencia social y cultural que va m\u00e1s all\u00e1 del mero dominio de dos lenguas extranjeras en diferentes situaciones comunicativas. Por otro lado, se hacen con una perspectiva m\u00e1s amplia sobre las maneras de aprender al ser capaces de adquirir contenidos y experiencias usando el ingl\u00e9s y\/ o el franc\u00e9s como medio de acceso al conocimiento, lo cual ampl\u00eda su percepci\u00f3n de las diferentes maneras de aprender.<\/p>\n\n\n\n<p>La ense\u00f1anza biling\u00fce comenz\u00f3 con un grupo de 1\u00ba de ESO hace siete cursos acad\u00e9micos y en la actualidad abarca toda la Ense\u00f1anza Secundaria Obligatoria y el Bachillerato. Se divide en <strong>Secci\u00f3n Biling\u00fce<\/strong> y <strong>Programa Biling\u00fce<\/strong>.<\/p>\n\n\n\n<p>El <strong>nivel<\/strong> para acceder a la <strong>Secci\u00f3n Biling\u00fce<\/strong> es:<\/p>\n\n\n\n<ul class=\"wp-block-list\">\n<li>Certificado Oficial B1 en Ingl\u00e9s para 1\u00ba y 2\u00ba ESO<\/li>\n\n\n\n<li>Certificado Oficial B2 en Ingl\u00e9s para cursos superiores<\/li>\n<\/ul>\n\n\n\n<p>Para acceder al <strong>Programa Biling\u00fce<\/strong> no es necesario ning\u00fan certificado de Ingl\u00e9s.<\/p>\n\n\n\n<p><strong>Los alumnos de 4\u00ba ESO <\/strong>pueden ser presentados a una prueba externa de Ingl\u00e9s en la cual <strong>pueden obtener un t\u00edtulo oficial<\/strong> de acuerdo al nivel de ingl\u00e9s que tengan en ese momento. (La presentaci\u00f3n a la prueba es decisi\u00f3n del equipo docente, teniendo en cuenta el nivel del alumno).<\/p>\n\n\n\n<p>Las asignaturas que se imparten en Ingl\u00e9s en la ESO para los alumnos de<strong> Secci\u00f3n Biling\u00fce<\/strong>:<\/p>\n\n\n\n<ul class=\"wp-block-list\">\n<li>1\u00ba ESO\n<ul class=\"wp-block-list\">\n<li>Ingl\u00e9s Avanzado<\/li>\n\n\n\n<li>Biolog\u00eda y Geolog\u00eda<\/li>\n\n\n\n<li>Geograf\u00eda e Historia<\/li>\n\n\n\n<li>Educaci\u00f3n Pl\u00e1stica y Visual<\/li>\n\n\n\n<li>Tecnolog\u00eda<\/li>\n<\/ul>\n<\/li>\n\n\n\n<li>2\u00ba ESO\n<ul class=\"wp-block-list\">\n<li>Ingl\u00e9s Avanzado<\/li>\n\n\n\n<li>F\u00edsica y Qu\u00edmica<\/li>\n\n\n\n<li>Geograf\u00eda e Historia<\/li>\n\n\n\n<li>Educaci\u00f3n Pl\u00e1stica y Visual<\/li>\n\n\n\n<li>Tecnolog\u00eda<\/li>\n<\/ul>\n<\/li>\n\n\n\n<li>3\u00ba ESO\n<ul class=\"wp-block-list\">\n<li>Ingl\u00e9s Avanzado<\/li>\n\n\n\n<li>Biolog\u00eda y Geolog\u00eda<\/li>\n\n\n\n<li>Geograf\u00eda e Historia<\/li>\n\n\n\n<li>Educaci\u00f3n F\u00edsica<\/li>\n\n\n\n<li>Tecnolog\u00eda<\/li>\n<\/ul>\n<\/li>\n\n\n\n<li>4\u00ba ESO\n<ul class=\"wp-block-list\">\n<li>Ingl\u00e9s Avanzado<\/li>\n\n\n\n<li>Geograf\u00eda e Historia<\/li>\n\n\n\n<li>Educaci\u00f3n F\u00edsica<\/li>\n\n\n\n<li>Tecnolog\u00eda de la Informaci\u00f3n y la Comunicaci\u00f3n<\/li>\n<\/ul>\n<\/li>\n\n\n\n<li>1\u00ba y 2\u00ba de Bachillerato\n<ul class=\"wp-block-list\">\n<li>Ingl\u00e9s Avanzado<\/li>\n<\/ul>\n<\/li>\n<\/ul>\n\n\n\n<p>Todos los grupos de <strong>Programa Biling\u00fce<\/strong> cursan 5 horas de <strong>Ingl\u00e9s <\/strong>semanales, adem\u00e1s de otra asignatura en ingl\u00e9s :<\/p>\n\n\n\n<ul class=\"wp-block-list\">\n<li>Educaci\u00f3n Pl\u00e1stica y Visual en 1\u00ba y 2\u00ba de ESO, TPR en 1\u00ba ESO<\/li>\n\n\n\n<li>Educaci\u00f3n F\u00edsica en 3\u00ba y 4\u00ba ESO<\/li>\n<\/ul>\n","protected":false},"excerpt":{"rendered":"<p>INFORME SOBRE LA EVALUACI\u00d3N DEL PROGRAMA DE ENSE\u00d1ANZA BILING\u00dcE EN LA COMUNIDAD DE MADRID Secci\u00f3n Biling\u00fce del IES Las Encinas Nuestro IES es el \u00fanico p\u00fablico de nuestra localidad y &#8230;<\/p>\n","protected":false},"author":3,"featured_media":0,"parent":695,"menu_order":0,"comment_status":"closed","ping_status":"closed","template":"","meta":{"footnotes":""},"folder":[],"class_list":["post-1126","page","type-page","status-publish","hentry"],"rttpg_featured_image_url":null,"rttpg_author":{"display_name":"ies.lasencinas.villanuevadelacanada","author_link":"https:\/\/site.educa.madrid.org\/ies.lasencinas.villanuevadelacanada\/index.php\/author\/cuenta_ies-lasencinas-villanuevadelacanada\/"},"rttpg_comment":0,"rttpg_category":false,"rttpg_excerpt":"INFORME SOBRE LA EVALUACI\u00d3N DEL PROGRAMA DE ENSE\u00d1ANZA BILING\u00dcE EN LA COMUNIDAD DE MADRID Secci\u00f3n Biling\u00fce del IES Las Encinas Nuestro IES es el \u00fanico p\u00fablico de nuestra localidad y ...","post_mailing_queue_ids":[],"_links":{"self":[{"href":"https:\/\/site.educa.madrid.org\/ies.lasencinas.villanuevadelacanada\/index.php\/wp-json\/wp\/v2\/pages\/1126","targetHints":{"allow":["GET"]}}],"collection":[{"href":"https:\/\/site.educa.madrid.org\/ies.lasencinas.villanuevadelacanada\/index.php\/wp-json\/wp\/v2\/pages"}],"about":[{"href":"https:\/\/site.educa.madrid.org\/ies.lasencinas.villanuevadelacanada\/index.php\/wp-json\/wp\/v2\/types\/page"}],"author":[{"embeddable":true,"href":"https:\/\/site.educa.madrid.org\/ies.lasencinas.villanuevadelacanada\/index.php\/wp-json\/wp\/v2\/users\/3"}],"replies":[{"embeddable":true,"href":"https:\/\/site.educa.madrid.org\/ies.lasencinas.villanuevadelacanada\/index.php\/wp-json\/wp\/v2\/comments?post=1126"}],"version-history":[{"count":4,"href":"https:\/\/site.educa.madrid.org\/ies.lasencinas.villanuevadelacanada\/index.php\/wp-json\/wp\/v2\/pages\/1126\/revisions"}],"predecessor-version":[{"id":2004,"href":"https:\/\/site.educa.madrid.org\/ies.lasencinas.villanuevadelacanada\/index.php\/wp-json\/wp\/v2\/pages\/1126\/revisions\/2004"}],"up":[{"embeddable":true,"href":"https:\/\/site.educa.madrid.org\/ies.lasencinas.villanuevadelacanada\/index.php\/wp-json\/wp\/v2\/pages\/695"}],"wp:attachment":[{"href":"https:\/\/site.educa.madrid.org\/ies.lasencinas.villanuevadelacanada\/index.php\/wp-json\/wp\/v2\/media?parent=1126"}],"wp:term":[{"taxonomy":"folder","embeddable":true,"href":"https:\/\/site.educa.madrid.org\/ies.lasencinas.villanuevadelacanada\/index.php\/wp-json\/wp\/v2\/folder?post=1126"}],"curies":[{"name":"wp","href":"https:\/\/api.w.org\/{rel}","templated":true}]}}