{"id":1889,"date":"2023-07-23T11:52:44","date_gmt":"2023-07-23T09:52:44","guid":{"rendered":"https:\/\/site.educa.madrid.org\/ies.lasencinas.villanuevadelacanada\/?page_id=1889"},"modified":"2025-12-03T10:18:16","modified_gmt":"2025-12-03T09:18:16","slug":"gestion-medioambiental","status":"publish","type":"page","link":"https:\/\/site.educa.madrid.org\/ies.lasencinas.villanuevadelacanada\/index.php\/proyectos\/gestion-medioambiental\/","title":{"rendered":"Gesti\u00f3n medioambiental"},"content":{"rendered":"\n<p class=\"has-black-color has-light-green-cyan-background-color has-text-color has-background\"><span class=\"C9DxTc \">Conscientes de que en nuestra sociedad cada vez es mayor el impacto que recibe el medio ambiente, en el IES Las Encinas queremos promover el cuidado del mismo y no contribuir a su deterioro, dentro de nuestras posibilidades. En esta secci\u00f3n, comentaremos brevemente algunas de las pr\u00e1cticas de gesti\u00f3n ambiental que hemos puesto en marcha, desde las m\u00e1s ambiciosas, como la Certificaci\u00f3n ISO 14001 y la instalaci\u00f3n de placas fotovoltaicas, hasta las m\u00e1s cercanas a nuestro alumnado, como el proyecto Ecoescuelas y el uso del huerto escolar.<\/span><\/p>\n\n\n\n<p class=\"has-black-color has-text-color\"><span class=\"C9DxTc \">Nuestra Coordinadora de Eficiencia Ambiental <\/span>en el curso 2025-26 es la profesora<strong> Nuria Barba.<\/strong><\/p>\n\n\n\n<p class=\"has-black-color has-light-green-cyan-background-color has-text-color has-background has-medium-font-size\"><strong>CERTIFICACI\u00d3N ISO 14.001<\/strong><\/p>\n\n\n\n<p class=\"has-black-color has-text-color\"><\/p>\n\n\n\n<div class=\"wp-block-columns is-layout-flex wp-container-core-columns-is-layout-9d6595d7 wp-block-columns-is-layout-flex\">\n<div class=\"wp-block-column is-layout-flow wp-block-column-is-layout-flow\" style=\"flex-basis:66.66%\">\n<p class=\"has-black-color has-text-color\"><strong>El IES Las Encinas dispone de un sistema de gesti\u00f3n ambiental certificado de acuerdo con la norma ISO 14001 por EQA.<\/strong><\/p>\n\n\n\n<p class=\"has-black-color has-text-color\">A trav\u00e9s de este sistema, nuestro centro va a poder evaluar y mejorar de forma continua y controlada su relaci\u00f3n con el medio ambiente, ya que se promueve la prevenci\u00f3n de la contaminaci\u00f3n y la protecci\u00f3n ambiental con evaluaciones peri\u00f3dicas y la optimizaci\u00f3n de los recursos y los residuos.<\/p>\n<\/div>\n\n\n\n<div class=\"wp-block-column is-layout-flow wp-block-column-is-layout-flow\" style=\"flex-basis:20%\"><div class=\"wp-block-image\">\n<figure class=\"alignright size-large is-resized\"><img loading=\"lazy\" decoding=\"async\" width=\"842\" height=\"1024\" src=\"https:\/\/site.educa.madrid.org\/ies.lasencinas.villanuevadelacanada\/\/wp-content\/uploads\/ies.lasencinas.villanuevadelacanada\/2024\/01\/ISO-14001_color-842x1024.png\" alt=\"\" class=\"wp-image-2710\" style=\"width:153px;height:187px\" srcset=\"https:\/\/site.educa.madrid.org\/ies.lasencinas.villanuevadelacanada\/\/wp-content\/uploads\/ies.lasencinas.villanuevadelacanada\/2024\/01\/ISO-14001_color-842x1024.png 842w, https:\/\/site.educa.madrid.org\/ies.lasencinas.villanuevadelacanada\/\/wp-content\/uploads\/ies.lasencinas.villanuevadelacanada\/2024\/01\/ISO-14001_color-247x300.png 247w, https:\/\/site.educa.madrid.org\/ies.lasencinas.villanuevadelacanada\/\/wp-content\/uploads\/ies.lasencinas.villanuevadelacanada\/2024\/01\/ISO-14001_color-768x934.png 768w, https:\/\/site.educa.madrid.org\/ies.lasencinas.villanuevadelacanada\/\/wp-content\/uploads\/ies.lasencinas.villanuevadelacanada\/2024\/01\/ISO-14001_color.png 895w\" sizes=\"auto, (max-width: 842px) 100vw, 842px\" \/><\/figure>\n<\/div><\/div>\n<\/div>\n\n\n\n<p class=\"has-black-color has-text-color\">Esta es nuestra POL\u00cdTICA MEDIOAMBIENTAL (enlace a\u00a0<strong><a href=\"https:\/\/drive.google.com\/file\/d\/1Rjh7-zklj5WX7mSjGN5eGDZq3R2CAzAw\/view?usp=sharing\">documento completo, revisado y modificado en noviembre de 2025<\/a>)<\/strong>:<\/p>\n\n\n\n<p class=\"has-black-color has-text-color has-small-font-size\">En&nbsp; el IES Las Encina estamos altamente implicados en Ia protecci\u00f3n y cuidado del medio ambiente y comprometidos con la constante mejora y educaci\u00f3n en materia ambiental. Por ello, hemos implantado un Sistema de Gesti\u00f3n Ambiental de acuerdo con la Norma&nbsp; UNE EN ISO 14.001: 2015 con el alcance de IMPARTICION DE FORMACI\u00d3N REGLADA EN ENSE\u00d1ANZA SECUNDARIA (ESO Y BACHILLERATO) Y FORMACI\u00d3N PROFESIONAL REGLADA.<\/p>\n\n\n\n<p class=\"has-black-color has-text-color has-small-font-size\">La Direcci\u00f3n revisar\u00e1 peri\u00f3dicamente los objetivos ambientales para asegurar su idoneidad respecto a la pol\u00edtica enunciada, proporcionando los medios econ\u00f3micos y humanos necesarios para su cumplimiento.<\/p>\n\n\n\n<p class=\"has-black-color has-text-color has-small-font-size\">En este sentido, nos comprometemos a desarrollar su actividad con el m\u00e1ximo respeto por el medio ambiente siguiendo los siguientes objetivos:<\/p>\n\n\n\n<p class=\"has-black-color has-text-color has-small-font-size\">Asegurar el cumplimiento de Ia legislaci\u00f3n ambiental vigente, asi como el mantenimiento y mejora continua del sistema de gesti\u00f3n.&nbsp;<\/p>\n\n\n\n<p class=\"has-black-color has-text-color has-small-font-size\">Promover el ahorro y la eficiencia del consumo energ\u00e9tico, en parte mediante la producci\u00f3n de energ\u00edas renovables en el centro escolar.&nbsp;<\/p>\n\n\n\n<p class=\"has-black-color has-text-color has-small-font-size\">Controlar y minimizar el consumo de agua, asi como promover su ahorro.&nbsp;<\/p>\n\n\n\n<p class=\"has-black-color has-text-color has-small-font-size\">Controlar y minimizar la generaci\u00f3n de residuos, aplicando medidas para una mayor segregaci\u00f3n de estos y dando prioridad al reciclaje y la reutilizaci\u00f3n.&nbsp;<\/p>\n\n\n\n<p class=\"has-black-color has-text-color has-small-font-size\">Formar, entrenar, fomentar y sensibilizar en todos los \u00e1mbitos al personal y al alumnado del centro.<\/p>\n\n\n\n<p class=\"has-black-color has-text-color has-small-font-size\">Involucrar tambi\u00e9n a nuestros proveedores en nuestro sistema de gesti\u00f3n ambiental cuando est6n trabajando en nuestras instalaciones.<\/p>\n\n\n\n<p class=\"has-black-color has-text-color has-small-font-size\">Proteger el medioambiente y prevenir la contaminaci\u00f3n.<\/p>\n\n\n\n<p class=\"has-black-color has-light-green-cyan-background-color has-text-color has-background has-medium-font-size\"><strong>INSTALACI\u00d3N DE PLACAS FOTOVOLTAICAS<\/strong><\/p>\n\n\n\n<p class=\"has-black-color has-text-color\">Gracias al programa REACT UE, de la mano de las ense\u00f1anzas de Formaci\u00f3n Profesional, nuestro centro recibi\u00f3 el curso 21-22 una inyecci\u00f3n econ\u00f3mica que nos permiti\u00f3 acometer, entre otras, esta medida de gesti\u00f3n energ\u00e9tica. En octubre de este curso 22-23 ya ten\u00edamos instaladas 80 placas solares en una de las cubiertas del centro.&nbsp;<\/p>\n\n\n\n<p class=\"has-black-color has-text-color\">Con el aprovechamiento de la luz solar, no solo estamos reduciendo nuestra factura el\u00e9ctrica, sino que, fundamentalmente, estamos contribuyendo a ralentizar el cambio clim\u00e1tico y a paliar un poco el da\u00f1o al medioambiente.<\/p>\n\n\n\n<p class=\"has-black-color has-light-green-cyan-background-color has-text-color has-background has-medium-font-size\"><strong>PROYECTO ECOESCUELAS<\/strong><\/p>\n\n\n\n<p class=\"has-black-color has-text-color\">La ADEAC, Asociaci\u00f3n de Educaci\u00f3n Ambiental y del Consumidor, gestiona este programa pensado para concienciar al alumnado y al profesorado y a la comunidad educativa en general en la b\u00fasqueda de un entorno escolar m\u00e1s sostenible y responsable. Lo m\u00e1s interesante de este proyecto es que nos permite abordar los problemas ambientales y la reducci\u00f3n de la huella ecol\u00f3gica desde actividades que implican de forma muy participativa, y en un grado que facilita el obtener resultados realistas y tangibles.<\/p>\n\n\n<div class=\"wp-block-image\">\n<figure class=\"alignleft size-full is-resized\"><img loading=\"lazy\" decoding=\"async\" width=\"216\" height=\"216\" src=\"https:\/\/site.educa.madrid.org\/ies.lasencinas.villanuevadelacanada\/\/wp-content\/uploads\/ies.lasencinas.villanuevadelacanada\/2023\/07\/ecoescuelas-1.png\" alt=\"\" class=\"wp-image-1894\" style=\"width:90px;height:90px\" srcset=\"https:\/\/site.educa.madrid.org\/ies.lasencinas.villanuevadelacanada\/\/wp-content\/uploads\/ies.lasencinas.villanuevadelacanada\/2023\/07\/ecoescuelas-1.png 216w, https:\/\/site.educa.madrid.org\/ies.lasencinas.villanuevadelacanada\/\/wp-content\/uploads\/ies.lasencinas.villanuevadelacanada\/2023\/07\/ecoescuelas-1-150x150.png 150w\" sizes=\"auto, (max-width: 216px) 100vw, 216px\" \/><\/figure>\n<\/div>\n\n\n<div class=\"wp-block-columns are-vertically-aligned-center is-layout-flex wp-container-core-columns-is-layout-9d6595d7 wp-block-columns-is-layout-flex\">\n<div class=\"wp-block-column is-vertically-aligned-center is-layout-flow wp-block-column-is-layout-flow\" style=\"flex-basis:100%\">\n<p class=\"has-text-align-left has-black-color has-text-color\">Una vez constituido nuestro comit\u00e9, se han puesto en marcha acciones como la ecoauditor\u00eda sobre energ\u00eda, la ampliaci\u00f3n del n\u00famero de puntos de recogida de residuos, la colocaci\u00f3n de los Rincones ECO para difundir iniciativas e informar a la comunidad educativa en el centro, y la participaci\u00f3n en el encuentro de la Red Ecoescuelas, celebrado el 17 de marzo en Las Rozas.<\/p>\n\n\n\n<p class=\"has-black-color has-text-color has-link-color wp-elements-6438bceb384039f49bbb36326f34d597\">En el siguiente enlace se accede a nuestra p\u00e1gina del proyecto, con toda la informaci\u00f3n, tanto de los inicios como de los dos a\u00f1os siguientes en pos de la ansiada bandera verde: <strong><a href=\"https:\/\/site.educa.madrid.org\/ies.lasencinas.villanuevadelacanada\/index.php\/programa-ecoescuelas\/\" data-type=\"page\" data-id=\"2795\">PROGRAMA ECOESCUELAS.<\/a><\/strong><\/p>\n<\/div>\n<\/div>\n\n\n\n<p><\/p>\n\n\n\n<p><\/p>\n\n\n\n<p class=\"has-black-color has-light-green-cyan-background-color has-text-color has-background has-medium-font-size\"><strong>NUESTRO HUERTO TRADICIONAL<\/strong> <\/p>\n\n\n<div class=\"wp-block-image\">\n<figure class=\"alignleft size-full is-resized\"><img loading=\"lazy\" decoding=\"async\" width=\"825\" height=\"492\" src=\"https:\/\/site.educa.madrid.org\/ies.lasencinas.villanuevadelacanada\/\/wp-content\/uploads\/ies.lasencinas.villanuevadelacanada\/2023\/07\/huerto-web.jpg\" alt=\"\" class=\"wp-image-1897\" style=\"width:263px;height:157px\" srcset=\"https:\/\/site.educa.madrid.org\/ies.lasencinas.villanuevadelacanada\/\/wp-content\/uploads\/ies.lasencinas.villanuevadelacanada\/2023\/07\/huerto-web.jpg 825w, https:\/\/site.educa.madrid.org\/ies.lasencinas.villanuevadelacanada\/\/wp-content\/uploads\/ies.lasencinas.villanuevadelacanada\/2023\/07\/huerto-web-300x179.jpg 300w, https:\/\/site.educa.madrid.org\/ies.lasencinas.villanuevadelacanada\/\/wp-content\/uploads\/ies.lasencinas.villanuevadelacanada\/2023\/07\/huerto-web-768x458.jpg 768w\" sizes=\"auto, (max-width: 825px) 100vw, 825px\" \/><\/figure>\n<\/div>\n\n\n<p class=\"has-black-color has-text-color\">Iniciamos el proyecto Huertos Escolares, de la mano de la subvenci\u00f3n del Ayuntamiento de Villanueva de la Ca\u00f1ada, el curso 2021-22. <\/p>\n\n\n\n<p class=\"has-black-color has-text-color\">Y con gran entusiasmo, el departamento de Biolog\u00eda y Geolog\u00eda, encabezado por su jefa de departamento Aurora Nieto, ha ido sacando provecho a este recurso tan valioso desde el punto de vista acad\u00e9mico y medioambiental, a la par que motivador para nuestro alumnado.<\/p>\n\n\n\n<div style=\"height:52px\" aria-hidden=\"true\" class=\"wp-block-spacer\"><\/div>\n\n\n\n<p class=\"has-black-color has-light-green-cyan-background-color has-text-color has-background has-link-color has-medium-font-size wp-elements-6408ea7752f357b3f5d2c09fa90b4d5c\"><strong>FARMBOT: EL ROBOT AGRICULTOR<\/strong><\/p>\n\n\n\n<p class=\"has-black-color has-text-color has-link-color wp-elements-8322deb496ec4ea2bd10221c0b88597b\">El curso 24-25 se ha visto marcado, desde el punto de vista hort\u00edcola, en el IES, por la puesta en marcha del FarmBot. <\/p>\n\n\n\n<p class=\"has-black-color has-text-color has-link-color wp-elements-17be410e0e7d780288cfc17e4a31db94\">Este proyecto interdisciplinar, en el que participan los dptos. de Tecnolog\u00eda y de Biolog\u00eda, consiste en utilizar una m\u00e1quina de coordenadas cartesianas, software y un dep\u00f3sito de datos agr\u00edcolas, para sacar adelante un huerto a trav\u00e9s de programaci\u00f3n de secuencias sencillas. As\u00ed, el robot puede plantar, regar donde se le \u00abordene\u00bb, eliminar las malas hierbas y, en fin, cuidar unos 30 cultivos tanto en exterior como en interior. Nuestro FarmBot se encuentra en la llamada \u00abpecera\u00bb, zona acristalada de entrada al aulario para una gran parte del alumnado.<\/p>\n\n\n\n<p class=\"has-black-color has-text-color has-link-color wp-elements-584b12fdb2a0da39098e31827363a883\">Desde el punto de vista medioambiental, el Farmbot reduce el gasto de agua y de nutrientes; desde el punto de vista educativo, supone para el alumnado un trabajo interdisciplinar y motivador, que se traduce en resultados tangibles \u00a1y comestibles!<\/p>\n\n\n\n<p class=\"has-black-color has-text-color has-link-color wp-elements-ab48a3166fe6837fbdd20be78c2c0ce0\">Este es el v\u00eddeo de los inicios, cuando apenas cont\u00e1bamos con unas plantitas reci\u00e9n plantadas:<strong> <a href=\"https:\/\/drive.google.com\/file\/d\/1ceDHG55PCkRLF_wxrH6NnpAUHfHFyuPj\/view?usp=sharing\">ENLACE A FARMBOT<\/a><\/strong>.<\/p>\n\n\n\n<div class=\"wp-block-columns is-layout-flex wp-container-core-columns-is-layout-9d6595d7 wp-block-columns-is-layout-flex\">\n<div class=\"wp-block-column is-layout-flow wp-block-column-is-layout-flow\">\n<figure class=\"wp-block-image size-large is-resized\"><img loading=\"lazy\" decoding=\"async\" width=\"1024\" height=\"768\" src=\"https:\/\/site.educa.madrid.org\/ies.lasencinas.villanuevadelacanada\/\/wp-content\/uploads\/ies.lasencinas.villanuevadelacanada\/2025\/03\/IMG-20250218-WA0017-1-1024x768.jpg\" alt=\"\" class=\"wp-image-3646\" style=\"width:337px;height:auto\" srcset=\"https:\/\/site.educa.madrid.org\/ies.lasencinas.villanuevadelacanada\/\/wp-content\/uploads\/ies.lasencinas.villanuevadelacanada\/2025\/03\/IMG-20250218-WA0017-1-1024x768.jpg 1024w, https:\/\/site.educa.madrid.org\/ies.lasencinas.villanuevadelacanada\/\/wp-content\/uploads\/ies.lasencinas.villanuevadelacanada\/2025\/03\/IMG-20250218-WA0017-1-300x225.jpg 300w, https:\/\/site.educa.madrid.org\/ies.lasencinas.villanuevadelacanada\/\/wp-content\/uploads\/ies.lasencinas.villanuevadelacanada\/2025\/03\/IMG-20250218-WA0017-1-768x576.jpg 768w, https:\/\/site.educa.madrid.org\/ies.lasencinas.villanuevadelacanada\/\/wp-content\/uploads\/ies.lasencinas.villanuevadelacanada\/2025\/03\/IMG-20250218-WA0017-1-1536x1152.jpg 1536w, https:\/\/site.educa.madrid.org\/ies.lasencinas.villanuevadelacanada\/\/wp-content\/uploads\/ies.lasencinas.villanuevadelacanada\/2025\/03\/IMG-20250218-WA0017-1.jpg 1600w\" sizes=\"auto, (max-width: 1024px) 100vw, 1024px\" \/><\/figure>\n<\/div>\n\n\n\n<div class=\"wp-block-column is-layout-flow wp-block-column-is-layout-flow\">\n<figure class=\"wp-block-image size-large is-resized\"><img loading=\"lazy\" decoding=\"async\" width=\"933\" height=\"1024\" src=\"https:\/\/site.educa.madrid.org\/ies.lasencinas.villanuevadelacanada\/\/wp-content\/uploads\/ies.lasencinas.villanuevadelacanada\/2025\/03\/IMG_20250218_181554-933x1024.jpg\" alt=\"\" class=\"wp-image-3647\" style=\"width:254px;height:auto\" srcset=\"https:\/\/site.educa.madrid.org\/ies.lasencinas.villanuevadelacanada\/\/wp-content\/uploads\/ies.lasencinas.villanuevadelacanada\/2025\/03\/IMG_20250218_181554-933x1024.jpg 933w, https:\/\/site.educa.madrid.org\/ies.lasencinas.villanuevadelacanada\/\/wp-content\/uploads\/ies.lasencinas.villanuevadelacanada\/2025\/03\/IMG_20250218_181554-273x300.jpg 273w, https:\/\/site.educa.madrid.org\/ies.lasencinas.villanuevadelacanada\/\/wp-content\/uploads\/ies.lasencinas.villanuevadelacanada\/2025\/03\/IMG_20250218_181554-768x843.jpg 768w, https:\/\/site.educa.madrid.org\/ies.lasencinas.villanuevadelacanada\/\/wp-content\/uploads\/ies.lasencinas.villanuevadelacanada\/2025\/03\/IMG_20250218_181554.jpg 1074w\" sizes=\"auto, (max-width: 933px) 100vw, 933px\" \/><\/figure>\n<\/div>\n<\/div>\n\n\n\n<p><\/p>\n","protected":false},"excerpt":{"rendered":"<p>Conscientes de que en nuestra sociedad cada vez es mayor el impacto que recibe el medio ambiente, en el IES Las Encinas queremos promover el cuidado del mismo y no &#8230;<\/p>\n","protected":false},"author":3,"featured_media":0,"parent":652,"menu_order":0,"comment_status":"closed","ping_status":"closed","template":"","meta":{"footnotes":""},"folder":[],"class_list":["post-1889","page","type-page","status-publish","hentry"],"rttpg_featured_image_url":null,"rttpg_author":{"display_name":"ies.lasencinas.villanuevadelacanada","author_link":"https:\/\/site.educa.madrid.org\/ies.lasencinas.villanuevadelacanada\/index.php\/author\/cuenta_ies-lasencinas-villanuevadelacanada\/"},"rttpg_comment":0,"rttpg_category":false,"rttpg_excerpt":"Conscientes de que en nuestra sociedad cada vez es mayor el impacto que recibe el medio ambiente, en el IES Las Encinas queremos promover el cuidado del mismo y no ...","post_mailing_queue_ids":[],"_links":{"self":[{"href":"https:\/\/site.educa.madrid.org\/ies.lasencinas.villanuevadelacanada\/index.php\/wp-json\/wp\/v2\/pages\/1889","targetHints":{"allow":["GET"]}}],"collection":[{"href":"https:\/\/site.educa.madrid.org\/ies.lasencinas.villanuevadelacanada\/index.php\/wp-json\/wp\/v2\/pages"}],"about":[{"href":"https:\/\/site.educa.madrid.org\/ies.lasencinas.villanuevadelacanada\/index.php\/wp-json\/wp\/v2\/types\/page"}],"author":[{"embeddable":true,"href":"https:\/\/site.educa.madrid.org\/ies.lasencinas.villanuevadelacanada\/index.php\/wp-json\/wp\/v2\/users\/3"}],"replies":[{"embeddable":true,"href":"https:\/\/site.educa.madrid.org\/ies.lasencinas.villanuevadelacanada\/index.php\/wp-json\/wp\/v2\/comments?post=1889"}],"version-history":[{"count":17,"href":"https:\/\/site.educa.madrid.org\/ies.lasencinas.villanuevadelacanada\/index.php\/wp-json\/wp\/v2\/pages\/1889\/revisions"}],"predecessor-version":[{"id":4262,"href":"https:\/\/site.educa.madrid.org\/ies.lasencinas.villanuevadelacanada\/index.php\/wp-json\/wp\/v2\/pages\/1889\/revisions\/4262"}],"up":[{"embeddable":true,"href":"https:\/\/site.educa.madrid.org\/ies.lasencinas.villanuevadelacanada\/index.php\/wp-json\/wp\/v2\/pages\/652"}],"wp:attachment":[{"href":"https:\/\/site.educa.madrid.org\/ies.lasencinas.villanuevadelacanada\/index.php\/wp-json\/wp\/v2\/media?parent=1889"}],"wp:term":[{"taxonomy":"folder","embeddable":true,"href":"https:\/\/site.educa.madrid.org\/ies.lasencinas.villanuevadelacanada\/index.php\/wp-json\/wp\/v2\/folder?post=1889"}],"curies":[{"name":"wp","href":"https:\/\/api.w.org\/{rel}","templated":true}]}}