{"id":2192,"date":"2023-09-17T20:47:23","date_gmt":"2023-09-17T18:47:23","guid":{"rendered":"https:\/\/site.educa.madrid.org\/ies.lasencinas.villanuevadelacanada\/?page_id=2192"},"modified":"2023-09-17T21:21:39","modified_gmt":"2023-09-17T19:21:39","slug":"biblioteca","status":"publish","type":"page","link":"https:\/\/site.educa.madrid.org\/ies.lasencinas.villanuevadelacanada\/index.php\/servicios\/biblioteca\/","title":{"rendered":"Biblioteca"},"content":{"rendered":"<p><span style=\"color: #000000;\">La biblioteca del IES Las Encinas abre durante el primer recreo, para atender el pr\u00e9stamo y la devoluci\u00f3n de los libros prestados. El alumnado podr\u00e1 permanecer en ella para estudiar, trabajar o leer. En ning\u00fan caso est\u00e1 permitido comer o beber. Se guardar\u00e1 el silencio que corresponde a un espacio dedicado al trabajo y la lectura.<\/span><\/p>\n<p><img loading=\"lazy\" decoding=\"async\" class=\"wp-image-1216 alignleft\" src=\"https:\/\/site.educa.madrid.org\/ies.lasencinas.villanuevadelacanada\/\/wp-content\/uploads\/ies.lasencinas.villanuevadelacanada\/2022\/09\/biblio6-300x200.jpg\" alt=\"\" width=\"267\" height=\"178\" srcset=\"https:\/\/site.educa.madrid.org\/ies.lasencinas.villanuevadelacanada\/\/wp-content\/uploads\/ies.lasencinas.villanuevadelacanada\/2022\/09\/biblio6-300x200.jpg 300w, https:\/\/site.educa.madrid.org\/ies.lasencinas.villanuevadelacanada\/\/wp-content\/uploads\/ies.lasencinas.villanuevadelacanada\/2022\/09\/biblio6-1024x683.jpg 1024w, https:\/\/site.educa.madrid.org\/ies.lasencinas.villanuevadelacanada\/\/wp-content\/uploads\/ies.lasencinas.villanuevadelacanada\/2022\/09\/biblio6-768x512.jpg 768w, https:\/\/site.educa.madrid.org\/ies.lasencinas.villanuevadelacanada\/\/wp-content\/uploads\/ies.lasencinas.villanuevadelacanada\/2022\/09\/biblio6-391x260.jpg 391w, https:\/\/site.educa.madrid.org\/ies.lasencinas.villanuevadelacanada\/\/wp-content\/uploads\/ies.lasencinas.villanuevadelacanada\/2022\/09\/biblio6-272x182.jpg 272w, https:\/\/site.educa.madrid.org\/ies.lasencinas.villanuevadelacanada\/\/wp-content\/uploads\/ies.lasencinas.villanuevadelacanada\/2022\/09\/biblio6.jpg 1200w\" sizes=\"auto, (max-width: 267px) 100vw, 267px\" \/><img loading=\"lazy\" decoding=\"async\" class=\"wp-image-1217 alignleft\" src=\"https:\/\/site.educa.madrid.org\/ies.lasencinas.villanuevadelacanada\/\/wp-content\/uploads\/ies.lasencinas.villanuevadelacanada\/2022\/09\/biblio2-300x201.jpg\" alt=\"\" width=\"270\" height=\"181\" srcset=\"https:\/\/site.educa.madrid.org\/ies.lasencinas.villanuevadelacanada\/\/wp-content\/uploads\/ies.lasencinas.villanuevadelacanada\/2022\/09\/biblio2-300x201.jpg 300w, https:\/\/site.educa.madrid.org\/ies.lasencinas.villanuevadelacanada\/\/wp-content\/uploads\/ies.lasencinas.villanuevadelacanada\/2022\/09\/biblio2-1024x685.jpg 1024w, https:\/\/site.educa.madrid.org\/ies.lasencinas.villanuevadelacanada\/\/wp-content\/uploads\/ies.lasencinas.villanuevadelacanada\/2022\/09\/biblio2-768x514.jpg 768w, https:\/\/site.educa.madrid.org\/ies.lasencinas.villanuevadelacanada\/\/wp-content\/uploads\/ies.lasencinas.villanuevadelacanada\/2022\/09\/biblio2-391x260.jpg 391w, https:\/\/site.educa.madrid.org\/ies.lasencinas.villanuevadelacanada\/\/wp-content\/uploads\/ies.lasencinas.villanuevadelacanada\/2022\/09\/biblio2-272x182.jpg 272w, https:\/\/site.educa.madrid.org\/ies.lasencinas.villanuevadelacanada\/\/wp-content\/uploads\/ies.lasencinas.villanuevadelacanada\/2022\/09\/biblio2.jpg 1218w\" sizes=\"auto, (max-width: 270px) 100vw, 270px\" \/><\/p>\n<p><span style=\"color: #000000;\">En las semanas de ex\u00e1menes, los alumnos de Bachillerato tendr\u00e1n preferencia en la ocupaci\u00f3n de la biblioteca, y podr\u00e1n utilizarla tambi\u00e9n fuera de la hora de recreo.<\/span><\/p>\n<p style=\"text-align: left;\"><span style=\"color: #000000;\">Est\u00e1 asimismo a disposici\u00f3n del alumnado que, finalizada su jornada lectiva a las 14&#8217;30 h., espera la entrada al comedor o el inicio de las clases del Programa Refuerza.<\/span><\/p>\n<p style=\"text-align: left;\"><span style=\"color: #000000;\">Adem\u00e1s de ejemplares de las lecturas obligatorias\u00a0 de los distintos departamentos, encontraremos cl\u00e1sicos de todos los tiempos y g\u00e9neros, libros de consulta de diversa tem\u00e1tica y, por supuesto, una complet\u00edsima colecci\u00f3n de lecturas juveniles, que incluyen c\u00f3mic y manga.<\/span><\/p>\n","protected":false},"excerpt":{"rendered":"<p>La biblioteca del IES Las Encinas abre durante el primer recreo, para atender el pr\u00e9stamo y la devoluci\u00f3n de los libros prestados. El alumnado podr\u00e1 permanecer en ella para estudiar, &#8230;<\/p>\n","protected":false},"author":3,"featured_media":0,"parent":650,"menu_order":0,"comment_status":"closed","ping_status":"closed","template":"","meta":{"footnotes":""},"folder":[],"class_list":["post-2192","page","type-page","status-publish","hentry"],"rttpg_featured_image_url":null,"rttpg_author":{"display_name":"ies.lasencinas.villanuevadelacanada","author_link":"https:\/\/site.educa.madrid.org\/ies.lasencinas.villanuevadelacanada\/index.php\/author\/cuenta_ies-lasencinas-villanuevadelacanada\/"},"rttpg_comment":0,"rttpg_category":false,"rttpg_excerpt":"La biblioteca del IES Las Encinas abre durante el primer recreo, para atender el pr\u00e9stamo y la devoluci\u00f3n de los libros prestados. El alumnado podr\u00e1 permanecer en ella para estudiar, ...","post_mailing_queue_ids":[],"_links":{"self":[{"href":"https:\/\/site.educa.madrid.org\/ies.lasencinas.villanuevadelacanada\/index.php\/wp-json\/wp\/v2\/pages\/2192","targetHints":{"allow":["GET"]}}],"collection":[{"href":"https:\/\/site.educa.madrid.org\/ies.lasencinas.villanuevadelacanada\/index.php\/wp-json\/wp\/v2\/pages"}],"about":[{"href":"https:\/\/site.educa.madrid.org\/ies.lasencinas.villanuevadelacanada\/index.php\/wp-json\/wp\/v2\/types\/page"}],"author":[{"embeddable":true,"href":"https:\/\/site.educa.madrid.org\/ies.lasencinas.villanuevadelacanada\/index.php\/wp-json\/wp\/v2\/users\/3"}],"replies":[{"embeddable":true,"href":"https:\/\/site.educa.madrid.org\/ies.lasencinas.villanuevadelacanada\/index.php\/wp-json\/wp\/v2\/comments?post=2192"}],"version-history":[{"count":5,"href":"https:\/\/site.educa.madrid.org\/ies.lasencinas.villanuevadelacanada\/index.php\/wp-json\/wp\/v2\/pages\/2192\/revisions"}],"predecessor-version":[{"id":2202,"href":"https:\/\/site.educa.madrid.org\/ies.lasencinas.villanuevadelacanada\/index.php\/wp-json\/wp\/v2\/pages\/2192\/revisions\/2202"}],"up":[{"embeddable":true,"href":"https:\/\/site.educa.madrid.org\/ies.lasencinas.villanuevadelacanada\/index.php\/wp-json\/wp\/v2\/pages\/650"}],"wp:attachment":[{"href":"https:\/\/site.educa.madrid.org\/ies.lasencinas.villanuevadelacanada\/index.php\/wp-json\/wp\/v2\/media?parent=2192"}],"wp:term":[{"taxonomy":"folder","embeddable":true,"href":"https:\/\/site.educa.madrid.org\/ies.lasencinas.villanuevadelacanada\/index.php\/wp-json\/wp\/v2\/folder?post=2192"}],"curies":[{"name":"wp","href":"https:\/\/api.w.org\/{rel}","templated":true}]}}