{"id":2653,"date":"2024-01-14T19:23:52","date_gmt":"2024-01-14T18:23:52","guid":{"rendered":"https:\/\/site.educa.madrid.org\/ies.lasencinas.villanuevadelacanada\/?page_id=2653"},"modified":"2026-01-09T11:05:15","modified_gmt":"2026-01-09T10:05:15","slug":"actividades","status":"publish","type":"page","link":"https:\/\/site.educa.madrid.org\/ies.lasencinas.villanuevadelacanada\/index.php\/curso-23-24\/actividades\/","title":{"rendered":"Actividades y viajes"},"content":{"rendered":"\n<p class=\"has-text-align-center has-vivid-purple-color has-text-color has-medium-font-size\"><strong>CURSO 2025-2026<\/strong><\/p>\n\n\n\n<p class=\"has-black-color has-text-color has-link-color has-medium-font-size wp-elements-48d234c02168e57b36c261c2eb33454f\"><strong>ACTIVIDADES COMPLEMENTARIAS Y EXTRAESCOLARES (DEPARTAMENTOS) <\/strong><\/p>\n\n\n\n<p class=\"has-black-color has-text-color has-link-color wp-elements-5f218c61df1ac4426177912269f549d1\">Pincha en el enlace, para acceder a la Programaci\u00f3n del dpto. de Actividades Complementarias y Extraescolares del presente curso 2025-26: <strong><a href=\"https:\/\/drive.google.com\/file\/d\/1JjsyLS56tLH2UK6h30zZG5u3fUhviN5V\/view?usp=drive_link\">PROGRAMACI\u00d3N AAEE 25-26<\/a><\/strong>. El cuadro de actividades, con la estimaci\u00f3n de precios y otro tipo de informaci\u00f3n como trimestre, lugar y departamento organizador, se encuentra en las p\u00e1ginas&#8230;<\/p>\n\n\n\n<p><\/p>\n\n\n\n<p class=\"has-black-color has-text-color has-link-color has-medium-font-size wp-elements-f2836699dc2cb80ebc6c48c766cc2e14\"><strong>VIAJES E INTERCAMBIOS CURSO 2025-26<\/strong><\/p>\n\n\n\n<p class=\"has-black-color has-text-color has-link-color wp-elements-5c8ce5ec958dd80ca36a31966ddd90f7\"><strong><a href=\"https:\/\/site.educa.madrid.org\/ies.lasencinas.villanuevadelacanada\/index.php\/comunidad-educativa\/departamentos\/frances\/\" data-type=\"page\" data-id=\"997\">Intercambio de movilidad individual<\/a> PicassoMob<\/strong> (7 de septiembre a 10 de octubre)<\/p>\n\n\n\n<p class=\"has-black-color has-text-color\"><strong><a href=\"https:\/\/site.educa.madrid.org\/ies.lasencinas.villanuevadelacanada\/index.php\/comunidad-educativa\/departamentos\/frances\/\" data-type=\"page\" data-id=\"997\">Intercambio de movilidad individual con QUIMPER <\/a><\/strong>(Breta\u00f1a francesa): <strong>4\u00ba ESO Secci\u00f3n ling\u00fc\u00edstica de franc\u00e9s y optativa<\/strong> (24 de noviembre a 20 de diciembre) (Estancia alumnos franceses, 7 al 28 febr.)<\/p>\n\n\n\n<p class=\"has-black-color has-text-color\">I<strong>ntercambio de movilidad individual con Lyc\u00e9e la Mare Carr\u00e9e<\/strong> (Moissy Cramayel, regi\u00f3n parisina):<strong> 3\u00ba ESO <\/strong>(15 al 28 marzo) (Estancia alumnos franceses, 26 abril al 9 mayo)<\/p>\n\n\n\n<p class=\"has-black-color has-text-color\"><strong>Semana Blanca<\/strong>, viaje de esqu\u00ed <strong>SIERRA NEVADA<\/strong>: ESO y 1\u00ba Bach. (12 al 16 de enero)<\/p>\n\n\n\n<div data-wp-interactive=\"core\/file\" class=\"wp-block-file\"><object data-wp-bind--hidden=\"!state.hasPdfPreview\" hidden class=\"wp-block-file__embed\" data=\"https:\/\/site.educa.madrid.org\/ies.lasencinas.villanuevadelacanada\/\/wp-content\/uploads\/ies.lasencinas.villanuevadelacanada\/2025\/12\/IES-LAS-ENCINAS-SIERRA-NEVADA-2026.pdf\" type=\"application\/pdf\" style=\"width:100%;height:600px\" aria-label=\"Incrustado de IES  LAS ENCINAS - SIERRA NEVADA 2026.\"><\/object><a id=\"wp-block-file--media-37130b4a-41f5-448f-a7ae-00097deeb0df\" href=\"https:\/\/site.educa.madrid.org\/ies.lasencinas.villanuevadelacanada\/\/wp-content\/uploads\/ies.lasencinas.villanuevadelacanada\/2025\/12\/IES-LAS-ENCINAS-SIERRA-NEVADA-2026.pdf\">IES  LAS ENCINAS &#8211; SIERRA NEVADA 2026<\/a><a href=\"https:\/\/site.educa.madrid.org\/ies.lasencinas.villanuevadelacanada\/\/wp-content\/uploads\/ies.lasencinas.villanuevadelacanada\/2025\/12\/IES-LAS-ENCINAS-SIERRA-NEVADA-2026.pdf\" class=\"wp-block-file__button wp-element-button\" download aria-describedby=\"wp-block-file--media-37130b4a-41f5-448f-a7ae-00097deeb0df\">Descarga<\/a><\/div>\n\n\n\n<p class=\"has-black-color has-text-color has-link-color wp-elements-2fada00d5281757723b2e25caa6d0442\"><strong><strong><a href=\"https:\/\/site.educa.madrid.org\/ies.lasencinas.villanuevadelacanada\/index.php\/comunidad-educativa\/departamentos\/ingles\/\" data-type=\"page\" data-id=\"998\">Inmersi\u00f3n ling\u00fc\u00edstica en WHITSTABLE (Inglaterra)<\/a><\/strong><\/strong>: <strong>2\u00ba y 3\u00ba ESO Secci\u00f3n biling\u00fce<\/strong> (17 al 24 de marzo)<\/p>\n\n\n\n<p class=\"has-black-color has-text-color has-link-color wp-elements-5240addd5e11d2dd992dba4acd46eaa7\"><strong><a href=\"https:\/\/site.educa.madrid.org\/ies.lasencinas.villanuevadelacanada\/index.php\/comunidad-educativa\/departamentos\/frances\/\" data-type=\"page\" data-id=\"997\">Viaje a SUIZA<\/a>: 1\u00ba  ESO Secci\u00f3n ling\u00fc\u00edstica de franc\u00e9s<\/strong> y optativa (21 al 24 de marzo)<\/p>\n\n\n\n<p class=\"has-black-color has-text-color has-link-color wp-elements-9383b1aecc8696741056786b3636f588\"><strong>Intercambio GRENOBLE: 3\u00ba ESO secci\u00f3n franc\u00e9s<\/strong> (13\/14 a 20 marzo (por confirmar) (Estancia alumnos franceses, 3 al 10 marzo)<\/p>\n\n\n\n<p class=\"has-black-color has-text-color\"><strong><a href=\"https:\/\/drive.google.com\/file\/d\/1cX9u0L4hhueL9TDp41orS9Fxxzn5Gkyn\/view?usp=drive_link\">Viaje a PORTUGAL<\/a>: 4\u00ba ESO<\/strong> (23 al 27 de marzo)<\/p>\n\n\n\n<p class=\"has-black-color has-text-color has-link-color wp-elements-34c656fcb8702e17c357daab44b31052\"><strong><a href=\"https:\/\/site.educa.madrid.org\/ies.lasencinas.villanuevadelacanada\/index.php\/comunidad-educativa\/departamentos\/ingles\/\" data-type=\"page\" data-id=\"998\">Intercambio EE.UU: 1\u00ba Bachillerato<\/a><\/strong> (por confirmar)<\/p>\n\n\n\n<div style=\"height:21px\" aria-hidden=\"true\" class=\"wp-block-spacer\"><\/div>\n\n\n\n<p class=\"has-text-align-center has-vivid-purple-color has-text-color has-link-color has-medium-font-size wp-elements-c1cf7c974bcb37205f4dca9a09675473\"><strong>CURSOS ANTERIORES<\/strong><\/p>\n\n\n\n<p class=\"has-black-color has-text-color has-medium-font-size\"><strong>ACTIVIDADES COMPLEMENTARIAS Y EXTRAESCOLARES (DEPARTAMENTOS) <\/strong><\/p>\n\n\n\n<p class=\"has-black-color has-text-color has-link-color wp-elements-b69846188fe0eab068adbeb6c68102e0\">Consulta las actividades llevadas a cabo durante el curso 24-25: <strong><a href=\"https:\/\/docs.google.com\/document\/d\/1oeqmIUZbO43qyKPdkYj1IIoqm9wesXHu\/edit?usp=sharing&amp;ouid=113881279590845546793&amp;rtpof=true&amp;sd=true\">CUADRO ACTIVIDADES 24-25.<\/a><\/strong><\/p>\n\n\n\n<p class=\"has-black-color has-text-color\">Pincha en el enlace, para acceder a las actividades -tanto complementarias, organizadas por los departamentos did\u00e1cticos o por el departamento de Extraescolares; como extraescolares (viajes e intercambios)- del curso 2023-24, con sus precios por alumno: <strong><a href=\"https:\/\/docs.google.com\/document\/d\/1m_SIizuF0JlnUKoMINxBy1HAYNminwFK\/edit?usp=sharing&amp;ouid=113881279590845546793&amp;rtpof=true&amp;sd=true\">CUADRO ACTIVIDADES 23-24.<\/a><\/strong><\/p>\n\n\n\n<p class=\"has-black-color has-text-color\">Tambi\u00e9n puedes consultar las actividades realizadas en el curso 22-23, en el siguiente enlace: <strong><a href=\"https:\/\/docs.google.com\/document\/d\/1srcfEZGG7lqjwRxoQBz3YMXgkhLvsY1v\/edit?usp=sharing&amp;ouid=113881279590845546793&amp;rtpof=true&amp;sd=true\">CUADRO ACTIVIDADES 22-23.<\/a><\/strong><\/p>\n\n\n\n<p class=\"has-black-color has-text-color\">Y si quieres echar un vistazo a nuestro hist\u00f3rico de las actividades complementarias y extraescolares de a\u00f1os anteriores, pincha en el <strong><a href=\"http:\/\/www.google.com\/url?q=http%3A%2F%2Fnuestrasextraescolares.blogspot.com%2F&amp;sa=D&amp;sntz=1&amp;usg=AOvVaw0RtYqTMk686g4wfYCR9lJO\">Blog NUESTRAS EXTRAESCOLARES.<\/a><\/strong><\/p>\n\n\n\n<p class=\"has-black-color has-text-color has-link-color wp-elements-9ac00cf961d1ea846fe5a532228b76c6\"><\/p>\n","protected":false},"excerpt":{"rendered":"<p>CURSO 2025-2026 ACTIVIDADES COMPLEMENTARIAS Y EXTRAESCOLARES (DEPARTAMENTOS) Pincha en el enlace, para acceder a la Programaci\u00f3n del dpto. de Actividades Complementarias y Extraescolares del presente curso 2025-26: PROGRAMACI\u00d3N AAEE 25-26. &#8230;<\/p>\n","protected":false},"author":3,"featured_media":0,"parent":653,"menu_order":1,"comment_status":"closed","ping_status":"closed","template":"","meta":{"footnotes":""},"folder":[],"class_list":["post-2653","page","type-page","status-publish","hentry"],"rttpg_featured_image_url":null,"rttpg_author":{"display_name":"ies.lasencinas.villanuevadelacanada","author_link":"https:\/\/site.educa.madrid.org\/ies.lasencinas.villanuevadelacanada\/index.php\/author\/cuenta_ies-lasencinas-villanuevadelacanada\/"},"rttpg_comment":0,"rttpg_category":false,"rttpg_excerpt":"CURSO 2025-2026 ACTIVIDADES COMPLEMENTARIAS Y EXTRAESCOLARES (DEPARTAMENTOS) Pincha en el enlace, para acceder a la Programaci\u00f3n del dpto. de Actividades Complementarias y Extraescolares del presente curso 2025-26: PROGRAMACI\u00d3N AAEE 25-26. ...","post_mailing_queue_ids":[],"_links":{"self":[{"href":"https:\/\/site.educa.madrid.org\/ies.lasencinas.villanuevadelacanada\/index.php\/wp-json\/wp\/v2\/pages\/2653","targetHints":{"allow":["GET"]}}],"collection":[{"href":"https:\/\/site.educa.madrid.org\/ies.lasencinas.villanuevadelacanada\/index.php\/wp-json\/wp\/v2\/pages"}],"about":[{"href":"https:\/\/site.educa.madrid.org\/ies.lasencinas.villanuevadelacanada\/index.php\/wp-json\/wp\/v2\/types\/page"}],"author":[{"embeddable":true,"href":"https:\/\/site.educa.madrid.org\/ies.lasencinas.villanuevadelacanada\/index.php\/wp-json\/wp\/v2\/users\/3"}],"replies":[{"embeddable":true,"href":"https:\/\/site.educa.madrid.org\/ies.lasencinas.villanuevadelacanada\/index.php\/wp-json\/wp\/v2\/comments?post=2653"}],"version-history":[{"count":31,"href":"https:\/\/site.educa.madrid.org\/ies.lasencinas.villanuevadelacanada\/index.php\/wp-json\/wp\/v2\/pages\/2653\/revisions"}],"predecessor-version":[{"id":4319,"href":"https:\/\/site.educa.madrid.org\/ies.lasencinas.villanuevadelacanada\/index.php\/wp-json\/wp\/v2\/pages\/2653\/revisions\/4319"}],"up":[{"embeddable":true,"href":"https:\/\/site.educa.madrid.org\/ies.lasencinas.villanuevadelacanada\/index.php\/wp-json\/wp\/v2\/pages\/653"}],"wp:attachment":[{"href":"https:\/\/site.educa.madrid.org\/ies.lasencinas.villanuevadelacanada\/index.php\/wp-json\/wp\/v2\/media?parent=2653"}],"wp:term":[{"taxonomy":"folder","embeddable":true,"href":"https:\/\/site.educa.madrid.org\/ies.lasencinas.villanuevadelacanada\/index.php\/wp-json\/wp\/v2\/folder?post=2653"}],"curies":[{"name":"wp","href":"https:\/\/api.w.org\/{rel}","templated":true}]}}