{"id":2677,"date":"2024-01-25T14:08:54","date_gmt":"2024-01-25T13:08:54","guid":{"rendered":"https:\/\/site.educa.madrid.org\/ies.lasencinas.villanuevadelacanada\/?page_id=2677"},"modified":"2026-01-04T11:52:54","modified_gmt":"2026-01-04T10:52:54","slug":"consejo-escolar","status":"publish","type":"page","link":"https:\/\/site.educa.madrid.org\/ies.lasencinas.villanuevadelacanada\/index.php\/comunidad-educativa\/consejo-escolar\/","title":{"rendered":"Consejo escolar"},"content":{"rendered":"<p><span style=\"color: #000000;\">Uno de los \u00f3rganos m\u00e1s importantes de un centro educativo es el Consejo Escolar, formado por representantes de los diferentes sectores de la comunidad educativa: profesores, alumnado, familias, personal no docente y ayuntamiento. Dadas las caracter\u00edsticas de nuestro IES, la composici\u00f3n del consejo es la siguiente:<\/span><\/p>\n<ul>\n<li><span style=\"color: #000000;\">La directora del centro, que es su presidente: Cristina Gonz\u00e1lez L\u00f3pez<\/span><\/li>\n<li><span style=\"color: #000000;\">El jefe de estudios: Daniel N\u00fa\u00f1ez Tejada<\/span><\/li>\n<li><span style=\"color: #000000;\"><strong>Siete profesores<\/strong> elegidos por el claustro: <\/span><\/li>\n<\/ul>\n<p><span style=\"color: #000000;\">Sara Arance Abia (reelegida en renovaci\u00f3n 25-26)<br \/>\nMar\u00eda Fern\u00e1ndez Argenta<br \/>\nMa Jos\u00e9 Gonz\u00e1lez Mu\u00f1oz<br \/>\nAurora Nieto Rodr\u00edguez (elegida en renovaci\u00f3n 25-26)<br \/>\nAgust\u00edn Redondo Aparicio (elegido en renovaci\u00f3n 25-26)\u00a0 \u00a0 \u00a0 \u00a0 \u00a0 \u00a0 \u00a0 \u00a0 \u00a0 \u00a0 \u00a0 \u00a0 \u00a0 \u00a0 \u00a0 \u00a0 \u00a0 \u00a0 \u00a0 \u00a0 \u00a0 \u00a0 \u00a0 \u00a0 \u00a0 \u00a0 \u00a0 \u00a0 \u00a0 \u00a0 \u00a0 \u00a0 \u00a0 \u00a0 \u00a0 \u00a0 \u00a0 \u00a0 \u00a0 \u00a0 \u00a0 \u00a0 \u00a0 \u00a0 \u00a0 \u00a0 \u00a0 \u00a0 \u00a0 \u00a0 \u00a0 \u00a0 \u00a0 \u00a0 \u00a0 \u00a0 \u00a0 \u00a0 \u00a0 \u00a0 \u00a0 <\/span><span style=\"color: #000000;\">Javier Soto Romero<br \/>\nRaquel Vall\u00e9s Sierra<\/span><\/p>\n<ul>\n<li><span style=\"color: #000000;\"><strong>Tres representantes de las familias<\/strong> de los alumnos del centro. Uno de ellos designado por la asociaci\u00f3n de madres y padres del centro:<\/span><\/li>\n<\/ul>\n<p><span style=\"color: #000000;\">Charlotte Kennedy Dom\u00ednguez (representante AMPA)<br \/>\n<\/span><span style=\"color: #000000;\">Norma Arribas Ruiz (elegida en renovaci\u00f3n 25-26, cubre vacante por dos a\u00f1os)<\/span><br \/>\n<span style=\"color: #000000;\">Catalina Gonz\u00e1lez Sol\u00eds (elegida en renovaci\u00f3n 25-26)<\/span><\/p>\n<ul>\n<li><span style=\"color: #000000;\"><strong>Cuatro representantes de los alumnos<\/strong>:<\/span><\/li>\n<\/ul>\n<p><span style=\"color: #000000;\">Salvador Barboni (elegido en renovaci\u00f3n 25-26)<br \/>\nMartina Blanco Jurado (elegida en renovaci\u00f3n 25-26)<br \/>\nAmaya G\u00f3mez Altuve<\/span><br \/>\n<span style=\"color: #000000;\">Sof\u00eda Oporto Benavides<\/span><\/p>\n<ul>\n<li><span style=\"color: #000000;\">Un representante del <strong>personal de administraci\u00f3n y servicios<\/strong> del centro: Fernando Guti\u00e9rrez Uceda (elegido en renovaci\u00f3n 25-26)<\/span><\/li>\n<li><span style=\"color: #000000;\">Un concejal o <strong>representante del Ayuntamiento<\/strong> del municipio: Cristina Hern\u00e1ndez N\u00fa\u00f1ez<\/span><\/li>\n<li><span style=\"color: #000000;\">En centros con al menos dos familias profesionales o que el 25% del alumnado curse ense\u00f1anzas de formaci\u00f3n profesional, habr\u00e1 un representante propuesto por las organizaciones empresariales o instituciones laborales, con voz pero sin voto.<\/span><\/li>\n<li><span style=\"color: #000000;\">El <strong>secretario\/a del centro<\/strong>, que actuar\u00e1 como secretario del consejo escolar, con voz pero sin voto: Emilia Ruiz Mart\u00ednez<\/span><\/li>\n<\/ul>\n<p><span style=\"color: #000000;\">La composici\u00f3n, elecci\u00f3n de componentes, nombramiento y competencias est\u00e1n regulados por el RD 83\/1996, de 26 de enero, por el que se aprueba el Reglamento Org\u00e1nico de los Institutos de Educaci\u00f3n Secundaria<\/span>.<\/p>\n<p><strong><span style=\"color: #ff00ff;\">COMISI\u00d3N DE CONVIVENCIA\/ DE ABSENTISMO Y DE IGUALDAD<\/span><\/strong><\/p>\n<p><span style=\"color: #000000;\">En el seno del consejo escolar, estas comisiones est\u00e1n formadas por, al menos, la presidenta, jefe de estudios, un alumno, un representante de las familias y un profesor. Su finalidad es buscar soluciones o aportar propuestas para mejorar el clima de convivencia en los centros; resolver cuestiones relacionadas con el absentismo antes de llegar a la mesa del menor; y proponer actividades que fomenten la igualdad de g\u00e9nero y en general (la coordinadora de Igualdad es la profesora Mar\u00eda Fern\u00e1ndez Argenta); y, en general, hacer un seguimiento de todo ello.<\/span><\/p>\n<p><span style=\"color: #000000;\">Nuestra comisi\u00f3n de convivencia\/absentismo\/igualdad se compone de los siguientes miembros: Cristina Gonz\u00e1lez, Daniel N\u00fa\u00f1ez, Sof\u00eda Oporto, Javier Soto, Mar\u00eda Fern\u00e1ndez, Fernando Guti\u00e9rrez y Catalina Gonz\u00e1lez Sol\u00eds.<\/span><\/p>\n<p><span style=\"color: #000000;\"> Como representante del sector familias,, Catalina Gonz\u00e1lez Sol\u00eds recibir\u00e1 sugerencias y propuestas en el correo catygs1978@gmail.com<\/span><\/p>\n","protected":false},"excerpt":{"rendered":"<p>Uno de los \u00f3rganos m\u00e1s importantes de un centro educativo es el Consejo Escolar, formado por representantes de los diferentes sectores de la comunidad educativa: profesores, alumnado, familias, personal no &#8230;<\/p>\n","protected":false},"author":3,"featured_media":0,"parent":647,"menu_order":6,"comment_status":"closed","ping_status":"closed","template":"","meta":{"footnotes":""},"folder":[],"class_list":["post-2677","page","type-page","status-publish","hentry"],"rttpg_featured_image_url":null,"rttpg_author":{"display_name":"ies.lasencinas.villanuevadelacanada","author_link":"https:\/\/site.educa.madrid.org\/ies.lasencinas.villanuevadelacanada\/index.php\/author\/cuenta_ies-lasencinas-villanuevadelacanada\/"},"rttpg_comment":0,"rttpg_category":false,"rttpg_excerpt":"Uno de los \u00f3rganos m\u00e1s importantes de un centro educativo es el Consejo Escolar, formado por representantes de los diferentes sectores de la comunidad educativa: profesores, alumnado, familias, personal no ...","post_mailing_queue_ids":[],"_links":{"self":[{"href":"https:\/\/site.educa.madrid.org\/ies.lasencinas.villanuevadelacanada\/index.php\/wp-json\/wp\/v2\/pages\/2677","targetHints":{"allow":["GET"]}}],"collection":[{"href":"https:\/\/site.educa.madrid.org\/ies.lasencinas.villanuevadelacanada\/index.php\/wp-json\/wp\/v2\/pages"}],"about":[{"href":"https:\/\/site.educa.madrid.org\/ies.lasencinas.villanuevadelacanada\/index.php\/wp-json\/wp\/v2\/types\/page"}],"author":[{"embeddable":true,"href":"https:\/\/site.educa.madrid.org\/ies.lasencinas.villanuevadelacanada\/index.php\/wp-json\/wp\/v2\/users\/3"}],"replies":[{"embeddable":true,"href":"https:\/\/site.educa.madrid.org\/ies.lasencinas.villanuevadelacanada\/index.php\/wp-json\/wp\/v2\/comments?post=2677"}],"version-history":[{"count":4,"href":"https:\/\/site.educa.madrid.org\/ies.lasencinas.villanuevadelacanada\/index.php\/wp-json\/wp\/v2\/pages\/2677\/revisions"}],"predecessor-version":[{"id":4317,"href":"https:\/\/site.educa.madrid.org\/ies.lasencinas.villanuevadelacanada\/index.php\/wp-json\/wp\/v2\/pages\/2677\/revisions\/4317"}],"up":[{"embeddable":true,"href":"https:\/\/site.educa.madrid.org\/ies.lasencinas.villanuevadelacanada\/index.php\/wp-json\/wp\/v2\/pages\/647"}],"wp:attachment":[{"href":"https:\/\/site.educa.madrid.org\/ies.lasencinas.villanuevadelacanada\/index.php\/wp-json\/wp\/v2\/media?parent=2677"}],"wp:term":[{"taxonomy":"folder","embeddable":true,"href":"https:\/\/site.educa.madrid.org\/ies.lasencinas.villanuevadelacanada\/index.php\/wp-json\/wp\/v2\/folder?post=2677"}],"curies":[{"name":"wp","href":"https:\/\/api.w.org\/{rel}","templated":true}]}}