{"id":2693,"date":"2024-01-28T11:42:40","date_gmt":"2024-01-28T10:42:40","guid":{"rendered":"https:\/\/site.educa.madrid.org\/ies.lasencinas.villanuevadelacanada\/?page_id=2693"},"modified":"2025-09-16T09:54:49","modified_gmt":"2025-09-16T07:54:49","slug":"enfermeria","status":"publish","type":"page","link":"https:\/\/site.educa.madrid.org\/ies.lasencinas.villanuevadelacanada\/index.php\/enfermeria\/","title":{"rendered":"Enfermer\u00eda"},"content":{"rendered":"<div class=\"wp-block-image\">\n<figure class=\"alignleft is-resized\"><img loading=\"lazy\" decoding=\"async\" width=\"300\" height=\"300\" src=\"https:\/\/site.educa.madrid.org\/ies.lasencinas.villanuevadelacanada\/\/wp-content\/uploads\/ies.lasencinas.villanuevadelacanada\/2024\/01\/Diseno-sin-titulo-300x300.png\" alt=\"\" class=\"wp-image-2694\" style=\"width:262px;height:262px\" srcset=\"https:\/\/site.educa.madrid.org\/ies.lasencinas.villanuevadelacanada\/\/wp-content\/uploads\/ies.lasencinas.villanuevadelacanada\/2024\/01\/Diseno-sin-titulo-300x300.png 300w, https:\/\/site.educa.madrid.org\/ies.lasencinas.villanuevadelacanada\/\/wp-content\/uploads\/ies.lasencinas.villanuevadelacanada\/2024\/01\/Diseno-sin-titulo-1024x1024.png 1024w, https:\/\/site.educa.madrid.org\/ies.lasencinas.villanuevadelacanada\/\/wp-content\/uploads\/ies.lasencinas.villanuevadelacanada\/2024\/01\/Diseno-sin-titulo-150x150.png 150w, https:\/\/site.educa.madrid.org\/ies.lasencinas.villanuevadelacanada\/\/wp-content\/uploads\/ies.lasencinas.villanuevadelacanada\/2024\/01\/Diseno-sin-titulo-768x768.png 768w, https:\/\/site.educa.madrid.org\/ies.lasencinas.villanuevadelacanada\/\/wp-content\/uploads\/ies.lasencinas.villanuevadelacanada\/2024\/01\/Diseno-sin-titulo.png 1080w\" sizes=\"auto, (max-width: 300px) 100vw, 300px\" \/><\/figure>\n<\/div>\n\n\n<p><span style=\"color: #000000;\">El centro cuenta con servicio de enfermer\u00eda de lunes a viernes en horario de 8&#8217;30 h. a 15&#8217;30 h.<\/span><\/p>\n\n\n\n<p class=\"has-text-align-left\"><span style=\"color: #000000;\">Nuestra enfermera diplomada, <strong>Alejandra L\u00f3pez<\/strong>, atiende al alumnado que lo necesite puntualmente, aunque no podr\u00e1 suministrar medicamentos sin <strong>la autorizaci\u00f3n familiar y la prescripci\u00f3n m\u00e9dica<\/strong> correspondiente. Las familias interesadas en que se custodie determinada medicina para que, en caso de necesidad, se suministre al alumno o alumna, deber\u00e1n aportar dicha<strong> medicina (con nombre y apellidos en la caja)<\/strong> junto con los documentos mencionados.<\/span><\/p>\n\n\n\n<p class=\"has-text-align-left has-black-color has-text-color has-link-color wp-elements-4bc9aa474d385f13a817711b4b7ebf19\">Correo de contacto: enfermeria@ieslasencinas.es<\/p>\n\n\n\n<p><\/p>\n","protected":false},"excerpt":{"rendered":"<p>El centro cuenta con servicio de enfermer\u00eda de lunes a viernes en horario de 8&#8217;30 h. a 15&#8217;30 h. Nuestra enfermera diplomada, Alejandra L\u00f3pez, atiende al alumnado que lo necesite &#8230;<\/p>\n","protected":false},"author":3,"featured_media":0,"parent":0,"menu_order":0,"comment_status":"closed","ping_status":"closed","template":"","meta":{"footnotes":""},"folder":[],"class_list":["post-2693","page","type-page","status-publish","hentry"],"rttpg_featured_image_url":null,"rttpg_author":{"display_name":"ies.lasencinas.villanuevadelacanada","author_link":"https:\/\/site.educa.madrid.org\/ies.lasencinas.villanuevadelacanada\/index.php\/author\/cuenta_ies-lasencinas-villanuevadelacanada\/"},"rttpg_comment":0,"rttpg_category":false,"rttpg_excerpt":"El centro cuenta con servicio de enfermer\u00eda de lunes a viernes en horario de 8&#8217;30 h. a 15&#8217;30 h. Nuestra enfermera diplomada, Alejandra L\u00f3pez, atiende al alumnado que lo necesite ...","post_mailing_queue_ids":[],"_links":{"self":[{"href":"https:\/\/site.educa.madrid.org\/ies.lasencinas.villanuevadelacanada\/index.php\/wp-json\/wp\/v2\/pages\/2693","targetHints":{"allow":["GET"]}}],"collection":[{"href":"https:\/\/site.educa.madrid.org\/ies.lasencinas.villanuevadelacanada\/index.php\/wp-json\/wp\/v2\/pages"}],"about":[{"href":"https:\/\/site.educa.madrid.org\/ies.lasencinas.villanuevadelacanada\/index.php\/wp-json\/wp\/v2\/types\/page"}],"author":[{"embeddable":true,"href":"https:\/\/site.educa.madrid.org\/ies.lasencinas.villanuevadelacanada\/index.php\/wp-json\/wp\/v2\/users\/3"}],"replies":[{"embeddable":true,"href":"https:\/\/site.educa.madrid.org\/ies.lasencinas.villanuevadelacanada\/index.php\/wp-json\/wp\/v2\/comments?post=2693"}],"version-history":[{"count":9,"href":"https:\/\/site.educa.madrid.org\/ies.lasencinas.villanuevadelacanada\/index.php\/wp-json\/wp\/v2\/pages\/2693\/revisions"}],"predecessor-version":[{"id":4034,"href":"https:\/\/site.educa.madrid.org\/ies.lasencinas.villanuevadelacanada\/index.php\/wp-json\/wp\/v2\/pages\/2693\/revisions\/4034"}],"wp:attachment":[{"href":"https:\/\/site.educa.madrid.org\/ies.lasencinas.villanuevadelacanada\/index.php\/wp-json\/wp\/v2\/media?parent=2693"}],"wp:term":[{"taxonomy":"folder","embeddable":true,"href":"https:\/\/site.educa.madrid.org\/ies.lasencinas.villanuevadelacanada\/index.php\/wp-json\/wp\/v2\/folder?post=2693"}],"curies":[{"name":"wp","href":"https:\/\/api.w.org\/{rel}","templated":true}]}}