{"id":3026,"date":"2024-07-06T20:34:05","date_gmt":"2024-07-06T18:34:05","guid":{"rendered":"https:\/\/site.educa.madrid.org\/ies.lasencinas.villanuevadelacanada\/?page_id=3026"},"modified":"2024-07-06T20:34:20","modified_gmt":"2024-07-06T18:34:20","slug":"olas-de-calor","status":"publish","type":"page","link":"https:\/\/site.educa.madrid.org\/ies.lasencinas.villanuevadelacanada\/index.php\/olas-de-calor\/","title":{"rendered":"Olas de calor"},"content":{"rendered":"<div class=\"wp-block-image\">\n<figure class=\"alignleft\"><a href=\"https:\/\/drive.google.com\/file\/d\/1Ce1_gwQAbj8J9oM_QCUt-mzqeM8648XK\/view?usp=drive_link\"><img loading=\"lazy\" decoding=\"async\" width=\"212\" height=\"300\" src=\"https:\/\/site.educa.madrid.org\/ies.lasencinas.villanuevadelacanada\/\/wp-content\/uploads\/ies.lasencinas.villanuevadelacanada\/2024\/07\/cartel-proteccion_1-212x300.jpg\" alt=\"\" class=\"wp-image-3027\" srcset=\"https:\/\/site.educa.madrid.org\/ies.lasencinas.villanuevadelacanada\/\/wp-content\/uploads\/ies.lasencinas.villanuevadelacanada\/2024\/07\/cartel-proteccion_1-212x300.jpg 212w, https:\/\/site.educa.madrid.org\/ies.lasencinas.villanuevadelacanada\/\/wp-content\/uploads\/ies.lasencinas.villanuevadelacanada\/2024\/07\/cartel-proteccion_1-724x1024.jpg 724w, https:\/\/site.educa.madrid.org\/ies.lasencinas.villanuevadelacanada\/\/wp-content\/uploads\/ies.lasencinas.villanuevadelacanada\/2024\/07\/cartel-proteccion_1-768x1086.jpg 768w, https:\/\/site.educa.madrid.org\/ies.lasencinas.villanuevadelacanada\/\/wp-content\/uploads\/ies.lasencinas.villanuevadelacanada\/2024\/07\/cartel-proteccion_1-1087x1536.jpg 1087w, https:\/\/site.educa.madrid.org\/ies.lasencinas.villanuevadelacanada\/\/wp-content\/uploads\/ies.lasencinas.villanuevadelacanada\/2024\/07\/cartel-proteccion_1-1449x2048.jpg 1449w, https:\/\/site.educa.madrid.org\/ies.lasencinas.villanuevadelacanada\/\/wp-content\/uploads\/ies.lasencinas.villanuevadelacanada\/2024\/07\/cartel-proteccion_1.jpg 1654w\" sizes=\"auto, (max-width: 212px) 100vw, 212px\" \/><\/a><\/figure>\n<\/div>\n\n\n<p><span style=\"color: #000000;\">Ante el cambio clim\u00e1tico y las condiciones que, sobre todo cercano el fin de curso, soportamos los docentes y el alumnado en el centro escolar, tomamos medidas que, aunque l\u00f3gicas, conviene tener muy presentes a trav\u00e9s de la carteler\u00eda expuesta en los pasillos y, desde un punto de vista m\u00e1s institucional, mediante el documento que recoge la reflexi\u00f3n y las soluciones propuestas.<\/span><\/p>\n\n\n\n<p><span style=\"color: #000000;\">Aqu\u00ed se puede consultar el <a href=\"https:\/\/drive.google.com\/file\/d\/1NUgCF_l7zk8m4yosaPnl8Y-d0_u_0CaT\/view?usp=sharing\"><strong>Plan de Acci\u00f3n frente a Olas de Calor.<\/strong><\/a><\/span><\/p>\n\n\n\n<p><span style=\"color: #000000;\">Pincha en la imagen para ampliarla.<\/span><\/p>\n","protected":false},"excerpt":{"rendered":"<p>Ante el cambio clim\u00e1tico y las condiciones que, sobre todo cercano el fin de curso, soportamos los docentes y el alumnado en el centro escolar, tomamos medidas que, aunque l\u00f3gicas, &#8230;<\/p>\n","protected":false},"author":3,"featured_media":0,"parent":0,"menu_order":0,"comment_status":"closed","ping_status":"closed","template":"","meta":{"footnotes":""},"folder":[],"class_list":["post-3026","page","type-page","status-publish","hentry"],"rttpg_featured_image_url":null,"rttpg_author":{"display_name":"ies.lasencinas.villanuevadelacanada","author_link":"https:\/\/site.educa.madrid.org\/ies.lasencinas.villanuevadelacanada\/index.php\/author\/cuenta_ies-lasencinas-villanuevadelacanada\/"},"rttpg_comment":0,"rttpg_category":false,"rttpg_excerpt":"Ante el cambio clim\u00e1tico y las condiciones que, sobre todo cercano el fin de curso, soportamos los docentes y el alumnado en el centro escolar, tomamos medidas que, aunque l\u00f3gicas, ...","post_mailing_queue_ids":[],"_links":{"self":[{"href":"https:\/\/site.educa.madrid.org\/ies.lasencinas.villanuevadelacanada\/index.php\/wp-json\/wp\/v2\/pages\/3026","targetHints":{"allow":["GET"]}}],"collection":[{"href":"https:\/\/site.educa.madrid.org\/ies.lasencinas.villanuevadelacanada\/index.php\/wp-json\/wp\/v2\/pages"}],"about":[{"href":"https:\/\/site.educa.madrid.org\/ies.lasencinas.villanuevadelacanada\/index.php\/wp-json\/wp\/v2\/types\/page"}],"author":[{"embeddable":true,"href":"https:\/\/site.educa.madrid.org\/ies.lasencinas.villanuevadelacanada\/index.php\/wp-json\/wp\/v2\/users\/3"}],"replies":[{"embeddable":true,"href":"https:\/\/site.educa.madrid.org\/ies.lasencinas.villanuevadelacanada\/index.php\/wp-json\/wp\/v2\/comments?post=3026"}],"version-history":[{"count":2,"href":"https:\/\/site.educa.madrid.org\/ies.lasencinas.villanuevadelacanada\/index.php\/wp-json\/wp\/v2\/pages\/3026\/revisions"}],"predecessor-version":[{"id":3030,"href":"https:\/\/site.educa.madrid.org\/ies.lasencinas.villanuevadelacanada\/index.php\/wp-json\/wp\/v2\/pages\/3026\/revisions\/3030"}],"wp:attachment":[{"href":"https:\/\/site.educa.madrid.org\/ies.lasencinas.villanuevadelacanada\/index.php\/wp-json\/wp\/v2\/media?parent=3026"}],"wp:term":[{"taxonomy":"folder","embeddable":true,"href":"https:\/\/site.educa.madrid.org\/ies.lasencinas.villanuevadelacanada\/index.php\/wp-json\/wp\/v2\/folder?post=3026"}],"curies":[{"name":"wp","href":"https:\/\/api.w.org\/{rel}","templated":true}]}}