{"id":3616,"date":"2025-03-08T15:50:02","date_gmt":"2025-03-08T14:50:02","guid":{"rendered":"https:\/\/site.educa.madrid.org\/ies.lasencinas.villanuevadelacanada\/?page_id=3616"},"modified":"2025-03-08T15:50:26","modified_gmt":"2025-03-08T14:50:26","slug":"proceso-de-admision-matriculacion","status":"publish","type":"page","link":"https:\/\/site.educa.madrid.org\/ies.lasencinas.villanuevadelacanada\/index.php\/proceso-de-admision-matriculacion\/","title":{"rendered":"Proceso de admisi\u00f3n\/matriculaci\u00f3n"},"content":{"rendered":"\n<p><span style=\"color: #000000;\">Se remite a la pesta\u00f1a SECRETAR\u00cdA, en la p\u00e1gina de inicio de esta web, donde, en tres pesta\u00f1as diferentes, encontramos la informaci\u00f3n referente al proceso de admisi\u00f3n y a la matriculaci\u00f3n, cada curso, con la siguiente distribuci\u00f3n (pueden acceder tambi\u00e9n pinchando en los enlaces):<\/span><\/p>\n\n\n\n<p><strong><span style=\"color: #000000;\">. <a href=\"https:\/\/site.educa.madrid.org\/ies.lasencinas.villanuevadelacanada\/index.php\/secretaria\/admision-23-24\/\">Proceso de admisi\u00f3n ESO y Bachillerato<\/a><\/span><\/strong><\/p>\n\n\n\n<p><strong><span style=\"color: #000000;\">. <a href=\"https:\/\/site.educa.madrid.org\/ies.lasencinas.villanuevadelacanada\/index.php\/secretaria\/eso-bach-matriculacion\/\">Matriculaci\u00f3n ESO\/Bachillerato<\/a><\/span><\/strong><\/p>\n\n\n\n<p><strong><span style=\"color: #000000;\">. <a href=\"https:\/\/site.educa.madrid.org\/ies.lasencinas.villanuevadelacanada\/index.php\/secretaria\/fp-admision-matriculacion\/\">FP admisi\u00f3n y matriculaci\u00f3n<\/a><\/span><\/strong><\/p>\n\n\n\n<p><\/p>\n","protected":false},"excerpt":{"rendered":"<p>Se remite a la pesta\u00f1a SECRETAR\u00cdA, en la p\u00e1gina de inicio de esta web, donde, en tres pesta\u00f1as diferentes, encontramos la informaci\u00f3n referente al proceso de admisi\u00f3n y a la &#8230;<\/p>\n","protected":false},"author":3,"featured_media":0,"parent":0,"menu_order":0,"comment_status":"closed","ping_status":"closed","template":"","meta":{"footnotes":""},"folder":[],"class_list":["post-3616","page","type-page","status-publish","hentry"],"rttpg_featured_image_url":null,"rttpg_author":{"display_name":"ies.lasencinas.villanuevadelacanada","author_link":"https:\/\/site.educa.madrid.org\/ies.lasencinas.villanuevadelacanada\/index.php\/author\/cuenta_ies-lasencinas-villanuevadelacanada\/"},"rttpg_comment":0,"rttpg_category":false,"rttpg_excerpt":"Se remite a la pesta\u00f1a SECRETAR\u00cdA, en la p\u00e1gina de inicio de esta web, donde, en tres pesta\u00f1as diferentes, encontramos la informaci\u00f3n referente al proceso de admisi\u00f3n y a la ...","post_mailing_queue_ids":[],"_links":{"self":[{"href":"https:\/\/site.educa.madrid.org\/ies.lasencinas.villanuevadelacanada\/index.php\/wp-json\/wp\/v2\/pages\/3616","targetHints":{"allow":["GET"]}}],"collection":[{"href":"https:\/\/site.educa.madrid.org\/ies.lasencinas.villanuevadelacanada\/index.php\/wp-json\/wp\/v2\/pages"}],"about":[{"href":"https:\/\/site.educa.madrid.org\/ies.lasencinas.villanuevadelacanada\/index.php\/wp-json\/wp\/v2\/types\/page"}],"author":[{"embeddable":true,"href":"https:\/\/site.educa.madrid.org\/ies.lasencinas.villanuevadelacanada\/index.php\/wp-json\/wp\/v2\/users\/3"}],"replies":[{"embeddable":true,"href":"https:\/\/site.educa.madrid.org\/ies.lasencinas.villanuevadelacanada\/index.php\/wp-json\/wp\/v2\/comments?post=3616"}],"version-history":[{"count":3,"href":"https:\/\/site.educa.madrid.org\/ies.lasencinas.villanuevadelacanada\/index.php\/wp-json\/wp\/v2\/pages\/3616\/revisions"}],"predecessor-version":[{"id":3619,"href":"https:\/\/site.educa.madrid.org\/ies.lasencinas.villanuevadelacanada\/index.php\/wp-json\/wp\/v2\/pages\/3616\/revisions\/3619"}],"wp:attachment":[{"href":"https:\/\/site.educa.madrid.org\/ies.lasencinas.villanuevadelacanada\/index.php\/wp-json\/wp\/v2\/media?parent=3616"}],"wp:term":[{"taxonomy":"folder","embeddable":true,"href":"https:\/\/site.educa.madrid.org\/ies.lasencinas.villanuevadelacanada\/index.php\/wp-json\/wp\/v2\/folder?post=3616"}],"curies":[{"name":"wp","href":"https:\/\/api.w.org\/{rel}","templated":true}]}}