{"id":3651,"date":"2025-03-23T14:02:48","date_gmt":"2025-03-23T13:02:48","guid":{"rendered":"https:\/\/site.educa.madrid.org\/ies.lasencinas.villanuevadelacanada\/?page_id=3651"},"modified":"2025-06-28T21:12:54","modified_gmt":"2025-06-28T19:12:54","slug":"desafio-f1","status":"publish","type":"page","link":"https:\/\/site.educa.madrid.org\/ies.lasencinas.villanuevadelacanada\/index.php\/desafio-f1\/","title":{"rendered":"F\u00f3rmula 1 in Schools"},"content":{"rendered":"\n<figure class=\"wp-block-image size-large is-resized\"><img loading=\"lazy\" decoding=\"async\" width=\"1024\" height=\"169\" src=\"https:\/\/site.educa.madrid.org\/ies.lasencinas.villanuevadelacanada\/\/wp-content\/uploads\/ies.lasencinas.villanuevadelacanada\/2025\/03\/f1inschools-1024x169.png\" alt=\"\" class=\"wp-image-3654\" style=\"width:282px;height:auto\" srcset=\"https:\/\/site.educa.madrid.org\/ies.lasencinas.villanuevadelacanada\/\/wp-content\/uploads\/ies.lasencinas.villanuevadelacanada\/2025\/03\/f1inschools-1024x169.png 1024w, https:\/\/site.educa.madrid.org\/ies.lasencinas.villanuevadelacanada\/\/wp-content\/uploads\/ies.lasencinas.villanuevadelacanada\/2025\/03\/f1inschools-300x50.png 300w, https:\/\/site.educa.madrid.org\/ies.lasencinas.villanuevadelacanada\/\/wp-content\/uploads\/ies.lasencinas.villanuevadelacanada\/2025\/03\/f1inschools-768x127.png 768w, https:\/\/site.educa.madrid.org\/ies.lasencinas.villanuevadelacanada\/\/wp-content\/uploads\/ies.lasencinas.villanuevadelacanada\/2025\/03\/f1inschools.png 1108w\" sizes=\"auto, (max-width: 1024px) 100vw, 1024px\" \/><\/figure>\n\n\n\n<p><span style=\"color: #000000;\">La Comunidad de Madrid, en colaboraci\u00f3n con MADCUP, ofrece a los alumnos adquirir conocimientos de ciencias, tecnolog\u00eda, ingenier\u00eda y matem\u00e1ticas (STEM) a partir de la experiencia y de la toma de decisiones. <\/span><\/p>\n\n\n\n<p><span style=\"color: #000000;\">Para ello, se propone a los estudiantes que dise\u00f1en y construyan, en equipo, un coche de F\u00f3rmula 1 en miniatura impulsado por aire comprimido, para participar en el <em><strong>desaf\u00edo F1\u00ae in Schools<\/strong><\/em>&nbsp;que se celebra a nivel mundial.<\/span><\/p>\n\n\n\n<div class=\"wp-block-columns is-layout-flex wp-container-core-columns-is-layout-9d6595d7 wp-block-columns-is-layout-flex\">\n<div class=\"wp-block-column is-layout-flow wp-block-column-is-layout-flow\" style=\"flex-basis:33.33%\">\n<figure class=\"wp-block-image size-large is-resized\"><img loading=\"lazy\" decoding=\"async\" width=\"724\" height=\"1024\" src=\"https:\/\/site.educa.madrid.org\/ies.lasencinas.villanuevadelacanada\/\/wp-content\/uploads\/ies.lasencinas.villanuevadelacanada\/2025\/03\/POSTER-F1-SCHOOL-2_page-0001-1-724x1024.jpg\" alt=\"\" class=\"wp-image-3667\" style=\"width:196px;height:auto\" srcset=\"https:\/\/site.educa.madrid.org\/ies.lasencinas.villanuevadelacanada\/\/wp-content\/uploads\/ies.lasencinas.villanuevadelacanada\/2025\/03\/POSTER-F1-SCHOOL-2_page-0001-1-724x1024.jpg 724w, https:\/\/site.educa.madrid.org\/ies.lasencinas.villanuevadelacanada\/\/wp-content\/uploads\/ies.lasencinas.villanuevadelacanada\/2025\/03\/POSTER-F1-SCHOOL-2_page-0001-1-212x300.jpg 212w, https:\/\/site.educa.madrid.org\/ies.lasencinas.villanuevadelacanada\/\/wp-content\/uploads\/ies.lasencinas.villanuevadelacanada\/2025\/03\/POSTER-F1-SCHOOL-2_page-0001-1-768x1086.jpg 768w, https:\/\/site.educa.madrid.org\/ies.lasencinas.villanuevadelacanada\/\/wp-content\/uploads\/ies.lasencinas.villanuevadelacanada\/2025\/03\/POSTER-F1-SCHOOL-2_page-0001-1-1086x1536.jpg 1086w, https:\/\/site.educa.madrid.org\/ies.lasencinas.villanuevadelacanada\/\/wp-content\/uploads\/ies.lasencinas.villanuevadelacanada\/2025\/03\/POSTER-F1-SCHOOL-2_page-0001-1-1448x2048.jpg 1448w, https:\/\/site.educa.madrid.org\/ies.lasencinas.villanuevadelacanada\/\/wp-content\/uploads\/ies.lasencinas.villanuevadelacanada\/2025\/03\/POSTER-F1-SCHOOL-2_page-0001-1-scaled.jpg 1810w\" sizes=\"auto, (max-width: 724px) 100vw, 724px\" \/><\/figure>\n<\/div>\n\n\n\n<div class=\"wp-block-column is-layout-flow wp-block-column-is-layout-flow\" style=\"flex-basis:77%\">\n<p><span style=\"color: #000000;\">Gracias a M\u00aa Jos\u00e9 Gonz\u00e1lez (coordinadora de Rob\u00f3tica y profesora de Tecnolog\u00eda) y F\u00e1tima Mart\u00ednez-Alberca (profesora de F\u00edsica y Qu\u00edmica), los alumnos de 1\u00ba Bachillerato de Excelencia se han embarcado en esta aventura STEM, que nos va a mantener en vilo, muy atentos a sus progresos cient\u00edfico-tecnol\u00f3gicos, al tiempo que adquieren competencias en liderazgo, trabajo en equipo, gesti\u00f3n de proyectos y networking global<\/span>.<\/p>\n\n\n\n<p class=\"has-black-color has-text-color has-link-color wp-elements-f8de724fd2153e866770ecbdd9736db5\">\u00bfQuieres conocer a los dos equipos que representan a nuestro IES en esta competici\u00f3n? Echa un vistazo a su instagram:<a href=\"https:\/\/www.instagram.com\/chronos.motorsport\/\"><\/a><\/p>\n\n\n\n<p class=\"has-black-color has-text-color has-link-color wp-elements-c93f78c9209687cd06d4dfafc0f30374\"><strong>@<a href=\"https:\/\/www.instagram.com\/chronos.motorsport\/\">chronos.motorsport<\/a><\/strong><\/p>\n\n\n\n<p class=\"has-black-color has-text-color has-link-color wp-elements-d29d9040626d3504441038b931c7fc23\"><strong>@sirion_racing<\/strong><\/p>\n<\/div>\n<\/div>\n\n\n\n<p class=\"has-black-color has-text-color has-link-color wp-elements-d1c7307816fd1b1c115c2c97effa7855\">METODOLOG\u00cdA: <\/p>\n\n\n\n<p class=\"has-black-color has-text-color has-link-color wp-elements-75ffd5c914211cb08951b792f43299c5\">Se forman equipos de 3 a 6 estudiantes, para dise\u00f1ar, fabricar y competir con un coche de carreras F1 en miniatura, lo que permite aplicar lo aprendido en clase a situaciones reales con software utilizado por las grandes escuder\u00edas de la F1.&nbsp;Los diferentes miembros del equipo trabajan y colaboran para desarrollar elementos clave del proyecto, como portafolios de dise\u00f1o, ingenier\u00eda y marketing, y  finalmente defienden una presentaci\u00f3n ante un tribunal. Adem\u00e1s se competir\u00e1 contra otros equipos de carreras STEM, empezando por una competici\u00f3n regional, luego nacional e internacional.<\/p>\n\n\n\n<p class=\"has-black-color has-text-color has-link-color wp-elements-995b8d7fecf8810da77ed214806768cf\">VIDEO SOBRE F1 SCHOOL: <a href=\"https:\/\/www.youtube.com\/watch?v=eUz4z4Wzgvc\">https:\/\/www.youtube.com\/watch?v=eUz4z4Wzgvc<\/a><\/p>\n\n\n\n<p class=\"has-text-align-center has-black-color has-light-green-cyan-background-color has-text-color has-background has-link-color has-medium-font-size wp-elements-4d8fbca9161d8568f94277d357c7ad48\"><strong>\u00a1CAMPEONES DE ESPA\u00d1A!<\/strong><\/p>\n\n\n\n<p class=\"has-black-color has-text-color has-link-color wp-elements-29e69c6d44332f422654bf5a92a6944f\">Y lo consiguieron. La escuder\u00eda<strong> Chronos Motorsport<\/strong>, formada por Luis, Chidu, Noa, Nico, Jorge y David, se proclam\u00f3 Campeona de Espa\u00f1a en la final nacional celebrada el 19 de junio de 2025 en el recinto ferial IFEMA, dentro de la categor\u00eda \u00abdevelopment\u00bb.<\/p>\n\n\n\n<p class=\"has-black-color has-text-color has-link-color wp-elements-c429153130cec38196b01e6737be5cec\">Adem\u00e1s de quedar Subcampeones en el premio al coche m\u00e1s r\u00e1pido, la suma de puntos en las distintas secciones  (comunicaci\u00f3n y marketing, velocidad, portafolio, ingenier\u00eda, exposici\u00f3n oral del proyecto) los elev\u00f3 al primer puesto del premio principal. Aplaudidos por Pedro Mart\u00ednez de la Rosa, recibieron el trofeo de manos del director general de Biling\u00fcismo y Calidad de la Comunidad de Madrid, David Cervera.<\/p>\n\n\n<div class=\"wp-block-image\">\n<figure class=\"aligncenter size-full is-resized\"><img loading=\"lazy\" decoding=\"async\" width=\"480\" height=\"360\" src=\"https:\/\/site.educa.madrid.org\/ies.lasencinas.villanuevadelacanada\/\/wp-content\/uploads\/ies.lasencinas.villanuevadelacanada\/2025\/06\/509757105_1233728901566287_3497513474686526223_n.jpg\" alt=\"\" class=\"wp-image-3831\" style=\"width:278px;height:auto\" srcset=\"https:\/\/site.educa.madrid.org\/ies.lasencinas.villanuevadelacanada\/\/wp-content\/uploads\/ies.lasencinas.villanuevadelacanada\/2025\/06\/509757105_1233728901566287_3497513474686526223_n.jpg 480w, https:\/\/site.educa.madrid.org\/ies.lasencinas.villanuevadelacanada\/\/wp-content\/uploads\/ies.lasencinas.villanuevadelacanada\/2025\/06\/509757105_1233728901566287_3497513474686526223_n-300x225.jpg 300w\" sizes=\"auto, (max-width: 480px) 100vw, 480px\" \/><\/figure>\n<\/div>\n\n\n<p class=\"has-text-align-center has-black-color has-text-color has-link-color wp-elements-768b811e6f6372bc474b1d7303da2937\">Un broche de oro a un trabajo espectacular y muy estresante (tres meses) de los cinco alumnos, as\u00ed como de F\u00e1tima y M\u00aa Jos\u00e9, sus profesoras.<\/p>\n\n\n\n<p class=\"has-text-align-center has-black-color has-text-color has-link-color wp-elements-a3aba77fc5456adb642def1d2a7bcf91\">Os deseamos todos los \u00e9xitos en el futuro. \u00a1Enhorabuena!<\/p>\n\n\n\n<p><\/p>\n","protected":false},"excerpt":{"rendered":"<p>La Comunidad de Madrid, en colaboraci\u00f3n con MADCUP, ofrece a los alumnos adquirir conocimientos de ciencias, tecnolog\u00eda, ingenier\u00eda y matem\u00e1ticas (STEM) a partir de la experiencia y de la toma &#8230;<\/p>\n","protected":false},"author":3,"featured_media":0,"parent":0,"menu_order":0,"comment_status":"closed","ping_status":"closed","template":"","meta":{"footnotes":""},"folder":[],"class_list":["post-3651","page","type-page","status-publish","hentry"],"rttpg_featured_image_url":null,"rttpg_author":{"display_name":"ies.lasencinas.villanuevadelacanada","author_link":"https:\/\/site.educa.madrid.org\/ies.lasencinas.villanuevadelacanada\/index.php\/author\/cuenta_ies-lasencinas-villanuevadelacanada\/"},"rttpg_comment":0,"rttpg_category":false,"rttpg_excerpt":"La Comunidad de Madrid, en colaboraci\u00f3n con MADCUP, ofrece a los alumnos adquirir conocimientos de ciencias, tecnolog\u00eda, ingenier\u00eda y matem\u00e1ticas (STEM) a partir de la experiencia y de la toma ...","post_mailing_queue_ids":[],"_links":{"self":[{"href":"https:\/\/site.educa.madrid.org\/ies.lasencinas.villanuevadelacanada\/index.php\/wp-json\/wp\/v2\/pages\/3651","targetHints":{"allow":["GET"]}}],"collection":[{"href":"https:\/\/site.educa.madrid.org\/ies.lasencinas.villanuevadelacanada\/index.php\/wp-json\/wp\/v2\/pages"}],"about":[{"href":"https:\/\/site.educa.madrid.org\/ies.lasencinas.villanuevadelacanada\/index.php\/wp-json\/wp\/v2\/types\/page"}],"author":[{"embeddable":true,"href":"https:\/\/site.educa.madrid.org\/ies.lasencinas.villanuevadelacanada\/index.php\/wp-json\/wp\/v2\/users\/3"}],"replies":[{"embeddable":true,"href":"https:\/\/site.educa.madrid.org\/ies.lasencinas.villanuevadelacanada\/index.php\/wp-json\/wp\/v2\/comments?post=3651"}],"version-history":[{"count":8,"href":"https:\/\/site.educa.madrid.org\/ies.lasencinas.villanuevadelacanada\/index.php\/wp-json\/wp\/v2\/pages\/3651\/revisions"}],"predecessor-version":[{"id":3859,"href":"https:\/\/site.educa.madrid.org\/ies.lasencinas.villanuevadelacanada\/index.php\/wp-json\/wp\/v2\/pages\/3651\/revisions\/3859"}],"wp:attachment":[{"href":"https:\/\/site.educa.madrid.org\/ies.lasencinas.villanuevadelacanada\/index.php\/wp-json\/wp\/v2\/media?parent=3651"}],"wp:term":[{"taxonomy":"folder","embeddable":true,"href":"https:\/\/site.educa.madrid.org\/ies.lasencinas.villanuevadelacanada\/index.php\/wp-json\/wp\/v2\/folder?post=3651"}],"curies":[{"name":"wp","href":"https:\/\/api.w.org\/{rel}","templated":true}]}}