{"id":4198,"date":"2025-11-02T11:09:14","date_gmt":"2025-11-02T10:09:14","guid":{"rendered":"https:\/\/site.educa.madrid.org\/ies.lasencinas.villanuevadelacanada\/?page_id=4198"},"modified":"2026-04-28T19:06:53","modified_gmt":"2026-04-28T17:06:53","slug":"erasmus-fp","status":"publish","type":"page","link":"https:\/\/site.educa.madrid.org\/ies.lasencinas.villanuevadelacanada\/index.php\/erasmus-fp\/","title":{"rendered":"ERASMUS+ FP"},"content":{"rendered":"\n<p>&nbsp;<\/p>\n\n\n\n<p class=\"Textbody\"><\/p>\n\n\n\n<figure class=\"wp-block-image size-full\"><img loading=\"lazy\" decoding=\"async\" width=\"1019\" height=\"219\" src=\"https:\/\/site.educa.madrid.org\/ies.lasencinas.villanuevadelacanada\/\/wp-content\/uploads\/ies.lasencinas.villanuevadelacanada\/2025\/11\/image.png\" alt=\"\" class=\"wp-image-4206\" srcset=\"https:\/\/site.educa.madrid.org\/ies.lasencinas.villanuevadelacanada\/\/wp-content\/uploads\/ies.lasencinas.villanuevadelacanada\/2025\/11\/image.png 1019w, https:\/\/site.educa.madrid.org\/ies.lasencinas.villanuevadelacanada\/\/wp-content\/uploads\/ies.lasencinas.villanuevadelacanada\/2025\/11\/image-300x64.png 300w, https:\/\/site.educa.madrid.org\/ies.lasencinas.villanuevadelacanada\/\/wp-content\/uploads\/ies.lasencinas.villanuevadelacanada\/2025\/11\/image-768x165.png 768w\" sizes=\"auto, (max-width: 1019px) 100vw, 1019px\" \/><\/figure>\n\n\n\n<p class=\"Textbody\"><\/p>\n\n\n\n<p class=\"has-black-color has-text-color has-link-color wp-elements-78f2c1636ad0fd498aaf97044ad885ce\">El programa Erasmus +, para este curso 2025-26, est\u00e1 orientado a estudiantes que est\u00e9n realizando un ciclo formativo de <strong>Grado medio<\/strong> y que deseen participar en una movilidad Erasmus+ en alg\u00fan pa\u00eds perteneciente a la Uni\u00f3n Europea. En nuestro caso, vamos a iniciar esta aventura con un centro de <strong>Toulouse<\/strong>, Francia. Tanto nuestros alumnos seleccionados como los alumnos franceses viajar\u00e1n en el mes de junio.<\/p>\n\n\n\n<p class=\"has-black-color has-text-color has-link-color wp-elements-dc85002524d5a9ab70746ba2bc268d21\">Creemos que se trata de una excelente ocasi\u00f3n para complementar la formaci\u00f3n recibida en los centros educativos. Vivir una experiencia internacional no solo resulta enriquecedor a nivel personal, sino que tambi\u00e9n permite adquirir una perspectiva distinta sobre la futura profesi\u00f3n de nuestro alumnado.<\/p>\n\n\n\n<p class=\"has-black-color has-text-color has-link-color wp-elements-7a9016dd68ea0135e35277448735915d\">Quienes est\u00e9n interesados deber\u00e1n enviar el formulario de solicitud a la siguiente direcci\u00f3n de correo electr\u00f3nico: <strong>erasmus.ies.lasencinas.villanuevadelacanada@educa.madrid.org<\/strong>.<\/p>\n\n\n\n<p><strong><a href=\"https:\/\/drive.google.com\/file\/d\/1LWK3Kns_KXunfX7w8c3bspbWZ1ExMAjj\/view?usp=sharing\">Formulario de solicitud<\/a><\/strong><\/p>\n\n\n\n<p><strong><a href=\"https:\/\/drive.google.com\/drive\/folders\/1_KMVxvrdgqn0Zw_sdu4wCQMSphDBWK15?usp=sharing\">Criterios de baremaci\u00f3n de solicitudes<\/a><\/strong><\/p>\n\n\n\n<p class=\"has-light-green-cyan-background-color has-background\"><\/p>\n\n\n\n<div class=\"wp-block-columns is-layout-flex wp-container-core-columns-is-layout-9d6595d7 wp-block-columns-is-layout-flex\">\n<div class=\"wp-block-column is-layout-flow wp-block-column-is-layout-flow\" style=\"flex-basis:33.33%\">\n<figure class=\"wp-block-image size-full\"><img loading=\"lazy\" decoding=\"async\" width=\"390\" height=\"129\" src=\"https:\/\/site.educa.madrid.org\/ies.lasencinas.villanuevadelacanada\/\/wp-content\/uploads\/ies.lasencinas.villanuevadelacanada\/2026\/04\/cofinanciado_web-2.png\" alt=\"\" class=\"wp-image-4575\" srcset=\"https:\/\/site.educa.madrid.org\/ies.lasencinas.villanuevadelacanada\/\/wp-content\/uploads\/ies.lasencinas.villanuevadelacanada\/2026\/04\/cofinanciado_web-2.png 390w, https:\/\/site.educa.madrid.org\/ies.lasencinas.villanuevadelacanada\/\/wp-content\/uploads\/ies.lasencinas.villanuevadelacanada\/2026\/04\/cofinanciado_web-2-300x99.png 300w\" sizes=\"auto, (max-width: 390px) 100vw, 390px\" \/><\/figure>\n<\/div>\n\n\n\n<div class=\"wp-block-column is-layout-flow wp-block-column-is-layout-flow\" style=\"flex-basis:66.66%\">\n<figure class=\"wp-block-image size-large\"><img loading=\"lazy\" decoding=\"async\" width=\"1024\" height=\"576\" src=\"https:\/\/site.educa.madrid.org\/ies.lasencinas.villanuevadelacanada\/\/wp-content\/uploads\/ies.lasencinas.villanuevadelacanada\/2026\/04\/Modelo-Visibilidad-Calidad-2025_page-0001-1-1024x576.jpg\" alt=\"\" class=\"wp-image-4576\" srcset=\"https:\/\/site.educa.madrid.org\/ies.lasencinas.villanuevadelacanada\/\/wp-content\/uploads\/ies.lasencinas.villanuevadelacanada\/2026\/04\/Modelo-Visibilidad-Calidad-2025_page-0001-1-1024x576.jpg 1024w, https:\/\/site.educa.madrid.org\/ies.lasencinas.villanuevadelacanada\/\/wp-content\/uploads\/ies.lasencinas.villanuevadelacanada\/2026\/04\/Modelo-Visibilidad-Calidad-2025_page-0001-1-300x169.jpg 300w, https:\/\/site.educa.madrid.org\/ies.lasencinas.villanuevadelacanada\/\/wp-content\/uploads\/ies.lasencinas.villanuevadelacanada\/2026\/04\/Modelo-Visibilidad-Calidad-2025_page-0001-1-768x432.jpg 768w, https:\/\/site.educa.madrid.org\/ies.lasencinas.villanuevadelacanada\/\/wp-content\/uploads\/ies.lasencinas.villanuevadelacanada\/2026\/04\/Modelo-Visibilidad-Calidad-2025_page-0001-1-1536x864.jpg 1536w, https:\/\/site.educa.madrid.org\/ies.lasencinas.villanuevadelacanada\/\/wp-content\/uploads\/ies.lasencinas.villanuevadelacanada\/2026\/04\/Modelo-Visibilidad-Calidad-2025_page-0001-1.jpg 2000w\" sizes=\"auto, (max-width: 1024px) 100vw, 1024px\" \/><\/figure>\n<\/div>\n<\/div>\n","protected":false},"excerpt":{"rendered":"<p>&nbsp; El programa Erasmus +, para este curso 2025-26, est\u00e1 orientado a estudiantes que est\u00e9n realizando un ciclo formativo de Grado medio y que deseen participar en una movilidad Erasmus+ &#8230;<\/p>\n","protected":false},"author":3,"featured_media":0,"parent":0,"menu_order":0,"comment_status":"closed","ping_status":"closed","template":"","meta":{"footnotes":""},"folder":[],"class_list":["post-4198","page","type-page","status-publish","hentry"],"rttpg_featured_image_url":null,"rttpg_author":{"display_name":"ies.lasencinas.villanuevadelacanada","author_link":"https:\/\/site.educa.madrid.org\/ies.lasencinas.villanuevadelacanada\/index.php\/author\/cuenta_ies-lasencinas-villanuevadelacanada\/"},"rttpg_comment":0,"rttpg_category":false,"rttpg_excerpt":"&nbsp; El programa Erasmus +, para este curso 2025-26, est\u00e1 orientado a estudiantes que est\u00e9n realizando un ciclo formativo de Grado medio y que deseen participar en una movilidad Erasmus+ ...","post_mailing_queue_ids":[],"_links":{"self":[{"href":"https:\/\/site.educa.madrid.org\/ies.lasencinas.villanuevadelacanada\/index.php\/wp-json\/wp\/v2\/pages\/4198","targetHints":{"allow":["GET"]}}],"collection":[{"href":"https:\/\/site.educa.madrid.org\/ies.lasencinas.villanuevadelacanada\/index.php\/wp-json\/wp\/v2\/pages"}],"about":[{"href":"https:\/\/site.educa.madrid.org\/ies.lasencinas.villanuevadelacanada\/index.php\/wp-json\/wp\/v2\/types\/page"}],"author":[{"embeddable":true,"href":"https:\/\/site.educa.madrid.org\/ies.lasencinas.villanuevadelacanada\/index.php\/wp-json\/wp\/v2\/users\/3"}],"replies":[{"embeddable":true,"href":"https:\/\/site.educa.madrid.org\/ies.lasencinas.villanuevadelacanada\/index.php\/wp-json\/wp\/v2\/comments?post=4198"}],"version-history":[{"count":6,"href":"https:\/\/site.educa.madrid.org\/ies.lasencinas.villanuevadelacanada\/index.php\/wp-json\/wp\/v2\/pages\/4198\/revisions"}],"predecessor-version":[{"id":4578,"href":"https:\/\/site.educa.madrid.org\/ies.lasencinas.villanuevadelacanada\/index.php\/wp-json\/wp\/v2\/pages\/4198\/revisions\/4578"}],"wp:attachment":[{"href":"https:\/\/site.educa.madrid.org\/ies.lasencinas.villanuevadelacanada\/index.php\/wp-json\/wp\/v2\/media?parent=4198"}],"wp:term":[{"taxonomy":"folder","embeddable":true,"href":"https:\/\/site.educa.madrid.org\/ies.lasencinas.villanuevadelacanada\/index.php\/wp-json\/wp\/v2\/folder?post=4198"}],"curies":[{"name":"wp","href":"https:\/\/api.w.org\/{rel}","templated":true}]}}