{"id":4324,"date":"2026-01-09T19:38:31","date_gmt":"2026-01-09T18:38:31","guid":{"rendered":"https:\/\/site.educa.madrid.org\/ies.lasencinas.villanuevadelacanada\/?page_id=4324"},"modified":"2026-01-09T19:41:56","modified_gmt":"2026-01-09T18:41:56","slug":"aula-de-tecnologia-aplicada-ateca","status":"publish","type":"page","link":"https:\/\/site.educa.madrid.org\/ies.lasencinas.villanuevadelacanada\/index.php\/aula-de-tecnologia-aplicada-ateca\/","title":{"rendered":"Aula de Tecnolog\u00eda Aplicada (ATECA)"},"content":{"rendered":"\n<figure class=\"wp-block-image size-large\"><img loading=\"lazy\" decoding=\"async\" width=\"1024\" height=\"539\" src=\"https:\/\/site.educa.madrid.org\/ies.lasencinas.villanuevadelacanada\/\/wp-content\/uploads\/ies.lasencinas.villanuevadelacanada\/2026\/01\/Bombillas-1024x539.png\" alt=\"\" class=\"wp-image-4325\" srcset=\"https:\/\/site.educa.madrid.org\/ies.lasencinas.villanuevadelacanada\/\/wp-content\/uploads\/ies.lasencinas.villanuevadelacanada\/2026\/01\/Bombillas-1024x539.png 1024w, https:\/\/site.educa.madrid.org\/ies.lasencinas.villanuevadelacanada\/\/wp-content\/uploads\/ies.lasencinas.villanuevadelacanada\/2026\/01\/Bombillas-300x158.png 300w, https:\/\/site.educa.madrid.org\/ies.lasencinas.villanuevadelacanada\/\/wp-content\/uploads\/ies.lasencinas.villanuevadelacanada\/2026\/01\/Bombillas-768x404.png 768w, https:\/\/site.educa.madrid.org\/ies.lasencinas.villanuevadelacanada\/\/wp-content\/uploads\/ies.lasencinas.villanuevadelacanada\/2026\/01\/Bombillas-1536x808.png 1536w, https:\/\/site.educa.madrid.org\/ies.lasencinas.villanuevadelacanada\/\/wp-content\/uploads\/ies.lasencinas.villanuevadelacanada\/2026\/01\/Bombillas.png 1599w\" sizes=\"auto, (max-width: 1024px) 100vw, 1024px\" \/><\/figure>\n\n\n\n<p><span style=\"color: #000000;\">Inauguramos, este curso 2025-26, un Aula de Tecnolog\u00eda Aplicada o aula ATECA, en el marco del Plan para la Modernizaci\u00f3n de la Formaci\u00f3n Profesional, financiado por la Uni\u00f3n Europea mediante el Plan de Recuperaci\u00f3n, Transformaci\u00f3n y Resiliencia, ejecutado por el Ministerio de Educaci\u00f3n en colaboraci\u00f3n con las Comunidades Aut\u00f3nomas. <\/span><\/p>\n\n\n<div class=\"wp-block-image\">\n<figure class=\"alignleft is-resized\"><img loading=\"lazy\" decoding=\"async\" width=\"300\" height=\"208\" src=\"https:\/\/site.educa.madrid.org\/ies.lasencinas.villanuevadelacanada\/\/wp-content\/uploads\/ies.lasencinas.villanuevadelacanada\/2026\/01\/croma-aula-300x208.jpg\" alt=\"\" class=\"wp-image-4327\" style=\"width:398px;height:auto\" srcset=\"https:\/\/site.educa.madrid.org\/ies.lasencinas.villanuevadelacanada\/\/wp-content\/uploads\/ies.lasencinas.villanuevadelacanada\/2026\/01\/croma-aula-300x208.jpg 300w, https:\/\/site.educa.madrid.org\/ies.lasencinas.villanuevadelacanada\/\/wp-content\/uploads\/ies.lasencinas.villanuevadelacanada\/2026\/01\/croma-aula-768x532.jpg 768w, https:\/\/site.educa.madrid.org\/ies.lasencinas.villanuevadelacanada\/\/wp-content\/uploads\/ies.lasencinas.villanuevadelacanada\/2026\/01\/croma-aula.jpg 1018w\" sizes=\"auto, (max-width: 300px) 100vw, 300px\" \/><\/figure>\n<\/div>\n\n\n<p><\/p>\n\n\n\n<p><span style=\"color: #000000;\">Esta conversi\u00f3n de aulas en espacios modernos e innovadores pretende acercarse a entornos de trabajo determin<\/span><span style=\"color: #000000;\">ados, a trav\u00e9s de recursos de tecnolog\u00eda avanzada, como realidad virtual\/aumentada, impresoras 3D, cortadoras l\u00e1se<\/span><span style=\"color: #000000;\">r, kits de rob\u00f3tica y otros elementos en funci\u00f3n de las especialidades y familias profesionales.<\/span><\/p>\n\n\n<div class=\"wp-block-image\">\n<figure class=\"alignright size-large is-resized\"><img loading=\"lazy\" decoding=\"async\" width=\"636\" height=\"1024\" src=\"https:\/\/site.educa.madrid.org\/ies.lasencinas.villanuevadelacanada\/\/wp-content\/uploads\/ies.lasencinas.villanuevadelacanada\/2026\/01\/agora-desde-dentro-636x1024.jpg\" alt=\"\" class=\"wp-image-4326\" style=\"width:229px;height:auto\" srcset=\"https:\/\/site.educa.madrid.org\/ies.lasencinas.villanuevadelacanada\/\/wp-content\/uploads\/ies.lasencinas.villanuevadelacanada\/2026\/01\/agora-desde-dentro-636x1024.jpg 636w, https:\/\/site.educa.madrid.org\/ies.lasencinas.villanuevadelacanada\/\/wp-content\/uploads\/ies.lasencinas.villanuevadelacanada\/2026\/01\/agora-desde-dentro-186x300.jpg 186w, https:\/\/site.educa.madrid.org\/ies.lasencinas.villanuevadelacanada\/\/wp-content\/uploads\/ies.lasencinas.villanuevadelacanada\/2026\/01\/agora-desde-dentro-768x1236.jpg 768w, https:\/\/site.educa.madrid.org\/ies.lasencinas.villanuevadelacanada\/\/wp-content\/uploads\/ies.lasencinas.villanuevadelacanada\/2026\/01\/agora-desde-dentro-954x1536.jpg 954w, https:\/\/site.educa.madrid.org\/ies.lasencinas.villanuevadelacanada\/\/wp-content\/uploads\/ies.lasencinas.villanuevadelacanada\/2026\/01\/agora-desde-dentro.jpg 1097w\" sizes=\"auto, (max-width: 636px) 100vw, 636px\" \/><\/figure>\n<\/div>\n\n\n<p><\/p>\n\n\n\n<p><\/p>\n\n\n\n<p><\/p>\n\n\n\n<p><\/p>\n\n\n\n<p><\/p>\n\n\n\n<p><span style=\"color: #000000;\">El mobiliario adaptable permite gestionar zonas de trabajo flexibles para promover el trabajo colaborativo, como en el Aula de Emprendimiento o las llamadas Aulas del Futuro. Adem\u00e1s de contar, por tanto, con un espacio innovador para el desarrollo de la creatividad, estaremos fomentando en nuestro alumnado una serie de habilidades digitales y emprendedoras que los preparen para afrontar las demandas del mercado laboral.<\/span> <\/p>\n\n\n\n<p><\/p>\n\n\n\n<p><\/p>\n\n\n\n<p><\/p>\n\n\n\n<p><span style=\"color: #000000;\">Gracias a esta iniciativa dirigida m\u00e1s espec\u00edficamente al alumnado de Formaci\u00f3n Profesional, podr\u00e1 beneficiarse tambi\u00e9n &nbsp;el resto de alumnos de otras ense\u00f1anzas del centro, para el desarrollo de proyectos colaborativos como es el caso de la optativa de Proyecto en Investigaci\u00f3n Cient\u00edfica e Innovaci\u00f3n Tecnol\u00f3gica que se lleva a cabo en 4\u00ba ESO; la optativa de Proyecto en Comunicaci\u00f3n Audiovisual, tambi\u00e9n en 4\u00ba ESO; o para trabajar en cert\u00e1menes relacionados con la Rob\u00f3tica y proyectos STEM, como STEM Racing (antiguo F\u00f3rmula 1 for schools). <\/span><\/p>\n\n\n<div class=\"wp-block-image\">\n<figure class=\"aligncenter size-large is-resized\"><img loading=\"lazy\" decoding=\"async\" width=\"1024\" height=\"768\" src=\"https:\/\/site.educa.madrid.org\/ies.lasencinas.villanuevadelacanada\/\/wp-content\/uploads\/ies.lasencinas.villanuevadelacanada\/2026\/01\/Pasillo-1024x768.jpg\" alt=\"\" class=\"wp-image-4328\" style=\"aspect-ratio:1.7777777777777777;object-fit:cover;width:578px;height:auto\" srcset=\"https:\/\/site.educa.madrid.org\/ies.lasencinas.villanuevadelacanada\/\/wp-content\/uploads\/ies.lasencinas.villanuevadelacanada\/2026\/01\/Pasillo-1024x768.jpg 1024w, https:\/\/site.educa.madrid.org\/ies.lasencinas.villanuevadelacanada\/\/wp-content\/uploads\/ies.lasencinas.villanuevadelacanada\/2026\/01\/Pasillo-300x225.jpg 300w, https:\/\/site.educa.madrid.org\/ies.lasencinas.villanuevadelacanada\/\/wp-content\/uploads\/ies.lasencinas.villanuevadelacanada\/2026\/01\/Pasillo-768x576.jpg 768w, https:\/\/site.educa.madrid.org\/ies.lasencinas.villanuevadelacanada\/\/wp-content\/uploads\/ies.lasencinas.villanuevadelacanada\/2026\/01\/Pasillo-1536x1152.jpg 1536w, https:\/\/site.educa.madrid.org\/ies.lasencinas.villanuevadelacanada\/\/wp-content\/uploads\/ies.lasencinas.villanuevadelacanada\/2026\/01\/Pasillo.jpg 2048w\" sizes=\"auto, (max-width: 1024px) 100vw, 1024px\" \/><\/figure>\n<\/div>","protected":false},"excerpt":{"rendered":"<p>Inauguramos, este curso 2025-26, un Aula de Tecnolog\u00eda Aplicada o aula ATECA, en el marco del Plan para la Modernizaci\u00f3n de la Formaci\u00f3n Profesional, financiado por la Uni\u00f3n Europea mediante &#8230;<\/p>\n","protected":false},"author":3,"featured_media":0,"parent":0,"menu_order":0,"comment_status":"closed","ping_status":"closed","template":"","meta":{"footnotes":""},"folder":[],"class_list":["post-4324","page","type-page","status-publish","hentry"],"rttpg_featured_image_url":null,"rttpg_author":{"display_name":"ies.lasencinas.villanuevadelacanada","author_link":"https:\/\/site.educa.madrid.org\/ies.lasencinas.villanuevadelacanada\/index.php\/author\/cuenta_ies-lasencinas-villanuevadelacanada\/"},"rttpg_comment":0,"rttpg_category":false,"rttpg_excerpt":"Inauguramos, este curso 2025-26, un Aula de Tecnolog\u00eda Aplicada o aula ATECA, en el marco del Plan para la Modernizaci\u00f3n de la Formaci\u00f3n Profesional, financiado por la Uni\u00f3n Europea mediante ...","post_mailing_queue_ids":[],"_links":{"self":[{"href":"https:\/\/site.educa.madrid.org\/ies.lasencinas.villanuevadelacanada\/index.php\/wp-json\/wp\/v2\/pages\/4324","targetHints":{"allow":["GET"]}}],"collection":[{"href":"https:\/\/site.educa.madrid.org\/ies.lasencinas.villanuevadelacanada\/index.php\/wp-json\/wp\/v2\/pages"}],"about":[{"href":"https:\/\/site.educa.madrid.org\/ies.lasencinas.villanuevadelacanada\/index.php\/wp-json\/wp\/v2\/types\/page"}],"author":[{"embeddable":true,"href":"https:\/\/site.educa.madrid.org\/ies.lasencinas.villanuevadelacanada\/index.php\/wp-json\/wp\/v2\/users\/3"}],"replies":[{"embeddable":true,"href":"https:\/\/site.educa.madrid.org\/ies.lasencinas.villanuevadelacanada\/index.php\/wp-json\/wp\/v2\/comments?post=4324"}],"version-history":[{"count":10,"href":"https:\/\/site.educa.madrid.org\/ies.lasencinas.villanuevadelacanada\/index.php\/wp-json\/wp\/v2\/pages\/4324\/revisions"}],"predecessor-version":[{"id":4340,"href":"https:\/\/site.educa.madrid.org\/ies.lasencinas.villanuevadelacanada\/index.php\/wp-json\/wp\/v2\/pages\/4324\/revisions\/4340"}],"wp:attachment":[{"href":"https:\/\/site.educa.madrid.org\/ies.lasencinas.villanuevadelacanada\/index.php\/wp-json\/wp\/v2\/media?parent=4324"}],"wp:term":[{"taxonomy":"folder","embeddable":true,"href":"https:\/\/site.educa.madrid.org\/ies.lasencinas.villanuevadelacanada\/index.php\/wp-json\/wp\/v2\/folder?post=4324"}],"curies":[{"name":"wp","href":"https:\/\/api.w.org\/{rel}","templated":true}]}}