{"id":4391,"date":"2026-02-01T10:40:39","date_gmt":"2026-02-01T09:40:39","guid":{"rendered":"https:\/\/site.educa.madrid.org\/ies.lasencinas.villanuevadelacanada\/?page_id=4391"},"modified":"2026-02-01T10:54:23","modified_gmt":"2026-02-01T09:54:23","slug":"proyectos-stem","status":"publish","type":"page","link":"https:\/\/site.educa.madrid.org\/ies.lasencinas.villanuevadelacanada\/index.php\/proyectos-stem\/","title":{"rendered":"Proyectos STEM"},"content":{"rendered":"\n<p><span style=\"color: #000000;\">Conscientes de la importancia que tienen los \u00e1mbitos cient\u00edficos -ya sean los relacionados con la Biolog\u00eda, la F\u00edsica, la Qu\u00edmica o la Tecnolog\u00eda- y el trabajo en equipo en la sociedad actual, en el IES Las Encinas intentamos potenciar estas \u00e1reas del conocimiento, sum\u00e1ndoles el desarrollo de una comunicaci\u00f3n eficaz en nuestro alumnado, a trav\u00e9s de los llamados proyectos STEM.<\/span><\/p>\n\n\n\n<p><span style=\"color: #000000;\">Este acr\u00f3nimo formado a partir de los t\u00e9rminos en ingl\u00e9s Science<em class=\"eujQNb\" data-processed=\"true\">, Technology, Engineering, Mathematics,<\/em> supone una forma de aprender interdisciplinar que promueve sobre todo la resoluci\u00f3n de problemas a trav\u00e9s de proyectos aplicados a la vida, al combinar teor\u00eda y pr\u00e1ctica de manera evidente. <\/span><\/p>\n\n\n\n<p><span style=\"color: #000000;\">Nuestro proyecto STEM m\u00e1s arraigado en el tiempo es<em class=\"eujQNb\" data-processed=\"true\"> Space Academy,<\/em> en 4\u00ba ESO, y a \u00e9l se ha sumado en el curso anterior la participaci\u00f3n de 1\u00ba Bachillerato en el concurso <em>F\u00f3rmula 1 for schools<\/em> o <em>STEM Racin<\/em>g, y en la<em class=\"eujQNb\" data-processed=\"true\"> Feria de la Ciencia, <\/em>en la modalidad de concurso<em class=\"eujQNb\" data-processed=\"true\"> Investiga y Publica<\/em>.<span class=\"uJ19be notranslate\" data-wiz-uids=\"rkeiBd_d,rkeiBd_e\" data-processed=\"true\"><span class=\"vKEkVd\" data-animation-atomic=\"\" data-wiz-attrbind=\"class=rkeiBd_c\/TKHnVd\" data-processed=\"true\"> Ambos se perge\u00f1an, este curso, en las asignaturas optativas de Proyecto cient\u00edfico, en ingl\u00e9s y\/o en franc\u00e9s.<\/span><\/span><\/span><\/p>\n\n\n\n<p><span style=\"color: #000000;\">Para conocer m\u00e1s, pincha en los enlaces:<\/span><\/p>\n\n\n\n<p><span style=\"color: #000000;\"><strong><a href=\"https:\/\/site.educa.madrid.org\/ies.lasencinas.villanuevadelacanada\/index.php\/proyectos\/space-academy\/\" data-type=\"page\" data-id=\"1531\">SPACE ACADEMY<\/a><\/strong><\/span><\/p>\n\n\n\n<p class=\"has-black-color has-text-color has-link-color wp-elements-95b3dcccfdc38ffbb3d386ad2d42c533\"><strong><a href=\"https:\/\/site.educa.madrid.org\/ies.lasencinas.villanuevadelacanada\/index.php\/desafio-f1\/\" data-type=\"page\" data-id=\"3651\">STEM RACING\/ F\u00d3RMULA 1 FOR SCHOOLS<\/a><\/strong><\/p>\n\n\n\n<p><span style=\"color: #000000;\">FERIA DE LA CIENCIA: <strong>INVESTIGA Y PUBLICA<\/strong><\/span><\/p>\n\n\n\n<p><\/p>\n","protected":false},"excerpt":{"rendered":"<p>Conscientes de la importancia que tienen los \u00e1mbitos cient\u00edficos -ya sean los relacionados con la Biolog\u00eda, la F\u00edsica, la Qu\u00edmica o la Tecnolog\u00eda- y el trabajo en equipo en la &#8230;<\/p>\n","protected":false},"author":3,"featured_media":0,"parent":0,"menu_order":0,"comment_status":"closed","ping_status":"closed","template":"","meta":{"footnotes":""},"folder":[],"class_list":["post-4391","page","type-page","status-publish","hentry"],"rttpg_featured_image_url":null,"rttpg_author":{"display_name":"ies.lasencinas.villanuevadelacanada","author_link":"https:\/\/site.educa.madrid.org\/ies.lasencinas.villanuevadelacanada\/index.php\/author\/cuenta_ies-lasencinas-villanuevadelacanada\/"},"rttpg_comment":0,"rttpg_category":false,"rttpg_excerpt":"Conscientes de la importancia que tienen los \u00e1mbitos cient\u00edficos -ya sean los relacionados con la Biolog\u00eda, la F\u00edsica, la Qu\u00edmica o la Tecnolog\u00eda- y el trabajo en equipo en la ...","post_mailing_queue_ids":[],"_links":{"self":[{"href":"https:\/\/site.educa.madrid.org\/ies.lasencinas.villanuevadelacanada\/index.php\/wp-json\/wp\/v2\/pages\/4391","targetHints":{"allow":["GET"]}}],"collection":[{"href":"https:\/\/site.educa.madrid.org\/ies.lasencinas.villanuevadelacanada\/index.php\/wp-json\/wp\/v2\/pages"}],"about":[{"href":"https:\/\/site.educa.madrid.org\/ies.lasencinas.villanuevadelacanada\/index.php\/wp-json\/wp\/v2\/types\/page"}],"author":[{"embeddable":true,"href":"https:\/\/site.educa.madrid.org\/ies.lasencinas.villanuevadelacanada\/index.php\/wp-json\/wp\/v2\/users\/3"}],"replies":[{"embeddable":true,"href":"https:\/\/site.educa.madrid.org\/ies.lasencinas.villanuevadelacanada\/index.php\/wp-json\/wp\/v2\/comments?post=4391"}],"version-history":[{"count":3,"href":"https:\/\/site.educa.madrid.org\/ies.lasencinas.villanuevadelacanada\/index.php\/wp-json\/wp\/v2\/pages\/4391\/revisions"}],"predecessor-version":[{"id":4396,"href":"https:\/\/site.educa.madrid.org\/ies.lasencinas.villanuevadelacanada\/index.php\/wp-json\/wp\/v2\/pages\/4391\/revisions\/4396"}],"wp:attachment":[{"href":"https:\/\/site.educa.madrid.org\/ies.lasencinas.villanuevadelacanada\/index.php\/wp-json\/wp\/v2\/media?parent=4391"}],"wp:term":[{"taxonomy":"folder","embeddable":true,"href":"https:\/\/site.educa.madrid.org\/ies.lasencinas.villanuevadelacanada\/index.php\/wp-json\/wp\/v2\/folder?post=4391"}],"curies":[{"name":"wp","href":"https:\/\/api.w.org\/{rel}","templated":true}]}}