{"id":4402,"date":"2026-02-01T11:07:12","date_gmt":"2026-02-01T10:07:12","guid":{"rendered":"https:\/\/site.educa.madrid.org\/ies.lasencinas.villanuevadelacanada\/?page_id=4402"},"modified":"2026-02-01T11:18:01","modified_gmt":"2026-02-01T10:18:01","slug":"investiga-y-publica-2","status":"publish","type":"page","link":"https:\/\/site.educa.madrid.org\/ies.lasencinas.villanuevadelacanada\/index.php\/investiga-y-publica-2\/","title":{"rendered":"Investiga y Publica"},"content":{"rendered":"\n<p class=\"has-black-color has-light-green-cyan-background-color has-text-color has-background has-link-color has-medium-font-size wp-elements-44f6510aced089e6e7853d725cdae863\"><strong>CURSO 2025-26<\/strong><\/p>\n\n\n\n<p class=\"has-black-color has-text-color has-link-color wp-elements-bf260083715b90c1b74ec19fd31189d3\">Debido al gran \u00e9xito del curso pasado, y la gran acogida por parte del alumnado del centro, este a\u00f1o los alumnos de Ciencias de 4\u00baESO van a participar en el certamen\u00a0<strong>\u201cFeria Madrid es Ciencia\u201d Certamen Investiga y Publica<\/strong>. Con sus profesoras Nuria Barba y F\u00e1tima Marcos, llevan ya varios meses trabajando en un proyecto, mientras esperan con gran ilusi\u00f3n llegar a la fase final en el pr\u00f3ximo mes de marzo en IFEMA.<\/p>\n\n\n\n<p class=\"has-black-color has-text-color has-link-color wp-elements-44cfa453840d96b42959ae52560bd7d5\">Enlace a la p\u00e1gina oficial de la Feria de la Ciencia:<\/p>\n\n\n\n<p class=\"has-black-color has-text-color has-link-color wp-elements-499f30b7bf4f249c7acca42840559123\"><a href=\"https:\/\/www.madrimasd.org\/feriamadridesciencia\">https:\/\/www.madrimasd.org\/feriamadridesciencia<\/a><\/p>\n\n\n\n<p class=\"has-black-color has-text-color has-link-color wp-elements-af86715ec4afc2d25c69ed42c895791a\">Estos son algunos de los temas que nuestros alumnos han decido investigar:\u00a0<\/p>\n\n\n\n<p class=\"has-black-color has-text-color has-link-color wp-elements-69c2fc0ddbf95f8e898926dba6ef7acb\">\u00bfC\u00f3mo se aplican las matem\u00e1ticas en juegos de mesa, ajedrez, videojuegos?\u00a0<\/p>\n\n\n\n<p class=\"has-black-color has-text-color has-link-color wp-elements-c3a76b51c9f6b9ee6d247f91e764f543\">\u00bfC\u00f3mo ayudan las matem\u00e1ticas a resolver problemas medioambientales?<\/p>\n\n\n\n<p class=\"has-black-color has-text-color has-link-color wp-elements-3cf63cb0248c9633f7b623685306b738\">Las bebidas energ\u00e9ticas y el cerebro<\/p>\n\n\n\n<p class=\"has-black-color has-text-color has-link-color wp-elements-1b15d1d9758692d6e492daf4cd7bb329\">Uso de GPS y drones para el pastoreo moderno<\/p>\n\n\n\n<p class=\"has-black-color has-text-color has-link-color wp-elements-220cc3b5fc738f950fa3ceab29530503\">Micropl\u00e1sticos en el agua: \u00bfqu\u00e9 son y c\u00f3mo nos afectan? Posibles soluciones<\/p>\n\n\n\n<p class=\"has-black-color has-text-color has-link-color wp-elements-51bf2abb03b76872088f8142c363e667\">Terapia visuales<\/p>\n\n\n\n<p class=\"has-black-color has-text-color has-link-color wp-elements-e6bcb7f031f3bef3a5de591fc89ec43d\">\u00a1Y muchos m\u00e1s!<\/p>\n\n\n\n<div style=\"height:19px\" aria-hidden=\"true\" class=\"wp-block-spacer\"><\/div>\n\n\n\n<p class=\"has-black-color has-light-green-cyan-background-color has-text-color has-background has-link-color has-medium-font-size wp-elements-bb4624ceb9e64e773c7bbca50211b099\"><strong>CURSO 2024-25<\/strong><\/p>\n\n\n\n<p class=\"has-black-color has-text-color has-link-color wp-elements-c571b980b7cec2d9c763e29775000195\">David Chidu, Claudia Garrido, Noa Mateos y Nicol\u00e1s Marcos, de 1\u00baBachillerato de Excelencia, han sido uno de los 6 grupos seleccionados en la Comunidad de Madrid, para pasar a la fase final del Certamen \u00abInvestiga y Publica\u00bb en la categor\u00eda de Bachillerato y ciclos formativos de Grado Medio, que se celebra en Ifema los d\u00edas del<strong>&nbsp;27 al 29 de marzo<\/strong>&nbsp;en la&nbsp; \u00abFeria Madrid es Ciencia\u00bb. <\/p>\n\n\n\n<p class=\"has-black-color has-text-color has-link-color wp-elements-9f64e5d27d6cfd62d658e704e88e3589\">Han sido mentorizados por las profesoras M\u00aa Jos\u00e9 Gonz\u00e1lez (departamento de Tecnolog\u00eda) y F\u00e1tima Marcos (departamento de F\u00edsica y Qu\u00edmica).<\/p>\n\n\n\n<p class=\"has-black-color has-text-color has-link-color wp-elements-909126bd33dd85735d604362c9cd35e9\">Defender\u00e1n el proyecto&nbsp;<strong>\u201cEl secreto del viento: la ciencia oculta del aler\u00f3n delantero\u00bb&nbsp;<\/strong>el s\u00e1bado 29 de marzo, en el auditorio \u00c1gora, ante un tribunal y el p\u00fablico asistente.<\/p>\n\n\n\n<p class=\"has-black-color has-text-color has-link-color wp-elements-0388528f022356bc3f9328ed1404b303\">En el siguiente enlace, el v\u00eddeo del<strong><a href=\"https:\/\/drive.google.com\/file\/d\/1iXCGtHUHo8xj1_ecGbw-wCvVxNIojCLv\/view?usp=sharing\">&nbsp;FUNCIONAMIENTO<\/a><\/strong>.<\/p>\n\n\n\n<p class=\"has-text-align-center has-black-color has-light-green-cyan-background-color has-text-color has-background has-link-color wp-elements-92277c4bd5fb0d48d6ee7f7c682e66ac\">\u00a1<strong>TERCER PREMIO EN LA FINAL DE LA XIV FERIA MADRID ES CIENCIA<\/strong>!<\/p>\n\n\n\n<p class=\"has-black-color has-text-color has-link-color wp-elements-136c8dae304556359d8c3b2c51adb4c0\">Tercer premio para nuestro equipo, en la final del certamen \u00abInvestiga y publica\u00bb de la XIV Feria Madrid es Ciencia.<\/p>\n\n\n\n<p class=\"has-black-color has-text-color has-link-color wp-elements-49240ec921ad0119f96054736238453d\">Noa, Claudia, David y Nicol\u00e1s han defendido su proyecto sobre el aler\u00f3n delantero de los coches de F\u00f3rmula 1, para lo cual han dise\u00f1ado y construido un t\u00fanel de viento.<\/p>\n\n\n\n<p class=\"has-black-color has-text-color has-link-color wp-elements-2b1fc7a827745f76d48c4d48e544ad1d\">Much\u00edsimas felicidades a los cuatro y, por supuesto, a sus profesoras F\u00e1tima y M\u00aa Jos\u00e9. Una experiencia inolvidable.<\/p>\n\n\n\n<p><\/p>\n","protected":false},"excerpt":{"rendered":"<p>CURSO 2025-26 Debido al gran \u00e9xito del curso pasado, y la gran acogida por parte del alumnado del centro, este a\u00f1o los alumnos de Ciencias de 4\u00baESO van a participar &#8230;<\/p>\n","protected":false},"author":3,"featured_media":0,"parent":0,"menu_order":0,"comment_status":"closed","ping_status":"closed","template":"","meta":{"footnotes":""},"folder":[],"class_list":["post-4402","page","type-page","status-publish","hentry"],"rttpg_featured_image_url":null,"rttpg_author":{"display_name":"ies.lasencinas.villanuevadelacanada","author_link":"https:\/\/site.educa.madrid.org\/ies.lasencinas.villanuevadelacanada\/index.php\/author\/cuenta_ies-lasencinas-villanuevadelacanada\/"},"rttpg_comment":0,"rttpg_category":false,"rttpg_excerpt":"CURSO 2025-26 Debido al gran \u00e9xito del curso pasado, y la gran acogida por parte del alumnado del centro, este a\u00f1o los alumnos de Ciencias de 4\u00baESO van a participar ...","post_mailing_queue_ids":[],"_links":{"self":[{"href":"https:\/\/site.educa.madrid.org\/ies.lasencinas.villanuevadelacanada\/index.php\/wp-json\/wp\/v2\/pages\/4402","targetHints":{"allow":["GET"]}}],"collection":[{"href":"https:\/\/site.educa.madrid.org\/ies.lasencinas.villanuevadelacanada\/index.php\/wp-json\/wp\/v2\/pages"}],"about":[{"href":"https:\/\/site.educa.madrid.org\/ies.lasencinas.villanuevadelacanada\/index.php\/wp-json\/wp\/v2\/types\/page"}],"author":[{"embeddable":true,"href":"https:\/\/site.educa.madrid.org\/ies.lasencinas.villanuevadelacanada\/index.php\/wp-json\/wp\/v2\/users\/3"}],"replies":[{"embeddable":true,"href":"https:\/\/site.educa.madrid.org\/ies.lasencinas.villanuevadelacanada\/index.php\/wp-json\/wp\/v2\/comments?post=4402"}],"version-history":[{"count":2,"href":"https:\/\/site.educa.madrid.org\/ies.lasencinas.villanuevadelacanada\/index.php\/wp-json\/wp\/v2\/pages\/4402\/revisions"}],"predecessor-version":[{"id":4406,"href":"https:\/\/site.educa.madrid.org\/ies.lasencinas.villanuevadelacanada\/index.php\/wp-json\/wp\/v2\/pages\/4402\/revisions\/4406"}],"wp:attachment":[{"href":"https:\/\/site.educa.madrid.org\/ies.lasencinas.villanuevadelacanada\/index.php\/wp-json\/wp\/v2\/media?parent=4402"}],"wp:term":[{"taxonomy":"folder","embeddable":true,"href":"https:\/\/site.educa.madrid.org\/ies.lasencinas.villanuevadelacanada\/index.php\/wp-json\/wp\/v2\/folder?post=4402"}],"curies":[{"name":"wp","href":"https:\/\/api.w.org\/{rel}","templated":true}]}}