{"id":648,"date":"2022-09-19T16:07:31","date_gmt":"2022-09-19T14:07:31","guid":{"rendered":"https:\/\/site.educa.madrid.org\/ies.lasencinas.villanuevadelacanada\/?page_id=648"},"modified":"2025-07-17T11:46:10","modified_gmt":"2025-07-17T09:46:10","slug":"ensenanzas","status":"publish","type":"page","link":"https:\/\/site.educa.madrid.org\/ies.lasencinas.villanuevadelacanada\/index.php\/ensenanzas\/","title":{"rendered":"Oferta formativa y horarios"},"content":{"rendered":"\n<div class=\"wp-block-columns is-layout-flex wp-container-core-columns-is-layout-9d6595d7 wp-block-columns-is-layout-flex\">\n<div class=\"wp-block-column is-layout-flow wp-block-column-is-layout-flow\">\n<div class=\"wp-block-buttons is-content-justification-center is-layout-flex wp-container-core-buttons-is-layout-16018d1d wp-block-buttons-is-layout-flex\">\n<div class=\"wp-block-button has-custom-width wp-block-button__width-100 has-custom-font-size is-style-outline has-small-font-size is-style-outline--1\"><a class=\"wp-block-button__link has-black-color has-text-color has-link-color wp-element-button\" href=\"https:\/\/site.educa.madrid.org\/ies.lasencinas.villanuevadelacanada\/index.php\/ensenanzas\/eso\/\">ESO<\/a><\/div>\n\n\n\n<div class=\"wp-block-button has-custom-width wp-block-button__width-100 has-custom-font-size is-style-outline has-small-font-size is-style-outline--2\"><a class=\"wp-block-button__link has-black-color has-text-color has-link-color wp-element-button\" href=\"https:\/\/site.educa.madrid.org\/ies.lasencinas.villanuevadelacanada\/index.php\/ensenanzas\/fp\/\">FP B\u00c1SICA: INFORM\u00c1TICA DE OFICINA<\/a><\/div>\n\n\n\n<div class=\"wp-block-button has-custom-width wp-block-button__width-100 has-custom-font-size is-style-outline has-small-font-size is-style-outline--3\"><a class=\"wp-block-button__link has-black-color has-text-color has-link-color wp-element-button\" href=\"https:\/\/drive.google.com\/file\/d\/1kuTKo-4eorD0w90mMcyABtbsRLv8j_BE\/view\">FP GRADO SUPERIOR: T\u00c9CNICO SUPERIOR EN DESARROLLO DE APLICACIONES MULTIPLATAFORMA<\/a><\/div>\n<\/div>\n<\/div>\n\n\n\n<div class=\"wp-block-column is-layout-flow wp-block-column-is-layout-flow\">\n<div class=\"wp-block-buttons is-content-justification-center is-layout-flex wp-container-core-buttons-is-layout-16018d1d wp-block-buttons-is-layout-flex\">\n<div class=\"wp-block-button has-custom-width wp-block-button__width-100 has-custom-font-size is-style-outline has-small-font-size is-style-outline--4\"><a class=\"wp-block-button__link has-black-color has-text-color has-link-color wp-element-button\" href=\"https:\/\/site.educa.madrid.org\/ies.lasencinas.villanuevadelacanada\/index.php\/ensenanzas\/bachillerato\/\">BACHILLERATO<\/a><\/div>\n\n\n\n<div class=\"wp-block-button has-custom-width wp-block-button__width-100 has-custom-font-size is-style-outline has-small-font-size is-style-outline--5\"><a class=\"wp-block-button__link has-black-color has-text-color has-link-color wp-element-button\" href=\"https:\/\/site.educa.madrid.org\/ies.lasencinas.villanuevadelacanada\/index.php\/ensenanzas\/fp\/\">FP GRADO MEDIO: T\u00c9CNICO EN SISTEMAS MICROINFORM\u00c1TICOS Y REDES<\/a><\/div>\n\n\n\n<div class=\"wp-block-button has-custom-width wp-block-button__width-100 has-custom-font-size is-style-outline has-small-font-size is-style-outline--6\"><a class=\"wp-block-button__link has-black-color has-text-color has-link-color wp-element-button\" href=\"https:\/\/drive.google.com\/file\/d\/1jwp33eKzLuOgoNb1DH_QaWfT_F-Hm7Y_\/view\">FP GRADO SUPERIOR: T\u00c9CNICO SUPERIOR EN ADIMISTRACI\u00d3N DE SISTEMAS INFORM\u00c1TICOS EN RED<\/a><\/div>\n<\/div>\n<\/div>\n<\/div>\n\n\n\n<p class=\"has-text-align-center has-black-color has-text-color has-link-color wp-elements-7dfee07831015e95b2c855f126bae1d9\"><strong>HORARIOS POR SECCIONES Y RUTAS<\/strong><\/p>\n\n\n\n<figure class=\"wp-block-table\"><table class=\"has-black-color has-text-color has-link-color has-fixed-layout\"><tbody><tr><td>LUNES<\/td><td>Todos los grupos y niveles terminan a las 15:25&nbsp;<\/td><td>Ruta a las 15:25<\/td><\/tr><tr><td>MARTES<\/td><td>Todos los grupos y niveles terminan a las 15:25&nbsp;<\/td><td>Ruta a las 15:25<\/td><\/tr><tr><td>MI\u00c9RCOLES<\/td><td>Todos los grupos de la ESO y 1\u00ba de bachillerato terminan a las 14:20 salvo la secci\u00f3n francesa que termina a las 15:20 junto a 2\u00ba de bachillerato<\/td><td>Rutas a las 14:20 y las 15:25<\/td><\/tr><tr><td>JUEVES<\/td><td>Todos los grupos de la ESO y 1\u00ba de bachillerato terminan a las 14:20 salvo la secci\u00f3n francesa que termina a las 15:20 junto a 2\u00ba de bachillerato con franc\u00e9s<\/td><td>Rutas a las 14:20 y las 15:25<\/td><\/tr><tr><td>VIERNES<\/td><td>Todos los grupos y niveles terminan a las 14:20 salvo 1\u00ba, 2\u00ba y 3\u00ba de ESO de secci\u00f3n francesa que terminan a las 15:20<\/td><td>Rutas a las 14:20 y las 15:25<\/td><\/tr><\/tbody><\/table><\/figure>\n\n\n\n<p class=\"has-text-align-center has-black-color has-text-color has-link-color wp-elements-6b4385b520c9667d756f97c04cf828ea\"><strong>HORARIO DEL CENTRO<\/strong><\/p>\n\n\n\n<figure class=\"wp-block-table\"><table class=\"has-black-color has-text-color has-link-color has-fixed-layout\"><tbody><tr><td><strong>8:00<\/strong><\/td><td>Apertura del centro<\/td><\/tr><tr><td><strong>8:20<\/strong><\/td><td>Acceso a las aulas<\/td><\/tr><tr><td><strong>8:30&nbsp;<\/strong><\/td><td>Inicio de las clases y cierre de puertas<\/td><\/tr><tr><td><strong>9:25<\/strong><\/td><td>2\u00ba Hora<\/td><\/tr><tr><td><strong>10:15<\/strong><\/td><td>3\u00aa Hora \/ Recreo FP<\/td><\/tr><tr><td><strong>10:30<\/strong><\/td><td>3\u00ba Hora alumnado FP<\/td><\/tr><tr><td><strong>11:10<\/strong><\/td><td>Recreo ESO y Bachillerato<\/td><\/tr><tr><td><strong>11:25<\/strong><\/td><td>4\u00aa Hora alumnado de FP<\/td><\/tr><tr><td><strong>11:35<\/strong><\/td><td>4\u00ba Hora<\/td><\/tr><tr><td><strong>12:20<\/strong><\/td><td>2 \u00ba Recreo FP<\/td><\/tr><tr><td><strong>12:30<\/strong><\/td><td>5\u00aa Hora<\/td><\/tr><tr><td><strong>13:25<\/strong><\/td><td>6\u00aa Hora<\/td><\/tr><tr><td><strong>14:20<\/strong><\/td><td>Fin de jornada FP&nbsp;<\/td><\/tr><tr><td><strong>14:20<\/strong><\/td><td>2\u00ba Recreo ESO y Bachillerato<\/td><\/tr><tr><td><strong>15:25<\/strong><\/td><td>Fin de jornada ESO y Bachillerato<\/td><\/tr><\/tbody><\/table><\/figure>\n","protected":false},"excerpt":{"rendered":"<p>HORARIOS POR SECCIONES Y RUTAS LUNES Todos los grupos y niveles terminan a las 15:25&nbsp; Ruta a las 15:25 MARTES Todos los grupos y niveles terminan a las 15:25&nbsp; Ruta &#8230;<\/p>\n","protected":false},"author":3,"featured_media":0,"parent":0,"menu_order":0,"comment_status":"closed","ping_status":"closed","template":"","meta":{"footnotes":""},"folder":[],"class_list":["post-648","page","type-page","status-publish","hentry"],"rttpg_featured_image_url":null,"rttpg_author":{"display_name":"ies.lasencinas.villanuevadelacanada","author_link":"https:\/\/site.educa.madrid.org\/ies.lasencinas.villanuevadelacanada\/index.php\/author\/cuenta_ies-lasencinas-villanuevadelacanada\/"},"rttpg_comment":0,"rttpg_category":false,"rttpg_excerpt":"HORARIOS POR SECCIONES Y RUTAS LUNES Todos los grupos y niveles terminan a las 15:25&nbsp; Ruta a las 15:25 MARTES Todos los grupos y niveles terminan a las 15:25&nbsp; Ruta ...","post_mailing_queue_ids":[],"_links":{"self":[{"href":"https:\/\/site.educa.madrid.org\/ies.lasencinas.villanuevadelacanada\/index.php\/wp-json\/wp\/v2\/pages\/648","targetHints":{"allow":["GET"]}}],"collection":[{"href":"https:\/\/site.educa.madrid.org\/ies.lasencinas.villanuevadelacanada\/index.php\/wp-json\/wp\/v2\/pages"}],"about":[{"href":"https:\/\/site.educa.madrid.org\/ies.lasencinas.villanuevadelacanada\/index.php\/wp-json\/wp\/v2\/types\/page"}],"author":[{"embeddable":true,"href":"https:\/\/site.educa.madrid.org\/ies.lasencinas.villanuevadelacanada\/index.php\/wp-json\/wp\/v2\/users\/3"}],"replies":[{"embeddable":true,"href":"https:\/\/site.educa.madrid.org\/ies.lasencinas.villanuevadelacanada\/index.php\/wp-json\/wp\/v2\/comments?post=648"}],"version-history":[{"count":9,"href":"https:\/\/site.educa.madrid.org\/ies.lasencinas.villanuevadelacanada\/index.php\/wp-json\/wp\/v2\/pages\/648\/revisions"}],"predecessor-version":[{"id":3897,"href":"https:\/\/site.educa.madrid.org\/ies.lasencinas.villanuevadelacanada\/index.php\/wp-json\/wp\/v2\/pages\/648\/revisions\/3897"}],"wp:attachment":[{"href":"https:\/\/site.educa.madrid.org\/ies.lasencinas.villanuevadelacanada\/index.php\/wp-json\/wp\/v2\/media?parent=648"}],"wp:term":[{"taxonomy":"folder","embeddable":true,"href":"https:\/\/site.educa.madrid.org\/ies.lasencinas.villanuevadelacanada\/index.php\/wp-json\/wp\/v2\/folder?post=648"}],"curies":[{"name":"wp","href":"https:\/\/api.w.org\/{rel}","templated":true}]}}