{"id":663,"date":"2022-09-19T16:06:57","date_gmt":"2022-09-19T14:06:57","guid":{"rendered":"https:\/\/site.educa.madrid.org\/ies.lasencinas.villanuevadelacanada\/?page_id=663"},"modified":"2026-04-10T20:02:07","modified_gmt":"2026-04-10T18:02:07","slug":"orientacion-2","status":"publish","type":"page","link":"https:\/\/site.educa.madrid.org\/ies.lasencinas.villanuevadelacanada\/index.php\/orientacion-2\/","title":{"rendered":"Orientaci\u00f3n"},"content":{"rendered":"\n<div class=\"wp-block-columns is-layout-flex wp-container-core-columns-is-layout-9d6595d7 wp-block-columns-is-layout-flex\">\n<div class=\"wp-block-column has-black-color has-text-color is-layout-flow wp-block-column-is-layout-flow\"><div class=\"wp-block-image\">\n<figure class=\"alignright size-full is-resized\"><img loading=\"lazy\" decoding=\"async\" width=\"1024\" height=\"498\" src=\"https:\/\/site.educa.madrid.org\/ies.lasencinas.villanuevadelacanada\/\/wp-content\/uploads\/ies.lasencinas.villanuevadelacanada\/2022\/09\/orientacion.webp\" alt=\"\" class=\"wp-image-1377\" style=\"width:345px;height:168px\" srcset=\"https:\/\/site.educa.madrid.org\/ies.lasencinas.villanuevadelacanada\/\/wp-content\/uploads\/ies.lasencinas.villanuevadelacanada\/2022\/09\/orientacion.webp 1024w, https:\/\/site.educa.madrid.org\/ies.lasencinas.villanuevadelacanada\/\/wp-content\/uploads\/ies.lasencinas.villanuevadelacanada\/2022\/09\/orientacion-300x146.webp 300w, https:\/\/site.educa.madrid.org\/ies.lasencinas.villanuevadelacanada\/\/wp-content\/uploads\/ies.lasencinas.villanuevadelacanada\/2022\/09\/orientacion-768x374.webp 768w\" sizes=\"auto, (max-width: 1024px) 100vw, 1024px\" \/><\/figure>\n<\/div>\n\n\n<p><strong>CORREO DEL DEPARTAMENTO: <\/strong>deporientacion.ies.lasencinas.villanuevadelacanada@educa.madrid.org<\/p>\n\n\n\n<p><strong>ORIENTADORAS:<\/strong><\/p>\n\n\n\n<p><strong>Mage Ventura: <\/strong>meventura@educa.madrid.org<\/p>\n\n\n\n<p>Encargada de la orientaci\u00f3n educativa en las ense\u00f1anzas de Bachillerato y FP. Jefa del departamento.<\/p>\n\n\n\n<p>Horario de atenci\u00f3n presencial a familias: viernes a  las 10:20h.<\/p>\n\n\n\n<p class=\"has-black-color has-text-color has-link-color wp-elements-050a9fbbf69ab2962426178cb3d7d504\"><strong>Cristina Z\u00e1rate Kindelan:<\/strong> cristina.zarate@educa.madrid.org<\/p>\n\n\n\n<p>Encargada de la orientaci\u00f3n educativa en las ense\u00f1anzas de ESO.<\/p>\n\n\n\n<p>Horario de atenci\u00f3n presencial a familias: lunes a las 11:35h.<\/p>\n\n\n\n<p><strong>MAESTRA EN PEDAGOG\u00cdA TERAP\u00c9UTICA (PT):<\/strong><\/p>\n\n\n\n<p><strong>Mercedes Descalzo<\/strong>: mercedes.descalzo@educa.madrid.org<\/p>\n\n\n\n<p>Horario de atenci\u00f3n presencial a familias: martes a las 10:20h.<\/p>\n\n\n\n<p><strong>ATENCI\u00d3N PSICOL\u00d3GICA<\/strong>:<\/p>\n\n\n\n<p><em><strong>Programa de gesti\u00f3n de las emociones y mejora de la convivencia.<\/strong><\/em><\/p>\n\n\n\n<p><strong>Programa financiado por el Ayuntamiento de Villanueva de la Ca\u00f1ada.<\/strong><\/p>\n\n\n\n<ul class=\"wp-block-list\">\n<li>Previa derivaci\u00f3n de Orientaci\u00f3n a trav\u00e9s de tutoras, tutores o familias a la psic\u00f3loga cl\u00ednica del programa.<\/li>\n\n\n\n<li>Intervenciones individuales (continuadas o puntuales y de acompa\u00f1amiento), intervenciones grupales (para la integraci\u00f3n, la gesti\u00f3n de las emociones, desarrollo de habilidades sociales, el manejo de la ansiedad y la mejora de la convivencia).<\/li>\n<\/ul>\n\n\n\n<div class=\"wp-block-columns is-layout-flex wp-container-core-columns-is-layout-9d6595d7 wp-block-columns-is-layout-flex\">\n<div class=\"wp-block-column is-layout-flow wp-block-column-is-layout-flow\"><\/div>\n\n\n\n<div class=\"wp-block-column is-layout-flow wp-block-column-is-layout-flow\"><\/div>\n<\/div>\n\n\n\n<p class=\"has-text-align-center has-black-color has-light-green-cyan-background-color has-text-color has-background has-medium-font-size\"><strong>PREVENCI\u00d3N DE ADICCIONES TECNOL\u00d3GICAS Y USO DE PANTALLAS<\/strong><\/p>\n\n\n\n<p>Os informamos de dos servicios que se ofrecen a las familias para prevenir u orientar e intervenir en el caso de que vuestros alumnos hijos\/familiares necesiten pautas relacionadas con el uso de las pantallas; estos servicios trabajan de manera coordinada desde las Consejer\u00edas de Sanidad, Pol\u00edticas Sociales y Educaci\u00f3n, y centros escolares:<\/p>\n\n\n\n<p class=\"has-black-color has-text-color\"><a rel=\"noreferrer noopener\" href=\"https:\/\/www.comunidad.madrid\/servicios\/servicios-sociales\/servicio-psicopedagogico-intervencion-especializada-adicciones-nuevas-tecnologias-adolescentes-familias\" target=\"_blank\">Servicio psicopedag\u00f3gico de intervenci\u00f3n especializada en adicciones a las nuevas tecnolog\u00edas a adolescentes y sus familias<\/a><\/p>\n\n\n\n<p>El servicio est\u00e1 dirigido a:<\/p>\n\n\n\n<ul class=\"wp-block-list\">\n<li><strong>Adolescentes&nbsp;<\/strong>que presenten conductas de uso inadecuado, abuso y\/o dependencia de las nuevas tecnolog\u00edas, y a sus familias.<\/li>\n\n\n\n<li><strong>Familias en general<\/strong>, interesadas en adquirir conocimientos y habilidades sobre conductas de uso, abuso y dependencia de las nuevas tecnolog\u00edas.<\/li>\n\n\n\n<li><strong>Profesionales&nbsp;<\/strong>que trabajan con ni\u00f1os, ni\u00f1as y adolescentes en la Comunidad de Madrid.&nbsp;<\/li>\n<\/ul>\n\n\n\n<p class=\"has-black-color has-text-color\">Adem\u00e1s pueden servir de ayuda estas dos gu\u00edas que el Consejo Escolar de la Comunidad de Madrid ha editado: las&nbsp;<strong>Gu\u00edas para alumnado, familias y docentes sobre una navegaci\u00f3n segura<\/strong>, tanto para prevenir como para resolver problemas. Estas gu\u00edas contienen protocolos, perfiles y actividades, con el objetivo de identificar problemas, prevenirlos e indicar c\u00f3mo actuar si el da\u00f1o ya est\u00e1 hecho.<\/p>\n\n\n\n<p><a rel=\"noreferrer noopener\" href=\"https:\/\/www.educa2.madrid.org\/web\/educamadrid\/principal\/files\/651e7e61-c86f-49dd-9daf-a173969aefb7\/guia-control-parental-videojuegos-familias.pdf?t=1706791472617\" target=\"_blank\">GU\u00cdA<\/a>: Control parental de video juegos.<\/p>\n\n\n\n<p class=\"has-black-color has-text-color\"><a rel=\"noreferrer noopener\" href=\"https:\/\/www.educa2.madrid.org\/web\/educamadrid\/principal\/files\/651e7e61-c86f-49dd-9daf-a173969aefb7\/uso_responsable_de_las_tecnologias_en_el_hogarsaat_-_c.m.pdf?t=1706791511805\" target=\"_blank\">PAUTAS<\/a>: Uso responsable de las tecnolog\u00edas en el hogar.<\/p>\n<\/div>\n<\/div>\n\n\n\n<p class=\"has-text-align-center has-black-color has-light-green-cyan-background-color has-text-color has-background has-link-color has-medium-font-size wp-elements-cc246243ce3f9be76580fcd4fa9fb0c5\"><strong>ORIENTACI\u00d3N ACAD\u00c9MICO-PROFESIONAL PARA FAMILIAS Y ALUMNADO DE 3\u00ba Y 4\u00ba ESO<\/strong><\/p>\n\n\n\n<p class=\"has-black-color has-text-color has-link-color wp-elements-00b9edcb9b13fc8d508d04a4b73552b3\">Enlace a la presentaci\u00f3n para alumnado y familias de 3\u00ba ESO, de cara al curso de 4\u00ba ESO: <strong><a href=\"https:\/\/docs.google.com\/presentation\/d\/1WvFXx3u2KbA8KdE26R1aCzwhxZTXT2wj\/edit?usp=drive_link&amp;ouid=113881279590845546793&amp;rtpof=true&amp;sd=true\">INFORMACI\u00d3N SOBRE 4\u00ba ESO<\/a><\/strong>.<\/p>\n\n\n\n<p class=\"has-black-color has-text-color has-link-color wp-elements-e168b592b8dcfa7c1fd9201f9472d697\">Enlace a la presentaci\u00f3n para alumnado y familias de 4\u00ba ESO, <strong><a href=\"https:\/\/docs.google.com\/presentation\/d\/175E0rVO7enz3WxBfVY2vyewfzjgDADUA\/edit?usp=drive_link&amp;ouid=113881279590845546793&amp;rtpof=true&amp;sd=true\">INFORMACI\u00d3N SOBRE BACHILLERATO Y FP.<\/a><\/strong><\/p>\n\n\n\n<p class=\"has-black-color has-text-color has-link-color wp-elements-624c014a28082226da93aa31e99441c6\">Enlace a las presentaciones para alumnado y familias interesadas en el Aula de Excelencia en Bachillerato y en el Bachibac: <\/p>\n\n\n\n<p class=\"has-black-color has-text-color has-link-color wp-elements-f2057b36e5fe31f2851d1a6c1d3a9302\"><strong><a href=\"https:\/\/docs.google.com\/presentation\/d\/13oP2C8RtLoduqNrnnjK-_qSGraXUxZ3J\/edit?usp=drive_link&amp;ouid=113881279590845546793&amp;rtpof=true&amp;sd=true\">Informaci\u00f3n EXCELENCIA<\/a><\/strong>,<strong><a href=\"https:\/\/drive.google.com\/file\/d\/1Fn5u_20mVBU-9wNVjF_I3Ga6g5IohhZc\/view?usp=drive_link\"> Informaci\u00f3n BACHIBAC<\/a><\/strong><\/p>\n\n\n\n<p><\/p>\n\n\n\n<p class=\"has-text-align-center has-black-color has-light-green-cyan-background-color has-text-color has-background has-medium-font-size\"><strong>PROGRAMA ORIENTACI\u00d3N ACAD\u00c9MICO-PROFESIONAL<\/strong><\/p>\n\n\n\n<p class=\"has-black-color has-white-background-color has-text-color has-background\">Enlace de acceso al programa inform\u00e1tico que os ayudar\u00e1, de una manera sencilla y muy \u00fatil, a informaros (y orientaros) de cara a la toma de decisiones acad\u00e9mico-profesional, tal y como se habl\u00f3 en la charla de orientaci\u00f3n<strong>: <a href=\"https:\/\/www.orientaline.es\/?yafxb=66129\">EL ORIENTA.<\/a><\/strong><\/p>\n\n\n\n<div style=\"height:33px\" aria-hidden=\"true\" class=\"wp-block-spacer\"><\/div>\n","protected":false},"excerpt":{"rendered":"<p>CORREO DEL DEPARTAMENTO: deporientacion.ies.lasencinas.villanuevadelacanada@educa.madrid.org ORIENTADORAS: Mage Ventura: meventura@educa.madrid.org Encargada de la orientaci\u00f3n educativa en las ense\u00f1anzas de Bachillerato y FP. Jefa del departamento. Horario de atenci\u00f3n presencial a familias: viernes &#8230;<\/p>\n","protected":false},"author":3,"featured_media":0,"parent":0,"menu_order":0,"comment_status":"closed","ping_status":"closed","template":"","meta":{"footnotes":""},"folder":[],"class_list":["post-663","page","type-page","status-publish","hentry"],"rttpg_featured_image_url":null,"rttpg_author":{"display_name":"ies.lasencinas.villanuevadelacanada","author_link":"https:\/\/site.educa.madrid.org\/ies.lasencinas.villanuevadelacanada\/index.php\/author\/cuenta_ies-lasencinas-villanuevadelacanada\/"},"rttpg_comment":0,"rttpg_category":false,"rttpg_excerpt":"CORREO DEL DEPARTAMENTO: deporientacion.ies.lasencinas.villanuevadelacanada@educa.madrid.org ORIENTADORAS: Mage Ventura: meventura@educa.madrid.org Encargada de la orientaci\u00f3n educativa en las ense\u00f1anzas de Bachillerato y FP. Jefa del departamento. Horario de atenci\u00f3n presencial a familias: viernes ...","post_mailing_queue_ids":[],"_links":{"self":[{"href":"https:\/\/site.educa.madrid.org\/ies.lasencinas.villanuevadelacanada\/index.php\/wp-json\/wp\/v2\/pages\/663","targetHints":{"allow":["GET"]}}],"collection":[{"href":"https:\/\/site.educa.madrid.org\/ies.lasencinas.villanuevadelacanada\/index.php\/wp-json\/wp\/v2\/pages"}],"about":[{"href":"https:\/\/site.educa.madrid.org\/ies.lasencinas.villanuevadelacanada\/index.php\/wp-json\/wp\/v2\/types\/page"}],"author":[{"embeddable":true,"href":"https:\/\/site.educa.madrid.org\/ies.lasencinas.villanuevadelacanada\/index.php\/wp-json\/wp\/v2\/users\/3"}],"replies":[{"embeddable":true,"href":"https:\/\/site.educa.madrid.org\/ies.lasencinas.villanuevadelacanada\/index.php\/wp-json\/wp\/v2\/comments?post=663"}],"version-history":[{"count":22,"href":"https:\/\/site.educa.madrid.org\/ies.lasencinas.villanuevadelacanada\/index.php\/wp-json\/wp\/v2\/pages\/663\/revisions"}],"predecessor-version":[{"id":4548,"href":"https:\/\/site.educa.madrid.org\/ies.lasencinas.villanuevadelacanada\/index.php\/wp-json\/wp\/v2\/pages\/663\/revisions\/4548"}],"wp:attachment":[{"href":"https:\/\/site.educa.madrid.org\/ies.lasencinas.villanuevadelacanada\/index.php\/wp-json\/wp\/v2\/media?parent=663"}],"wp:term":[{"taxonomy":"folder","embeddable":true,"href":"https:\/\/site.educa.madrid.org\/ies.lasencinas.villanuevadelacanada\/index.php\/wp-json\/wp\/v2\/folder?post=663"}],"curies":[{"name":"wp","href":"https:\/\/api.w.org\/{rel}","templated":true}]}}