{"id":670,"date":"2022-09-19T16:06:52","date_gmt":"2022-09-19T14:06:52","guid":{"rendered":"https:\/\/site.educa.madrid.org\/ies.lasencinas.villanuevadelacanada\/?page_id=670"},"modified":"2022-09-20T19:15:54","modified_gmt":"2022-09-20T17:15:54","slug":"localizacion","status":"publish","type":"page","link":"https:\/\/site.educa.madrid.org\/ies.lasencinas.villanuevadelacanada\/index.php\/comunidad-educativa\/localizacion\/","title":{"rendered":"Localizaci\u00f3n"},"content":{"rendered":"\n<div class=\"wp-block-columns is-layout-flex wp-container-core-columns-is-layout-9d6595d7 wp-block-columns-is-layout-flex\">\n<div class=\"wp-block-column is-layout-flow wp-block-column-is-layout-flow\">\n<p class=\"has-text-align-left\"><strong>DIRECCI\u00d3N:<\/strong> AVENIDA MIRASIERRA, 8, 28691 VILLANUEVA DE LA CA\u00d1ADA (MADRID)<\/p>\n\n\n\n<p class=\"has-text-align-left\"><strong>TEL\u00c9FONO<\/strong>: 918157473<\/p>\n\n\n\n<p><strong>FAX:<\/strong> 91815 6010<\/p>\n\n\n\n<p><strong>Email<\/strong>: <a rel=\"noreferrer noopener\" href=\"mailto:ieslasencinas@ieslasencinas.es\" target=\"_blank\">ies.lasencinas.villanuevadelacanada@educa.madrid.org<\/a><\/p>\n\n\n\n<div style=\"height:35px\" aria-hidden=\"true\" class=\"wp-block-spacer\"><\/div>\n\n\n\n<p><strong>LINEAS DE AUTOBUSES<\/strong> :<\/p>\n\n\n\n<ul class=\"wp-block-list\"><li>Ruta del centro educativo<\/li><li>Autobuses p\u00fablicos: L\u00edneas 627 y 581.<\/li><li>Alsa Valdemorillo-Nava7<\/li><\/ul>\n<\/div>\n\n\n\n<div class=\"wp-block-column is-layout-flow wp-block-column-is-layout-flow\">\n<iframe src=\"https:\/\/www.google.com\/maps\/embed?pb=!1m18!1m12!1m3!1d1517.9415467447423!2d-3.993186400000051!3d40.45572440000001!2m3!1f0!2f0!3f0!3m2!1i1024!2i768!4f13.1!3m3!1m2!1s0xd4199649decdae7%3A0x3e338f5f4cc6e9a!2sInstituto%20de%20Educaci%C3%B3n%20Secundaria%20las%20Encinas!5e0!3m2!1ses!2sus!4v1663693752457!5m2!1ses!2sus\" style=\"border:0;\" allowfullscreen=\"\" loading=\"lazy\" referrerpolicy=\"no-referrer-when-downgrade\" width=\"600\" height=\"450\"><\/iframe>\n<\/div>\n<\/div>\n\n\n\n<p><\/p>\n","protected":false},"excerpt":{"rendered":"<p>DIRECCI\u00d3N: AVENIDA MIRASIERRA, 8, 28691 VILLANUEVA DE LA CA\u00d1ADA (MADRID) TEL\u00c9FONO: 918157473 FAX: 91815 6010 Email: ies.lasencinas.villanuevadelacanada@educa.madrid.org LINEAS DE AUTOBUSES : Ruta del centro educativo Autobuses p\u00fablicos: L\u00edneas 627 y &#8230;<\/p>\n","protected":false},"author":3,"featured_media":0,"parent":647,"menu_order":0,"comment_status":"closed","ping_status":"closed","template":"","meta":{"footnotes":""},"folder":[],"class_list":["post-670","page","type-page","status-publish","hentry"],"rttpg_featured_image_url":null,"rttpg_author":{"display_name":"ies.lasencinas.villanuevadelacanada","author_link":"https:\/\/site.educa.madrid.org\/ies.lasencinas.villanuevadelacanada\/index.php\/author\/cuenta_ies-lasencinas-villanuevadelacanada\/"},"rttpg_comment":0,"rttpg_category":false,"rttpg_excerpt":"DIRECCI\u00d3N: AVENIDA MIRASIERRA, 8, 28691 VILLANUEVA DE LA CA\u00d1ADA (MADRID) TEL\u00c9FONO: 918157473 FAX: 91815 6010 Email: ies.lasencinas.villanuevadelacanada@educa.madrid.org LINEAS DE AUTOBUSES : Ruta del centro educativo Autobuses p\u00fablicos: L\u00edneas 627 y ...","post_mailing_queue_ids":[],"_links":{"self":[{"href":"https:\/\/site.educa.madrid.org\/ies.lasencinas.villanuevadelacanada\/index.php\/wp-json\/wp\/v2\/pages\/670","targetHints":{"allow":["GET"]}}],"collection":[{"href":"https:\/\/site.educa.madrid.org\/ies.lasencinas.villanuevadelacanada\/index.php\/wp-json\/wp\/v2\/pages"}],"about":[{"href":"https:\/\/site.educa.madrid.org\/ies.lasencinas.villanuevadelacanada\/index.php\/wp-json\/wp\/v2\/types\/page"}],"author":[{"embeddable":true,"href":"https:\/\/site.educa.madrid.org\/ies.lasencinas.villanuevadelacanada\/index.php\/wp-json\/wp\/v2\/users\/3"}],"replies":[{"embeddable":true,"href":"https:\/\/site.educa.madrid.org\/ies.lasencinas.villanuevadelacanada\/index.php\/wp-json\/wp\/v2\/comments?post=670"}],"version-history":[{"count":8,"href":"https:\/\/site.educa.madrid.org\/ies.lasencinas.villanuevadelacanada\/index.php\/wp-json\/wp\/v2\/pages\/670\/revisions"}],"predecessor-version":[{"id":952,"href":"https:\/\/site.educa.madrid.org\/ies.lasencinas.villanuevadelacanada\/index.php\/wp-json\/wp\/v2\/pages\/670\/revisions\/952"}],"up":[{"embeddable":true,"href":"https:\/\/site.educa.madrid.org\/ies.lasencinas.villanuevadelacanada\/index.php\/wp-json\/wp\/v2\/pages\/647"}],"wp:attachment":[{"href":"https:\/\/site.educa.madrid.org\/ies.lasencinas.villanuevadelacanada\/index.php\/wp-json\/wp\/v2\/media?parent=670"}],"wp:term":[{"taxonomy":"folder","embeddable":true,"href":"https:\/\/site.educa.madrid.org\/ies.lasencinas.villanuevadelacanada\/index.php\/wp-json\/wp\/v2\/folder?post=670"}],"curies":[{"name":"wp","href":"https:\/\/api.w.org\/{rel}","templated":true}]}}