{"id":671,"date":"2022-09-19T16:06:53","date_gmt":"2022-09-19T14:06:53","guid":{"rendered":"https:\/\/site.educa.madrid.org\/ies.lasencinas.villanuevadelacanada\/?page_id=671"},"modified":"2026-01-25T12:01:14","modified_gmt":"2026-01-25T11:01:14","slug":"equipo-directivo","status":"publish","type":"page","link":"https:\/\/site.educa.madrid.org\/ies.lasencinas.villanuevadelacanada\/index.php\/comunidad-educativa\/equipo-directivo\/","title":{"rendered":"Equipo Directivo"},"content":{"rendered":"\n<div class=\"wp-block-columns is-layout-flex wp-container-core-columns-is-layout-9d6595d7 wp-block-columns-is-layout-flex\">\n<div class=\"wp-block-column is-layout-flow wp-block-column-is-layout-flow\">\n<p class=\"has-black-color has-text-color\"><strong>DIRECTORA :<\/strong> CRISTINA GONZ\u00c1LEZ L\u00d3PEZ<\/p>\n\n\n\n<p><\/p>\n\n\n\n<p class=\"has-black-color has-text-color\"><strong>SECRETARIA:<\/strong> EMILIA RUIZ MART\u00cdNEZ <\/p>\n\n\n\n<p class=\"has-black-color has-text-color\"><strong>JEFE DE ESTUDIOS: <\/strong>DANIEL N\u00da\u00d1EZ TEJADA<\/p>\n\n\n\n<p class=\"has-black-color has-text-color\"><strong>JEFES DE ESTUDIOS ADJUNTOS:<\/strong> <\/p>\n\n\n\n<ul class=\"wp-block-list has-black-color has-text-color\">\n<li>JORGE RODR\u00cdGUEZ ARAYA (Bachillerato y FP)<\/li>\n\n\n\n<li>RAQUEL ARRIBAS CASANOVA (ESO) <\/li>\n<\/ul>\n\n\n\n<p class=\"has-black-color has-text-color\"><strong>COORDINADORES DE LAS SECCIONES LING\u00dc\u00cdSTICAS<\/strong><\/p>\n\n\n\n<ul class=\"wp-block-list has-black-color has-text-color\">\n<li>VER\u00d3NICA ARROYO URE\u00d1A (S. Biling\u00fce Ingl\u00e9s): <a href=\"mailto:ies.lasencinas.villanuevadelacanada@educa.madrid.org\" target=\"_blank\" rel=\"noreferrer noopener\">veronica.arroyo@educa.madrid.org<\/a><\/li>\n\n\n\n<li>MYRIAM KAISERGRUBER (S. francesa): <a href=\"mailto:ies.lasencinas.villanuevadelacanada@educa.madrid.org\" target=\"_blank\" rel=\"noreferrer noopener\">mkaisergruber@educa.madrid.org<\/a><\/li>\n<\/ul>\n\n\n\n<p class=\"has-black-color has-text-color\"><strong>CONTACTO<\/strong>:<\/p>\n\n\n\n<ul class=\"wp-block-list has-black-color has-text-color\">\n<li>DIRECCI\u00d3N: <a rel=\"noreferrer noopener\" href=\"mailto:ies.lasencinas.villanuevadelacanada@educa.madrid.org\" target=\"_blank\">ies.lasencinas.villanuevadelacanada@educa.madrid.org<\/a><\/li>\n\n\n\n<li>JEFATURA DE ESTUDIOS: <a rel=\"noreferrer noopener\" href=\"mailto:jestudios.ies.lasencinas.villanuevadelacanada@educa.madrid.org\" target=\"_blank\">jestudios.ies.lasencinas.villanuevadelacanada@educa.madrid.org<\/a><\/li>\n\n\n\n<li>ADMINISTRACI\u00d3N: <a rel=\"noreferrer noopener\" href=\"mailto:ies.lasencinas.villanuevadelacanada@educa.madrid.org\" target=\"_blank\">eruizmartinez@educa.madrid.org<\/a> <\/li>\n<\/ul>\n<\/div>\n\n\n\n<div class=\"wp-block-column is-layout-flow wp-block-column-is-layout-flow\"><div class=\"wp-block-image\">\n<figure class=\"aligncenter size-large\"><img loading=\"lazy\" decoding=\"async\" width=\"1024\" height=\"769\" src=\"https:\/\/site.educa.madrid.org\/ies.lasencinas.villanuevadelacanada\/\/wp-content\/uploads\/ies.lasencinas.villanuevadelacanada\/2023\/07\/foto-fachada-nueva-1024x769.jpg\" alt=\"\" class=\"wp-image-1856\" srcset=\"https:\/\/site.educa.madrid.org\/ies.lasencinas.villanuevadelacanada\/\/wp-content\/uploads\/ies.lasencinas.villanuevadelacanada\/2023\/07\/foto-fachada-nueva-1024x769.jpg 1024w, https:\/\/site.educa.madrid.org\/ies.lasencinas.villanuevadelacanada\/\/wp-content\/uploads\/ies.lasencinas.villanuevadelacanada\/2023\/07\/foto-fachada-nueva-300x225.jpg 300w, https:\/\/site.educa.madrid.org\/ies.lasencinas.villanuevadelacanada\/\/wp-content\/uploads\/ies.lasencinas.villanuevadelacanada\/2023\/07\/foto-fachada-nueva-768x576.jpg 768w, https:\/\/site.educa.madrid.org\/ies.lasencinas.villanuevadelacanada\/\/wp-content\/uploads\/ies.lasencinas.villanuevadelacanada\/2023\/07\/foto-fachada-nueva-1536x1153.jpg 1536w, https:\/\/site.educa.madrid.org\/ies.lasencinas.villanuevadelacanada\/\/wp-content\/uploads\/ies.lasencinas.villanuevadelacanada\/2023\/07\/foto-fachada-nueva.jpg 1600w\" sizes=\"auto, (max-width: 1024px) 100vw, 1024px\" \/><\/figure>\n<\/div><\/div>\n<\/div>\n\n\n\n<p class=\"has-black-color has-text-color has-link-color wp-elements-6da15076b58012cbd6ab62873e8c1847\">CITA PREVIA: Para pedir <strong>cita presencial <\/strong>con cualquier miembro del equipo directivo, llamar al 91 8157473 o escribir al correo corporativo correspondiente al cargo.<\/p>\n\n\n\n<p><\/p>\n","protected":false},"excerpt":{"rendered":"<p>DIRECTORA : CRISTINA GONZ\u00c1LEZ L\u00d3PEZ SECRETARIA: EMILIA RUIZ MART\u00cdNEZ JEFE DE ESTUDIOS: DANIEL N\u00da\u00d1EZ TEJADA JEFES DE ESTUDIOS ADJUNTOS: COORDINADORES DE LAS SECCIONES LING\u00dc\u00cdSTICAS CONTACTO: CITA PREVIA: Para pedir cita &#8230;<\/p>\n","protected":false},"author":3,"featured_media":0,"parent":647,"menu_order":0,"comment_status":"closed","ping_status":"closed","template":"","meta":{"footnotes":""},"folder":[],"class_list":["post-671","page","type-page","status-publish","hentry"],"rttpg_featured_image_url":null,"rttpg_author":{"display_name":"ies.lasencinas.villanuevadelacanada","author_link":"https:\/\/site.educa.madrid.org\/ies.lasencinas.villanuevadelacanada\/index.php\/author\/cuenta_ies-lasencinas-villanuevadelacanada\/"},"rttpg_comment":0,"rttpg_category":false,"rttpg_excerpt":"DIRECTORA : CRISTINA GONZ\u00c1LEZ L\u00d3PEZ SECRETARIA: EMILIA RUIZ MART\u00cdNEZ JEFE DE ESTUDIOS: DANIEL N\u00da\u00d1EZ TEJADA JEFES DE ESTUDIOS ADJUNTOS: COORDINADORES DE LAS SECCIONES LING\u00dc\u00cdSTICAS CONTACTO: CITA PREVIA: Para pedir cita ...","post_mailing_queue_ids":[],"_links":{"self":[{"href":"https:\/\/site.educa.madrid.org\/ies.lasencinas.villanuevadelacanada\/index.php\/wp-json\/wp\/v2\/pages\/671","targetHints":{"allow":["GET"]}}],"collection":[{"href":"https:\/\/site.educa.madrid.org\/ies.lasencinas.villanuevadelacanada\/index.php\/wp-json\/wp\/v2\/pages"}],"about":[{"href":"https:\/\/site.educa.madrid.org\/ies.lasencinas.villanuevadelacanada\/index.php\/wp-json\/wp\/v2\/types\/page"}],"author":[{"embeddable":true,"href":"https:\/\/site.educa.madrid.org\/ies.lasencinas.villanuevadelacanada\/index.php\/wp-json\/wp\/v2\/users\/3"}],"replies":[{"embeddable":true,"href":"https:\/\/site.educa.madrid.org\/ies.lasencinas.villanuevadelacanada\/index.php\/wp-json\/wp\/v2\/comments?post=671"}],"version-history":[{"count":15,"href":"https:\/\/site.educa.madrid.org\/ies.lasencinas.villanuevadelacanada\/index.php\/wp-json\/wp\/v2\/pages\/671\/revisions"}],"predecessor-version":[{"id":4379,"href":"https:\/\/site.educa.madrid.org\/ies.lasencinas.villanuevadelacanada\/index.php\/wp-json\/wp\/v2\/pages\/671\/revisions\/4379"}],"up":[{"embeddable":true,"href":"https:\/\/site.educa.madrid.org\/ies.lasencinas.villanuevadelacanada\/index.php\/wp-json\/wp\/v2\/pages\/647"}],"wp:attachment":[{"href":"https:\/\/site.educa.madrid.org\/ies.lasencinas.villanuevadelacanada\/index.php\/wp-json\/wp\/v2\/media?parent=671"}],"wp:term":[{"taxonomy":"folder","embeddable":true,"href":"https:\/\/site.educa.madrid.org\/ies.lasencinas.villanuevadelacanada\/index.php\/wp-json\/wp\/v2\/folder?post=671"}],"curies":[{"name":"wp","href":"https:\/\/api.w.org\/{rel}","templated":true}]}}