{"id":674,"date":"2022-09-19T16:06:57","date_gmt":"2022-09-19T14:06:57","guid":{"rendered":"https:\/\/site.educa.madrid.org\/ies.lasencinas.villanuevadelacanada\/?page_id=674"},"modified":"2026-03-26T14:45:11","modified_gmt":"2026-03-26T13:45:11","slug":"ampa","status":"publish","type":"page","link":"https:\/\/site.educa.madrid.org\/ies.lasencinas.villanuevadelacanada\/index.php\/comunidad-educativa\/ampa\/","title":{"rendered":"AMPA"},"content":{"rendered":"\n<p><\/p>\n\n\n\n<p class=\"has-black-color has-text-color\">La Asociaci\u00f3n de Madres y Padres de Alumnos\/as (AMPA) del Instituto \u2018Las Encinas\u2019 est\u00e1 formada por familias cuyo inter\u00e9s es participar como miembros de la comunidad educativa para mejorar la educaci\u00f3n de nuestros hijos, fomentando la colaboraci\u00f3n con el instituto y estrechando la relaci\u00f3n con las familias.<img loading=\"lazy\" decoding=\"async\" width=\"200\" height=\"131\" class=\"wp-image-1873\" style=\"width: 200px;\" src=\"https:\/\/site.educa.madrid.org\/ies.lasencinas.villanuevadelacanada\/\/wp-content\/uploads\/ies.lasencinas.villanuevadelacanada\/2023\/07\/recorte-ampa.jpg\" alt=\"\"><strong>\u00bfQU\u00c9 HACEMOS?<\/strong> Durante muchos a\u00f1os hemos realizado actividades como por ejemplo:<\/p>\n\n\n\n<ul class=\"wp-block-list has-black-color has-text-color\">\n<li>Clases<strong> extraescolares<\/strong> de Teatro y otras que van surgiendo seg\u00fan la demanda de las familias.<\/li>\n<\/ul>\n\n\n\n<ul class=\"wp-block-list has-black-color has-text-color\">\n<li><strong>T\u00e9cnicas de estudios<\/strong>, Taller de ansiedad ante los ex\u00e1menes.<\/li>\n<\/ul>\n\n\n\n<ul class=\"wp-block-list has-black-color has-text-color\">\n<li><strong>Charlas<\/strong> para familias, jornadas para alumnos y padres\u2026 sobre temas de inter\u00e9s relacionados con la educaci\u00f3n y la etapa de secundaria y la adolescencia. Escuela de familias.<\/li>\n\n\n\n<li>Perfil en <strong>Instagram <\/strong><a rel=\"noreferrer noopener\" href=\"https:\/\/www.google.com\/url?q=https%3A%2F%2Fwww.instagram.com%2Fapalasencinas%2F&amp;sa=D&amp;sntz=1&amp;usg=AOvVaw3IJH-Xd5JUmWhXGk6WWqP2\" target=\"_blank\"><strong>@apalasencinas<\/strong><\/a>: donde colgamos interesantes actividades que se llevan a cabo en nuestro pueblo y en el Instituto, etc., y para mejor informaci\u00f3n y comunicaci\u00f3n de familias, alumnos y profesores. <\/li>\n\n\n\n<li>Tambi\u00e9n puedes seguirnos en<strong> <a rel=\"noreferrer noopener\" href=\"https:\/\/www.google.com\/url?q=https%3A%2F%2Fwww.facebook.com%2FAMPA-IES-Las-Encinas-632706800101754%2F&amp;sa=D&amp;sntz=1&amp;usg=AOvVaw2VGHl-KkP07DV-RffdUlfW\" target=\"_blank\">FACEBOOK<\/a><\/strong>.<\/li>\n<\/ul>\n\n\n\n<p class=\"has-black-color has-text-color\"><strong>\u00bfEN QU\u00c9 ME BENEFICIA?<\/strong><\/p>\n\n\n\n<ul class=\"wp-block-list has-black-color has-text-color\">\n<li>Acompa\u00f1amiento para Intermediar entre los padres, el centro y la DAT.<\/li>\n\n\n\n<li>Prioridad para asistir a los talleres para familias.<\/li>\n\n\n\n<li>Recibir por correo electr\u00f3nico toda la informaci\u00f3n.<\/li>\n\n\n\n<li>Descuentos en las actividades extraescolares.<\/li>\n\n\n\n<li>Tarjeta de la FAPA, que da derecho a servicios gratuitos y a obtener descuentos especiales en la adquisici\u00f3n de productos y servicios diversos, en virtud de los convenios firmados con diversas entidades y empresas.<\/li>\n<\/ul>\n\n\n\n<p class=\"has-black-color has-text-color\"><strong>\u00bfC\u00d3MO SER SOCIO?<\/strong><\/p>\n\n\n\n<p class=\"has-black-color has-text-color\">Realiza un ingreso o transferencia por valor de 20 euros anuales como cuota de asociado.<\/p>\n\n\n\n<p class=\"has-black-color has-text-color\">DESCARGAR <a href=\"https:\/\/drive.google.com\/file\/d\/1n2QRod4zOqoCucC2wm2ZNdQqXkRi2VCe\/view?usp=sharing\"><strong>FICHA DE AFILIACI\u00d3N<\/strong> <\/a>A LA ASOCIACI\u00d3N<\/p>\n\n\n\n<p class=\"has-black-color has-text-color\"><strong>\u00bfQUIERES COLABORAR?<\/strong><\/p>\n\n\n\n<p class=\"has-black-color has-text-color\">Adem\u00e1s de asociarte puedes colaborar con nosotros, aportando tus ideas, algo de tu tiempo o ganas de poner en marcha proyectos que nos ayuden a seguir avanzando como asociaci\u00f3n en nuestro objetivo de mejorar la calidad de la educaci\u00f3n de nuestros hijos.<\/p>\n\n\n\n<p class=\"has-black-color has-text-color\">Si tienes cualquier duda env\u00edanos un correo a <strong>apalasencinas@gmail.com<\/strong><\/p>\n\n\n\n<p class=\"has-black-color has-text-color has-link-color wp-elements-9ac00cf961d1ea846fe5a532228b76c6\"><\/p>\n\n\n\n<h2 class=\"wp-block-heading\"><\/h2>\n\n\n\n<div style=\"height:63px\" aria-hidden=\"true\" class=\"wp-block-spacer\"><\/div>\n\n\n\n<p class=\"has-text-align-center has-black-color has-light-green-cyan-background-color has-text-color has-background has-medium-font-size\"><strong>CONCURSO \u00abANUARIO DEL INSTITUTO 25-26\u00bb<\/strong><\/p>\n\n\n\n<p class=\"has-black-color has-text-color has-link-color wp-elements-ee3b2decc01baa21215b04837ffd6c90\">Animamos a todos los alumnos de la ESO a participar en este concurso creativo. Puedes consultar las bases en el siguiente enlace: <strong>B<a href=\"https:\/\/drive.google.com\/file\/d\/1M5yefZ8sLPR1yX8ih3kCQFvNjicopZPk\/view?usp=drive_link\">ASES DEL CONCURSO<\/a><\/strong>.<\/p>\n\n\n\n<p class=\"has-black-color has-text-color has-link-color wp-elements-47fbdbf849e0873ca061d3e8e252e2fb\">Los interesados pod\u00e9is inscribiros pinchando en el <strong><a href=\"https:\/\/docs.google.com\/forms\/d\/e\/1FAIpQLSceu-X7sJ4Z7_q5x5BzzMtIYR3yo3eFOtVa2ZjCAFKO2c-p8w\/viewform?usp=header\">FORMULARIO DE INSCRIPCI\u00d3N.<\/a><\/strong><\/p>\n\n\n<div class=\"wp-block-image\">\n<figure class=\"aligncenter size-large\"><img loading=\"lazy\" decoding=\"async\" width=\"724\" height=\"1024\" src=\"https:\/\/site.educa.madrid.org\/ies.lasencinas.villanuevadelacanada\/\/wp-content\/uploads\/ies.lasencinas.villanuevadelacanada\/2026\/03\/CARTEL-CONCURSO-ANUARIO-2026_page-0001-1-724x1024.jpg\" alt=\"\" class=\"wp-image-4512\" srcset=\"https:\/\/site.educa.madrid.org\/ies.lasencinas.villanuevadelacanada\/\/wp-content\/uploads\/ies.lasencinas.villanuevadelacanada\/2026\/03\/CARTEL-CONCURSO-ANUARIO-2026_page-0001-1-724x1024.jpg 724w, https:\/\/site.educa.madrid.org\/ies.lasencinas.villanuevadelacanada\/\/wp-content\/uploads\/ies.lasencinas.villanuevadelacanada\/2026\/03\/CARTEL-CONCURSO-ANUARIO-2026_page-0001-1-212x300.jpg 212w, https:\/\/site.educa.madrid.org\/ies.lasencinas.villanuevadelacanada\/\/wp-content\/uploads\/ies.lasencinas.villanuevadelacanada\/2026\/03\/CARTEL-CONCURSO-ANUARIO-2026_page-0001-1-768x1087.jpg 768w, https:\/\/site.educa.madrid.org\/ies.lasencinas.villanuevadelacanada\/\/wp-content\/uploads\/ies.lasencinas.villanuevadelacanada\/2026\/03\/CARTEL-CONCURSO-ANUARIO-2026_page-0001-1-1086x1536.jpg 1086w, https:\/\/site.educa.madrid.org\/ies.lasencinas.villanuevadelacanada\/\/wp-content\/uploads\/ies.lasencinas.villanuevadelacanada\/2026\/03\/CARTEL-CONCURSO-ANUARIO-2026_page-0001-1-1447x2048.jpg 1447w, https:\/\/site.educa.madrid.org\/ies.lasencinas.villanuevadelacanada\/\/wp-content\/uploads\/ies.lasencinas.villanuevadelacanada\/2026\/03\/CARTEL-CONCURSO-ANUARIO-2026_page-0001-1-scaled.jpg 1809w\" sizes=\"auto, (max-width: 724px) 100vw, 724px\" \/><\/figure>\n<\/div>\n\n\n<p><\/p>\n","protected":false},"excerpt":{"rendered":"<p>La Asociaci\u00f3n de Madres y Padres de Alumnos\/as (AMPA) del Instituto \u2018Las Encinas\u2019 est\u00e1 formada por familias cuyo inter\u00e9s es participar como miembros de la comunidad educativa para mejorar la &#8230;<\/p>\n","protected":false},"author":3,"featured_media":0,"parent":647,"menu_order":0,"comment_status":"closed","ping_status":"closed","template":"","meta":{"footnotes":""},"folder":[],"class_list":["post-674","page","type-page","status-publish","hentry"],"rttpg_featured_image_url":null,"rttpg_author":{"display_name":"ies.lasencinas.villanuevadelacanada","author_link":"https:\/\/site.educa.madrid.org\/ies.lasencinas.villanuevadelacanada\/index.php\/author\/cuenta_ies-lasencinas-villanuevadelacanada\/"},"rttpg_comment":0,"rttpg_category":false,"rttpg_excerpt":"La Asociaci\u00f3n de Madres y Padres de Alumnos\/as (AMPA) del Instituto \u2018Las Encinas\u2019 est\u00e1 formada por familias cuyo inter\u00e9s es participar como miembros de la comunidad educativa para mejorar la ...","post_mailing_queue_ids":[],"_links":{"self":[{"href":"https:\/\/site.educa.madrid.org\/ies.lasencinas.villanuevadelacanada\/index.php\/wp-json\/wp\/v2\/pages\/674","targetHints":{"allow":["GET"]}}],"collection":[{"href":"https:\/\/site.educa.madrid.org\/ies.lasencinas.villanuevadelacanada\/index.php\/wp-json\/wp\/v2\/pages"}],"about":[{"href":"https:\/\/site.educa.madrid.org\/ies.lasencinas.villanuevadelacanada\/index.php\/wp-json\/wp\/v2\/types\/page"}],"author":[{"embeddable":true,"href":"https:\/\/site.educa.madrid.org\/ies.lasencinas.villanuevadelacanada\/index.php\/wp-json\/wp\/v2\/users\/3"}],"replies":[{"embeddable":true,"href":"https:\/\/site.educa.madrid.org\/ies.lasencinas.villanuevadelacanada\/index.php\/wp-json\/wp\/v2\/comments?post=674"}],"version-history":[{"count":11,"href":"https:\/\/site.educa.madrid.org\/ies.lasencinas.villanuevadelacanada\/index.php\/wp-json\/wp\/v2\/pages\/674\/revisions"}],"predecessor-version":[{"id":4520,"href":"https:\/\/site.educa.madrid.org\/ies.lasencinas.villanuevadelacanada\/index.php\/wp-json\/wp\/v2\/pages\/674\/revisions\/4520"}],"up":[{"embeddable":true,"href":"https:\/\/site.educa.madrid.org\/ies.lasencinas.villanuevadelacanada\/index.php\/wp-json\/wp\/v2\/pages\/647"}],"wp:attachment":[{"href":"https:\/\/site.educa.madrid.org\/ies.lasencinas.villanuevadelacanada\/index.php\/wp-json\/wp\/v2\/media?parent=674"}],"wp:term":[{"taxonomy":"folder","embeddable":true,"href":"https:\/\/site.educa.madrid.org\/ies.lasencinas.villanuevadelacanada\/index.php\/wp-json\/wp\/v2\/folder?post=674"}],"curies":[{"name":"wp","href":"https:\/\/api.w.org\/{rel}","templated":true}]}}