{"id":680,"date":"2022-09-19T16:09:46","date_gmt":"2022-09-19T14:09:46","guid":{"rendered":"https:\/\/site.educa.madrid.org\/ies.lasencinas.villanuevadelacanada\/?page_id=680"},"modified":"2026-03-09T13:49:37","modified_gmt":"2026-03-09T12:49:37","slug":"admision-23-24","status":"publish","type":"page","link":"https:\/\/site.educa.madrid.org\/ies.lasencinas.villanuevadelacanada\/index.php\/secretaria\/admision-23-24\/","title":{"rendered":"Proceso de Admisi\u00f3n 26\/27 &#8211; ESO y Bachillerato"},"content":{"rendered":"\n<p class=\"has-black-color has-text-color\"><strong> <\/strong><\/p>\n\n\n\n<p class=\"has-black-color has-text-color has-link-color wp-elements-59f82e3bbeef03eb02c1a915313c86a6\"><strong>INFORMACI\u00d3N DURANTE EL PROCESO DE ADMISI\u00d3N:<\/strong> <strong><a href=\"https:\/\/drive.google.com\/drive\/folders\/1lidVPxLvzS4HdMuUEHP0iDZ0sG_-Ugrr?usp=drive_link\">enlace<\/a><\/strong><\/p>\n\n\n\n<p class=\"has-black-color has-text-color\"><strong>INFORMACI\u00d3N GENERAL para ESO y BACHILLERATO<\/strong> ( a partir del 9 de marzo):<\/p>\n\n\n\n<ul class=\"wp-block-list has-black-color has-text-color\">\n<li>Informaci\u00f3n b\u00e1sica sobre el proceso de admisi\u00f3n: <strong><a href=\"https:\/\/drive.google.com\/file\/d\/1mBEx_5lWU1pnF3O4ml1Aqhy1y1S2QW4y\/view?usp=drive_link\">enlace<\/a><\/strong><\/li>\n\n\n\n<li>Plazas vacantes ofertadas (se recuerda que esta oferta es meramente orientativa): <strong><a href=\"https:\/\/drive.google.com\/file\/d\/12TJJps93e12u8RZfZUvkdBEboSlp8p0z\/view?usp=sharing\">enlace<\/a><\/strong><\/li>\n\n\n\n<li>Centros adscritos:<strong>&nbsp;<a href=\"https:\/\/drive.google.com\/file\/d\/1smX5qJ0I34NfdF8Pai91R7gQbyxuK1PX\/view?usp=drive_link\">enlace<\/a><\/strong><\/li>\n<\/ul>\n\n\n\n<p class=\"has-black-color has-text-color\"><strong>PRESENTACI\u00d3N DE SOLICITUDES (ESO Y BACHILLERATO): del 11 al 25 de marzo de 2026, ambos incluidos.<\/strong><\/p>\n\n\n\n<p class=\"has-black-color has-text-color has-link-color wp-elements-9a1f632f308ce3e44709943f6ad11bf3\">Las instrucciones sobre la participaci\u00f3n en el proceso de admisi\u00f3n estipulan que \u00ab<strong>las solicitudes de admisi\u00f3n ser\u00e1n presentadas con car\u00e1cter general de forma telem\u00e1tica, salvo imposibilidad t\u00e9cnica para poder hacerlo.\u00bb<\/strong><\/p>\n\n\n\n<p class=\"has-black-color has-text-color has-link-color wp-elements-9ac00cf961d1ea846fe5a532228b76c6\"><\/p>\n\n\n\n<p class=\"has-black-color has-text-color\"><strong>\u00bfQUI\u00c9NES TIENEN QUE PARTICIPAR?<\/strong><\/p>\n\n\n\n<ul class=\"wp-block-list has-black-color has-text-color\">\n<li>Los alumnos procedentes de los colegios adscritos <em>Santiago Ap\u00f3stol<\/em> (Villanueva de la Ca\u00f1ada) y <em>Pr\u00edncipe de Asturias<\/em> (Quijorna), en caso de que quieran acceder a la <strong>Secci\u00f3n ling\u00fc\u00edstica en franc\u00e9s<\/strong>: tendr\u00e1n que se\u00f1alar espec\u00edficamente dicha opci\u00f3n y, si adem\u00e1s se desea solicitar plaza ordinaria, tambi\u00e9n se incluir\u00e1 de forma diferenciada.<\/li>\n\n\n\n<li>Los alumnos que deseen acceder a centros sostenidos con fondos p\u00fablicos que impartan Educaci\u00f3n Secundaria Obligatoria, y a cualquiera de las modalidades de Bachillerato.<\/li>\n\n\n\n<li>Los alumnos que deseen solicitar un centro de Educaci\u00f3n Secundaria diferente a aquel que les corresponda por adscripci\u00f3n \u00fanica.<\/li>\n\n\n\n<li>Los alumnos escolarizados en centros con adscripci\u00f3n m\u00faltiple a otros centros educativos y que tengan que cambiar de centro para el curso 2025\/26.<\/li>\n<\/ul>\n\n\n\n<p class=\"has-black-color has-text-color\">Por tanto, <strong>NO TIENE QUE PARTICIPAR<\/strong> el alumnado de nuestro centro, ni el procedente de los colegios adscritos <em>Santiago Ap\u00f3stol<\/em> (Villanueva de la Ca\u00f1ada) y <em>Pr\u00edncipe de Asturias<\/em> (Quijorna), <strong>A MENOS QUE DESEEN ACCEDER A LA SECCI\u00d3N LING\u00dc\u00cdSTICA  EN FRANC\u00c9S<\/strong>; ni el alumnado de 4\u00ba ESO de los CEIPSO <em>Mar\u00eda Moliner<\/em> y <em>Padre Garralda<\/em> (Villanueva de la Ca\u00f1ada).<\/p>\n\n\n\n<p class=\"has-black-color has-text-color\">TODOS LOS ALUMNOS tendr\u00e1n que participar en el proceso de matriculaci\u00f3n (se especificar\u00e1n las fechas para cada curso).<\/p>\n\n\n\n<p class=\"has-black-color has-text-color\"><strong>A. SOLICITUD DE ADMISI\u00d3N PARA E.S.O y BACHILLERATO<\/strong><\/p>\n\n\n\n<p class=\"has-black-color has-text-color\">Las solicitudes ser\u00e1n dirigidas al primer centro incluido en la solicitud. Para la presentaci\u00f3n de solicitudes por v\u00eda telem\u00e1tica las familias utilizar\u00e1n la<strong> <a rel=\"noreferrer noopener\" href=\"https:\/\/www.google.com\/url?q=https%3A%2F%2Fraices.madrid.org%2Fsecretariavirtual&amp;sa=D&amp;sntz=1&amp;usg=AOvVaw3kfKcBkhxukHRgZFabIw-Y\" target=\"_blank\">Secretar\u00eda Virtual<\/a> <\/strong>de Ra\u00edces\/Roble.<\/p>\n\n\n\n<p class=\"has-black-color has-text-color\">Pueden consultar<a href=\"https:\/\/drive.google.com\/file\/d\/1EVCDxTt-_Sm6n5JLHPCLqMqzSYDuMhk8\/view?usp=drive_link\"> <strong>aqu\u00ed <\/strong><\/a>la <strong><a href=\"https:\/\/drive.google.com\/file\/d\/1EVCDxTt-_Sm6n5JLHPCLqMqzSYDuMhk8\/view?usp=drive_link\">Gu\u00eda del proceso de admisi\u00f3n a trav\u00e9s de la Secretar\u00eda Virtual<\/a><\/strong>. O este<strong> <a href=\"https:\/\/www.google.com\/url?q=https%3A%2F%2Fmediateca.educa.madrid.org%2Fvideo%2Ftfzbk7atfzc9nlyz%3Fjwsource%3Dcl&amp;sa=D&amp;sntz=1&amp;usg=AOvVaw37yw2iXgCwcLfw4gugxuUq\" target=\"_blank\" rel=\"noreferrer noopener\">tutorial<\/a> <\/strong>sobre admisi\u00f3n.<\/p>\n\n\n\n<p class=\"has-black-color has-text-color\">MODOS DE PRESENTACI\u00d3N<\/p>\n\n\n\n<ol class=\"wp-block-list has-black-color has-text-color\">\n<li>Mediante la utilizaci\u00f3n de certificado digital.<\/li>\n\n\n\n<li>A trav\u00e9s del sistema de identificaci\u00f3n electr\u00f3nica cl@ve.<\/li>\n\n\n\n<li>Acceso a la Secretar\u00eda Virtual con las credenciales de la aplicaci\u00f3n ROBLE.<\/li>\n\n\n\n<li>Acceso sin certificado digital a trav\u00e9s de un registro en el sistema inform\u00e1tico en el que se recoger\u00e1n los siguientes campos: DNI, Nombre y apellidos, tel\u00e9fono m\u00f3vil, correo electr\u00f3nico, clave y pregunta de seguridad. El registro se activar\u00e1 mediante un mensaje al tel\u00e9fono m\u00f3vil, lo que permitir\u00e1 acceder con su DNI y clave. Esta opci\u00f3n facilita el acceso para todas las nuevas familias que se incorporan al sistema educativo este a\u00f1o.<\/li>\n<\/ol>\n\n\n\n<p class=\"has-black-color has-text-color\"><strong>B<\/strong>.<strong> En caso de<\/strong> <strong>IMPOSIBILIDAD T\u00c9CNICA,<\/strong> la <strong>solicitud <\/strong>para participar en el proceso ordinario de admisi\u00f3n de alumnos se podr\u00e1<strong> OBTENER <\/strong>en cualquier <strong>centro <\/strong>sostenido con fondos p\u00fablicos, o en las sedes de los <strong>Servicios de apoyo a la escolarizaci\u00f3n (SAE)<\/strong><em><strong>. <\/strong><\/em><em>U<\/em>na vez cumplimentada la solicitud, deber\u00e1 hacer tres copias y entregarla en el centro educativo que solicita en primer lugar.<\/p>\n\n\n\n<p class=\"has-black-color has-text-color\"><strong>C. SOLICITUDES Y MATR\u00cdCULA BACHILLERATO DE EXCELENCIA<\/strong><\/p>\n\n\n\n<p class=\"has-black-color has-text-color\">SOLICITUDES PERIODO DE ADMISI\u00d3N:<\/p>\n\n\n\n<p class=\"has-black-color has-text-color\">. Alumnado procedente de otros centros: enviar a <strong><a rel=\"noreferrer noopener\" href=\"mailto:ieslasencinas@ieslasencinas.es\" target=\"_blank\">ieslasencinas@ieslasencinas.es<\/a><\/strong>&nbsp;(o entregar en la secretar\u00eda del centro) el escrito de solicitud no oficial que pueden descargarse aqu\u00ed:&nbsp;<a rel=\"noreferrer noopener\" href=\"https:\/\/docs.google.com\/document\/d\/1FPukjWBQoFeyEh94f3Sy5v6WlfHNezP3\/edit?usp=sharing&amp;ouid=110084493082786270865&amp;rtpof=true&amp;sd=true\" target=\"_blank\"><strong>SOLICITUD NO OFICIAL<\/strong><\/a>, durante el periodo de admisi\u00f3n.<\/p>\n\n\n\n<p class=\"has-black-color has-text-color\">PARA MATRICULACI\u00d3N&nbsp;en el centro: adjuntar el&nbsp;<strong><a rel=\"noreferrer noopener\" href=\"https:\/\/www.educa2.madrid.org\/web\/educamadrid\/principal\/files\/25857de5-61ad-4067-aea1-80e8b98ecfd4\/Anexo%20II%20excelencia%20editable%20para%20web%20.pdf?t=1687630025351\" target=\"_blank\">ANEXO II<\/a>&nbsp;<\/strong>(modelo de solicitud para alumnado admitido en el centro) y&nbsp;<strong><a rel=\"noreferrer noopener\" href=\"https:\/\/drive.google.com\/file\/d\/1We_f5XZrWZKXKNLl9N2wHBYzyRGHD7t1\/view?usp=sharing\" target=\"_blank\">ANEXO II<\/a>&nbsp;<\/strong>m\u00e1s<strong>&nbsp;<a rel=\"noreferrer noopener\" href=\"https:\/\/drive.google.com\/file\/d\/10YdFLNV6k93HCkJFYxUIzmzm79sTj46C\/view?usp=sharing\" target=\"_blank\">Documento 1 del Anexo II<\/a><\/strong>&nbsp; (Admisi\u00f3n en el IES que imparte el programa ) (para admisi\u00f3n de alumnado no admitido en el instituto solicitado en primer lugar). Descargar tambi\u00e9n el documento sobre<strong>&nbsp;<a rel=\"noreferrer noopener\" href=\"https:\/\/drive.google.com\/file\/d\/1izB1lx1y-bh8wsQzJ51YJKseW56JIsXR\/view?usp=sharing\" target=\"_blank\">Protecci\u00f3n de Datos<\/a><\/strong>.&nbsp;<strong>LOS ENLACES ACTUALES CORRESPONDEN AL CURSO ANTERIOR. ESPERAR A LA PUBLICACI\u00d3N POR PARTE DE LA COMUNIDAD DE MADRID.<\/strong><\/p>\n\n\n\n<p class=\"has-black-color has-text-color\"><strong><em>INSTRUCCIONES  de la Comunidad de Madrid:&nbsp;<\/em><a href=\"https:\/\/www.comunidad.madrid\/sites\/default\/files\/doc\/educacion\/instrucciones_exb_2025-2026_a.pdf\">curso 2025\/26<\/a><\/strong> (las nuevas Instrucciones se publican, por lo general, a principios de junio).<\/p>\n\n\n\n<p><\/p>\n\n\n\n<p class=\"has-black-color has-text-color\"><strong>D. ALUMNOS CON NECESIDADES EDUCATIVAS ESPECIALES<\/strong><\/p>\n\n\n\n<p class=\"has-black-color has-text-color\">La escolarizaci\u00f3n de los alumnos con NEE se realizar\u00e1 por los respectivos Servicios de Apoyo a la Escolarizaci\u00f3n a trav\u00e9s de la aplicaci\u00f3n Ra\u00edces, se llevar\u00e1 a cabo de forma personalizada y tendr\u00e1 en cuenta el perfil de cada alumno, la prioridad de centros solicitada por la familia, la puntuaci\u00f3n obtenida en el proceso de baremaci\u00f3n de solicitudes y las plazas disponibles para dicho alumnado en cada centro sostenido con fondos p\u00fablicos.<\/p>\n\n\n\n<div style=\"height:48px\" aria-hidden=\"true\" class=\"wp-block-spacer\"><\/div>\n\n\n\n<p class=\"has-black-color has-text-color has-link-color wp-elements-10c0d7f040e7612277171a9a9048f503\"><strong>CALENDARIO B\u00c1SICO<\/strong><\/p>\n\n\n\n<p class=\"has-black-color has-text-color has-link-color wp-elements-e4a7031233adee443558ee569f3c6832\">Publicaci\u00f3n informaci\u00f3n provisional, a trav\u00e9s de la Secretar\u00eda Virtual o presencialmente: 14 de abril de 2026<\/p>\n\n\n\n<p class=\"has-black-color has-text-color has-link-color wp-elements-cddae303a6357030fc7ee1372a28399a\">PUblicaci\u00f3n informaci\u00f3n provisional con puntuaci\u00f3n, tras reclamaciones, a trav\u00e9s de la Secretar\u00eda Virtual o presencialmente: 23 de abril de 2026.<\/p>\n\n\n\n<p class=\"has-black-color has-text-color has-link-color wp-elements-8a0a4f918aee22cc4b4e9770576e4535\">Publicaci\u00f3n informaci\u00f3n definitiva, salvo alumnado NEE: 7 de mayo de 2026.<\/p>\n\n\n\n<p class=\"has-black-color has-text-color has-link-color wp-elements-fda8b9b5af1d4e4f5331ef10c0e51f9f\">Publiaci\u00f3n alumnado admitido en cada centro, a trav\u00e9s de la Secretar\u00eda Virtual: 27 de mayo de 2026.<\/p>\n\n\n\n<p class=\"has-black-color has-text-color has-link-color wp-elements-7a0f7b47ba06804e911a011177f5b34b\">Plazo general de matriculaci\u00f3n: del 11 de junio al 3 de julio (se har\u00e1 p\u00fablico con tiempo el calendario del centro).<\/p>\n\n\n\n<p class=\"has-black-color has-text-color has-link-color wp-elements-45518e6d77517fc22f0cc58a2244983c\">Inicio plazo de presentaci\u00f3n solicitudes proceso extraordinario de admisi\u00f3n: 3 de julio de 2026.<\/p>\n\n\n\n<div style=\"height:22px\" aria-hidden=\"true\" class=\"wp-block-spacer\"><\/div>\n\n\n\n<p class=\"has-black-color has-text-color\"><strong>Enlaces de inter\u00e9s:<\/strong><\/p>\n\n\n\n<ul class=\"wp-block-list has-black-color has-text-color\">\n<li>Resoluci\u00f3n conjunta de las Viceconsejer\u00edas, por la que se dictan INSTRUCCIONES sobre el proceso de admisi\u00f3n para el curso 2026-2027: <strong><a href=\"https:\/\/drive.google.com\/file\/d\/11lHz6M9TaLyf7R5bndcrrT7gZckLtTUm\/view?usp=sharing\">texto completo<\/a>.<\/strong><\/li>\n\n\n\n<li>INFORMACI\u00d3N general y espec\u00edfica: <a href=\"https:\/\/www.google.com\/url?q=https%3A%2F%2Fwww.comunidad.madrid%2Fservicios%2Feducacion%2Fsolicita-tu-admision-educacion-infantil-obligatoria-bachillerato&amp;sa=D&amp;sntz=1&amp;usg=AOvVaw1nHE9RIHegnisiLZHBRusV\" target=\"_blank\" rel=\"noreferrer noopener\"><strong>web de la Comunidad de Madrid<\/strong><\/a><\/li>\n\n\n\n<li><strong><a href=\"https:\/\/site.educa.madrid.org\/ies.lasencinas.villanuevadelacanada\/index.php\/documentos-institucionales-2\/\" data-type=\"page\" data-id=\"664\">DOCUMENTOS INSTITUCIONALES <\/a><\/strong>del centro.<\/li>\n<\/ul>\n\n\n\n<p><\/p>\n","protected":false},"excerpt":{"rendered":"<p>INFORMACI\u00d3N DURANTE EL PROCESO DE ADMISI\u00d3N: enlace INFORMACI\u00d3N GENERAL para ESO y BACHILLERATO ( a partir del 9 de marzo): PRESENTACI\u00d3N DE SOLICITUDES (ESO Y BACHILLERATO): del 11 al 25 &#8230;<\/p>\n","protected":false},"author":3,"featured_media":0,"parent":651,"menu_order":0,"comment_status":"closed","ping_status":"closed","template":"","meta":{"footnotes":""},"folder":[],"class_list":["post-680","page","type-page","status-publish","hentry"],"rttpg_featured_image_url":null,"rttpg_author":{"display_name":"ies.lasencinas.villanuevadelacanada","author_link":"https:\/\/site.educa.madrid.org\/ies.lasencinas.villanuevadelacanada\/index.php\/author\/cuenta_ies-lasencinas-villanuevadelacanada\/"},"rttpg_comment":0,"rttpg_category":false,"rttpg_excerpt":"INFORMACI\u00d3N DURANTE EL PROCESO DE ADMISI\u00d3N: enlace INFORMACI\u00d3N GENERAL para ESO y BACHILLERATO ( a partir del 9 de marzo): PRESENTACI\u00d3N DE SOLICITUDES (ESO Y BACHILLERATO): del 11 al 25 ...","post_mailing_queue_ids":[],"_links":{"self":[{"href":"https:\/\/site.educa.madrid.org\/ies.lasencinas.villanuevadelacanada\/index.php\/wp-json\/wp\/v2\/pages\/680","targetHints":{"allow":["GET"]}}],"collection":[{"href":"https:\/\/site.educa.madrid.org\/ies.lasencinas.villanuevadelacanada\/index.php\/wp-json\/wp\/v2\/pages"}],"about":[{"href":"https:\/\/site.educa.madrid.org\/ies.lasencinas.villanuevadelacanada\/index.php\/wp-json\/wp\/v2\/types\/page"}],"author":[{"embeddable":true,"href":"https:\/\/site.educa.madrid.org\/ies.lasencinas.villanuevadelacanada\/index.php\/wp-json\/wp\/v2\/users\/3"}],"replies":[{"embeddable":true,"href":"https:\/\/site.educa.madrid.org\/ies.lasencinas.villanuevadelacanada\/index.php\/wp-json\/wp\/v2\/comments?post=680"}],"version-history":[{"count":29,"href":"https:\/\/site.educa.madrid.org\/ies.lasencinas.villanuevadelacanada\/index.php\/wp-json\/wp\/v2\/pages\/680\/revisions"}],"predecessor-version":[{"id":4477,"href":"https:\/\/site.educa.madrid.org\/ies.lasencinas.villanuevadelacanada\/index.php\/wp-json\/wp\/v2\/pages\/680\/revisions\/4477"}],"up":[{"embeddable":true,"href":"https:\/\/site.educa.madrid.org\/ies.lasencinas.villanuevadelacanada\/index.php\/wp-json\/wp\/v2\/pages\/651"}],"wp:attachment":[{"href":"https:\/\/site.educa.madrid.org\/ies.lasencinas.villanuevadelacanada\/index.php\/wp-json\/wp\/v2\/media?parent=680"}],"wp:term":[{"taxonomy":"folder","embeddable":true,"href":"https:\/\/site.educa.madrid.org\/ies.lasencinas.villanuevadelacanada\/index.php\/wp-json\/wp\/v2\/folder?post=680"}],"curies":[{"name":"wp","href":"https:\/\/api.w.org\/{rel}","templated":true}]}}