{"id":681,"date":"2022-09-19T16:10:16","date_gmt":"2022-09-19T14:10:16","guid":{"rendered":"https:\/\/site.educa.madrid.org\/ies.lasencinas.villanuevadelacanada\/?page_id=681"},"modified":"2025-05-26T18:12:01","modified_gmt":"2025-05-26T16:12:01","slug":"eso-bach-matriculacion","status":"publish","type":"page","link":"https:\/\/site.educa.madrid.org\/ies.lasencinas.villanuevadelacanada\/index.php\/secretaria\/eso-bach-matriculacion\/","title":{"rendered":"Matriculaci\u00f3n curso 2025-26"},"content":{"rendered":"\n<p class=\"has-black-color has-text-color\"><strong>Para alumnado que ha cursado estudios en NUESTRO CENTRO en 24-25:<\/strong><\/p>\n\n\n\n<p class=\"has-black-color has-text-color\"><strong>(MUY IMPORTANTE: TODOS LOS A\u00d1OS HAY QUE HACER LA MATR\u00cdCULA, NO ES COMO EN EL COLEGIO)<\/strong><\/p>\n\n\n\n<ul class=\"wp-block-list has-black-color has-text-color\">\n<li>ESO y Bachillerato: la plataforma online de matriculaci\u00f3n estar\u00e1 abierta del <strong>26 de mayo al 16 de junio.<\/strong><\/li>\n\n\n\n<li><strong>Segundo curso<\/strong> de Formaci\u00f3n Profesional (B\u00e1sico, Medio y Superiores): plataforma online de matriculaci\u00f3n, abierta del <strong>26 de mayo al 16 de junio.<\/strong><\/li>\n<\/ul>\n\n\n\n<p class=\"has-black-color has-text-color\"><strong>Para alumnado PROCEDENTE DE OTROS CENTROS:<\/strong><\/p>\n\n\n\n<ul class=\"wp-block-list has-black-color has-text-color\">\n<li>ESO y Bachillerato: a trav\u00e9s de la plataforma online, del <strong>23 de junio al 4 de julio<\/strong>.<\/li>\n<\/ul>\n\n\n\n<p class=\"has-black-color has-text-color has-link-color wp-elements-a34fee2c3e945fae8cd9b0bacfd9a22a\"><strong><a href=\"https:\/\/drive.google.com\/file\/d\/1xG-oV3GdTEnS25kduv8Uiz-JA80YuCis\/view?usp=sharing\">V\u00cdDEO EXPLICATIVO MATRICULACI\u00d3N<\/a><\/strong><\/p>\n\n\n\n<p class=\"has-black-color has-text-color has-link-color wp-elements-39fda06b02ae561798073a26de814ad8\"><strong><a href=\"https:\/\/ieslasencinas.matriculasescolares.com\/index.php?m=hgkjsdHGG8Dgs6ghskxjb345jfldk11\">ACCESO A PLATAFORMA DE MATRICULACI\u00d3N ONLINE<\/a><\/strong><\/p>\n\n\n\n<p class=\"has-black-color has-cyan-bluish-gray-background-color has-text-color has-background\">Aunque el curso no ha finalizado y, por tanto, no se conocen las calificaciones, siempre se har\u00e1 la matr\u00edcula pensando en pasar al curso que corresponda. Una vez finalizado el curso actual, en caso de repetici\u00f3n se rellenar\u00e1 una nueva matr\u00edcula, en papel.<\/p>\n\n\n\n<p><\/p>\n","protected":false},"excerpt":{"rendered":"<p>Para alumnado que ha cursado estudios en NUESTRO CENTRO en 24-25: (MUY IMPORTANTE: TODOS LOS A\u00d1OS HAY QUE HACER LA MATR\u00cdCULA, NO ES COMO EN EL COLEGIO) Para alumnado PROCEDENTE &#8230;<\/p>\n","protected":false},"author":3,"featured_media":0,"parent":651,"menu_order":0,"comment_status":"closed","ping_status":"closed","template":"","meta":{"footnotes":""},"folder":[],"class_list":["post-681","page","type-page","status-publish","hentry"],"rttpg_featured_image_url":null,"rttpg_author":{"display_name":"ies.lasencinas.villanuevadelacanada","author_link":"https:\/\/site.educa.madrid.org\/ies.lasencinas.villanuevadelacanada\/index.php\/author\/cuenta_ies-lasencinas-villanuevadelacanada\/"},"rttpg_comment":0,"rttpg_category":false,"rttpg_excerpt":"Para alumnado que ha cursado estudios en NUESTRO CENTRO en 24-25: (MUY IMPORTANTE: TODOS LOS A\u00d1OS HAY QUE HACER LA MATR\u00cdCULA, NO ES COMO EN EL COLEGIO) Para alumnado PROCEDENTE ...","post_mailing_queue_ids":[],"_links":{"self":[{"href":"https:\/\/site.educa.madrid.org\/ies.lasencinas.villanuevadelacanada\/index.php\/wp-json\/wp\/v2\/pages\/681","targetHints":{"allow":["GET"]}}],"collection":[{"href":"https:\/\/site.educa.madrid.org\/ies.lasencinas.villanuevadelacanada\/index.php\/wp-json\/wp\/v2\/pages"}],"about":[{"href":"https:\/\/site.educa.madrid.org\/ies.lasencinas.villanuevadelacanada\/index.php\/wp-json\/wp\/v2\/types\/page"}],"author":[{"embeddable":true,"href":"https:\/\/site.educa.madrid.org\/ies.lasencinas.villanuevadelacanada\/index.php\/wp-json\/wp\/v2\/users\/3"}],"replies":[{"embeddable":true,"href":"https:\/\/site.educa.madrid.org\/ies.lasencinas.villanuevadelacanada\/index.php\/wp-json\/wp\/v2\/comments?post=681"}],"version-history":[{"count":9,"href":"https:\/\/site.educa.madrid.org\/ies.lasencinas.villanuevadelacanada\/index.php\/wp-json\/wp\/v2\/pages\/681\/revisions"}],"predecessor-version":[{"id":3785,"href":"https:\/\/site.educa.madrid.org\/ies.lasencinas.villanuevadelacanada\/index.php\/wp-json\/wp\/v2\/pages\/681\/revisions\/3785"}],"up":[{"embeddable":true,"href":"https:\/\/site.educa.madrid.org\/ies.lasencinas.villanuevadelacanada\/index.php\/wp-json\/wp\/v2\/pages\/651"}],"wp:attachment":[{"href":"https:\/\/site.educa.madrid.org\/ies.lasencinas.villanuevadelacanada\/index.php\/wp-json\/wp\/v2\/media?parent=681"}],"wp:term":[{"taxonomy":"folder","embeddable":true,"href":"https:\/\/site.educa.madrid.org\/ies.lasencinas.villanuevadelacanada\/index.php\/wp-json\/wp\/v2\/folder?post=681"}],"curies":[{"name":"wp","href":"https:\/\/api.w.org\/{rel}","templated":true}]}}