{"id":682,"date":"2022-09-19T16:10:36","date_gmt":"2022-09-19T14:10:36","guid":{"rendered":"https:\/\/site.educa.madrid.org\/ies.lasencinas.villanuevadelacanada\/?page_id=682"},"modified":"2025-07-29T12:39:08","modified_gmt":"2025-07-29T10:39:08","slug":"fp-admision-matriculacion","status":"publish","type":"page","link":"https:\/\/site.educa.madrid.org\/ies.lasencinas.villanuevadelacanada\/index.php\/secretaria\/fp-admision-matriculacion\/","title":{"rendered":"Formaci\u00f3n Profesional &#8211; Admisi\u00f3n y Matriculaci\u00f3n 2025\/26"},"content":{"rendered":"\n<p><\/p>\n\n\n\n<p class=\"has-black-color has-text-color has-link-color wp-elements-9ac00cf961d1ea846fe5a532228b76c6\"><\/p>\n\n\n\n<p class=\"has-black-color has-cyan-bluish-gray-background-color has-text-color has-background\"><strong>INFORMACI\u00d3N GENERAL PARA GRADO B\u00c1SICO<\/strong><\/p>\n\n\n\n<ul class=\"wp-block-list has-black-color has-text-color\">\n<li><strong>VACANTES 1\u00ba GB: <\/strong>estimadas 19\/ definitivas 20 \/\/ <strong>VACANTES 2\u00ba GB:<\/strong> estimadas 4\/ definitivas 8<\/li>\n\n\n\n<li>ENLACE a&nbsp;<strong><a href=\"https:\/\/drive.google.com\/file\/d\/1yh_baoXTL4AurceaBOGxyJB4_4p0XGSD\/view?usp=sharing\">Informaci\u00f3n Admisi\u00f3n para Grado B\u00e1sico<\/a><\/strong>: requisitos, admisi\u00f3n, matriculaci\u00f3n, calendario de actuaciones.<\/li>\n\n\n\n<li>SOLICITUDES DE ADMISI\u00d3N:&nbsp;<strong>desde el 20 de junio al 27 de junio de 2025 ambas fechas incluidas.&nbsp;<\/strong><\/li>\n<\/ul>\n\n\n\n<p class=\"has-black-color has-text-color\">El modelo de solicitud de admisi\u00f3n estar\u00e1 disponible en la p\u00e1gina web de la Comunidad de Madrid con antelaci\u00f3n suficiente en&nbsp;<a href=\"https:\/\/www.comunidad.madrid\/servicios\/educacion\/admision-formacion-profesional#admisionciclos-grado-basico.\" target=\"_blank\" rel=\"noreferrer noopener\">https:\/\/www.comunidad.madrid\/servicios\/educacion\/admision-formacion-profesional#admisionciclos-grado-basico.<\/a><\/p>\n\n\n\n<p class=\"has-black-color has-text-color\">Cada solicitante presentar\u00e1&nbsp;<strong>\u00fanicamente una solicitud de admisi\u00f3n<\/strong>. Si un solicitante presentase en plazo y forma m\u00e1s de una solicitud, deber\u00e1 asegurarse de que ha anulado la anterior; en caso contrario, los solicitantes que presenten solicitudes duplicadas quedar\u00e1n excluidos del proceso de admisi\u00f3n.&nbsp;<\/p>\n\n\n\n<p class=\"has-black-color has-text-color\">Las solicitudes de admisi\u00f3n de alumnos ser\u00e1n presentadas con car\u00e1cter general por<strong>&nbsp;v\u00eda telem\u00e1tica<\/strong>&nbsp;<strong>en la Secretar\u00eda Virtual de la aplicaci\u00f3n Ra\u00edces<\/strong>, que ser\u00e1 accesible a trav\u00e9s de la p\u00e1gina web de la Comunidad de Madrid; y ser\u00e1n dirigidas al primer centro incluido en la solicitud. En aquellos casos en los que el solicitante no pueda presentar la solicitud de admisi\u00f3n por v\u00eda telem\u00e1tica, podr\u00e1 hacerlo en el centro educativo incluido en primer lugar en la misma.&nbsp;<\/p>\n\n\n\n<p class=\"has-black-color has-text-color has-link-color wp-elements-9ac00cf961d1ea846fe5a532228b76c6\"><\/p>\n\n\n\n<p class=\"has-black-color has-text-color\"><strong>CALENDARIO DE ACTUACIONES GRADO&nbsp;B\u00c1SICO<\/strong> (extracto)<\/p>\n\n\n\n<ul class=\"wp-block-list has-black-color has-text-color\">\n<li>Publicaci\u00f3n de listados provisionales: 2 de julio. <strong><a href=\"https:\/\/drive.google.com\/drive\/folders\/1nfijGxm42FWVeA611s3eFT0bNRoZKccN?usp=drive_link\">ENLACE<\/a><\/strong><\/li>\n\n\n\n<li>&nbsp;Reclamaciones:&nbsp;3, 4 y 7 de julio.&nbsp;<\/li>\n\n\n\n<li><strong>Publicaci\u00f3n de listas de admitidos: d\u00eda&nbsp;9&nbsp;de julio.<\/strong> <strong><a href=\"https:\/\/drive.google.com\/drive\/folders\/1iIBjkQ0V77ENtwD2Zyuu-OqRclbNxyPA?usp=sharing\">ENLACE<\/a><\/strong><\/li>\n\n\n\n<li>Cifra resultante del sorteo para el desempate: 0,5194<\/li>\n\n\n\n<li><strong>Matriculaci\u00f3n de admitidos<\/strong> (1\u00ba fase):&nbsp;<strong>d\u00edas 10, 11 y 14 de julio <\/strong>: SE ABRIR\u00c1 EL ACCESO A LA PLATAFORMA ONLINE PARA ESOS D\u00cdAS. Enlace a <strong><a href=\"https:\/\/ieslasencinas.matriculasescolares.com\/index.php?m=hgkjsdHGG8Dgs6ghskxjb345jfldk11\">PLATAFORMA MATRICULACI\u00d3N<\/a><\/strong>.<\/li>\n\n\n\n<li>Publicaci\u00f3n de nuevos admitidos (2\u00aa fase):&nbsp;21&nbsp;de julio. No ha lugar.<\/li>\n\n\n\n<li>Matriculaci\u00f3n 2\u00aa fase:&nbsp;22 y 23 de julio. <\/li>\n\n\n\n<li>&#8212;&#8212;&#8212;&#8212;&#8212;<\/li>\n\n\n\n<li>Provisi\u00f3n de vacantes tras la finalizaci\u00f3n del periodo de admisi\u00f3n:&nbsp;<\/li>\n\n\n\n<li><strong>Inscripci\u00f3n<\/strong>&nbsp;de los solicitantes no admitidos en el mes de julio:&nbsp;<strong>d\u00edas&nbsp;2 y 3<\/strong><strong>&nbsp;de septiembre<\/strong>, en un solo ciclo formativo de alguno de los centros docentes que cuenten con vacantes en dicho ciclo. Para ello, el solicitante deber\u00e1 presentar la copia del documento de solicitud de admisi\u00f3n para el curso acad\u00e9mico y dos fotocopias de la misma en la secretar\u00eda del centro que cuenta con la vacante en la que se quiere matricular. En las dos fotocopias se rellenar\u00e1 la denominaci\u00f3n del ciclo formativo al que quiere optar, incluy\u00e9ndolo en el cuadro de ciclos solicitados.&nbsp;<\/li>\n\n\n\n<li><strong>4&nbsp;septiembre<\/strong>: publicaci\u00f3n listas de candidatos;&nbsp;<strong>5&nbsp;y 8&nbsp;de septiembre<\/strong>: matriculaci\u00f3n.<\/li>\n<\/ul>\n\n\n\n<p><\/p>\n\n\n\n<p><\/p>\n\n\n\n<p class=\"has-black-color has-cyan-bluish-gray-background-color has-text-color has-background\"><strong>INFORMACI\u00d3N GENERAL PARA GRADO MEDIO<\/strong><\/p>\n\n\n\n<ul class=\"wp-block-list has-black-color has-text-color\">\n<li><strong>VACANTES 1\u00ba SMR:<\/strong> estimadas 27\/definitivas 29 \/\/ <strong>VACANTES 2\u00ba SMR:<\/strong> estimadas 5\/definitivas 5<\/li>\n\n\n\n<li>Informaci\u00f3n sobre el proceso de admisi\u00f3n: ENLACE a&nbsp;<strong><a href=\"https:\/\/drive.google.com\/file\/d\/1H8D-WETjgdWBbNCQ3aY61WKvB-3Eh6sK\/view?usp=sharing\">Informaci\u00f3n Admisi\u00f3n para Grado Medio<\/a><\/strong>: requisitos, admisi\u00f3n, matriculaci\u00f3n, calendario de actuaciones.<\/li>\n\n\n\n<li>SOLICITUDES DE ADMISI\u00d3N:&nbsp;<strong>desde el 23 al 30 de junio de 2025, ambas fechas incluidas.&nbsp;<\/strong><\/li>\n<\/ul>\n\n\n\n<p class=\"has-black-color has-text-color\">El modelo de solicitud de admisi\u00f3n estar\u00e1 disponible en la p\u00e1gina web de la Comunidad de Madrid con antelaci\u00f3n suficiente en&nbsp;<a href=\"https:\/\/www.comunidad.madrid\/servicios\/educacion\/admision-formacionprofesional#admision-cfgm-presencial-dual\" target=\"_blank\" rel=\"noreferrer noopener\">https:\/\/www.comunidad.madrid\/servicios\/educacion\/admision-formacionprofesional#admision-cfgm-presencial-dual<\/a>.&nbsp;<\/p>\n\n\n\n<p class=\"has-black-color has-text-color\">Cada solicitante presentar\u00e1&nbsp;<strong>\u00fanicamente una solicitud de admisi\u00f3n<\/strong>. Si un solicitante presentase en plazo y forma m\u00e1s de una solicitud, deber\u00e1 asegurarse de que ha anulado la anterior; en caso contrario, los solicitantes que presenten solicitudes duplicadas quedar\u00e1n excluidos del proceso de admisi\u00f3n.&nbsp;<\/p>\n\n\n\n<p class=\"has-black-color has-text-color\">Las solicitudes de admisi\u00f3n de alumnos ser\u00e1n presentadas con car\u00e1cter general por<strong>&nbsp;v\u00eda telem\u00e1tica<\/strong>&nbsp;<strong>en la Secretar\u00eda Virtual de la aplicaci\u00f3n Ra\u00edces<\/strong>, que ser\u00e1 accesible a trav\u00e9s de la p\u00e1gina web de la Comunidad de Madrid; y ser\u00e1n dirigidas al primer centro incluido en la solicitud. En aquellos casos en los que el solicitante no pueda presentar la solicitud de admisi\u00f3n por v\u00eda telem\u00e1tica, podr\u00e1 hacerlo en el centro educativo incluido en primer lugar en la misma.&nbsp;<\/p>\n\n\n\n<p><\/p>\n\n\n\n<p class=\"has-black-color has-text-color\"><strong>CALENDARIO DE ACTUACIONES GRADO MEDIO<\/strong> (extracto):<\/p>\n\n\n\n<ul class=\"wp-block-list has-black-color has-text-color\">\n<li>Publicaci\u00f3n de listados provisionales: 7 de julio. <strong><a href=\"https:\/\/drive.google.com\/drive\/folders\/1y18vUSzEw_UXUKPvTG-iffGRknmu5lSD?usp=sharing\">ENLACE<\/a><\/strong><\/li>\n\n\n\n<li>&nbsp;Reclamaciones:&nbsp;8, 9 y 10 de julio.&nbsp;<\/li>\n\n\n\n<li><strong>Publicaci\u00f3n de listas de admitidos: d\u00eda&nbsp;14&nbsp;de julio<\/strong>: <strong><a href=\"https:\/\/drive.google.com\/drive\/folders\/1LSBM_BALZnDxOcwBmZLYTpbFxoTX3F9C?usp=sharing\">ENLACE<\/a><\/strong><\/li>\n\n\n\n<li>Cifra resultante del sorteo para el desempate: 0,5194<\/li>\n\n\n\n<li><strong>Matriculaci\u00f3n de admitidos<\/strong> (1\u00ba fase):&nbsp;<strong>d\u00edas 15, 16 y 17 de julio <\/strong>: SE ABRIR\u00c1 EL ACCESO A LA PLATAFORMA ONLINE PARA ESOS D\u00cdAS. Enlace a <strong><a href=\"https:\/\/ieslasencinas.matriculasescolares.com\/index.php?m=hgkjsdHGG8Dgs6ghskxjb345jfldk11\">PLATAFORMA MATRICULACI\u00d3N<\/a><\/strong>.<\/li>\n\n\n\n<li>Publicaci\u00f3n de nuevos admitidos (2\u00aa fase):&nbsp;23&nbsp;de julio: <strong><a href=\"https:\/\/drive.google.com\/drive\/folders\/1wOv7fxxuMUOjHTX05UDcm9bKqqSzXzPZ?usp=sharing\">ENLACE<\/a><\/strong><\/li>\n\n\n\n<li>Matriculaci\u00f3n 2\u00aa fase:&nbsp;24 y 28 de julio.<\/li>\n<\/ul>\n\n\n\n<p>&#8212;&#8212;&#8212;&#8212;&#8212;&#8212;&#8212;&#8212;&#8212;&#8212;&#8212;&#8212;&#8212;&#8211;<\/p>\n\n\n\n<p class=\"has-black-color has-text-color\">Provisi\u00f3n de vacantes tras la finalizaci\u00f3n del periodo de admisi\u00f3n:&nbsp;<\/p>\n\n\n\n<p class=\"has-black-color has-text-color\">Publicaci\u00f3n de plazas vacantes en la p\u00e1gina web de la Comunidad de Madrid: <a rel=\"noreferrer noopener\" href=\"https:\/\/www.comunidad.madrid\/servicios\/educacion\/admision-formacion-profesional#admisioncfgm-presencial-dual\" target=\"_blank\">https:\/\/www.comunidad.madrid\/servicios\/educacion\/admision-formacion-profesional#admisioncfgm-presencial-dual<\/a>, &nbsp;<strong>antes del 4 de septiembre.<\/strong><\/p>\n\n\n\n<p class=\"has-black-color has-text-color\"><strong>Inscripci\u00f3n<\/strong>&nbsp;de los solicitantes no admitidos en el mes de julio:&nbsp;<strong>d\u00edas 3 y 4 de septiembre<\/strong>, en un solo ciclo formativo de alguno de los centros docentes que cuenten con vacantes en dicho ciclo. Para ello, el solicitante deber\u00e1 presentar la copia del documento de solicitud de admisi\u00f3n para el curso acad\u00e9mico y dos fotocopias de la misma en la secretar\u00eda del centro que cuenta con la vacante en la que se quiere matricular. En las dos fotocopias se rellenar\u00e1 la denominaci\u00f3n del ciclo formativo al que quiere optar, incluy\u00e9ndolo en el cuadro de ciclos solicitados.&nbsp;<\/p>\n\n\n\n<p class=\"has-black-color has-text-color\"><strong>8 septiembre<\/strong>: publicaci\u00f3n listas de candidatos;&nbsp;<strong>9 y 10 de septiembre<\/strong>: matriculaci\u00f3n.<\/p>\n\n\n\n<p><\/p>\n\n\n\n<p><\/p>\n\n\n\n<p class=\"has-black-color has-cyan-bluish-gray-background-color has-text-color has-background\"><strong>INFORMACI\u00d3N GENERAL PARA GRADO SUPERIOR<\/strong><\/p>\n\n\n\n<ul class=\"wp-block-list has-black-color has-text-color\">\n<li><strong>VACANTES 1\u00ba ASIR: <\/strong>definitivas 30 \/\/ <strong>VACANTES 2\u00ba ASIR: <\/strong>estimadas 2\/definitivas 4<\/li>\n\n\n\n<li><strong>VACANTES 1\u00ba DAM: <\/strong> estimadas 25\/ definitivas 27 \/\/ <strong>VACANTES 2\u00ba DAM:<\/strong> estimadas 13\/definitivas 16<\/li>\n\n\n\n<li>Informaci\u00f3n b\u00e1sica sobre el proceso de admisi\u00f3n: ENLACE a&nbsp;<strong><a href=\"https:\/\/drive.google.com\/file\/d\/1rysYiun1HDEIyeYVuaIXusQWstIV467h\/view?usp=sharing\">Informaci\u00f3n Admisi\u00f3n para Grado Superior<\/a><\/strong>: requisitos, admisi\u00f3n, matriculaci\u00f3n y calendario de actuaciones.<\/li>\n\n\n\n<li>SOLICITUDES DE ADMISI\u00d3N:&nbsp;<strong>desde el 27 de junio al 4 de julio de 2025, ambas fechas incluidas.<\/strong><\/li>\n\n\n\n<li>El modelo de solicitud de admisi\u00f3n estar\u00e1 disponible en la p\u00e1gina web de la Comunidad de Madrid con antelaci\u00f3n suficiente en&nbsp;<a rel=\"noreferrer noopener\" href=\"https:\/\/www.comunidad.madrid\/servicios\/educacion\/admision-formacionprofesional#admision-cfgs-presencial-dual-bilingue\" target=\"_blank\">https:\/\/www.comunidad.madrid\/servicios\/educacion\/admision-formacionprofesional#admision-cfgs-presencial-dual-bilingue<\/a>.<\/li>\n<\/ul>\n\n\n\n<p class=\"has-black-color has-text-color\">Cada solicitante presentar\u00e1&nbsp;<strong>\u00fanicamente una solicitud de admisi\u00f3n<\/strong>. Si un solicitante presentase en plazo y forma m\u00e1s de una solicitud, deber\u00e1 asegurarse de que ha anulado la anterior; en caso contrario, los solicitantes que presenten solicitudes duplicadas quedar\u00e1n excluidos del proceso de admisi\u00f3n.&nbsp;<\/p>\n\n\n\n<p class=\"has-black-color has-text-color\">Las solicitudes de admisi\u00f3n de alumnos ser\u00e1n presentadas con car\u00e1cter general por<strong>&nbsp;v\u00eda telem\u00e1tica<\/strong>&nbsp;<strong>en la Secretar\u00eda Virtual de la aplicaci\u00f3n Ra\u00edces<\/strong>, que ser\u00e1 accesible a trav\u00e9s de la p\u00e1gina web de la Comunidad de Madrid; y ser\u00e1n dirigidas al primer centro incluido en la solicitud. En aquellos casos en los que el solicitante no pueda presentar la solicitud de admisi\u00f3n por v\u00eda telem\u00e1tica, podr\u00e1 hacerlo en el centro educativo incluido en primer lugar en la misma.&nbsp;<\/p>\n\n\n\n<p class=\"has-black-color has-text-color\"><strong>CALENDARIO DE ACTUACIONES GRADO SUPERIOR<\/strong><\/p>\n\n\n\n<ul class=\"wp-block-list has-black-color has-text-color\">\n<li>Publicaci\u00f3n de solicitudes baremadas: 10 de julio, en web y tablones: <strong><a href=\"https:\/\/drive.google.com\/drive\/folders\/1V57nY77YwsPaKe1vr3BG3fR-jdlSksUQ?usp=sharing\">ENLACE<\/a><\/strong><\/li>\n\n\n\n<li>Reclamaciones: 11, 14 y 15 de julio.<\/li>\n\n\n\n<li>Cifra resultante del sorteo para el desempate: 0,5194<\/li>\n\n\n\n<li><strong>Publicaci\u00f3n de listas de admitidos: 17 de julio<\/strong>;<strong><a href=\"https:\/\/drive.google.com\/drive\/folders\/1W7H5yvpO2q4L8spCZ-fP2oc_YiIzLZou?usp=sharing\"> ENLACE<\/a><\/strong><\/li>\n\n\n\n<li><strong>Matriculaci\u00f3n de admitidos<\/strong>, adjudicaci\u00f3n de nuevas vacantes y segunda fase de matriculaci\u00f3n:&nbsp;<strong>18, 21 y 22 de julio<\/strong>: SE ABRIR\u00c1 EL ACCESO A LA PLATAFORMA ONLINE PARA ESOS D\u00cdAS. Enlace a <strong><a href=\"https:\/\/ieslasencinas.matriculasescolares.com\/index.php?m=hgkjsdHGG8Dgs6ghskxjb345jfldk11\">PLATAFORMA MATRICULACI\u00d3N<\/a><\/strong>.<\/li>\n\n\n\n<li>Publicaci\u00f3n de nuevos admitidos: 28 de julio <strong><a href=\"https:\/\/drive.google.com\/drive\/folders\/1W7H5yvpO2q4L8spCZ-fP2oc_YiIzLZou?usp=sharing\">ENLACE<\/a><\/strong><\/li>\n\n\n\n<li>Matriculaci\u00f3n 2\u00aa fase: 29 y 30 de julio.<\/li>\n<\/ul>\n\n\n\n<p>&#8212;&#8212;&#8212;&#8212;&#8212;&#8212;&#8212;&#8212;&#8212;&#8212;&#8212;&#8212;&#8212;&#8211;<\/p>\n\n\n\n<ul class=\"wp-block-list has-black-color has-text-color\">\n<li>Provisi\u00f3n de vacantes tras la finalizaci\u00f3n del periodo de admisi\u00f3n:&nbsp;<\/li>\n<\/ul>\n\n\n\n<p class=\"has-black-color has-text-color\">Publicaci\u00f3n de plazas vacantes en la p\u00e1gina web de la Comunidad de Madrid (<a rel=\"noreferrer noopener\" href=\"https:\/\/www.comunidad.madrid\/servicios\/educacion\/admision-formacion-profesional#admisioncfgs-presencial-dual-bilingue\" target=\"_blank\">https:\/\/www.comunidad.madrid\/servicios\/educacion\/admision-formacion-profesional#admisioncfgs-presencial-dual-bilingue<\/a>:&nbsp;<strong>antes del 8 de septiembre.<\/strong><\/p>\n\n\n\n<p class=\"has-black-color has-text-color\"><strong>Inscripci\u00f3n<\/strong>&nbsp;de los solicitantes no admitidos en el mes de julio: d\u00edas&nbsp;<strong>4 y 5 de septiembre<\/strong>, en un solo ciclo formativo de alguno de los centros docentes que cuenten con vacantes en dicho ciclo. Para ello, el solicitante deber\u00e1 presentar la copia del documento de solicitud de admisi\u00f3n para el curso acad\u00e9mico y dos fotocopias de la misma en la secretar\u00eda del centro que cuenta con la vacante en la que se quiere matricular. En las dos fotocopias se rellenar\u00e1 la denominaci\u00f3n del ciclo formativo al que quiere optar, incluy\u00e9ndolo en el cuadro de ciclos solicitados.&nbsp;<\/p>\n\n\n\n<p class=\"has-black-color has-text-color\"><strong>9 septiembre<\/strong>: publicaci\u00f3n listas de candidatos;&nbsp;<strong>10 y 11 de septiembre<\/strong>: matriculaci\u00f3n.<\/p>\n\n\n\n<p class=\"has-black-color has-text-color\"><\/p>\n\n\n\n<p class=\"has-black-color has-cyan-bluish-gray-background-color has-text-color has-background\"><strong>ENLACES DE INTER\u00c9S<\/strong>:<\/p>\n\n\n\n<p class=\"has-black-color has-text-color has-link-color wp-elements-e1c13d15b97492b89991af2c48f78459\"><strong><a href=\"https:\/\/site.educa.madrid.org\/ies.lasencinas.villanuevadelacanada\/index.php\/documentos-institucionales-2\/\" data-type=\"page\" data-id=\"664\">DOCUMENTOS INSTITUCIONALES <\/a><\/strong>del IES Las Encinas<\/p>\n\n\n\n<p style=\"font-style:normal;font-weight:400\"><strong><a href=\"https:\/\/drive.google.com\/drive\/folders\/1nomQAAi0OzzYxo-9kT7QJQGU9JsgQqAa?usp=sharing\">VACANTES <\/a>oficiales por cursos<\/strong><\/p>\n\n\n\n<p><strong><a href=\"https:\/\/drive.google.com\/drive\/folders\/132TGVpUhqtZ4EjFQ3pNU9d6UDcek1Opn?usp=sharing\">LISTADOS <\/a><\/strong>curso\/grupo <\/p>\n\n\n\n<p><\/p>\n","protected":false},"excerpt":{"rendered":"<p>INFORMACI\u00d3N GENERAL PARA GRADO B\u00c1SICO El modelo de solicitud de admisi\u00f3n estar\u00e1 disponible en la p\u00e1gina web de la Comunidad de Madrid con antelaci\u00f3n suficiente en&nbsp;https:\/\/www.comunidad.madrid\/servicios\/educacion\/admision-formacion-profesional#admisionciclos-grado-basico. Cada solicitante presentar\u00e1&nbsp;\u00fanicamente una &#8230;<\/p>\n","protected":false},"author":3,"featured_media":0,"parent":651,"menu_order":0,"comment_status":"closed","ping_status":"closed","template":"","meta":{"footnotes":""},"folder":[],"class_list":["post-682","page","type-page","status-publish","hentry"],"rttpg_featured_image_url":null,"rttpg_author":{"display_name":"ies.lasencinas.villanuevadelacanada","author_link":"https:\/\/site.educa.madrid.org\/ies.lasencinas.villanuevadelacanada\/index.php\/author\/cuenta_ies-lasencinas-villanuevadelacanada\/"},"rttpg_comment":0,"rttpg_category":false,"rttpg_excerpt":"INFORMACI\u00d3N GENERAL PARA GRADO B\u00c1SICO El modelo de solicitud de admisi\u00f3n estar\u00e1 disponible en la p\u00e1gina web de la Comunidad de Madrid con antelaci\u00f3n suficiente en&nbsp;https:\/\/www.comunidad.madrid\/servicios\/educacion\/admision-formacion-profesional#admisionciclos-grado-basico. Cada solicitante presentar\u00e1&nbsp;\u00fanicamente una ...","post_mailing_queue_ids":[],"_links":{"self":[{"href":"https:\/\/site.educa.madrid.org\/ies.lasencinas.villanuevadelacanada\/index.php\/wp-json\/wp\/v2\/pages\/682","targetHints":{"allow":["GET"]}}],"collection":[{"href":"https:\/\/site.educa.madrid.org\/ies.lasencinas.villanuevadelacanada\/index.php\/wp-json\/wp\/v2\/pages"}],"about":[{"href":"https:\/\/site.educa.madrid.org\/ies.lasencinas.villanuevadelacanada\/index.php\/wp-json\/wp\/v2\/types\/page"}],"author":[{"embeddable":true,"href":"https:\/\/site.educa.madrid.org\/ies.lasencinas.villanuevadelacanada\/index.php\/wp-json\/wp\/v2\/users\/3"}],"replies":[{"embeddable":true,"href":"https:\/\/site.educa.madrid.org\/ies.lasencinas.villanuevadelacanada\/index.php\/wp-json\/wp\/v2\/comments?post=682"}],"version-history":[{"count":37,"href":"https:\/\/site.educa.madrid.org\/ies.lasencinas.villanuevadelacanada\/index.php\/wp-json\/wp\/v2\/pages\/682\/revisions"}],"predecessor-version":[{"id":3918,"href":"https:\/\/site.educa.madrid.org\/ies.lasencinas.villanuevadelacanada\/index.php\/wp-json\/wp\/v2\/pages\/682\/revisions\/3918"}],"up":[{"embeddable":true,"href":"https:\/\/site.educa.madrid.org\/ies.lasencinas.villanuevadelacanada\/index.php\/wp-json\/wp\/v2\/pages\/651"}],"wp:attachment":[{"href":"https:\/\/site.educa.madrid.org\/ies.lasencinas.villanuevadelacanada\/index.php\/wp-json\/wp\/v2\/media?parent=682"}],"wp:term":[{"taxonomy":"folder","embeddable":true,"href":"https:\/\/site.educa.madrid.org\/ies.lasencinas.villanuevadelacanada\/index.php\/wp-json\/wp\/v2\/folder?post=682"}],"curies":[{"name":"wp","href":"https:\/\/api.w.org\/{rel}","templated":true}]}}