{"id":687,"date":"2022-09-19T16:10:58","date_gmt":"2022-09-19T14:10:58","guid":{"rendered":"https:\/\/site.educa.madrid.org\/ies.lasencinas.villanuevadelacanada\/?page_id=687"},"modified":"2025-07-08T13:18:42","modified_gmt":"2025-07-08T11:18:42","slug":"eso","status":"publish","type":"page","link":"https:\/\/site.educa.madrid.org\/ies.lasencinas.villanuevadelacanada\/index.php\/ensenanzas\/eso\/","title":{"rendered":"Educaci\u00f3n Secundaria Obligatoria"},"content":{"rendered":"\n<p><strong>Secciones ling\u00fc\u00edsticas<\/strong> <\/p>\n\n\n\n<ul class=\"wp-block-list\">\n<li>Secci\u00f3n biling\u00fce en ingl\u00e9s (SB)<\/li>\n\n\n\n<li>Programa biling\u00fce (PB)<\/li>\n\n\n\n<li>Programa biling\u00fce Secci\u00f3n ling\u00fc\u00edstica de franc\u00e9s (SF)<\/li>\n<\/ul>\n\n\n\n<div style=\"height:50px\" aria-hidden=\"true\" class=\"wp-block-spacer\"><\/div>\n\n\n\n<div class=\"wp-block-columns is-layout-flex wp-container-core-columns-is-layout-9d6595d7 wp-block-columns-is-layout-flex\">\n<div class=\"wp-block-column is-layout-flow wp-block-column-is-layout-flow\">\n<div class=\"wp-block-buttons is-layout-flex wp-block-buttons-is-layout-flex\">\n<div class=\"wp-block-button has-custom-width wp-block-button__width-100 has-custom-font-size is-style-outline has-small-font-size is-style-outline--1\"><a class=\"wp-block-button__link wp-element-button\" href=\"https:\/\/docs.google.com\/document\/d\/1AA-jaF8f_CvX7FJIS3R_SBmBy8BAdYH-xnPWqp_0LwI\/edit\" target=\"_blank\" rel=\"noreferrer noopener\">1\u00ba ESO PB<\/a><\/div>\n\n\n\n<div class=\"wp-block-button has-custom-width wp-block-button__width-100 has-custom-font-size is-style-outline has-small-font-size is-style-outline--2\"><a class=\"wp-block-button__link wp-element-button\" href=\"https:\/\/docs.google.com\/document\/d\/1_fmoXpK0GowQ4FNjUNR2PYg-0p_8wgjEWC03-tbXQ_s\/edit\" target=\"_blank\" rel=\"noreferrer noopener\">1\u00ba ESO SB<\/a><\/div>\n\n\n\n<div class=\"wp-block-button has-custom-width wp-block-button__width-100 has-custom-font-size is-style-outline has-small-font-size is-style-outline--3\"><a class=\"wp-block-button__link wp-element-button\" href=\"https:\/\/docs.google.com\/document\/d\/1KsNBdzOO2inllk5_06otRjawq26dat0XV2nZjpWY_B8\/edit?usp=sharing\" target=\"_blank\" rel=\"noreferrer noopener\">1\u00ba ESO SF<\/a><\/div>\n<\/div>\n<\/div>\n\n\n\n<div class=\"wp-block-column is-layout-flow wp-block-column-is-layout-flow\">\n<div class=\"wp-block-buttons is-layout-flex wp-block-buttons-is-layout-flex\">\n<div class=\"wp-block-button has-custom-width wp-block-button__width-100 has-custom-font-size is-style-outline has-small-font-size is-style-outline--4\"><a class=\"wp-block-button__link wp-element-button\" href=\"https:\/\/docs.google.com\/document\/d\/1rsr80nrPasHuoRi_JB9GD6EtPGqC526qGov3RiBZn6E\/edit?usp=sharing\">2\u00ba ESO PB<\/a><\/div>\n\n\n\n<div class=\"wp-block-button has-custom-width wp-block-button__width-100 has-custom-font-size is-style-outline has-small-font-size is-style-outline--5\"><a class=\"wp-block-button__link wp-element-button\" href=\"https:\/\/docs.google.com\/document\/d\/1LZ5_7685h6kfmKLjFK0jfI8eGoPTFm29ATCI5juShY0\/edit?usp=sharing\">2\u00ba ESO SB<\/a><\/div>\n\n\n\n<div class=\"wp-block-button has-custom-width wp-block-button__width-100 has-custom-font-size is-style-outline has-small-font-size is-style-outline--6\"><a class=\"wp-block-button__link wp-element-button\" href=\"https:\/\/docs.google.com\/document\/d\/1rkJ48Rvzm2sZDcDFsvOHRXpVbYDBB73c_k758Pmaf0w\/edit?usp=sharing\">2\u00ba ESO SF<\/a><\/div>\n<\/div>\n<\/div>\n\n\n\n<div class=\"wp-block-column is-layout-flow wp-block-column-is-layout-flow\">\n<div class=\"wp-block-buttons is-layout-flex wp-block-buttons-is-layout-flex\">\n<div class=\"wp-block-button has-custom-width wp-block-button__width-100 has-custom-font-size is-style-outline has-small-font-size is-style-outline--7\"><a class=\"wp-block-button__link wp-element-button\" href=\"https:\/\/docs.google.com\/document\/d\/180N-Xy9xBf6mfLNnJXhszFQSll7EXJQV5ekYjzu13Ew\/edit?usp=sharing\" target=\"_blank\" rel=\"noreferrer noopener\">3\u00ba ESO PB<\/a><\/div>\n\n\n\n<div class=\"wp-block-button has-custom-width wp-block-button__width-100 has-custom-font-size is-style-outline has-small-font-size is-style-outline--8\"><a class=\"wp-block-button__link wp-element-button\" href=\"https:\/\/docs.google.com\/document\/d\/1kDNUmU08Tg-0rPo3RefwHorHFRF-6VrwiVnWUKgXezY\/edit?usp=sharing\" target=\"_blank\" rel=\"noreferrer noopener\">3\u00ba ESO SB<\/a><\/div>\n\n\n\n<div class=\"wp-block-button has-custom-width wp-block-button__width-100 has-custom-font-size is-style-outline has-small-font-size is-style-outline--9\"><a class=\"wp-block-button__link wp-element-button\" href=\"https:\/\/docs.google.com\/document\/d\/1Vk8ckvjXnvccx-zB4sfhynYzu7-7JvCPOkl5R1XbpRM\/edit?usp=sharing\" target=\"_blank\" rel=\"noreferrer noopener\">3\u00ba ESO SF<\/a><\/div>\n<\/div>\n<\/div>\n\n\n\n<div class=\"wp-block-column is-layout-flow wp-block-column-is-layout-flow\">\n<div class=\"wp-block-buttons is-layout-flex wp-block-buttons-is-layout-flex\">\n<div class=\"wp-block-button has-custom-width wp-block-button__width-100 has-custom-font-size is-style-outline has-small-font-size is-style-outline--10\"><a class=\"wp-block-button__link wp-element-button\" href=\"https:\/\/docs.google.com\/document\/d\/1ish-MSWUXLxmYuDc0U5_EkgtijYc-tYoxnx8P-I3PQ4\/edit\">4\u00ba ESO (PB, SB, SF)<\/a><\/div>\n\n\n\n<div class=\"wp-block-button has-custom-width wp-block-button__width-100 has-custom-font-size is-style-outline has-small-font-size is-style-outline--11\"><a class=\"wp-block-button__link wp-element-button\" href=\"https:\/\/docs.google.com\/document\/d\/1YKR8PoKS_41MaTL4CAOy2iHBTFxoeRCjUbPHDGFdcy4\/edit?usp=sharing\">4\u00ba ESO-2\u00ba diversificaci\u00f3n<\/a><\/div>\n\n\n\n<div class=\"wp-block-button has-custom-width wp-block-button__width-100 has-custom-font-size is-style-outline has-small-font-size is-style-outline--12\"><a class=\"wp-block-button__link wp-element-button\" href=\"https:\/\/docs.google.com\/document\/d\/1fg81sM1k74sYo4XgKJLVAIga7uiERdQcTflf-aJId6E\/edit\">3\u00ba ESO-1\u00ba diversificaci\u00f3n<\/a><\/div>\n<\/div>\n<\/div>\n<\/div>\n\n\n\n<p><\/p>\n","protected":false},"excerpt":{"rendered":"<p>Secciones ling\u00fc\u00edsticas<\/p>\n","protected":false},"author":3,"featured_media":0,"parent":648,"menu_order":0,"comment_status":"closed","ping_status":"closed","template":"","meta":{"footnotes":""},"folder":[],"class_list":["post-687","page","type-page","status-publish","hentry"],"rttpg_featured_image_url":null,"rttpg_author":{"display_name":"ies.lasencinas.villanuevadelacanada","author_link":"https:\/\/site.educa.madrid.org\/ies.lasencinas.villanuevadelacanada\/index.php\/author\/cuenta_ies-lasencinas-villanuevadelacanada\/"},"rttpg_comment":0,"rttpg_category":false,"rttpg_excerpt":"Secciones ling\u00fc\u00edsticas","post_mailing_queue_ids":[],"_links":{"self":[{"href":"https:\/\/site.educa.madrid.org\/ies.lasencinas.villanuevadelacanada\/index.php\/wp-json\/wp\/v2\/pages\/687","targetHints":{"allow":["GET"]}}],"collection":[{"href":"https:\/\/site.educa.madrid.org\/ies.lasencinas.villanuevadelacanada\/index.php\/wp-json\/wp\/v2\/pages"}],"about":[{"href":"https:\/\/site.educa.madrid.org\/ies.lasencinas.villanuevadelacanada\/index.php\/wp-json\/wp\/v2\/types\/page"}],"author":[{"embeddable":true,"href":"https:\/\/site.educa.madrid.org\/ies.lasencinas.villanuevadelacanada\/index.php\/wp-json\/wp\/v2\/users\/3"}],"replies":[{"embeddable":true,"href":"https:\/\/site.educa.madrid.org\/ies.lasencinas.villanuevadelacanada\/index.php\/wp-json\/wp\/v2\/comments?post=687"}],"version-history":[{"count":11,"href":"https:\/\/site.educa.madrid.org\/ies.lasencinas.villanuevadelacanada\/index.php\/wp-json\/wp\/v2\/pages\/687\/revisions"}],"predecessor-version":[{"id":3889,"href":"https:\/\/site.educa.madrid.org\/ies.lasencinas.villanuevadelacanada\/index.php\/wp-json\/wp\/v2\/pages\/687\/revisions\/3889"}],"up":[{"embeddable":true,"href":"https:\/\/site.educa.madrid.org\/ies.lasencinas.villanuevadelacanada\/index.php\/wp-json\/wp\/v2\/pages\/648"}],"wp:attachment":[{"href":"https:\/\/site.educa.madrid.org\/ies.lasencinas.villanuevadelacanada\/index.php\/wp-json\/wp\/v2\/media?parent=687"}],"wp:term":[{"taxonomy":"folder","embeddable":true,"href":"https:\/\/site.educa.madrid.org\/ies.lasencinas.villanuevadelacanada\/index.php\/wp-json\/wp\/v2\/folder?post=687"}],"curies":[{"name":"wp","href":"https:\/\/api.w.org\/{rel}","templated":true}]}}