{"id":699,"date":"2022-09-19T16:13:10","date_gmt":"2022-09-19T14:13:10","guid":{"rendered":"https:\/\/site.educa.madrid.org\/ies.lasencinas.villanuevadelacanada\/?page_id=699"},"modified":"2023-07-23T22:43:56","modified_gmt":"2023-07-23T20:43:56","slug":"cafeteria","status":"publish","type":"page","link":"https:\/\/site.educa.madrid.org\/ies.lasencinas.villanuevadelacanada\/index.php\/servicios\/cafeteria\/","title":{"rendered":"Cafeter\u00eda"},"content":{"rendered":"\n<p>La cafeter\u00eda del IES Las Encinas est\u00e1 abierta de 8&#8217;15 (para los que llegan pronto y sin desayunar) hasta las 14&#8217;30 h.<\/p>\n\n\n\n<p>Ofrece bebidas (agua, bebidas isot\u00f3nicas, refrescos, zumos; tambi\u00e9n caf\u00e9 y t\u00e9, pero solo para profes), boller\u00eda (napolitanas, palmeras de chocolate, donuts), bocadillos (tama\u00f1o montado), cachitos (tradicional venezolano)&#8230; \u00a1Para recargar las pilas!<\/p>\n\n\n\n<p>Y atentos a la especialidad del d\u00eda&#8230;<\/p>\n\n\n\n<div style=\"height:40px\" aria-hidden=\"true\" class=\"wp-block-spacer\"><\/div>\n\n\n\n<div class=\"wp-block-columns are-vertically-aligned-center is-layout-flex wp-container-core-columns-is-layout-9d6595d7 wp-block-columns-is-layout-flex\">\n<div class=\"wp-block-column is-vertically-aligned-center is-layout-flow wp-block-column-is-layout-flow\">\n<figure class=\"wp-block-image size-full\"><img loading=\"lazy\" decoding=\"async\" width=\"1024\" height=\"995\" src=\"https:\/\/site.educa.madrid.org\/ies.lasencinas.villanuevadelacanada\/\/wp-content\/uploads\/ies.lasencinas.villanuevadelacanada\/2023\/02\/IMG-20211116-WA0009-1024x995-1.jpg\" alt=\"\" class=\"wp-image-1818\" srcset=\"https:\/\/site.educa.madrid.org\/ies.lasencinas.villanuevadelacanada\/\/wp-content\/uploads\/ies.lasencinas.villanuevadelacanada\/2023\/02\/IMG-20211116-WA0009-1024x995-1.jpg 1024w, https:\/\/site.educa.madrid.org\/ies.lasencinas.villanuevadelacanada\/\/wp-content\/uploads\/ies.lasencinas.villanuevadelacanada\/2023\/02\/IMG-20211116-WA0009-1024x995-1-300x292.jpg 300w, https:\/\/site.educa.madrid.org\/ies.lasencinas.villanuevadelacanada\/\/wp-content\/uploads\/ies.lasencinas.villanuevadelacanada\/2023\/02\/IMG-20211116-WA0009-1024x995-1-768x746.jpg 768w\" sizes=\"auto, (max-width: 1024px) 100vw, 1024px\" \/><\/figure>\n<\/div>\n\n\n\n<div class=\"wp-block-column is-vertically-aligned-center is-layout-flow wp-block-column-is-layout-flow\">\n<p><strong>Normas alumnado<\/strong>:<\/p>\n\n\n\n<p>-Acceso en los recreos, no entre horas.<\/p>\n\n\n\n<p>-Respeto al orden en dos filas : una para alumnado de 4\u00ba ESO y Bachillerato; otra para grupos de 1\u00ba a 3\u00ba ESO.<\/p>\n\n\n\n<p>-Los grupos de FP tienen sus propios recreos.<\/p>\n<\/div>\n\n\n\n<div class=\"wp-block-column is-vertically-aligned-center is-layout-flow wp-block-column-is-layout-flow\"><div class=\"wp-block-image\">\n<figure class=\"aligncenter size-full is-resized\"><a href=\"https:\/\/site.educa.madrid.org\/ies.lasencinas.villanuevadelacanada\/\/wp-content\/uploads\/ies.lasencinas.villanuevadelacanada\/2022\/09\/IMG-20211116-WA0007-1.jpg\" target=\"_blank\" rel=\"noopener\"><img loading=\"lazy\" decoding=\"async\" src=\"https:\/\/site.educa.madrid.org\/ies.lasencinas.villanuevadelacanada\/\/wp-content\/uploads\/ies.lasencinas.villanuevadelacanada\/2022\/09\/IMG-20211116-WA0007-1.jpg\" alt=\"\" class=\"wp-image-1157\" width=\"225\" height=\"323\" srcset=\"https:\/\/site.educa.madrid.org\/ies.lasencinas.villanuevadelacanada\/\/wp-content\/uploads\/ies.lasencinas.villanuevadelacanada\/2022\/09\/IMG-20211116-WA0007-1.jpg 900w, https:\/\/site.educa.madrid.org\/ies.lasencinas.villanuevadelacanada\/\/wp-content\/uploads\/ies.lasencinas.villanuevadelacanada\/2022\/09\/IMG-20211116-WA0007-1-209x300.jpg 209w, https:\/\/site.educa.madrid.org\/ies.lasencinas.villanuevadelacanada\/\/wp-content\/uploads\/ies.lasencinas.villanuevadelacanada\/2022\/09\/IMG-20211116-WA0007-1-713x1024.jpg 713w, https:\/\/site.educa.madrid.org\/ies.lasencinas.villanuevadelacanada\/\/wp-content\/uploads\/ies.lasencinas.villanuevadelacanada\/2022\/09\/IMG-20211116-WA0007-1-768x1103.jpg 768w\" sizes=\"auto, (max-width: 225px) 100vw, 225px\" \/><\/a><\/figure>\n<\/div><\/div>\n<\/div>\n\n\n\n<div style=\"height:40px\" aria-hidden=\"true\" class=\"wp-block-spacer\"><\/div>\n","protected":false},"excerpt":{"rendered":"<p>La cafeter\u00eda del IES Las Encinas est\u00e1 abierta de 8&#8217;15 (para los que llegan pronto y sin desayunar) hasta las 14&#8217;30 h. Ofrece bebidas (agua, bebidas isot\u00f3nicas, refrescos, zumos; tambi\u00e9n &#8230;<\/p>\n","protected":false},"author":3,"featured_media":0,"parent":650,"menu_order":0,"comment_status":"closed","ping_status":"closed","template":"","meta":{"footnotes":""},"folder":[],"class_list":["post-699","page","type-page","status-publish","hentry"],"rttpg_featured_image_url":null,"rttpg_author":{"display_name":"ies.lasencinas.villanuevadelacanada","author_link":"https:\/\/site.educa.madrid.org\/ies.lasencinas.villanuevadelacanada\/index.php\/author\/cuenta_ies-lasencinas-villanuevadelacanada\/"},"rttpg_comment":0,"rttpg_category":false,"rttpg_excerpt":"La cafeter\u00eda del IES Las Encinas est\u00e1 abierta de 8&#8217;15 (para los que llegan pronto y sin desayunar) hasta las 14&#8217;30 h. Ofrece bebidas (agua, bebidas isot\u00f3nicas, refrescos, zumos; tambi\u00e9n ...","post_mailing_queue_ids":[],"_links":{"self":[{"href":"https:\/\/site.educa.madrid.org\/ies.lasencinas.villanuevadelacanada\/index.php\/wp-json\/wp\/v2\/pages\/699","targetHints":{"allow":["GET"]}}],"collection":[{"href":"https:\/\/site.educa.madrid.org\/ies.lasencinas.villanuevadelacanada\/index.php\/wp-json\/wp\/v2\/pages"}],"about":[{"href":"https:\/\/site.educa.madrid.org\/ies.lasencinas.villanuevadelacanada\/index.php\/wp-json\/wp\/v2\/types\/page"}],"author":[{"embeddable":true,"href":"https:\/\/site.educa.madrid.org\/ies.lasencinas.villanuevadelacanada\/index.php\/wp-json\/wp\/v2\/users\/3"}],"replies":[{"embeddable":true,"href":"https:\/\/site.educa.madrid.org\/ies.lasencinas.villanuevadelacanada\/index.php\/wp-json\/wp\/v2\/comments?post=699"}],"version-history":[{"count":10,"href":"https:\/\/site.educa.madrid.org\/ies.lasencinas.villanuevadelacanada\/index.php\/wp-json\/wp\/v2\/pages\/699\/revisions"}],"predecessor-version":[{"id":1921,"href":"https:\/\/site.educa.madrid.org\/ies.lasencinas.villanuevadelacanada\/index.php\/wp-json\/wp\/v2\/pages\/699\/revisions\/1921"}],"up":[{"embeddable":true,"href":"https:\/\/site.educa.madrid.org\/ies.lasencinas.villanuevadelacanada\/index.php\/wp-json\/wp\/v2\/pages\/650"}],"wp:attachment":[{"href":"https:\/\/site.educa.madrid.org\/ies.lasencinas.villanuevadelacanada\/index.php\/wp-json\/wp\/v2\/media?parent=699"}],"wp:term":[{"taxonomy":"folder","embeddable":true,"href":"https:\/\/site.educa.madrid.org\/ies.lasencinas.villanuevadelacanada\/index.php\/wp-json\/wp\/v2\/folder?post=699"}],"curies":[{"name":"wp","href":"https:\/\/api.w.org\/{rel}","templated":true}]}}